{"id":104,"date":"2024-02-19T15:09:37","date_gmt":"2024-02-19T15:09:37","guid":{"rendered":"https:\/\/wiki.uepa.br\/?page_id=104"},"modified":"2024-02-19T15:09:59","modified_gmt":"2024-02-19T15:09:59","slug":"ver-notas","status":"publish","type":"page","link":"https:\/\/wiki.uepa.br\/index.php\/turma-virtual\/ver-notas\/","title":{"rendered":"Ver Notas"},"content":{"rendered":"\n<p class=\"has-text-align-center has-ast-global-color-8-color has-text-color has-link-color wp-elements-4dc963bce8ba285f0ebb9fefd3c467b7\">Esta opera\u00e7\u00e3o possibilita que o discente veja as notas de suas avalia\u00e7\u00f5es na turma virtual. Todos os discentes, independente dos n\u00edveis de ensino, poder\u00e3o verificar suas notas online. Esta opera\u00e7\u00e3o poder\u00e1 ser realizada em qualquer per\u00edodo e tem como finalidade permitir ao aluno verificar seu andamento no componente curricular em que est\u00e1 matriculado.<\/p>\n\n\n\n<ul class=\"has-ast-global-color-8-color has-text-color has-link-color wp-elements-03c050df7ecf295459a8596632d87cb4\">\n<li>Para utilizar esta funcionalidade, acesse o SIGAA UEPA \u00bb M\u00f3dulos \u00bb Portal do Discente \u00bb Turmas do Semestre \u00bb Componente Curricular \u00bb Menu Turma Virtual \u00bb Alunos \u00bb Ver Notas.<\/li>\n<\/ul>\n\n\n\n<figure class=\"wp-block-image aligncenter\"><a href=\"https:\/\/ewiki.uepa.br\/lib\/exe\/detail.php?id=discente%3Adiscente_turmavirtual%3Aver_notas&amp;media=discente:ver_notas_turvir.png\"><img decoding=\"async\" src=\"https:\/\/ewiki.uepa.br\/lib\/exe\/fetch.php?w=600&amp;tok=b20703&amp;media=discente:ver_notas_turvir.png\" alt=\"\"\/><\/a><\/figure>\n\n\n\n<p class=\"has-text-align-center has-ast-global-color-8-color has-text-color has-link-color wp-elements-7caec23882a3954e2bf645c3958adbd9\"><strong>Observa\u00e7\u00e3o:<\/strong>&nbsp;Ao acessar esta funcionalidade, o sistema exibir\u00e1 as notas das avalia\u00e7\u00f5es correspondentes \u00e0s unidades que comp\u00f5em o per\u00edodo letivo. Ressaltando que, caso as notas dos discentes n\u00e3o tenham sido consolidadas pelo docente, apenas as notas com as avalia\u00e7\u00f5es informadas ser\u00e3o exibidas. Al\u00e9m disso, o usu\u00e1rio poder\u00e1 visualizar as Faltas, o Resultado e a sua situa\u00e7\u00e3o na disciplina.<\/p>\n","protected":false},"excerpt":{"rendered":"<p>Esta opera\u00e7\u00e3o possibilita que o discente veja as notas de suas avalia\u00e7\u00f5es na turma virtual. Todos os discentes, independente dos n\u00edveis de ensino, poder\u00e3o verificar suas notas online. Esta opera\u00e7\u00e3o poder\u00e1 ser realizada em qualquer per\u00edodo e tem como finalidade permitir ao aluno verificar seu andamento no componente curricular em que est\u00e1 matriculado. Observa\u00e7\u00e3o:&nbsp;Ao acessar &hellip;<\/p>\n<p class=\"read-more\"> <a class=\"\" href=\"https:\/\/wiki.uepa.br\/index.php\/turma-virtual\/ver-notas\/\"> <span class=\"screen-reader-text\">Ver Notas<\/span> Leia mais &raquo;<\/a><\/p>\n","protected":false},"author":1,"featured_media":0,"parent":83,"menu_order":0,"comment_status":"closed","ping_status":"closed","template":"","meta":{"_uag_custom_page_level_css":"","site-sidebar-layout":"default","site-content-layout":"","ast-site-content-layout":"","site-content-style":"default","site-sidebar-style":"default","ast-global-header-display":"","ast-banner-title-visibility":"","ast-main-header-display":"","ast-hfb-above-header-display":"","ast-hfb-below-header-display":"","ast-hfb-mobile-header-display":"","site-post-title":"","ast-breadcrumbs-content":"","ast-featured-img":"","footer-sml-layout":"","theme-transparent-header-meta":"","adv-header-id-meta":"","stick-header-meta":"","header-above-stick-meta":"","header-main-stick-meta":"","header-below-stick-meta":"","astra-migrate-meta-layouts":"","ast-page-background-enabled":"default","ast-page-background-meta":{"desktop":{"background-color":"var(--ast-global-color-4)","background-image":"","background-repeat":"repeat","background-position":"center center","background-size":"auto","background-attachment":"scroll","background-type":"","background-media":"","overlay-type":"","overlay-color":"","overlay-gradient":""},"tablet":{"background-color":"","background-image":"","background-repeat":"repeat","background-position":"center center","background-size":"auto","background-attachment":"scroll","background-type":"","background-media":"","overlay-type":"","overlay-color":"","overlay-gradient":""},"mobile":{"background-color":"","background-image":"","background-repeat":"repeat","background-position":"center center","background-size":"auto","background-attachment":"scroll","background-type":"","background-media":"","overlay-type":"","overlay-color":"","overlay-gradient":""}},"ast-content-background-meta":{"desktop":{"background-color":"var(--ast-global-color-5)","background-image":"","background-repeat":"repeat","background-position":"center center","background-size":"auto","background-attachment":"scroll","background-type":"","background-media":"","overlay-type":"","overlay-color":"","overlay-gradient":""},"tablet":{"background-color":"var(--ast-global-color-5)","background-image":"","background-repeat":"repeat","background-position":"center center","background-size":"auto","background-attachment":"scroll","background-type":"","background-media":"","overlay-type":"","overlay-color":"","overlay-gradient":""},"mobile":{"background-color":"var(--ast-global-color-5)","background-image":"","background-repeat":"repeat","background-position":"center center","background-size":"auto","background-attachment":"scroll","background-type":"","background-media":"","overlay-type":"","overlay-color":"","overlay-gradient":""}},"footnotes":""},"uagb_featured_image_src":{"full":false,"thumbnail":false,"medium":false,"medium_large":false,"large":false,"1536x1536":false,"2048x2048":false},"uagb_author_info":{"display_name":"adminsites@uepa.br","author_link":"https:\/\/wiki.uepa.br\/index.php\/author\/adminsitesuepa-br\/"},"uagb_comment_info":0,"uagb_excerpt":"Esta opera\u00e7\u00e3o possibilita que o discente veja as notas de suas avalia\u00e7\u00f5es na turma virtual. Todos os discentes, independente dos n\u00edveis de ensino, poder\u00e3o verificar suas notas online. Esta opera\u00e7\u00e3o poder\u00e1 ser realizada em qualquer per\u00edodo e tem como finalidade permitir ao aluno verificar seu andamento no componente curricular em que est\u00e1 matriculado. Observa\u00e7\u00e3o:&nbsp;Ao acessar&hellip;","_links":{"self":[{"href":"https:\/\/wiki.uepa.br\/index.php\/wp-json\/wp\/v2\/pages\/104"}],"collection":[{"href":"https:\/\/wiki.uepa.br\/index.php\/wp-json\/wp\/v2\/pages"}],"about":[{"href":"https:\/\/wiki.uepa.br\/index.php\/wp-json\/wp\/v2\/types\/page"}],"author":[{"embeddable":true,"href":"https:\/\/wiki.uepa.br\/index.php\/wp-json\/wp\/v2\/users\/1"}],"replies":[{"embeddable":true,"href":"https:\/\/wiki.uepa.br\/index.php\/wp-json\/wp\/v2\/comments?post=104"}],"version-history":[{"count":2,"href":"https:\/\/wiki.uepa.br\/index.php\/wp-json\/wp\/v2\/pages\/104\/revisions"}],"predecessor-version":[{"id":107,"href":"https:\/\/wiki.uepa.br\/index.php\/wp-json\/wp\/v2\/pages\/104\/revisions\/107"}],"up":[{"embeddable":true,"href":"https:\/\/wiki.uepa.br\/index.php\/wp-json\/wp\/v2\/pages\/83"}],"wp:attachment":[{"href":"https:\/\/wiki.uepa.br\/index.php\/wp-json\/wp\/v2\/media?parent=104"}],"curies":[{"name":"wp","href":"https:\/\/api.w.org\/{rel}","templated":true}]}}