{"id":126,"date":"2024-02-19T16:16:45","date_gmt":"2024-02-19T16:16:45","guid":{"rendered":"https:\/\/wiki.uepa.br\/?page_id=126"},"modified":"2024-02-19T16:16:45","modified_gmt":"2024-02-19T16:16:45","slug":"auto-cadastro-servidor","status":"publish","type":"page","link":"https:\/\/wiki.uepa.br\/index.php\/auto-cadastro-servidor\/","title":{"rendered":"Auto Cadastro Servidor"},"content":{"rendered":"\n<ul class=\"has-ast-global-color-8-color has-text-color has-link-color wp-elements-e023ce99addee3469886cdc81a8feda1\">\n<li>Para ter acesso ao sistema do SIGAA \u00e9 necess\u00e1rio primeiro realizar o auto cadastro. O docente pode realiz\u00e1-lo por meio da tela de login exibida.<\/li>\n<\/ul>\n\n\n\n<figure class=\"wp-block-image aligncenter\"><a href=\"https:\/\/ewiki.uepa.br\/lib\/exe\/detail.php?id=servidor%3Aauto_cadastro&amp;media=wiki:tela_inicial_sigaa_docente.png\"><img decoding=\"async\" src=\"https:\/\/ewiki.uepa.br\/lib\/exe\/fetch.php?w=600&amp;tok=7876c9&amp;media=wiki:tela_inicial_sigaa_docente.png\" alt=\"\"\/><\/a><\/figure>\n\n\n\n<ul class=\"has-ast-global-color-8-color has-text-color has-link-color wp-elements-32922d47eb68b58e9500581a486f4b82\">\n<li>Para cadastrar-se no SIGAA &#8211; UEPA \u00e9 necess\u00e1rio preencher o formul\u00e1rio com as informa\u00e7\u00f5es listadas abaixxo e clicar em&nbsp;<strong>Cadastrar<\/strong>.<\/li>\n<\/ul>\n\n\n\n<ol class=\"has-ast-global-color-8-color has-text-color has-link-color wp-elements-f3a412fc56d9c10b18d5585a0d443af4\">\n<li><em>Matr\u00edcula SEAD<\/em>&nbsp;(A matr\u00edcula deve ser informada sem o c\u00f3digo verificador)<\/li>\n\n\n\n<li><em>Digito Verificador<\/em><\/li>\n\n\n\n<li><em>Situa\u00e7\u00e3o<\/em><\/li>\n\n\n\n<li><em>Nome Completo<\/em><\/li>\n\n\n\n<li><em>CPF<\/em><\/li>\n\n\n\n<li><em>Data de Nascimento<\/em><\/li>\n\n\n\n<li><em>Sexo<\/em><\/li>\n\n\n\n<li><em>Login<\/em><\/li>\n\n\n\n<li><em>Senha<\/em>&nbsp;\u2192&nbsp;<strong>Antes de criar a sua senha leia as dicas sobre a cria\u00e7\u00e3o e os&nbsp;<a href=\"https:\/\/ewiki.uepa.br\/doku.php?id=discente:cuidados_senha\">Cuidados com a Senha<\/a><\/strong>.<\/li>\n\n\n\n<li><em>Repetir Senha<\/em><\/li>\n\n\n\n<li><em>E-mail<\/em><\/li>\n\n\n\n<li><em>Confirmar e-mail<\/em><\/li>\n\n\n\n<li><em>Unidade de Lota\u00e7\u00e3o<\/em><\/li>\n\n\n\n<li><em>Ramal para Contato<\/em><\/li>\n<\/ol>\n\n\n\n<figure class=\"wp-block-image aligncenter\"><a href=\"https:\/\/ewiki.uepa.br\/lib\/exe\/detail.php?id=servidor%3Aauto_cadastro&amp;media=wiki:cadastro_prof_e_funcionario.png\"><img decoding=\"async\" src=\"https:\/\/ewiki.uepa.br\/lib\/exe\/fetch.php?w=600&amp;tok=fbcf08&amp;media=wiki:cadastro_prof_e_funcionario.png\" alt=\"\"\/><\/a><\/figure>\n","protected":false},"excerpt":{"rendered":"","protected":false},"author":1,"featured_media":0,"parent":0,"menu_order":0,"comment_status":"closed","ping_status":"closed","template":"","meta":{"_uag_custom_page_level_css":"","site-sidebar-layout":"default","site-content-layout":"","ast-site-content-layout":"","site-content-style":"default","site-sidebar-style":"default","ast-global-header-display":"","ast-banner-title-visibility":"","ast-main-header-display":"","ast-hfb-above-header-display":"","ast-hfb-below-header-display":"","ast-hfb-mobile-header-display":"","site-post-title":"","ast-breadcrumbs-content":"","ast-featured-img":"","footer-sml-layout":"","theme-transparent-header-meta":"","adv-header-id-meta":"","stick-header-meta":"","header-above-stick-meta":"","header-main-stick-meta":"","header-below-stick-meta":"","astra-migrate-meta-layouts":"","ast-page-background-enabled":"default","ast-page-background-meta":{"desktop":{"background-color":"var(--ast-global-color-4)","background-image":"","background-repeat":"repeat","background-position":"center center","background-size":"auto","background-attachment":"scroll","background-type":"","background-media":"","overlay-type":"","overlay-color":"","overlay-gradient":""},"tablet":{"background-color":"","background-image":"","background-repeat":"repeat","background-position":"center center","background-size":"auto","background-attachment":"scroll","background-type":"","background-media":"","overlay-type":"","overlay-color":"","overlay-gradient":""},"mobile":{"background-color":"","background-image":"","background-repeat":"repeat","background-position":"center center","background-size":"auto","background-attachment":"scroll","background-type":"","background-media":"","overlay-type":"","overlay-color":"","overlay-gradient":""}},"ast-content-background-meta":{"desktop":{"background-color":"var(--ast-global-color-5)","background-image":"","background-repeat":"repeat","background-position":"center center","background-size":"auto","background-attachment":"scroll","background-type":"","background-media":"","overlay-type":"","overlay-color":"","overlay-gradient":""},"tablet":{"background-color":"var(--ast-global-color-5)","background-image":"","background-repeat":"repeat","background-position":"center center","background-size":"auto","background-attachment":"scroll","background-type":"","background-media":"","overlay-type":"","overlay-color":"","overlay-gradient":""},"mobile":{"background-color":"var(--ast-global-color-5)","background-image":"","background-repeat":"repeat","background-position":"center center","background-size":"auto","background-attachment":"scroll","background-type":"","background-media":"","overlay-type":"","overlay-color":"","overlay-gradient":""}},"footnotes":""},"uagb_featured_image_src":{"full":false,"thumbnail":false,"medium":false,"medium_large":false,"large":false,"1536x1536":false,"2048x2048":false},"uagb_author_info":{"display_name":"adminsites@uepa.br","author_link":"https:\/\/wiki.uepa.br\/index.php\/author\/adminsitesuepa-br\/"},"uagb_comment_info":0,"uagb_excerpt":null,"_links":{"self":[{"href":"https:\/\/wiki.uepa.br\/index.php\/wp-json\/wp\/v2\/pages\/126"}],"collection":[{"href":"https:\/\/wiki.uepa.br\/index.php\/wp-json\/wp\/v2\/pages"}],"about":[{"href":"https:\/\/wiki.uepa.br\/index.php\/wp-json\/wp\/v2\/types\/page"}],"author":[{"embeddable":true,"href":"https:\/\/wiki.uepa.br\/index.php\/wp-json\/wp\/v2\/users\/1"}],"replies":[{"embeddable":true,"href":"https:\/\/wiki.uepa.br\/index.php\/wp-json\/wp\/v2\/comments?post=126"}],"version-history":[{"count":1,"href":"https:\/\/wiki.uepa.br\/index.php\/wp-json\/wp\/v2\/pages\/126\/revisions"}],"predecessor-version":[{"id":127,"href":"https:\/\/wiki.uepa.br\/index.php\/wp-json\/wp\/v2\/pages\/126\/revisions\/127"}],"wp:attachment":[{"href":"https:\/\/wiki.uepa.br\/index.php\/wp-json\/wp\/v2\/media?parent=126"}],"curies":[{"name":"wp","href":"https:\/\/api.w.org\/{rel}","templated":true}]}}