{"id":128,"date":"2024-02-19T16:17:57","date_gmt":"2024-02-19T16:17:57","guid":{"rendered":"https:\/\/wiki.uepa.br\/?page_id=128"},"modified":"2025-09-26T17:25:37","modified_gmt":"2025-09-26T17:25:37","slug":"gerenciar-usuario-discente","status":"publish","type":"page","link":"https:\/\/wiki.uepa.br\/index.php\/gerenciar-usuario-discente\/","title":{"rendered":"Gerenciar Usu\u00e1rio Discente"},"content":{"rendered":"\n<ul class=\"has-ast-global-color-8-color has-text-color has-link-color wp-elements-0240de2d1fe9245fad548d8b3675dff2\">\n<li>\u00c9 poss\u00edvel alterar os dados de usu\u00e1rio de acesso dos discentes e realizar a recupera\u00e7\u00e3o de senhas deles pelo SIGAA. A altera\u00e7\u00e3o dos dados do usu\u00e1rio pode ser \u00fatil quando o discente est\u00e1 encontrando alguma dificuldade em rela\u00e7\u00e3o ao seu acesso ao SIGAA. A funcionalidade est\u00e1 dispon\u00edvel para o m\u00f3dulo de Gradua\u00e7\u00e3o, Stricto Sensu e Lato Sensu.<\/li>\n\n\n\n<li>A busca por discentes dentro de um m\u00f3dulo em espec\u00edfico ir\u00e1 trazer apenas os discentes relacionados aquele m\u00f3dulo. Por exemplo, se o usu\u00e1rio for realizar a busca no m\u00f3dulo de gradua\u00e7\u00e3o, os resultados exibidos ir\u00e3o mostrar somente os alunos do n\u00edvel Gradua\u00e7\u00e3o.<\/li>\n\n\n\n<li>Para&nbsp;<strong>Gradua\u00e7\u00e3o<\/strong>, a funcionalidade pode ser acessada pelo caminho SIGAA &gt; Gradua\u00e7\u00e3o &gt; aba Alunos &gt; Usu\u00e1rios de Discentes &gt; Gerenciar Usu\u00e1rio de Discente.<\/li>\n<\/ul>\n\n\n\n<figure class=\"wp-block-image aligncenter size-full is-resized\"><img loading=\"lazy\" decoding=\"async\" width=\"900\" height=\"345\" src=\"https:\/\/wiki.uepa.br\/wp-content\/uploads\/2025\/09\/gerenciar_usuarios_discentes_graduacao1.png\" alt=\"\" class=\"wp-image-791\" style=\"width:691px;height:auto\" srcset=\"https:\/\/wiki.uepa.br\/wp-content\/uploads\/2025\/09\/gerenciar_usuarios_discentes_graduacao1.png 900w, https:\/\/wiki.uepa.br\/wp-content\/uploads\/2025\/09\/gerenciar_usuarios_discentes_graduacao1-300x115.png 300w, https:\/\/wiki.uepa.br\/wp-content\/uploads\/2025\/09\/gerenciar_usuarios_discentes_graduacao1-768x294.png 768w\" sizes=\"(max-width: 900px) 100vw, 900px\" \/><\/figure>\n\n\n\n<ul class=\"has-ast-global-color-8-color has-text-color has-link-color wp-elements-40c23f4da868096e77571a71cd605083\">\n<li>Para&nbsp;<strong>Stricto Sensu<\/strong>&nbsp;, a funcionalidade pode ser acessada pelo caminho SIGAA &gt; Stricto Sensu &gt; aba Alunos &gt; Usu\u00e1rios de Discentes &gt; Gerenciar Usu\u00e1rio de Discente.<\/li>\n<\/ul>\n\n\n\n<figure class=\"wp-block-image aligncenter size-full is-resized\"><img loading=\"lazy\" decoding=\"async\" width=\"900\" height=\"332\" src=\"https:\/\/wiki.uepa.br\/wp-content\/uploads\/2025\/09\/gerenciar_usuarios_discentes_strictusensu2.png\" alt=\"\" class=\"wp-image-792\" style=\"width:645px;height:auto\" srcset=\"https:\/\/wiki.uepa.br\/wp-content\/uploads\/2025\/09\/gerenciar_usuarios_discentes_strictusensu2.png 900w, https:\/\/wiki.uepa.br\/wp-content\/uploads\/2025\/09\/gerenciar_usuarios_discentes_strictusensu2-300x111.png 300w, https:\/\/wiki.uepa.br\/wp-content\/uploads\/2025\/09\/gerenciar_usuarios_discentes_strictusensu2-768x283.png 768w\" sizes=\"(max-width: 900px) 100vw, 900px\" \/><\/figure>\n\n\n\n<ul class=\"has-ast-global-color-8-color has-text-color has-link-color wp-elements-e153d0f025741eac53d548be3f4a54e9\">\n<li>Para&nbsp;<strong>Lato Sensu<\/strong>, a funcionalidade pode ser acessada pelo caminho SIGAA &gt; Lato Sensu &gt; aba Alunos &gt; Usu\u00e1rios de Discentes &gt; Gerenciar Usu\u00e1rio de Discente.<\/li>\n<\/ul>\n\n\n\n<figure class=\"wp-block-image aligncenter size-full is-resized\"><img loading=\"lazy\" decoding=\"async\" width=\"900\" height=\"600\" src=\"https:\/\/wiki.uepa.br\/wp-content\/uploads\/2025\/09\/gerenciar_usuarios_discentes_latosensu3.png\" alt=\"\" class=\"wp-image-794\" style=\"width:525px;height:auto\" srcset=\"https:\/\/wiki.uepa.br\/wp-content\/uploads\/2025\/09\/gerenciar_usuarios_discentes_latosensu3.png 900w, https:\/\/wiki.uepa.br\/wp-content\/uploads\/2025\/09\/gerenciar_usuarios_discentes_latosensu3-300x200.png 300w, https:\/\/wiki.uepa.br\/wp-content\/uploads\/2025\/09\/gerenciar_usuarios_discentes_latosensu3-768x512.png 768w\" sizes=\"(max-width: 900px) 100vw, 900px\" \/><\/figure>\n","protected":false},"excerpt":{"rendered":"","protected":false},"author":1,"featured_media":0,"parent":0,"menu_order":0,"comment_status":"closed","ping_status":"closed","template":"","meta":{"_uag_custom_page_level_css":"","site-sidebar-layout":"default","site-content-layout":"","ast-site-content-layout":"","site-content-style":"default","site-sidebar-style":"default","ast-global-header-display":"","ast-banner-title-visibility":"","ast-main-header-display":"","ast-hfb-above-header-display":"","ast-hfb-below-header-display":"","ast-hfb-mobile-header-display":"","site-post-title":"","ast-breadcrumbs-content":"","ast-featured-img":"","footer-sml-layout":"","theme-transparent-header-meta":"","adv-header-id-meta":"","stick-header-meta":"","header-above-stick-meta":"","header-main-stick-meta":"","header-below-stick-meta":"","astra-migrate-meta-layouts":"","ast-page-background-enabled":"default","ast-page-background-meta":{"desktop":{"background-color":"var(--ast-global-color-4)","background-image":"","background-repeat":"repeat","background-position":"center center","background-size":"auto","background-attachment":"scroll","background-type":"","background-media":"","overlay-type":"","overlay-color":"","overlay-gradient":""},"tablet":{"background-color":"","background-image":"","background-repeat":"repeat","background-position":"center center","background-size":"auto","background-attachment":"scroll","background-type":"","background-media":"","overlay-type":"","overlay-color":"","overlay-gradient":""},"mobile":{"background-color":"","background-image":"","background-repeat":"repeat","background-position":"center center","background-size":"auto","background-attachment":"scroll","background-type":"","background-media":"","overlay-type":"","overlay-color":"","overlay-gradient":""}},"ast-content-background-meta":{"desktop":{"background-color":"var(--ast-global-color-5)","background-image":"","background-repeat":"repeat","background-position":"center center","background-size":"auto","background-attachment":"scroll","background-type":"","background-media":"","overlay-type":"","overlay-color":"","overlay-gradient":""},"tablet":{"background-color":"var(--ast-global-color-5)","background-image":"","background-repeat":"repeat","background-position":"center center","background-size":"auto","background-attachment":"scroll","background-type":"","background-media":"","overlay-type":"","overlay-color":"","overlay-gradient":""},"mobile":{"background-color":"var(--ast-global-color-5)","background-image":"","background-repeat":"repeat","background-position":"center center","background-size":"auto","background-attachment":"scroll","background-type":"","background-media":"","overlay-type":"","overlay-color":"","overlay-gradient":""}},"footnotes":""},"uagb_featured_image_src":{"full":false,"thumbnail":false,"medium":false,"medium_large":false,"large":false,"1536x1536":false,"2048x2048":false},"uagb_author_info":{"display_name":"adminsites@uepa.br","author_link":"https:\/\/wiki.uepa.br\/index.php\/author\/adminsitesuepa-br\/"},"uagb_comment_info":0,"uagb_excerpt":null,"_links":{"self":[{"href":"https:\/\/wiki.uepa.br\/index.php\/wp-json\/wp\/v2\/pages\/128"}],"collection":[{"href":"https:\/\/wiki.uepa.br\/index.php\/wp-json\/wp\/v2\/pages"}],"about":[{"href":"https:\/\/wiki.uepa.br\/index.php\/wp-json\/wp\/v2\/types\/page"}],"author":[{"embeddable":true,"href":"https:\/\/wiki.uepa.br\/index.php\/wp-json\/wp\/v2\/users\/1"}],"replies":[{"embeddable":true,"href":"https:\/\/wiki.uepa.br\/index.php\/wp-json\/wp\/v2\/comments?post=128"}],"version-history":[{"count":3,"href":"https:\/\/wiki.uepa.br\/index.php\/wp-json\/wp\/v2\/pages\/128\/revisions"}],"predecessor-version":[{"id":795,"href":"https:\/\/wiki.uepa.br\/index.php\/wp-json\/wp\/v2\/pages\/128\/revisions\/795"}],"wp:attachment":[{"href":"https:\/\/wiki.uepa.br\/index.php\/wp-json\/wp\/v2\/media?parent=128"}],"curies":[{"name":"wp","href":"https:\/\/api.w.org\/{rel}","templated":true}]}}