{"id":130,"date":"2024-02-19T16:21:23","date_gmt":"2024-02-19T16:21:23","guid":{"rendered":"https:\/\/wiki.uepa.br\/?page_id=130"},"modified":"2025-09-26T17:39:12","modified_gmt":"2025-09-26T17:39:12","slug":"alteracao-de-dados-dos-discentes","status":"publish","type":"page","link":"https:\/\/wiki.uepa.br\/index.php\/gerenciar-usuario-discente\/alteracao-de-dados-dos-discentes\/","title":{"rendered":"Altera\u00e7\u00e3o de Dados dos Discentes"},"content":{"rendered":"\n<ul class=\"has-ast-global-color-8-color has-text-color has-link-color wp-elements-f4370a17c13396d79f2056bd33dafdc3\">\n<li>Para ensinar sobre a altera\u00e7\u00e3o dos dados dos usu\u00e1rios dos discentes, iremos exemplificar a altera\u00e7\u00e3o dos dados de um usu\u00e1rio de um discente da Gradua\u00e7\u00e3o.<\/li>\n\n\n\n<li>Ap\u00f3s logar no sistema, acessamos o m\u00f3dulo Gradua\u00e7\u00e3o:<\/li>\n<\/ul>\n\n\n\n<figure class=\"wp-block-image aligncenter size-full is-resized\"><img loading=\"lazy\" decoding=\"async\" width=\"900\" height=\"600\" src=\"https:\/\/wiki.uepa.br\/wp-content\/uploads\/2025\/09\/alteracao_dados_usuarios1.png\" alt=\"\" class=\"wp-image-813\" style=\"width:486px\" srcset=\"https:\/\/wiki.uepa.br\/wp-content\/uploads\/2025\/09\/alteracao_dados_usuarios1.png 900w, https:\/\/wiki.uepa.br\/wp-content\/uploads\/2025\/09\/alteracao_dados_usuarios1-300x200.png 300w, https:\/\/wiki.uepa.br\/wp-content\/uploads\/2025\/09\/alteracao_dados_usuarios1-768x512.png 768w\" sizes=\"(max-width: 900px) 100vw, 900px\" \/><\/figure>\n\n\n\n<ul class=\"has-ast-global-color-8-color has-text-color has-link-color wp-elements-918bf9f68ad34416cfee8b67d1def518\">\n<li>No caminho aba Alunos &gt; Usu\u00e1rios de Discentes &gt; Gerenciar Usu\u00e1rio dos Discentes encontraremos a op\u00e7\u00e3o desejada. Ent\u00e3o, clicamos no link Gerenciar Usu\u00e1rio dos Discentes:<\/li>\n<\/ul>\n\n\n\n<figure class=\"wp-block-image aligncenter size-full is-resized\"><img loading=\"lazy\" decoding=\"async\" width=\"900\" height=\"600\" src=\"https:\/\/wiki.uepa.br\/wp-content\/uploads\/2025\/09\/alteracao_dados_usuarios2.png\" alt=\"\" class=\"wp-image-814\" style=\"width:486px;height:auto\" srcset=\"https:\/\/wiki.uepa.br\/wp-content\/uploads\/2025\/09\/alteracao_dados_usuarios2.png 900w, https:\/\/wiki.uepa.br\/wp-content\/uploads\/2025\/09\/alteracao_dados_usuarios2-300x200.png 300w, https:\/\/wiki.uepa.br\/wp-content\/uploads\/2025\/09\/alteracao_dados_usuarios2-768x512.png 768w\" sizes=\"(max-width: 900px) 100vw, 900px\" \/><\/figure>\n\n\n\n<ul class=\"has-ast-global-color-8-color has-text-color has-link-color wp-elements-f0d3a1b274215945ebdbdd54c48549ee\">\n<li>Ao acessar a funcionalidade, deve-se realizar a busca pelo discente desejado. A busca pode ser feita utilizando a Matr\u00edcula, CPF, Nome do Discente e Curso. Optamos por realizar uma busca apenas por nome neste exemplo. Ap\u00f3s inserir as informa\u00e7\u00f5es necess\u00e1ria, deve-se clicar em \u201cBuscar\u201d:<\/li>\n<\/ul>\n\n\n\n<figure class=\"wp-block-image aligncenter size-full is-resized\"><img loading=\"lazy\" decoding=\"async\" width=\"900\" height=\"600\" src=\"https:\/\/wiki.uepa.br\/wp-content\/uploads\/2025\/09\/alteracao_dados_usuarios3.png\" alt=\"\" class=\"wp-image-815\" style=\"width:486px\" srcset=\"https:\/\/wiki.uepa.br\/wp-content\/uploads\/2025\/09\/alteracao_dados_usuarios3.png 900w, https:\/\/wiki.uepa.br\/wp-content\/uploads\/2025\/09\/alteracao_dados_usuarios3-300x200.png 300w, https:\/\/wiki.uepa.br\/wp-content\/uploads\/2025\/09\/alteracao_dados_usuarios3-768x512.png 768w\" sizes=\"(max-width: 900px) 100vw, 900px\" \/><\/figure>\n\n\n\n<ul class=\"has-ast-global-color-8-color has-text-color has-link-color wp-elements-324f9c539c710062ee16cf236697df8e\">\n<li>O sistema retornar\u00e1 os resultados da busca. Junto ao nome, aparecer\u00e1 a op\u00e7\u00e3o para alterar os dados do usu\u00e1rio do discente e a outra op\u00e7\u00e3o \u00e9 recuperar a senha do discente;<\/li>\n\n\n\n<li>Nesse momento, iremos realizar a troca do usu\u00e1rio e senha do discente, ent\u00e3o utilizaremos a op\u00e7\u00e3o para Alterar Dados do Usu\u00e1rio do Discente:<\/li>\n<\/ul>\n\n\n\n<figure class=\"wp-block-image aligncenter size-full is-resized\"><img loading=\"lazy\" decoding=\"async\" width=\"900\" height=\"600\" src=\"https:\/\/wiki.uepa.br\/wp-content\/uploads\/2025\/09\/alteracao_dados_usuarios4.png\" alt=\"\" class=\"wp-image-816\" style=\"width:486px\" srcset=\"https:\/\/wiki.uepa.br\/wp-content\/uploads\/2025\/09\/alteracao_dados_usuarios4.png 900w, https:\/\/wiki.uepa.br\/wp-content\/uploads\/2025\/09\/alteracao_dados_usuarios4-300x200.png 300w, https:\/\/wiki.uepa.br\/wp-content\/uploads\/2025\/09\/alteracao_dados_usuarios4-768x512.png 768w\" sizes=\"(max-width: 900px) 100vw, 900px\" \/><\/figure>\n\n\n\n<ul class=\"has-ast-global-color-8-color has-text-color has-link-color wp-elements-617ed2827250cdd19e54ef107ebd75eb\">\n<li>Ao acessar a op\u00e7\u00e3o, ser\u00e1 exibido um formul\u00e1rio contendo os campos Nome Oficial, Nome Social, E-mail, Data de Nascimento, se o usu\u00e1rio est\u00e1 ativo no sistema, telefone fixo, telefone celular, usuario, campo para inserir nova senha caso ela tenha que ser atualizada e campo para confirmar a senha inserida.<\/li>\n<\/ul>\n\n\n\n<figure class=\"wp-block-image aligncenter size-full is-resized\"><img loading=\"lazy\" decoding=\"async\" width=\"900\" height=\"600\" src=\"https:\/\/wiki.uepa.br\/wp-content\/uploads\/2025\/09\/alteracao_dados_usuarios5.png\" alt=\"\" class=\"wp-image-817\" style=\"width:486px\" srcset=\"https:\/\/wiki.uepa.br\/wp-content\/uploads\/2025\/09\/alteracao_dados_usuarios5.png 900w, https:\/\/wiki.uepa.br\/wp-content\/uploads\/2025\/09\/alteracao_dados_usuarios5-300x200.png 300w, https:\/\/wiki.uepa.br\/wp-content\/uploads\/2025\/09\/alteracao_dados_usuarios5-768x512.png 768w\" sizes=\"(max-width: 900px) 100vw, 900px\" \/><\/figure>\n\n\n\n<ul class=\"has-ast-global-color-8-color has-text-color has-link-color wp-elements-e41e7a21020ad52ed1134f8e67f9d6f4\">\n<li>O sistema ainda exibe na mesma tela de altera\u00e7\u00e3o do dados do usu\u00e1rio do discente a op\u00e7\u00e3o para enviar um e-mail ao aluno com os dados atualizados. Caso seja necess\u00e1rio, o usu\u00e1rio respons\u00e1vel pela opera\u00e7\u00e3o da atualiza\u00e7\u00e3o dos dados poder\u00e1 marcar essa op\u00e7\u00e3o que um e-mail ser\u00e1 enviado com as informa\u00e7\u00f5es atualizadas para o e-mail do aluno no final da opera\u00e7\u00e3o. A seguir, est\u00e1 a op\u00e7\u00e3o:<\/li>\n<\/ul>\n\n\n\n<figure class=\"wp-block-image aligncenter size-full is-resized\"><img loading=\"lazy\" decoding=\"async\" width=\"900\" height=\"600\" src=\"https:\/\/wiki.uepa.br\/wp-content\/uploads\/2025\/09\/alteracao_dados_usuarios6.png\" alt=\"\" class=\"wp-image-818\" style=\"width:486px\" srcset=\"https:\/\/wiki.uepa.br\/wp-content\/uploads\/2025\/09\/alteracao_dados_usuarios6.png 900w, https:\/\/wiki.uepa.br\/wp-content\/uploads\/2025\/09\/alteracao_dados_usuarios6-300x200.png 300w, https:\/\/wiki.uepa.br\/wp-content\/uploads\/2025\/09\/alteracao_dados_usuarios6-768x512.png 768w\" sizes=\"(max-width: 900px) 100vw, 900px\" \/><\/figure>\n\n\n\n<ul class=\"has-ast-global-color-8-color has-text-color has-link-color wp-elements-25f11bfb43b5e54ef51b7a31aab0231e\">\n<li>Neste exemplo, atualizaremos o usu\u00e1rio do discente e ser\u00e1 definida uma nova senha. Tamb\u00e9m ser\u00e1 marcada a op\u00e7\u00e3o para enviar um e-mail ao aluno com os dados atualizados quando a opera\u00e7\u00e3o for finalizada:<\/li>\n<\/ul>\n\n\n\n<figure class=\"wp-block-image aligncenter size-full is-resized\"><img loading=\"lazy\" decoding=\"async\" width=\"900\" height=\"600\" src=\"https:\/\/wiki.uepa.br\/wp-content\/uploads\/2025\/09\/alteracao_dados_usuarios7.png\" alt=\"\" class=\"wp-image-819\" style=\"width:486px\" srcset=\"https:\/\/wiki.uepa.br\/wp-content\/uploads\/2025\/09\/alteracao_dados_usuarios7.png 900w, https:\/\/wiki.uepa.br\/wp-content\/uploads\/2025\/09\/alteracao_dados_usuarios7-300x200.png 300w, https:\/\/wiki.uepa.br\/wp-content\/uploads\/2025\/09\/alteracao_dados_usuarios7-768x512.png 768w\" sizes=\"(max-width: 900px) 100vw, 900px\" \/><\/figure>\n\n\n\n<ul class=\"has-ast-global-color-8-color has-text-color has-link-color wp-elements-e8fe0a53b52b51329a744a0c82ea01a5\">\n<li>Terminada as devidas altera\u00e7\u00f5es, o usu\u00e1rio dever\u00e1 informar a sua senha e clicar na op\u00e7\u00e3o \u201cAlterar\u201d para realizar a altera\u00e7\u00e3o dos dados do usu\u00e1rio do discente:<\/li>\n<\/ul>\n\n\n\n<figure class=\"wp-block-image aligncenter size-full is-resized\"><img loading=\"lazy\" decoding=\"async\" width=\"900\" height=\"600\" src=\"https:\/\/wiki.uepa.br\/wp-content\/uploads\/2025\/09\/alteracao_dados_usuarios8.png\" alt=\"\" class=\"wp-image-821\" style=\"width:486px\" srcset=\"https:\/\/wiki.uepa.br\/wp-content\/uploads\/2025\/09\/alteracao_dados_usuarios8.png 900w, https:\/\/wiki.uepa.br\/wp-content\/uploads\/2025\/09\/alteracao_dados_usuarios8-300x200.png 300w, https:\/\/wiki.uepa.br\/wp-content\/uploads\/2025\/09\/alteracao_dados_usuarios8-768x512.png 768w\" sizes=\"(max-width: 900px) 100vw, 900px\" \/><\/figure>\n\n\n\n<ul class=\"has-ast-global-color-8-color has-text-color has-link-color wp-elements-586263d03b31e24292ec9116a1c079ec\">\n<li>O sistema voltar\u00e1 ao menu do m\u00f3dulo e informar\u00e1 uma mensagem de sucesso no topo da tela caso a opera\u00e7\u00e3o seja bem sucedida:<\/li>\n<\/ul>\n\n\n\n<figure class=\"wp-block-image aligncenter size-full is-resized\"><img loading=\"lazy\" decoding=\"async\" width=\"900\" height=\"600\" src=\"https:\/\/wiki.uepa.br\/wp-content\/uploads\/2025\/09\/alteracao_dados_usuarios9.png\" alt=\"\" class=\"wp-image-822\" style=\"width:486px\" srcset=\"https:\/\/wiki.uepa.br\/wp-content\/uploads\/2025\/09\/alteracao_dados_usuarios9.png 900w, https:\/\/wiki.uepa.br\/wp-content\/uploads\/2025\/09\/alteracao_dados_usuarios9-300x200.png 300w, https:\/\/wiki.uepa.br\/wp-content\/uploads\/2025\/09\/alteracao_dados_usuarios9-768x512.png 768w\" sizes=\"(max-width: 900px) 100vw, 900px\" \/><\/figure>\n\n\n\n<ul class=\"has-ast-global-color-8-color has-text-color has-link-color wp-elements-3e37e9a75531b97f618efafe4b8aec20\">\n<li><strong>Obs: Caso tiv\u00e9ssemos que atualizar somente o usu\u00e1rio do aluno, sem atribuir uma nova senha, poder\u00edamos deixar os campos relacionados \u00e0s senhas em branco. Nesse caso, a senha do aluno continuaria a ser a senha antiga.<\/strong><\/li>\n<\/ul>\n","protected":false},"excerpt":{"rendered":"","protected":false},"author":1,"featured_media":0,"parent":128,"menu_order":0,"comment_status":"closed","ping_status":"closed","template":"","meta":{"_uag_custom_page_level_css":"","site-sidebar-layout":"default","site-content-layout":"","ast-site-content-layout":"","site-content-style":"default","site-sidebar-style":"default","ast-global-header-display":"","ast-banner-title-visibility":"","ast-main-header-display":"","ast-hfb-above-header-display":"","ast-hfb-below-header-display":"","ast-hfb-mobile-header-display":"","site-post-title":"","ast-breadcrumbs-content":"","ast-featured-img":"","footer-sml-layout":"","theme-transparent-header-meta":"","adv-header-id-meta":"","stick-header-meta":"","header-above-stick-meta":"","header-main-stick-meta":"","header-below-stick-meta":"","astra-migrate-meta-layouts":"","ast-page-background-enabled":"default","ast-page-background-meta":{"desktop":{"background-color":"var(--ast-global-color-4)","background-image":"","background-repeat":"repeat","background-position":"center center","background-size":"auto","background-attachment":"scroll","background-type":"","background-media":"","overlay-type":"","overlay-color":"","overlay-gradient":""},"tablet":{"background-color":"","background-image":"","background-repeat":"repeat","background-position":"center center","background-size":"auto","background-attachment":"scroll","background-type":"","background-media":"","overlay-type":"","overlay-color":"","overlay-gradient":""},"mobile":{"background-color":"","background-image":"","background-repeat":"repeat","background-position":"center center","background-size":"auto","background-attachment":"scroll","background-type":"","background-media":"","overlay-type":"","overlay-color":"","overlay-gradient":""}},"ast-content-background-meta":{"desktop":{"background-color":"var(--ast-global-color-5)","background-image":"","background-repeat":"repeat","background-position":"center center","background-size":"auto","background-attachment":"scroll","background-type":"","background-media":"","overlay-type":"","overlay-color":"","overlay-gradient":""},"tablet":{"background-color":"var(--ast-global-color-5)","background-image":"","background-repeat":"repeat","background-position":"center center","background-size":"auto","background-attachment":"scroll","background-type":"","background-media":"","overlay-type":"","overlay-color":"","overlay-gradient":""},"mobile":{"background-color":"var(--ast-global-color-5)","background-image":"","background-repeat":"repeat","background-position":"center center","background-size":"auto","background-attachment":"scroll","background-type":"","background-media":"","overlay-type":"","overlay-color":"","overlay-gradient":""}},"footnotes":""},"uagb_featured_image_src":{"full":false,"thumbnail":false,"medium":false,"medium_large":false,"large":false,"1536x1536":false,"2048x2048":false},"uagb_author_info":{"display_name":"adminsites@uepa.br","author_link":"https:\/\/wiki.uepa.br\/index.php\/author\/adminsitesuepa-br\/"},"uagb_comment_info":0,"uagb_excerpt":null,"_links":{"self":[{"href":"https:\/\/wiki.uepa.br\/index.php\/wp-json\/wp\/v2\/pages\/130"}],"collection":[{"href":"https:\/\/wiki.uepa.br\/index.php\/wp-json\/wp\/v2\/pages"}],"about":[{"href":"https:\/\/wiki.uepa.br\/index.php\/wp-json\/wp\/v2\/types\/page"}],"author":[{"embeddable":true,"href":"https:\/\/wiki.uepa.br\/index.php\/wp-json\/wp\/v2\/users\/1"}],"replies":[{"embeddable":true,"href":"https:\/\/wiki.uepa.br\/index.php\/wp-json\/wp\/v2\/comments?post=130"}],"version-history":[{"count":3,"href":"https:\/\/wiki.uepa.br\/index.php\/wp-json\/wp\/v2\/pages\/130\/revisions"}],"predecessor-version":[{"id":823,"href":"https:\/\/wiki.uepa.br\/index.php\/wp-json\/wp\/v2\/pages\/130\/revisions\/823"}],"up":[{"embeddable":true,"href":"https:\/\/wiki.uepa.br\/index.php\/wp-json\/wp\/v2\/pages\/128"}],"wp:attachment":[{"href":"https:\/\/wiki.uepa.br\/index.php\/wp-json\/wp\/v2\/media?parent=130"}],"curies":[{"name":"wp","href":"https:\/\/api.w.org\/{rel}","templated":true}]}}