{"id":132,"date":"2024-02-19T16:23:00","date_gmt":"2024-02-19T16:23:00","guid":{"rendered":"https:\/\/wiki.uepa.br\/?page_id=132"},"modified":"2025-09-26T17:35:46","modified_gmt":"2025-09-26T17:35:46","slug":"recuperar-senha-do-discente","status":"publish","type":"page","link":"https:\/\/wiki.uepa.br\/index.php\/gerenciar-usuario-discente\/recuperar-senha-do-discente\/","title":{"rendered":"Recuperar Senha do Discente"},"content":{"rendered":"\n<ul class=\"has-ast-global-color-8-color has-text-color has-link-color wp-elements-40e7b517d712463843fdd22b45788640\">\n<li>H\u00e1 a op\u00e7\u00e3o espec\u00edfica para recupera\u00e7\u00e3o de senha do discente. Essa funcionalidade gera uma senha aleat\u00f3ria.<\/li>\n\n\n\n<li>Para acessar a funcionalidade, acesse o caminho Alunos &gt; Usu\u00e1rios de Discentes &gt; Gerenciar Usu\u00e1rio dos Discentes.<\/li>\n\n\n\n<li>Iremos exemplificar a recupera\u00e7\u00e3o de senha de um discente de gradua\u00e7\u00e3o, ent\u00e3o o caminho a ser percorrido \u00e9 Gradua\u00e7\u00e3o &gt; Alunos &gt; Usu\u00e1rios de Discentes &gt; Gerenciar Usu\u00e1rio dos Discentes.<\/li>\n<\/ul>\n\n\n\n<figure class=\"wp-block-image aligncenter size-full is-resized\"><img loading=\"lazy\" decoding=\"async\" width=\"900\" height=\"600\" src=\"https:\/\/wiki.uepa.br\/wp-content\/uploads\/2025\/09\/recuperar_senha_discente1.png\" alt=\"\" class=\"wp-image-800\" style=\"width:486px\" srcset=\"https:\/\/wiki.uepa.br\/wp-content\/uploads\/2025\/09\/recuperar_senha_discente1.png 900w, https:\/\/wiki.uepa.br\/wp-content\/uploads\/2025\/09\/recuperar_senha_discente1-300x200.png 300w, https:\/\/wiki.uepa.br\/wp-content\/uploads\/2025\/09\/recuperar_senha_discente1-768x512.png 768w\" sizes=\"(max-width: 900px) 100vw, 900px\" \/><\/figure>\n\n\n\n<ul class=\"has-ast-global-color-8-color has-text-color has-link-color wp-elements-e3f60ecf745250a57d5160f4e147de21\">\n<li>Ap\u00f3s realizar a busca do discente, o sistema exibir\u00e1 a seguinte tela:<\/li>\n<\/ul>\n\n\n\n<figure class=\"wp-block-image aligncenter size-full is-resized\"><img loading=\"lazy\" decoding=\"async\" width=\"900\" height=\"600\" src=\"https:\/\/wiki.uepa.br\/wp-content\/uploads\/2025\/09\/recuperar_senha_discente2.png\" alt=\"\" class=\"wp-image-802\" style=\"width:486px\" srcset=\"https:\/\/wiki.uepa.br\/wp-content\/uploads\/2025\/09\/recuperar_senha_discente2.png 900w, https:\/\/wiki.uepa.br\/wp-content\/uploads\/2025\/09\/recuperar_senha_discente2-300x200.png 300w, https:\/\/wiki.uepa.br\/wp-content\/uploads\/2025\/09\/recuperar_senha_discente2-768x512.png 768w\" sizes=\"(max-width: 900px) 100vw, 900px\" \/><\/figure>\n\n\n\n<ul class=\"has-ast-global-color-8-color has-text-color has-link-color wp-elements-2b95a9ee4ecadea907dbe98190bc980c\">\n<li>A op\u00e7\u00e3o indicada por uma seta na imagem faz refer\u00eancia a funcionalidade de recupera\u00e7\u00e3o de senha. Para realizar a recupera\u00e7\u00e3o, deve-se clicar em cima do \u00edcone representado por uma chave. Ao clicar, o sistema exibir\u00e1 a seguinte tela:<\/li>\n<\/ul>\n\n\n\n<figure class=\"wp-block-image aligncenter size-full is-resized\"><img loading=\"lazy\" decoding=\"async\" width=\"900\" height=\"600\" src=\"https:\/\/wiki.uepa.br\/wp-content\/uploads\/2025\/09\/recuperar_senha_discente3.png\" alt=\"\" class=\"wp-image-803\" style=\"width:486px\" srcset=\"https:\/\/wiki.uepa.br\/wp-content\/uploads\/2025\/09\/recuperar_senha_discente3.png 900w, https:\/\/wiki.uepa.br\/wp-content\/uploads\/2025\/09\/recuperar_senha_discente3-300x200.png 300w, https:\/\/wiki.uepa.br\/wp-content\/uploads\/2025\/09\/recuperar_senha_discente3-768x512.png 768w\" sizes=\"(max-width: 900px) 100vw, 900px\" \/><\/figure>\n\n\n\n<ul class=\"has-ast-global-color-8-color has-text-color has-link-color wp-elements-aec78de0181ecfc9b11c28480e3fecea\">\n<li>Ao clicar na op\u00e7\u00e3o \u201cRecuperar\u201d, o sistema gera uma senha para o discente automaticamente. Caso a senha seja gerada com sucesso, o sistema retorna uma mensagem de sucesso no topo da tela e exibe a nova senha gerada:<\/li>\n<\/ul>\n\n\n\n<figure class=\"wp-block-image aligncenter size-full is-resized\"><img loading=\"lazy\" decoding=\"async\" width=\"900\" height=\"600\" src=\"https:\/\/wiki.uepa.br\/wp-content\/uploads\/2025\/09\/recuperar_senha_discente4.png\" alt=\"\" class=\"wp-image-804\" style=\"width:486px\" srcset=\"https:\/\/wiki.uepa.br\/wp-content\/uploads\/2025\/09\/recuperar_senha_discente4.png 900w, https:\/\/wiki.uepa.br\/wp-content\/uploads\/2025\/09\/recuperar_senha_discente4-300x200.png 300w, https:\/\/wiki.uepa.br\/wp-content\/uploads\/2025\/09\/recuperar_senha_discente4-768x512.png 768w\" sizes=\"(max-width: 900px) 100vw, 900px\" \/><\/figure>\n","protected":false},"excerpt":{"rendered":"","protected":false},"author":1,"featured_media":0,"parent":128,"menu_order":0,"comment_status":"closed","ping_status":"closed","template":"","meta":{"_uag_custom_page_level_css":"","site-sidebar-layout":"default","site-content-layout":"","ast-site-content-layout":"","site-content-style":"default","site-sidebar-style":"default","ast-global-header-display":"","ast-banner-title-visibility":"","ast-main-header-display":"","ast-hfb-above-header-display":"","ast-hfb-below-header-display":"","ast-hfb-mobile-header-display":"","site-post-title":"","ast-breadcrumbs-content":"","ast-featured-img":"","footer-sml-layout":"","theme-transparent-header-meta":"","adv-header-id-meta":"","stick-header-meta":"","header-above-stick-meta":"","header-main-stick-meta":"","header-below-stick-meta":"","astra-migrate-meta-layouts":"","ast-page-background-enabled":"default","ast-page-background-meta":{"desktop":{"background-color":"var(--ast-global-color-4)","background-image":"","background-repeat":"repeat","background-position":"center center","background-size":"auto","background-attachment":"scroll","background-type":"","background-media":"","overlay-type":"","overlay-color":"","overlay-gradient":""},"tablet":{"background-color":"","background-image":"","background-repeat":"repeat","background-position":"center center","background-size":"auto","background-attachment":"scroll","background-type":"","background-media":"","overlay-type":"","overlay-color":"","overlay-gradient":""},"mobile":{"background-color":"","background-image":"","background-repeat":"repeat","background-position":"center center","background-size":"auto","background-attachment":"scroll","background-type":"","background-media":"","overlay-type":"","overlay-color":"","overlay-gradient":""}},"ast-content-background-meta":{"desktop":{"background-color":"var(--ast-global-color-5)","background-image":"","background-repeat":"repeat","background-position":"center center","background-size":"auto","background-attachment":"scroll","background-type":"","background-media":"","overlay-type":"","overlay-color":"","overlay-gradient":""},"tablet":{"background-color":"var(--ast-global-color-5)","background-image":"","background-repeat":"repeat","background-position":"center center","background-size":"auto","background-attachment":"scroll","background-type":"","background-media":"","overlay-type":"","overlay-color":"","overlay-gradient":""},"mobile":{"background-color":"var(--ast-global-color-5)","background-image":"","background-repeat":"repeat","background-position":"center center","background-size":"auto","background-attachment":"scroll","background-type":"","background-media":"","overlay-type":"","overlay-color":"","overlay-gradient":""}},"footnotes":""},"uagb_featured_image_src":{"full":false,"thumbnail":false,"medium":false,"medium_large":false,"large":false,"1536x1536":false,"2048x2048":false},"uagb_author_info":{"display_name":"adminsites@uepa.br","author_link":"https:\/\/wiki.uepa.br\/index.php\/author\/adminsitesuepa-br\/"},"uagb_comment_info":0,"uagb_excerpt":null,"_links":{"self":[{"href":"https:\/\/wiki.uepa.br\/index.php\/wp-json\/wp\/v2\/pages\/132"}],"collection":[{"href":"https:\/\/wiki.uepa.br\/index.php\/wp-json\/wp\/v2\/pages"}],"about":[{"href":"https:\/\/wiki.uepa.br\/index.php\/wp-json\/wp\/v2\/types\/page"}],"author":[{"embeddable":true,"href":"https:\/\/wiki.uepa.br\/index.php\/wp-json\/wp\/v2\/users\/1"}],"replies":[{"embeddable":true,"href":"https:\/\/wiki.uepa.br\/index.php\/wp-json\/wp\/v2\/comments?post=132"}],"version-history":[{"count":3,"href":"https:\/\/wiki.uepa.br\/index.php\/wp-json\/wp\/v2\/pages\/132\/revisions"}],"predecessor-version":[{"id":806,"href":"https:\/\/wiki.uepa.br\/index.php\/wp-json\/wp\/v2\/pages\/132\/revisions\/806"}],"up":[{"embeddable":true,"href":"https:\/\/wiki.uepa.br\/index.php\/wp-json\/wp\/v2\/pages\/128"}],"wp:attachment":[{"href":"https:\/\/wiki.uepa.br\/index.php\/wp-json\/wp\/v2\/media?parent=132"}],"curies":[{"name":"wp","href":"https:\/\/api.w.org\/{rel}","templated":true}]}}