{"id":140,"date":"2024-02-19T16:42:00","date_gmt":"2024-02-19T16:42:00","guid":{"rendered":"https:\/\/wiki.uepa.br\/?page_id=140"},"modified":"2024-02-19T16:42:00","modified_gmt":"2024-02-19T16:42:00","slug":"turma-virtual-docente","status":"publish","type":"page","link":"https:\/\/wiki.uepa.br\/index.php\/turma-virtual-docente\/","title":{"rendered":"Turma Virtual &#8211; Docente"},"content":{"rendered":"\n<p class=\"has-text-align-center has-ast-global-color-8-color has-text-color has-link-color wp-elements-eca60a92303b0b8eb315105abfa118b5\">A\u00a0<strong>Turma Virtual<\/strong>\u00a0permite que o docente tenha acesso e a gest\u00e3o da turma em que ir\u00e1 ministrar o componente curricular. Com a\u00a0<strong>Turma Virtual<\/strong>\u00a0\u00e9 poss\u00edvel a intera\u00e7\u00e3o entre o professores e os alunos por meio de f\u00f3runs, enquetes, not\u00edcias e atividades que poder\u00e3o ser cadastradas,\u00a0rompendo as barreiras da sala de aula no processo de ensino-aprendizagem.<\/p>\n\n\n\n<ul>\n<li>Para utilizar esta opera\u00e7\u00e3o voc\u00ea pode:\n<ul class=\"has-ast-global-color-8-color has-text-color has-link-color wp-elements-2a41225e5ec3d9057380263b87767178\">\n<li>Acessar o SIGAA \u00bb M\u00f3dulos \u00bb Portal do Docente \u00bb Minhas Turmas no Semestre \u00bb Componente Curricular \u00bb Menu Turma Virtual \u00bb Turma \u00bb Principal<a href=\"https:\/\/ewiki.uepa.br\/lib\/exe\/detail.php?id=docentes%3Aturma_virtual&amp;media=docentes:turma_virtual.png\"><\/a><\/li>\n<\/ul>\n<\/li>\n<\/ul>\n\n\n\n<figure class=\"wp-block-image aligncenter is-resized\"><img decoding=\"async\" src=\"https:\/\/ewiki.uepa.br\/lib\/exe\/fetch.php?w=600&amp;tok=b860af&amp;media=docentes:turma_virtual.png\" alt=\"\" style=\"width:632px;height:auto\"\/><\/figure>\n\n\n\n<figure class=\"wp-block-image aligncenter size-full is-resized\"><img loading=\"lazy\" decoding=\"async\" width=\"682\" height=\"234\" src=\"https:\/\/wiki.uepa.br\/wp-content\/uploads\/2024\/02\/image-4.png\" alt=\"\" class=\"wp-image-141\" style=\"width:650px;height:auto\" srcset=\"https:\/\/wiki.uepa.br\/wp-content\/uploads\/2024\/02\/image-4.png 682w, https:\/\/wiki.uepa.br\/wp-content\/uploads\/2024\/02\/image-4-300x103.png 300w\" sizes=\"(max-width: 682px) 100vw, 682px\" \/><\/figure>\n\n\n\n<figure class=\"wp-block-image aligncenter\"><a href=\"https:\/\/ewiki.uepa.br\/lib\/exe\/detail.php?id=docentes%3Aturma_virtual&amp;media=docentes:ferrramenta1_modulos.png\"><img decoding=\"async\" src=\"https:\/\/ewiki.uepa.br\/lib\/exe\/fetch.php?w=400&amp;tok=46cae4&amp;media=docentes:ferrramenta1_modulos.png\" alt=\"\"\/><\/a><\/figure>\n\n\n\n<hr class=\"wp-block-separator has-alpha-channel-opacity\"\/>\n\n\n\n<h2 class=\"wp-block-heading has-text-align-center\" id=\"menu_turma_virtual\"><strong>Menu Turma Virtual<\/strong><\/h2>\n\n\n\n<div class=\"wp-block-columns is-not-stacked-on-mobile is-layout-flex wp-container-core-columns-layout-1 wp-block-columns-is-layout-flex\">\n<div class=\"wp-block-column is-layout-flow wp-block-column-is-layout-flow\" style=\"flex-basis:33.33%\">\n<figure class=\"wp-block-image\"><a href=\"https:\/\/ewiki.uepa.br\/lib\/exe\/detail.php?id=docentes%3Aturma_virtual&amp;media=docentes:menu_turma_virtual_docente.png\"><img decoding=\"async\" src=\"https:\/\/ewiki.uepa.br\/lib\/exe\/fetch.php?w=200&amp;tok=20db44&amp;media=docentes:menu_turma_virtual_docente.png\" alt=\"\" style=\"object-fit:cover\"\/><\/a><\/figure>\n<\/div>\n\n\n\n<div class=\"wp-block-column is-layout-flow wp-block-column-is-layout-flow\" style=\"flex-basis:66.66%\">\n<p class=\"has-ast-global-color-8-color has-text-color has-link-color wp-elements-f84e552cc035a4e05466cc5559e5fc66\">Na se\u00e7\u00e3o&nbsp;<strong>Turma<\/strong>, o docente ter\u00e1 acesso as principais fun\u00e7\u00f5es referente \u00e0 turma virtual:<\/p>\n\n\n\n<ul class=\"has-ast-global-color-8-color has-text-color has-link-color wp-elements-cf2df3d5c0a786d00613f37da9595c6f\">\n<li><strong>Principal<\/strong>&nbsp;\u2192 Refere-se a tela principal do menu virtual;<\/li>\n\n\n\n<li><strong><a href=\"https:\/\/ewiki.uepa.br\/doku.php?id=docentes:turma_virtual:docente_topicos_de_aula\">T\u00f3picos De Aula<\/a><\/strong>&nbsp;\u2192 Cadastro e consulta dos t\u00f3picos de aula que ser\u00e3o ministrados pelo docente;<\/li>\n\n\n\n<li><strong><a href=\"https:\/\/ewiki.uepa.br\/doku.php?id=docentes:turma_virtual:docentes_plano_de_curso\">Plano De Curso<\/a><\/strong>&nbsp;\u2192 O usu\u00e1rio poder\u00e1 cadastrar o plano de curso do componente curricular;<\/li>\n\n\n\n<li><strong><a href=\"https:\/\/ewiki.uepa.br\/doku.php?id=docentes:turma_virtual:conteudo_programado\">Conte\u00fado Programado<\/a><\/strong>&nbsp;\u2192 Defina o conte\u00fado que ser\u00e1 abordado na disciplina;<\/li>\n\n\n\n<li><strong>Participantes<\/strong>&nbsp;\u2192 \u00c9 a visualiza\u00e7\u00e3o dos participantes da turma virtual, como o docente, os discentes e monitores, caso haja;<\/li>\n\n\n\n<li><strong>Visualizar Programa<\/strong>&nbsp;\u2192 O docente poder\u00e1 visualizar o programa da disciplina que ser\u00e1 aplicado;<\/li>\n\n\n\n<li><strong>F\u00f3runs<\/strong>&nbsp;\u2192 Se desejar, poder\u00e1 cadastrar f\u00f3runs para discuss\u00e3o com os discentes da turma;<\/li>\n\n\n\n<li><strong>Chat Da Turma<\/strong>&nbsp;\u2192 Ser\u00e1 poss\u00edvel enviar mensagens instant\u00e2neas para os discentes e vice-versa, estabelecendo um chat de comunica\u00e7\u00e3o entre os participantes da turma;<\/li>\n\n\n\n<li><strong>Chats Agendados<\/strong>&nbsp;\u2192 Caso queira, agende um chat no per\u00edodo que desejar;<\/li>\n\n\n\n<li><strong>Not\u00edcias<\/strong>&nbsp;\u2192 O docente poder\u00e1 publicar not\u00edcias no sistema;<\/li>\n\n\n\n<li><strong>Twitter<\/strong>&nbsp;\u2192 Ser\u00e1 poss\u00edvel conectar-se ao Twitter para que as atividades ou not\u00edcias publicadas sejam tamb\u00e9m divulgadas pela rede social;<\/li>\n\n\n\n<li><strong><a href=\"https:\/\/ewiki.uepa.br\/doku.php?id=docentes:turma_virtual:registrar_aula_extra\">Registrar Aula Extra<\/a><\/strong>&nbsp;\u2192 Caso necessite, o docente poder\u00e1 registrar uma aula extra no sistema;<\/li>\n\n\n\n<li><strong>Visualizar Como Alun0<\/strong>&nbsp;\u2192 O sistema possibilita que o docente possa visualizar a turma virtual, como aluno da turma.<\/li>\n<\/ul>\n\n\n\n<p class=\"has-ast-global-color-8-color has-text-color has-link-color wp-elements-091adcc0ae13935ba623be0cfa93fe08\">Na se\u00e7\u00e3o&nbsp;<strong>Alunos<\/strong>, o docente poder\u00e1 ter acesso \u00e0s opera\u00e7\u00f5es referentes aos alunos matriculados na turma virtual:<\/p>\n\n\n\n<ul class=\"has-ast-global-color-8-color has-text-color has-link-color wp-elements-fb2dde3fd11f33c3641d96f22aa575e2\">\n<li><strong>Alunos Trancados<\/strong>&nbsp;\u2192 Ser\u00e1 poss\u00edvel consultar os alunos que trancaram o componente curricular;<\/li>\n\n\n\n<li><strong>Gerenciar Grupos<\/strong>&nbsp;\u2192 O docente poder\u00e1 gerenciar grupos de alunos para atividades acad\u00eamicas;<\/li>\n\n\n\n<li><strong><a href=\"https:\/\/ewiki.uepa.br\/doku.php?id=docentes:turma_virtual:docentes_frequencia_alunos\">Lan\u00e7ar Frequ\u00eancia<\/a><\/strong>&nbsp;\u2192 Consulte ou cadastre a frequ\u00eancia dos alunos no sistema;<\/li>\n\n\n\n<li><strong><a href=\"https:\/\/ewiki.uepa.br\/doku.php?id=docentes:turma_virtual:docentes_frequencia_alunos\">Lan\u00e7ar Freq. Em Planilha<\/a><\/strong>&nbsp;\u2192 Se desejar, registre a frequ\u00eancia no sistema importando os dados de uma planilha eletr\u00f4nica;<\/li>\n\n\n\n<li><strong><a href=\"https:\/\/ewiki.uepa.br\/doku.php?id=docentes:turma_virtual:docentes_mapa_de_notas\">Lan\u00e7ar Notas<\/a><\/strong>&nbsp;\u2192 Cadastre as notas de avalia\u00e7\u00f5es dos discentes da turma;<\/li>\n<\/ul>\n\n\n\n<p class=\"has-ast-global-color-8-color has-text-color has-link-color wp-elements-e208d99e6b506fa01876b2289e9264c2\">Na se\u00e7\u00e3o&nbsp;<strong>Di\u00e1rio Eletr\u00f4nico<\/strong>, o docente poder\u00e1 realizar as opera\u00e7\u00f5es referentes ao di\u00e1rio eletr\u00f4nico da turma virtual:<\/p>\n\n\n\n<ul class=\"has-ast-global-color-8-color has-text-color has-link-color wp-elements-16d506eb5a0ccc7af7b62dfe7817daa5\">\n<li><strong>Conte\u00fado Programado<\/strong>&nbsp;\u2192 Consulte o conte\u00fado programada para disciplina;<\/li>\n\n\n\n<li><strong>Di\u00e1rio De Turma<\/strong>&nbsp;\u2192 Consulte o di\u00e1rio de turma, onde constar\u00e3o as notas, as frequ\u00eancias e o plano de curso referente ao componente curricular;<\/li>\n\n\n\n<li><strong>Lista De Presen\u00e7a<\/strong>&nbsp;\u2192 Ser\u00e1 poss\u00edvel visualizar a lista com a presen\u00e7a dos alunos que frequentaram a disciplina;<\/li>\n\n\n\n<li><strong>Mapa De Frequ\u00eancia<\/strong>&nbsp;\u2192 O sistema possibilitar\u00e1 a consulta das faltas conforme a frequ\u00eancia cadastrada;<\/li>\n\n\n\n<li><strong>Total De Faltas Por Unidade<\/strong>&nbsp;\u2192 Ser\u00e3o contabilizadas as faltas por unidades, sendo visualizadas pelo usu\u00e1rio;<\/li>\n<\/ul>\n<\/div>\n<\/div>\n\n\n\n<p class=\"has-ast-global-color-8-color has-text-color has-link-color wp-elements-3292deb3d48c1c15cdc8c11f33dc6fce\">Na se\u00e7\u00e3o Materiais, o usu\u00e1rio ter\u00e1 acesso \u00e0s funcionalidades correspondentes aos materiais utilizados para o ensino da disciplina:<\/p>\n\n\n\n<ul class=\"has-ast-global-color-8-color has-text-color has-link-color wp-elements-bf4ec07da06145e4bb6df575d6deb11a\">\n<li><strong>Conte\u00fado\/p\u00e1gina Web<\/strong>&nbsp;\u2192 Cadastre e\/ou consulte os conte\u00fados que ser\u00e3o oferecidos na disciplina;<\/li>\n\n\n\n<li><strong>Porta-arquivos<\/strong>&nbsp;\u2192 Gerencie os arquivos inseridos no sistema, com base no armazenamento de pastas classificadas por conte\u00fado;<\/li>\n\n\n\n<li><strong>Inserir Arquivo Na Turma<\/strong>&nbsp;\u2192 Se desejar, o docente poder\u00e1 inserir um arquivo para a visualiza\u00e7\u00e3o pela turma virtual;<\/li>\n\n\n\n<li><strong>Refer\u00eancias<\/strong>&nbsp;\u2192 Disponibilize as refer\u00eancias que julgar necess\u00e1rias para os alunos;<\/li>\n\n\n\n<li><strong>V\u00eddeos<\/strong>&nbsp;\u2192 Caso queira, disponibilize um v\u00eddeo para visualiza\u00e7\u00e3o pelos discentes;<\/li>\n<\/ul>\n\n\n\n<p class=\"has-ast-global-color-8-color has-text-color has-link-color wp-elements-7cdd2626382608405ee93271c082b390\">Na se\u00e7\u00e3o&nbsp;<strong>Atividades<\/strong>, o usu\u00e1rio ter\u00e1 acesso as fun\u00e7\u00f5es que permitem o gerenciamento de suas atividades:<\/p>\n\n\n\n<ul class=\"has-ast-global-color-8-color has-text-color has-link-color wp-elements-127bdaed3f93664d21a5dab4f85286e7\">\n<li><strong>Avalia\u00e7\u00f5es<\/strong>&nbsp;\u2192 Cadastre as datas e os hor\u00e1rios em que ser\u00e3o realizadas as avalia\u00e7\u00f5es pelos discentes;<\/li>\n\n\n\n<li><strong>Enquetes<\/strong>&nbsp;\u2192 Se desejar, cadastre uma enquete que poder\u00e1 ser respondida pelos alunos;<\/li>\n\n\n\n<li><strong><a href=\"https:\/\/ewiki.uepa.br\/doku.php?id=docentes:turma_virtual:tarefas\">Tarefas<\/a><\/strong>&nbsp;\u2192 O docente poder\u00e1 registrar no sistema tarefas que poder\u00e3o ser visualizadas pelos discentes;<\/li>\n\n\n\n<li><strong>Question\u00e1rios<\/strong>&nbsp;\u2192 Consulte os question\u00e1rios registrados ou cadastre-os, se desejar;<\/li>\n\n\n\n<li>Na se\u00e7\u00e3o\u00a0<strong>Question\u00e1rios<\/strong>, o docente poder\u00e1 acessar as opera\u00e7\u00f5es referentes aos question\u00e1rios registrados. Apenas estar\u00e1 dispon\u00edvel para visualiza\u00e7\u00e3o, caso o usu\u00e1rio clique na se\u00e7\u00e3o Atividades:\n<ul>\n<li><strong>Banco De Quest\u00f5es<\/strong>&nbsp;\u2192 Permite gerenciar todas as quest\u00f5es, arquivadas por categorias, que poder\u00e3o ser utilizadas nos question\u00e1rios;<\/li>\n\n\n\n<li><strong>Criar Novo Question\u00e1rio<\/strong>\u2192 Possibilita a configura\u00e7\u00e3o de um question\u00e1rio e a defini\u00e7\u00e3o de suas quest\u00f5es;<\/li>\n<\/ul>\n<\/li>\n<\/ul>\n\n\n\n<p class=\"has-ast-global-color-8-color has-text-color has-link-color wp-elements-1e43e37b800e037e3c31adbbd5f1eef7\">Na se\u00e7\u00e3o&nbsp;<strong>Configura\u00e7\u00f5es<\/strong>, ser\u00e3o exibidas as fun\u00e7\u00f5es relacionadas as configura\u00e7\u00f5es da turma virtual:<\/p>\n\n\n\n<ul class=\"has-ast-global-color-8-color has-text-color has-link-color wp-elements-853308441d6ef32f7c150cfaaa55dd25\">\n<li><strong>Configurar Turma<\/strong>&nbsp;\u2192 Configure a maneira atrav\u00e9s da qual os alunos poder\u00e3o interagir com a turma virtual;<\/li>\n\n\n\n<li><strong>Importa\u00e7\u00e3o De Dados<\/strong>&nbsp;\u2192 Importe os seus dados para o sistema conforme as aulas ministradas no componente curricular;<\/li>\n\n\n\n<li><strong>Permiss\u00f5es<\/strong>&nbsp;\u2192 Possibilita a que o docente abra concess\u00f5es a outras pessoas para gerenciar opera\u00e7\u00f5es referentes \u00e0 disciplina que ele leciona;<\/li>\n\n\n\n<li><strong>Publicar Turma Virtual<\/strong>&nbsp;\u2192 Se desejar tornar p\u00fablica a turma, o docente possibilitar\u00e1 que as pessoas que acessem o portal p\u00fablico visualizem somente os t\u00f3picos de aulas e materiais relacionados;<\/li>\n<\/ul>\n\n\n\n<p class=\"has-ast-global-color-8-color has-text-color has-link-color wp-elements-cc739b319e754a4bc3c789c26498ee86\">Na se\u00e7\u00e3o&nbsp;<strong>Estat\u00edstica<\/strong>, ser\u00e3o apresentadas as funcionalidades referentes as estat\u00edsticas em rela\u00e7\u00e3o ao desempenho da turma virtual:<\/p>\n\n\n\n<ul class=\"has-ast-global-color-8-color has-text-color has-link-color wp-elements-2223b1e0e5d5bac2e9a5ba9cea7d3c9d\">\n<li><strong>Situa\u00e7\u00e3o Dos Discentes<\/strong>&nbsp;\u2192 Ser\u00e3o apresentados os dados referentes a situa\u00e7\u00e3o dos discentes na disciplina;<\/li>\n\n\n\n<li><strong>Estat\u00edsticas De Notas<\/strong>&nbsp;\u2192 O docente poder\u00e1 visualizar a m\u00e9dia das notas dos alunos segundo sua avalia\u00e7\u00e3o;<\/li>\n\n\n\n<li><strong>Relat\u00f3rio De Acesso<\/strong>&nbsp;\u2192 Consulte os acessos realizados na turma virtual;<\/li>\n\n\n\n<li><strong>Relat\u00f3rio De A\u00e7\u00f5es<\/strong>&nbsp;\u2192 Permite a visualiza\u00e7\u00e3o do relat\u00f3rio de a\u00e7\u00f5es realizadas na turma pelos docentes;<\/li>\n\n\n\n<li><strong>Gr\u00e1fico De Acesso<\/strong>&nbsp;\u2192 O usu\u00e1rio poder\u00e1 visualizar esse gr\u00e1fico com base nos acesso registrados;<\/li>\n<\/ul>\n\n\n\n<p class=\"has-ast-global-color-8-color has-text-color has-link-color wp-elements-d7da922874eebb25e06d5168eb3458b2\">Na se\u00e7\u00e3o&nbsp;<strong>Ajuda<\/strong>, \u00e9 exibida uma opera\u00e7\u00e3o que d\u00e1 suporte ao usu\u00e1rio em rela\u00e7\u00e3o ao funcionamento dos sistema e suas opera\u00e7\u00f5es gerais.<\/p>\n\n\n\n<hr class=\"wp-block-separator has-alpha-channel-opacity\"\/>\n\n\n\n<h3 class=\"wp-block-heading has-text-align-center\" id=\"area_de_trabalho\"><strong>\u00c1rea de Trabalho<\/strong><\/h3>\n\n\n\n<p class=\"has-text-align-center has-ast-global-color-8-color has-text-color has-link-color wp-elements-afc472aa86c8c2d412ae6d0d95b3a0df\">Na \u00e1rea de trabalho o usu\u00e1rio realizar\u00e1 suas atividades no sistema. De acordo com a funcionalidade acessada, o docente poder\u00e1 realizar as opera\u00e7\u00f5es neste espa\u00e7o e visualizar as informa\u00e7\u00f5es consultadas no sistema.<\/p>\n\n\n\n<figure class=\"wp-block-image aligncenter is-resized\"><a href=\"https:\/\/ewiki.uepa.br\/lib\/exe\/detail.php?id=docentes%3Aturma_virtual&amp;media=discente:turvirt_area_trabalho.png\"><img decoding=\"async\" src=\"https:\/\/ewiki.uepa.br\/lib\/exe\/fetch.php?w=400&amp;tok=1bf179&amp;media=discente:turvirt_area_trabalho.png\" alt=\"\" style=\"width:486px\"\/><\/a><\/figure>\n\n\n\n<hr class=\"wp-block-separator has-alpha-channel-opacity\"\/>\n\n\n\n<h3 class=\"wp-block-heading has-text-align-center\" id=\"painel_de_noticias\">Painel de Not\u00edcias<\/h3>\n\n\n\n<p class=\"has-text-align-center has-ast-global-color-8-color has-text-color has-link-color wp-elements-e000a4ec70eece3c625f3e0cec901442\">No painel de not\u00edcias s\u00e3o publicadas as informa\u00e7\u00f5es sobre Not\u00edcias, Enquetes, Atividades e Avalia\u00e7\u00f5es. Neste painel, as atividades e avalia\u00e7\u00f5es ser\u00e3o publicadas de modo que os discentes poder\u00e3o visualizar os dados cadastrados sobre as aulas ministradas.<\/p>\n\n\n\n<figure class=\"wp-block-image aligncenter\"><a href=\"https:\/\/ewiki.uepa.br\/lib\/exe\/detail.php?id=docentes%3Aturma_virtual&amp;media=discente:turvirt_painel_noticias.png\"><img decoding=\"async\" src=\"https:\/\/ewiki.uepa.br\/lib\/exe\/fetch.php?w=200&amp;tok=6c5d96&amp;media=discente:turvirt_painel_noticias.png\" alt=\"\"\/><\/a><\/figure>\n","protected":false},"excerpt":{"rendered":"<p>A\u00a0Turma Virtual\u00a0permite que o docente tenha acesso e a gest\u00e3o da turma em que ir\u00e1 ministrar o componente curricular. Com a\u00a0Turma Virtual\u00a0\u00e9 poss\u00edvel a intera\u00e7\u00e3o entre o professores e os alunos por meio de f\u00f3runs, enquetes, not\u00edcias e atividades que poder\u00e3o ser cadastradas,\u00a0rompendo as barreiras da sala de aula no processo de ensino-aprendizagem. Menu Turma &hellip;<\/p>\n<p class=\"read-more\"> <a class=\"\" href=\"https:\/\/wiki.uepa.br\/index.php\/turma-virtual-docente\/\"> <span class=\"screen-reader-text\">Turma Virtual &#8211; Docente<\/span> Leia mais &raquo;<\/a><\/p>\n","protected":false},"author":1,"featured_media":0,"parent":0,"menu_order":0,"comment_status":"closed","ping_status":"closed","template":"","meta":{"_uag_custom_page_level_css":"","site-sidebar-layout":"default","site-content-layout":"","ast-site-content-layout":"","site-content-style":"default","site-sidebar-style":"default","ast-global-header-display":"","ast-banner-title-visibility":"","ast-main-header-display":"","ast-hfb-above-header-display":"","ast-hfb-below-header-display":"","ast-hfb-mobile-header-display":"","site-post-title":"","ast-breadcrumbs-content":"","ast-featured-img":"","footer-sml-layout":"","theme-transparent-header-meta":"","adv-header-id-meta":"","stick-header-meta":"","header-above-stick-meta":"","header-main-stick-meta":"","header-below-stick-meta":"","astra-migrate-meta-layouts":"","ast-page-background-enabled":"default","ast-page-background-meta":{"desktop":{"background-color":"var(--ast-global-color-4)","background-image":"","background-repeat":"repeat","background-position":"center center","background-size":"auto","background-attachment":"scroll","background-type":"","background-media":"","overlay-type":"","overlay-color":"","overlay-gradient":""},"tablet":{"background-color":"","background-image":"","background-repeat":"repeat","background-position":"center center","background-size":"auto","background-attachment":"scroll","background-type":"","background-media":"","overlay-type":"","overlay-color":"","overlay-gradient":""},"mobile":{"background-color":"","background-image":"","background-repeat":"repeat","background-position":"center center","background-size":"auto","background-attachment":"scroll","background-type":"","background-media":"","overlay-type":"","overlay-color":"","overlay-gradient":""}},"ast-content-background-meta":{"desktop":{"background-color":"var(--ast-global-color-5)","background-image":"","background-repeat":"repeat","background-position":"center center","background-size":"auto","background-attachment":"scroll","background-type":"","background-media":"","overlay-type":"","overlay-color":"","overlay-gradient":""},"tablet":{"background-color":"var(--ast-global-color-5)","background-image":"","background-repeat":"repeat","background-position":"center center","background-size":"auto","background-attachment":"scroll","background-type":"","background-media":"","overlay-type":"","overlay-color":"","overlay-gradient":""},"mobile":{"background-color":"var(--ast-global-color-5)","background-image":"","background-repeat":"repeat","background-position":"center center","background-size":"auto","background-attachment":"scroll","background-type":"","background-media":"","overlay-type":"","overlay-color":"","overlay-gradient":""}},"footnotes":""},"uagb_featured_image_src":{"full":false,"thumbnail":false,"medium":false,"medium_large":false,"large":false,"1536x1536":false,"2048x2048":false},"uagb_author_info":{"display_name":"adminsites@uepa.br","author_link":"https:\/\/wiki.uepa.br\/index.php\/author\/adminsitesuepa-br\/"},"uagb_comment_info":0,"uagb_excerpt":"A\u00a0Turma Virtual\u00a0permite que o docente tenha acesso e a gest\u00e3o da turma em que ir\u00e1 ministrar o componente curricular. Com a\u00a0Turma Virtual\u00a0\u00e9 poss\u00edvel a intera\u00e7\u00e3o entre o professores e os alunos por meio de f\u00f3runs, enquetes, not\u00edcias e atividades que poder\u00e3o ser cadastradas,\u00a0rompendo as barreiras da sala de aula no processo de ensino-aprendizagem. Menu Turma&hellip;","_links":{"self":[{"href":"https:\/\/wiki.uepa.br\/index.php\/wp-json\/wp\/v2\/pages\/140"}],"collection":[{"href":"https:\/\/wiki.uepa.br\/index.php\/wp-json\/wp\/v2\/pages"}],"about":[{"href":"https:\/\/wiki.uepa.br\/index.php\/wp-json\/wp\/v2\/types\/page"}],"author":[{"embeddable":true,"href":"https:\/\/wiki.uepa.br\/index.php\/wp-json\/wp\/v2\/users\/1"}],"replies":[{"embeddable":true,"href":"https:\/\/wiki.uepa.br\/index.php\/wp-json\/wp\/v2\/comments?post=140"}],"version-history":[{"count":5,"href":"https:\/\/wiki.uepa.br\/index.php\/wp-json\/wp\/v2\/pages\/140\/revisions"}],"predecessor-version":[{"id":146,"href":"https:\/\/wiki.uepa.br\/index.php\/wp-json\/wp\/v2\/pages\/140\/revisions\/146"}],"wp:attachment":[{"href":"https:\/\/wiki.uepa.br\/index.php\/wp-json\/wp\/v2\/media?parent=140"}],"curies":[{"name":"wp","href":"https:\/\/api.w.org\/{rel}","templated":true}]}}