{"id":147,"date":"2024-02-19T16:54:53","date_gmt":"2024-02-19T16:54:53","guid":{"rendered":"https:\/\/wiki.uepa.br\/?page_id=147"},"modified":"2025-09-26T17:56:12","modified_gmt":"2025-09-26T17:56:12","slug":"plano-de-curso-docente","status":"publish","type":"page","link":"https:\/\/wiki.uepa.br\/index.php\/turma-virtual-docente\/plano-de-curso-docente\/","title":{"rendered":"Plano de Curso &#8211; Docente"},"content":{"rendered":"\n<h3 class=\"wp-block-heading has-text-align-center has-ast-global-color-8-color has-text-color has-link-color wp-elements-994889e40b1c4fb27e2d5cccd2e004c1\" id=\"preenchimento_da_documentacao_docente_sigaa\"><strong>Preenchimento da Documenta\u00e7\u00e3o Docente (SIGAA)<\/strong><\/h3>\n\n\n\n<p class=\"has-text-align-center has-ast-global-color-8-color has-text-color has-link-color wp-elements-3809164f4260fbeb4c8dadec5d991dd3\">A documenta\u00e7\u00e3o docente obrigat\u00f3ria para a UEPA comp\u00f5e os seguintes documentos:<\/p>\n\n\n\n<ul class=\"has-ast-global-color-8-color has-text-color has-link-color wp-elements-73d9e4d75b26611b127fb3e4471984c7\">\n<li><em>Plano de Ensino<\/em>, que no SIGAA \u00e9 chamado de \u201c<strong><a href=\"https:\/\/ewiki.uepa.br\/doku.php?id=docentes:turma_virtual:docentes_plano_de_curso\">Plano de Curso<\/a><\/strong>\u201d<\/li>\n\n\n\n<li><em>Di\u00e1rio de classe<\/em>, que no SIGAA \u00e9 chamado de \u201c<strong><a href=\"https:\/\/ewiki.uepa.br\/doku.php?id=docentes:turma_virtual:docente_topicos_de_aula\">T\u00f3picos de Aula<\/a><\/strong>\u201d<\/li>\n\n\n\n<li><strong><a href=\"https:\/\/ewiki.uepa.br\/doku.php?id=docentes:turma_virtual:docentes_frequencia_alunos\">Frequ\u00eancia dos alunos<\/a><\/strong><\/li>\n\n\n\n<li><strong><a href=\"https:\/\/ewiki.uepa.br\/doku.php?id=docentes:turma_virtual:docentes_mapa_de_notas\">Lan\u00e7amento de notas<\/a><\/strong><\/li>\n<\/ul>\n\n\n\n<p class=\"has-text-align-center has-ast-global-color-8-color has-text-color has-link-color wp-elements-d194fd5f21fc7e20b93b51ca715a3544\">Com o SIGAA esta documenta\u00e7\u00e3o agora \u00e9 digital, e&nbsp;<strong>n\u00e3o mais impressa<\/strong>. Sendo a documenta\u00e7\u00e3o impressa uma c\u00f3pia ou apoio opcional ao docente.<\/p>\n\n\n\n<h3 class=\"wp-block-heading has-text-align-center has-ast-global-color-8-color has-text-color has-link-color wp-elements-7aa4b94b2c4a3d3fa924e0b444bed618\" id=\"acessar_e_visualizar_dados_da_turma\"><strong>Acessar e visualizar dados da turma<\/strong><\/h3>\n\n\n\n<p class=\"has-text-align-center has-ast-global-color-8-color has-text-color has-link-color wp-elements-3dddddb089aa33d6223ca27d690d0b4c\">Para acessar e visualizar os dados da turma, o docente poder\u00e1 clicar na turma correspondente:<\/p>\n\n\n\n<figure class=\"wp-block-image aligncenter size-full\"><img loading=\"lazy\" decoding=\"async\" width=\"600\" height=\"418\" src=\"https:\/\/wiki.uepa.br\/wp-content\/uploads\/2025\/09\/acessar_turma1.png\" alt=\"\" class=\"wp-image-860\" srcset=\"https:\/\/wiki.uepa.br\/wp-content\/uploads\/2025\/09\/acessar_turma1.png 600w, https:\/\/wiki.uepa.br\/wp-content\/uploads\/2025\/09\/acessar_turma1-300x209.png 300w\" sizes=\"(max-width: 600px) 100vw, 600px\" \/><\/figure>\n\n\n\n<p class=\"has-text-align-center has-ast-global-color-8-color has-text-color has-link-color wp-elements-bcc5b0667dcbdf9dc21b32d234cc7c21\"><strong>Observa\u00e7\u00e3o<\/strong>: O docente dever\u00e1 conferir se o hor\u00e1rio de aula est\u00e1 corretamente preenchido no sistema e se a turma encontra-se com o status&nbsp;<strong>ABERTA<\/strong>.<\/p>\n\n\n\n<h3 class=\"wp-block-heading has-text-align-center has-ast-global-color-8-color has-text-color has-link-color wp-elements-8cc6dc105106f7f1c29561dfd6b8a2e6\" id=\"plano_de_curso\">Plano de Curso<\/h3>\n\n\n\n<p class=\"has-text-align-center has-ast-global-color-8-color has-text-color has-link-color wp-elements-9ec8e942aaa6a74c04ed5bbe5633a223\">Para&nbsp;<strong>Preencher a Documenta\u00e7\u00e3o sobre o Componente Curricular<\/strong>, o docente dever\u00e1 acessar a&nbsp;<strong>Turma<\/strong>&nbsp;\u00bb&nbsp;<strong>Plano de Curso<\/strong>.<\/p>\n\n\n\n<figure class=\"wp-block-image aligncenter size-full\"><img loading=\"lazy\" decoding=\"async\" width=\"200\" height=\"240\" src=\"https:\/\/wiki.uepa.br\/wp-content\/uploads\/2025\/09\/plano_de_curso1.png\" alt=\"\" class=\"wp-image-862\"\/><\/figure>\n\n\n\n<p class=\"has-text-align-center has-ast-global-color-8-color has-text-color has-link-color wp-elements-80a135358e93ff7bd6e159fe89e63390\"><strong>O preenchimento do plano de curso \u00e9 uma tarefa a ser realizada antes do in\u00edcio das aulas.<\/strong>&nbsp;Nesta \u00e1rea, dever\u00e3o ser preenchidas informa\u00e7\u00f5es sobre:<\/p>\n\n\n\n<ul class=\"has-ast-global-color-8-color has-text-color has-link-color wp-elements-caa9bb52bfc458dffda635db6c881237\">\n<li>Metodologia<\/li>\n\n\n\n<li>Procedimentos de Avalia\u00e7\u00e3o da Aprendizagem<\/li>\n\n\n\n<li>Cronograma de aulas<\/li>\n\n\n\n<li>Avalia\u00e7\u00f5es<\/li>\n\n\n\n<li>Refer\u00eancias bibliogr\u00e1ficas<\/li>\n<\/ul>\n\n\n\n<figure class=\"wp-block-image aligncenter size-full is-resized\"><img loading=\"lazy\" decoding=\"async\" width=\"600\" height=\"515\" src=\"https:\/\/wiki.uepa.br\/wp-content\/uploads\/2025\/09\/plano_de_curso2.png\" alt=\"\" class=\"wp-image-865\" style=\"width:486px\" srcset=\"https:\/\/wiki.uepa.br\/wp-content\/uploads\/2025\/09\/plano_de_curso2.png 600w, https:\/\/wiki.uepa.br\/wp-content\/uploads\/2025\/09\/plano_de_curso2-300x258.png 300w\" sizes=\"(max-width: 600px) 100vw, 600px\" \/><\/figure>\n\n\n\n<h3 class=\"wp-block-heading has-text-align-center has-ast-global-color-8-color has-text-color has-link-color wp-elements-d4014f01fd7313c6687f03a07adcc3f4\" id=\"metodologia\">Metodologia<\/h3>\n\n\n\n<ul class=\"has-ast-global-color-8-color has-text-color has-link-color wp-elements-aff5c8244f3719fa923470866cb71a01\">\n<li>Nesta se\u00e7\u00e3o, o docente poder\u00e1 cadastrar a metodologia utilizada na disciplina. Para essa funcionalidade, o sistema disp\u00f5e dos recursos b\u00e1sicos principais existentes nos editores de texto, como formata\u00e7\u00e3o de tamanho das fontes, cores, alinhamentos, negrito, it\u00e1lico, sublinhado e etc.<\/li>\n<\/ul>\n\n\n\n<figure class=\"wp-block-image aligncenter size-full\"><img loading=\"lazy\" decoding=\"async\" width=\"600\" height=\"158\" src=\"https:\/\/wiki.uepa.br\/wp-content\/uploads\/2025\/09\/plano_de_curso_metodologia.png\" alt=\"\" class=\"wp-image-868\" srcset=\"https:\/\/wiki.uepa.br\/wp-content\/uploads\/2025\/09\/plano_de_curso_metodologia.png 600w, https:\/\/wiki.uepa.br\/wp-content\/uploads\/2025\/09\/plano_de_curso_metodologia-300x79.png 300w\" sizes=\"(max-width: 600px) 100vw, 600px\" \/><\/figure>\n\n\n\n<hr class=\"wp-block-separator has-alpha-channel-opacity\"\/>\n\n\n\n<h3 class=\"wp-block-heading has-text-align-center has-ast-global-color-8-color has-text-color has-link-color wp-elements-df0caf3d94ac838aa5c4e3e47a0485cc\" id=\"procedimentos_de_avaliacao_da_aprendizagem\">Procedimentos de Avalia\u00e7\u00e3o da Aprendizagem<\/h3>\n\n\n\n<ul class=\"has-ast-global-color-8-color has-text-color has-link-color wp-elements-581797f9fffabd654b4d35bb02160d21\">\n<li>Assim como no cadastro da metodologia, os mesmos recursos de formata\u00e7\u00e3o est\u00e3o dispon\u00edveis para o cadastro dos procedimentos de avalia\u00e7\u00e3o da aprendizagem.<\/li>\n<\/ul>\n\n\n\n<figure class=\"wp-block-image aligncenter size-full\"><img loading=\"lazy\" decoding=\"async\" width=\"600\" height=\"127\" src=\"https:\/\/wiki.uepa.br\/wp-content\/uploads\/2025\/09\/plano_de_curso_paa.png\" alt=\"\" class=\"wp-image-872\" srcset=\"https:\/\/wiki.uepa.br\/wp-content\/uploads\/2025\/09\/plano_de_curso_paa.png 600w, https:\/\/wiki.uepa.br\/wp-content\/uploads\/2025\/09\/plano_de_curso_paa-300x64.png 300w\" sizes=\"(max-width: 600px) 100vw, 600px\" \/><\/figure>\n\n\n\n<hr class=\"wp-block-separator has-alpha-channel-opacity\"\/>\n\n\n\n<h3 class=\"wp-block-heading has-text-align-center has-ast-global-color-8-color has-text-color has-link-color wp-elements-a3ee0f51855bd71e02940dbc4f0c5897\" id=\"cronograma_de_aulas\">Cronograma de aulas<\/h3>\n\n\n\n<ul class=\"has-ast-global-color-8-color has-text-color has-link-color wp-elements-5e031a7c516bbdc05d84ab4612053549\">\n<li>Para cadastrar as aulas, deve-se informar a&nbsp;<em>data inicial<\/em>&nbsp;e&nbsp;<em>final<\/em>, a&nbsp;<em>descri\u00e7\u00e3o<\/em>&nbsp;e o&nbsp;<em>conte\u00fado de cada aula<\/em>, e clicar em&nbsp;<strong>Adicionar T\u00f3pico<\/strong>.<\/li>\n<\/ul>\n\n\n\n<figure class=\"wp-block-image aligncenter size-full\"><img loading=\"lazy\" decoding=\"async\" width=\"400\" height=\"234\" src=\"https:\/\/wiki.uepa.br\/wp-content\/uploads\/2025\/09\/plano_de_curso_cronograma.png\" alt=\"\" class=\"wp-image-879\" srcset=\"https:\/\/wiki.uepa.br\/wp-content\/uploads\/2025\/09\/plano_de_curso_cronograma.png 400w, https:\/\/wiki.uepa.br\/wp-content\/uploads\/2025\/09\/plano_de_curso_cronograma-300x176.png 300w\" sizes=\"(max-width: 400px) 100vw, 400px\" \/><\/figure>\n\n\n\n<ul class=\"has-ast-global-color-8-color has-text-color has-link-color wp-elements-6b368b25ffa6d0482ce267eb069f1c06\">\n<li>Assim que forem cadastrados os t\u00f3picos de aula, eles ser\u00e3o adicionados a uma \u00e1rea inferior, podendo visualizar na mesma \u00e1rea essa inser\u00e7\u00e3o.<\/li>\n<\/ul>\n\n\n\n<figure class=\"wp-block-image aligncenter size-full\"><img loading=\"lazy\" decoding=\"async\" width=\"600\" height=\"118\" src=\"https:\/\/wiki.uepa.br\/wp-content\/uploads\/2025\/09\/plano_de_curso_cronograma2.png\" alt=\"\" class=\"wp-image-883\" srcset=\"https:\/\/wiki.uepa.br\/wp-content\/uploads\/2025\/09\/plano_de_curso_cronograma2.png 600w, https:\/\/wiki.uepa.br\/wp-content\/uploads\/2025\/09\/plano_de_curso_cronograma2-300x59.png 300w\" sizes=\"(max-width: 600px) 100vw, 600px\" \/><\/figure>\n\n\n\n<ul class=\"has-ast-global-color-8-color has-text-color has-link-color wp-elements-daafc2eb4eac974f63cd11201fb011ce\">\n<li>Nesta \u00e1rea, a qualquer momento, pode-se&nbsp;<strong>alterar<\/strong>&nbsp;ou&nbsp;<strong>remover um t\u00f3pico de aula cadastrado<\/strong>, bem como&nbsp;<strong>remover todos os t\u00f3picos de aula cadastrados de uma s\u00f3 vez<\/strong>, clicando nos devidos \u00edcones.<\/li>\n<\/ul>\n\n\n\n<hr class=\"wp-block-separator has-alpha-channel-opacity\"\/>\n\n\n\n<h3 class=\"wp-block-heading has-text-align-center\" id=\"avaliacoes\">Avalia\u00e7\u00f5es<\/h3>\n\n\n\n<ul class=\"has-ast-global-color-8-color has-text-color has-link-color wp-elements-b0207b171c14668edc9566dd69ee8030\">\n<li>Para cadastrar as avalia\u00e7\u00f5es que ser\u00e3o realizadas pelos discentes, deve-se primeiramente selecionar&nbsp;<strong>qual avalia\u00e7\u00e3o (1\u00aa ou 2\u00aa)<\/strong>, informar a<strong>&nbsp;data da mesma<\/strong>&nbsp;e a&nbsp;<strong>hora<\/strong>, e clicar em&nbsp;<strong>Adicionar Avalia\u00e7\u00e3o<\/strong>.<\/li>\n<\/ul>\n\n\n\n<figure class=\"wp-block-image aligncenter size-full\"><img loading=\"lazy\" decoding=\"async\" width=\"200\" height=\"67\" src=\"https:\/\/wiki.uepa.br\/wp-content\/uploads\/2025\/09\/plano_de_curso_avaliacoes.png\" alt=\"\" class=\"wp-image-884\"\/><\/figure>\n\n\n\n<figure class=\"wp-block-image aligncenter size-full\"><img loading=\"lazy\" decoding=\"async\" width=\"400\" height=\"114\" src=\"https:\/\/wiki.uepa.br\/wp-content\/uploads\/2025\/09\/plano_de_curso_avaliacoes2.png\" alt=\"\" class=\"wp-image-886\" srcset=\"https:\/\/wiki.uepa.br\/wp-content\/uploads\/2025\/09\/plano_de_curso_avaliacoes2.png 400w, https:\/\/wiki.uepa.br\/wp-content\/uploads\/2025\/09\/plano_de_curso_avaliacoes2-300x86.png 300w\" sizes=\"(max-width: 400px) 100vw, 400px\" \/><\/figure>\n\n\n\n<ul class=\"has-ast-global-color-8-color has-text-color has-link-color wp-elements-66ee6436044a72c81ca210744fb78064\">\n<li>Assim como na \u00e1rea dos t\u00f3picos de aula, a cada avalia\u00e7\u00e3o cadastrada, a \u00e1rea inferior ser\u00e1 atualizada com a inser\u00e7\u00e3o das mesmas.<\/li>\n<\/ul>\n\n\n\n<figure class=\"wp-block-image aligncenter size-full\"><img loading=\"lazy\" decoding=\"async\" width=\"600\" height=\"64\" src=\"https:\/\/wiki.uepa.br\/wp-content\/uploads\/2025\/09\/plano_de_curso_avaliacoes3.png\" alt=\"\" class=\"wp-image-891\" srcset=\"https:\/\/wiki.uepa.br\/wp-content\/uploads\/2025\/09\/plano_de_curso_avaliacoes3.png 600w, https:\/\/wiki.uepa.br\/wp-content\/uploads\/2025\/09\/plano_de_curso_avaliacoes3-300x32.png 300w\" sizes=\"(max-width: 600px) 100vw, 600px\" \/><\/figure>\n\n\n\n<hr class=\"wp-block-separator has-alpha-channel-opacity\"\/>\n\n\n\n<h3 class=\"wp-block-heading has-text-align-center has-ast-global-color-8-color has-text-color has-link-color wp-elements-42be47277e98b96c2a08660740784b6d\" id=\"referencias\">Refer\u00eancias<\/h3>\n\n\n\n<ul class=\"has-ast-global-color-8-color has-text-color has-link-color wp-elements-af708560cfb919ed1800dc946148d5a1\">\n<li>Nesta se\u00e7\u00e3o, o docente pode cadastrar materiais de refer\u00eancia como livros, artigos, revistas, sites ou outros tipos.<\/li>\n<\/ul>\n\n\n\n<figure class=\"wp-block-image aligncenter size-full\"><img loading=\"lazy\" decoding=\"async\" width=\"600\" height=\"163\" src=\"https:\/\/wiki.uepa.br\/wp-content\/uploads\/2025\/09\/plano_de_curso_referencias.png\" alt=\"\" class=\"wp-image-894\" srcset=\"https:\/\/wiki.uepa.br\/wp-content\/uploads\/2025\/09\/plano_de_curso_referencias.png 600w, https:\/\/wiki.uepa.br\/wp-content\/uploads\/2025\/09\/plano_de_curso_referencias-300x82.png 300w\" sizes=\"(max-width: 600px) 100vw, 600px\" \/><\/figure>\n\n\n\n<ul class=\"has-ast-global-color-8-color has-text-color has-link-color wp-elements-c3d060f28a5c29ad895f3d53ad343684\">\n<li>Para adicionar uma nova refer\u00eancia, deve-se primeiramente selecionar o tipo desejado e a \u00e1rea ser\u00e1 atualizada de acordo com o tipo selecionado.<\/li>\n<\/ul>\n\n\n\n<ol class=\"has-ast-global-color-8-color has-text-color has-link-color wp-elements-374e9f584344de11980e622d917b2ff8\">\n<li>Ex:&nbsp;<strong>Artigo<\/strong>.<a href=\"https:\/\/ewiki.uepa.br\/lib\/exe\/detail.php?id=docentes%3Aturma_virtual%3Adocentes_plano_de_curso&amp;media=servidor:plano_de_curso_referencias2.png\"><\/a><\/li>\n\n\n\n<li>Ex:&nbsp;<strong>Revista<\/strong>.<a href=\"https:\/\/ewiki.uepa.br\/lib\/exe\/detail.php?id=docentes%3Aturma_virtual%3Adocentes_plano_de_curso&amp;media=servidor:plano_de_curso_referencias3.png\"><\/a><\/li>\n\n\n\n<li>Vamos exemplificar como ficaria o&nbsp;<strong>cadastro de um Livro<\/strong>:<\/li>\n<\/ol>\n\n\n\n<ul class=\"has-ast-global-color-8-color has-text-color has-link-color wp-elements-31d5bbe3082719364ec2cf297d0b979a\">\n<li>Primeiramente, deve-se clicar no bot\u00e3o&nbsp;<strong>Pesquisar no Acervo<\/strong>.<\/li>\n<\/ul>\n\n\n\n<figure class=\"wp-block-image aligncenter size-full\"><img loading=\"lazy\" decoding=\"async\" width=\"600\" height=\"356\" src=\"https:\/\/wiki.uepa.br\/wp-content\/uploads\/2025\/09\/plano_de_curso_referencias4.png\" alt=\"\" class=\"wp-image-898\" srcset=\"https:\/\/wiki.uepa.br\/wp-content\/uploads\/2025\/09\/plano_de_curso_referencias4.png 600w, https:\/\/wiki.uepa.br\/wp-content\/uploads\/2025\/09\/plano_de_curso_referencias4-300x178.png 300w\" sizes=\"(max-width: 600px) 100vw, 600px\" \/><\/figure>\n\n\n\n<p class=\"has-text-align-center has-ast-global-color-8-color has-text-color has-link-color wp-elements-2cabcb4bf9c0e4bbb965ef7702e8b168\">O sistema redirecionar\u00e1 para a \u00e1rea de pesquisa de acervo, a qual n\u00e3o retornar\u00e1 resultados na busca, pois o m\u00f3dulo de biblioteca ainda n\u00e3o foi implantado na institui\u00e7\u00e3o. Dessa forma, deve-se clicar no bot\u00e3o assinalado na figura acima para cadastrar uma refer\u00eancia sem a necessidade do v\u00ednculo com o m\u00f3dulo de biblioteca.<\/p>\n\n\n\n<ul class=\"has-ast-global-color-8-color has-text-color has-link-color wp-elements-0f21895e3d8e55b3f9dac9e206a5e877\">\n<li>A seguir, basta preencher as informa\u00e7\u00f5es de t\u00edtulo, autor, editora, ano, edi\u00e7\u00e3o e clicar em&nbsp;<strong>Adicionar Refer\u00eancia<\/strong>.<\/li>\n<\/ul>\n\n\n\n<figure class=\"wp-block-image aligncenter size-full\"><img loading=\"lazy\" decoding=\"async\" width=\"600\" height=\"263\" src=\"https:\/\/wiki.uepa.br\/wp-content\/uploads\/2025\/09\/plano_de_curso_referencias5.png\" alt=\"\" class=\"wp-image-904\" srcset=\"https:\/\/wiki.uepa.br\/wp-content\/uploads\/2025\/09\/plano_de_curso_referencias5.png 600w, https:\/\/wiki.uepa.br\/wp-content\/uploads\/2025\/09\/plano_de_curso_referencias5-300x132.png 300w\" sizes=\"(max-width: 600px) 100vw, 600px\" \/><\/figure>\n\n\n\n<ul class=\"has-ast-global-color-8-color has-text-color has-link-color wp-elements-6f4ce1dc295c25a6f4d05d0b6ff41dfa\">\n<li>A \u00e1rea abaixo ser\u00e1 atualizada e inserida na mesma a nova refer\u00eancia.<\/li>\n<\/ul>\n\n\n\n<figure class=\"wp-block-image aligncenter size-full\"><img loading=\"lazy\" decoding=\"async\" width=\"600\" height=\"327\" src=\"https:\/\/wiki.uepa.br\/wp-content\/uploads\/2025\/09\/plano_de_curso_referencias6.png\" alt=\"\" class=\"wp-image-910\" srcset=\"https:\/\/wiki.uepa.br\/wp-content\/uploads\/2025\/09\/plano_de_curso_referencias6.png 600w, https:\/\/wiki.uepa.br\/wp-content\/uploads\/2025\/09\/plano_de_curso_referencias6-300x164.png 300w\" sizes=\"(max-width: 600px) 100vw, 600px\" \/><\/figure>\n\n\n\n<ul class=\"has-ast-global-color-8-color has-text-color has-link-color wp-elements-37642675d5e4ec2893816ad35470336a\">\n<li>Ap\u00f3s inseridas todas as informa\u00e7\u00f5es, deve-se clicar em&nbsp;<strong>Salvar<\/strong>&nbsp;e&nbsp;<strong>Enviar<\/strong>.<\/li>\n<\/ul>\n\n\n\n<figure class=\"wp-block-image aligncenter size-full\"><img loading=\"lazy\" decoding=\"async\" width=\"600\" height=\"123\" src=\"https:\/\/wiki.uepa.br\/wp-content\/uploads\/2025\/09\/plano_de_curso_referencias7.png\" alt=\"\" class=\"wp-image-911\" srcset=\"https:\/\/wiki.uepa.br\/wp-content\/uploads\/2025\/09\/plano_de_curso_referencias7.png 600w, https:\/\/wiki.uepa.br\/wp-content\/uploads\/2025\/09\/plano_de_curso_referencias7-300x62.png 300w\" sizes=\"(max-width: 600px) 100vw, 600px\" \/><\/figure>\n","protected":false},"excerpt":{"rendered":"<p>Preenchimento da Documenta\u00e7\u00e3o Docente (SIGAA) A documenta\u00e7\u00e3o docente obrigat\u00f3ria para a UEPA comp\u00f5e os seguintes documentos: Com o SIGAA esta documenta\u00e7\u00e3o agora \u00e9 digital, e&nbsp;n\u00e3o mais impressa. Sendo a documenta\u00e7\u00e3o impressa uma c\u00f3pia ou apoio opcional ao docente. Acessar e visualizar dados da turma Para acessar e visualizar os dados da turma, o docente poder\u00e1 &hellip;<\/p>\n<p class=\"read-more\"> <a class=\"\" href=\"https:\/\/wiki.uepa.br\/index.php\/turma-virtual-docente\/plano-de-curso-docente\/\"> <span class=\"screen-reader-text\">Plano de Curso &#8211; Docente<\/span> Leia mais &raquo;<\/a><\/p>\n","protected":false},"author":1,"featured_media":0,"parent":140,"menu_order":0,"comment_status":"closed","ping_status":"closed","template":"","meta":{"_uag_custom_page_level_css":"","site-sidebar-layout":"default","site-content-layout":"","ast-site-content-layout":"","site-content-style":"default","site-sidebar-style":"default","ast-global-header-display":"","ast-banner-title-visibility":"","ast-main-header-display":"","ast-hfb-above-header-display":"","ast-hfb-below-header-display":"","ast-hfb-mobile-header-display":"","site-post-title":"","ast-breadcrumbs-content":"","ast-featured-img":"","footer-sml-layout":"","theme-transparent-header-meta":"","adv-header-id-meta":"","stick-header-meta":"","header-above-stick-meta":"","header-main-stick-meta":"","header-below-stick-meta":"","astra-migrate-meta-layouts":"","ast-page-background-enabled":"default","ast-page-background-meta":{"desktop":{"background-color":"var(--ast-global-color-4)","background-image":"","background-repeat":"repeat","background-position":"center center","background-size":"auto","background-attachment":"scroll","background-type":"","background-media":"","overlay-type":"","overlay-color":"","overlay-gradient":""},"tablet":{"background-color":"","background-image":"","background-repeat":"repeat","background-position":"center center","background-size":"auto","background-attachment":"scroll","background-type":"","background-media":"","overlay-type":"","overlay-color":"","overlay-gradient":""},"mobile":{"background-color":"","background-image":"","background-repeat":"repeat","background-position":"center center","background-size":"auto","background-attachment":"scroll","background-type":"","background-media":"","overlay-type":"","overlay-color":"","overlay-gradient":""}},"ast-content-background-meta":{"desktop":{"background-color":"var(--ast-global-color-5)","background-image":"","background-repeat":"repeat","background-position":"center center","background-size":"auto","background-attachment":"scroll","background-type":"","background-media":"","overlay-type":"","overlay-color":"","overlay-gradient":""},"tablet":{"background-color":"var(--ast-global-color-5)","background-image":"","background-repeat":"repeat","background-position":"center center","background-size":"auto","background-attachment":"scroll","background-type":"","background-media":"","overlay-type":"","overlay-color":"","overlay-gradient":""},"mobile":{"background-color":"var(--ast-global-color-5)","background-image":"","background-repeat":"repeat","background-position":"center center","background-size":"auto","background-attachment":"scroll","background-type":"","background-media":"","overlay-type":"","overlay-color":"","overlay-gradient":""}},"footnotes":""},"uagb_featured_image_src":{"full":false,"thumbnail":false,"medium":false,"medium_large":false,"large":false,"1536x1536":false,"2048x2048":false},"uagb_author_info":{"display_name":"adminsites@uepa.br","author_link":"https:\/\/wiki.uepa.br\/index.php\/author\/adminsitesuepa-br\/"},"uagb_comment_info":0,"uagb_excerpt":"Preenchimento da Documenta\u00e7\u00e3o Docente (SIGAA) A documenta\u00e7\u00e3o docente obrigat\u00f3ria para a UEPA comp\u00f5e os seguintes documentos: Com o SIGAA esta documenta\u00e7\u00e3o agora \u00e9 digital, e&nbsp;n\u00e3o mais impressa. Sendo a documenta\u00e7\u00e3o impressa uma c\u00f3pia ou apoio opcional ao docente. Acessar e visualizar dados da turma Para acessar e visualizar os dados da turma, o docente poder\u00e1&hellip;","_links":{"self":[{"href":"https:\/\/wiki.uepa.br\/index.php\/wp-json\/wp\/v2\/pages\/147"}],"collection":[{"href":"https:\/\/wiki.uepa.br\/index.php\/wp-json\/wp\/v2\/pages"}],"about":[{"href":"https:\/\/wiki.uepa.br\/index.php\/wp-json\/wp\/v2\/types\/page"}],"author":[{"embeddable":true,"href":"https:\/\/wiki.uepa.br\/index.php\/wp-json\/wp\/v2\/users\/1"}],"replies":[{"embeddable":true,"href":"https:\/\/wiki.uepa.br\/index.php\/wp-json\/wp\/v2\/comments?post=147"}],"version-history":[{"count":3,"href":"https:\/\/wiki.uepa.br\/index.php\/wp-json\/wp\/v2\/pages\/147\/revisions"}],"predecessor-version":[{"id":863,"href":"https:\/\/wiki.uepa.br\/index.php\/wp-json\/wp\/v2\/pages\/147\/revisions\/863"}],"up":[{"embeddable":true,"href":"https:\/\/wiki.uepa.br\/index.php\/wp-json\/wp\/v2\/pages\/140"}],"wp:attachment":[{"href":"https:\/\/wiki.uepa.br\/index.php\/wp-json\/wp\/v2\/media?parent=147"}],"curies":[{"name":"wp","href":"https:\/\/api.w.org\/{rel}","templated":true}]}}