{"id":149,"date":"2024-02-20T13:43:00","date_gmt":"2024-02-20T13:43:00","guid":{"rendered":"https:\/\/wiki.uepa.br\/?page_id=149"},"modified":"2025-09-26T18:02:00","modified_gmt":"2025-09-26T18:02:00","slug":"topicos-de-aula","status":"publish","type":"page","link":"https:\/\/wiki.uepa.br\/index.php\/turma-virtual-docente\/topicos-de-aula\/","title":{"rendered":"T\u00f3picos de Aula"},"content":{"rendered":"\n<ul class=\"has-ast-global-color-8-color has-text-color has-link-color wp-elements-f10043081a251bc41038befe64ee289f\">\n<li>Para acessar os t\u00f3picos de aula deve-se acessar a&nbsp;<strong>Turma<\/strong>&nbsp;\u00bb&nbsp;<strong>T\u00f3picos de Aula<\/strong>.<\/li>\n<\/ul>\n\n\n\n<figure class=\"wp-block-image aligncenter size-full\"><img loading=\"lazy\" decoding=\"async\" width=\"200\" height=\"260\" src=\"https:\/\/wiki.uepa.br\/wp-content\/uploads\/2025\/09\/docente_toicos_de_aula-1.png\" alt=\"\" class=\"wp-image-938\"\/><\/figure>\n\n\n\n<ul class=\"has-ast-global-color-8-color has-text-color has-link-color wp-elements-3a38613ea832fcdf7aa6e1da251a976a\">\n<li>Para criar um t\u00f3pico de aula, deve-se Clicar no bot\u00e3o&nbsp;<strong>Criar T\u00f3pico de Aula<\/strong>.<\/li>\n<\/ul>\n\n\n\n<figure class=\"wp-block-image aligncenter size-full\"><img loading=\"lazy\" decoding=\"async\" width=\"600\" height=\"101\" src=\"https:\/\/wiki.uepa.br\/wp-content\/uploads\/2025\/09\/topico_de_aula-1.png\" alt=\"\" class=\"wp-image-939\" srcset=\"https:\/\/wiki.uepa.br\/wp-content\/uploads\/2025\/09\/topico_de_aula-1.png 600w, https:\/\/wiki.uepa.br\/wp-content\/uploads\/2025\/09\/topico_de_aula-1-300x51.png 300w\" sizes=\"(max-width: 600px) 100vw, 600px\" \/><\/figure>\n\n\n\n<ul class=\"has-ast-global-color-8-color has-text-color has-link-color wp-elements-a3d8bc9526ba173cadaec3d8bd75d4e2\">\n<li>Uma tela ser\u00e1 exibida e pedir\u00e1 os seguintes itens:<\/li>\n<\/ul>\n\n\n\n<ol class=\"has-ast-global-color-8-color has-text-color has-link-color wp-elements-2d7b968a5a7dc0328fafcea3f8361d14\">\n<li>Selecionar a&nbsp;<strong>Modalidade de Educa\u00e7\u00e3o<\/strong>&nbsp;(<em>Presencial<\/em>&nbsp;ou&nbsp;<em>\u00c0 Dist\u00e2ncia<\/em>).<\/li>\n\n\n\n<li>Selecionar a&nbsp;<strong>Data Inicial<\/strong>&nbsp;e&nbsp;<strong>Data Final<\/strong>.<\/li>\n\n\n\n<li>Informar a&nbsp;<strong>descri\u00e7\u00e3o<\/strong>&nbsp;do T\u00f3pico.<\/li>\n\n\n\n<li>Cadastrar o seu conte\u00fado.\n<ol>\n<li>Caso o t\u00f3pico possua um t\u00f3pico pai, este deve ser selecionado.<\/li>\n<\/ol>\n<\/li>\n\n\n\n<li>Informar em qual componente curricular este t\u00f3pico ser\u00e1 criado, na se\u00e7\u00e3o&nbsp;<strong>Criar em<\/strong>.<\/li>\n\n\n\n<li>Selecionar se este t\u00f3pico ser\u00e1 vis\u00edvel para os discentes.<\/li>\n\n\n\n<li>Clicar em&nbsp;<strong>Cadastrar<\/strong>.<\/li>\n<\/ol>\n\n\n\n<figure class=\"wp-block-image aligncenter size-full\"><img loading=\"lazy\" decoding=\"async\" width=\"600\" height=\"607\" src=\"https:\/\/wiki.uepa.br\/wp-content\/uploads\/2025\/09\/topico_de_aula2.png\" alt=\"\" class=\"wp-image-941\" srcset=\"https:\/\/wiki.uepa.br\/wp-content\/uploads\/2025\/09\/topico_de_aula2.png 600w, https:\/\/wiki.uepa.br\/wp-content\/uploads\/2025\/09\/topico_de_aula2-297x300.png 297w\" sizes=\"(max-width: 600px) 100vw, 600px\" \/><\/figure>\n\n\n\n<p class=\"has-text-align-center has-ast-global-color-8-color has-text-color has-link-color wp-elements-0fb5c28bafd17f96e5fc1b7a361281bd\"><strong>Observa\u00e7\u00e3o 1<\/strong>: Se o t\u00f3pico de aula j\u00e1 estiver cadastrado, pode-se selecionar a op\u00e7\u00e3o de cancelamento de aula, o qual informar\u00e1 os discentes via e-mail.<\/p>\n\n\n\n<p class=\"has-text-align-center has-ast-global-color-8-color has-text-color has-link-color wp-elements-da4b2521bd3705f7c7414196fb025230\"><strong>Observa\u00e7\u00e3o 2<\/strong>: O sistema permite selecionar uma cor de fundo para o t\u00f3pico de aula cadastrado.<\/p>\n\n\n\n<ul class=\"has-ast-global-color-8-color has-text-color has-link-color wp-elements-eb9354db56b9042f3548225055162477\">\n<li>Ap\u00f3s o cadastramento do t\u00f3pico, o sistema emitir\u00e1 uma mensagem de confirma\u00e7\u00e3o.<\/li>\n<\/ul>\n\n\n\n<figure class=\"wp-block-image aligncenter size-full\"><img loading=\"lazy\" decoding=\"async\" width=\"331\" height=\"51\" src=\"https:\/\/wiki.uepa.br\/wp-content\/uploads\/2025\/09\/topico_de_aula3.png\" alt=\"\" class=\"wp-image-942\" srcset=\"https:\/\/wiki.uepa.br\/wp-content\/uploads\/2025\/09\/topico_de_aula3.png 331w, https:\/\/wiki.uepa.br\/wp-content\/uploads\/2025\/09\/topico_de_aula3-300x46.png 300w\" sizes=\"(max-width: 331px) 100vw, 331px\" \/><\/figure>\n\n\n\n<p class=\"has-text-align-center has-ast-global-color-8-color has-text-color has-link-color wp-elements-f2cc8183783ebbc5eadbe9cb8bc6dd57\"><strong>Observa\u00e7\u00e3o 3<\/strong>: Um componente curricular possui v\u00e1rios t\u00f3picos de aula, ent\u00e3o, este processo deve ser realizado v\u00e1rias vezes.<\/p>\n\n\n\n<h3 class=\"wp-block-heading has-text-align-center\" id=\"gerenciar_todos\"><strong>Gerenciar Todos<\/strong><\/h3>\n\n\n\n<ul class=\"has-ast-global-color-8-color has-text-color has-link-color wp-elements-3d9b61b34513ee7e50169c0ef36b8cba\">\n<li>A explica\u00e7\u00e3o referente a&nbsp;<a href=\"https:\/\/ewiki.uepa.br\/lib\/exe\/detail.php?id=docentes%3Aturma_virtual%3Adocente_topicos_de_aula&amp;media=docentes:turma_virtual:gerenciar_todos.png\"><\/a>, poder\u00e1 ser vista em&nbsp;<a href=\"https:\/\/ewiki.uepa.br\/doku.php?id=docentes:turma_virtual:conteudo_programado\">Conte\u00fado Programado<\/a>.<\/li>\n<\/ul>\n\n\n\n<h3 class=\"wp-block-heading has-text-align-center\" id=\"cronograma_grafico_de_aulas\"><strong>Cronograma Gr\u00e1fico de Aulas<\/strong><\/h3>\n\n\n\n<ul class=\"has-ast-global-color-8-color has-text-color has-link-color wp-elements-3434b941055f14916c1243d9610bfd57\">\n<li>Para visualizar o cronograma gr\u00e1fico das aulas, clique em&nbsp;<a href=\"https:\/\/ewiki.uepa.br\/lib\/exe\/detail.php?id=docentes%3Aturma_virtual%3Adocente_topicos_de_aula&amp;media=docentes:turma_virtual:cronograma_grafico.png\"><\/a>. A seguinte tela ser\u00e1 carregada:<\/li>\n<\/ul>\n\n\n\n<figure class=\"wp-block-image aligncenter size-full\"><img loading=\"lazy\" decoding=\"async\" width=\"600\" height=\"283\" src=\"https:\/\/wiki.uepa.br\/wp-content\/uploads\/2025\/09\/cronograma_grafico2.png\" alt=\"\" class=\"wp-image-945\" srcset=\"https:\/\/wiki.uepa.br\/wp-content\/uploads\/2025\/09\/cronograma_grafico2.png 600w, https:\/\/wiki.uepa.br\/wp-content\/uploads\/2025\/09\/cronograma_grafico2-300x142.png 300w\" sizes=\"(max-width: 600px) 100vw, 600px\" \/><\/figure>\n\n\n\n<hr class=\"wp-block-separator has-alpha-channel-opacity\"\/>\n\n\n\n<p class=\"has-text-align-center has-ast-global-color-8-color has-text-color has-link-color wp-elements-fbb6b0759fd455483801bfb4a827397e\">\u2014&nbsp;<em>Autor: Demys Alves Brito, DSPD\/Reitoria<\/em>&nbsp;\u2014&nbsp;<em>Adapta\u00e7\u00e3o: Francielma Assun\u00e7\u00e3o<\/em><\/p>\n\n\n\n<p class=\"has-ast-global-color-8-color has-text-color has-link-color wp-elements-7ba1d0503c3b62eb1761d5d49a97f004\"><strong>Observa\u00e7\u00e3o<\/strong>: O docente dever\u00e1 conferir se o hor\u00e1rio de aula est\u00e1 corretamente preenchido no sistema e se a turma encontra-se com o status&nbsp;<strong>ABERTA<\/strong>.<\/p>\n\n\n\n<figure class=\"wp-block-image aligncenter size-full is-resized\"><img loading=\"lazy\" decoding=\"async\" width=\"600\" height=\"418\" src=\"https:\/\/wiki.uepa.br\/wp-content\/uploads\/2024\/02\/image-5.png\" alt=\"\" class=\"wp-image-150\" style=\"width:486px\" srcset=\"https:\/\/wiki.uepa.br\/wp-content\/uploads\/2024\/02\/image-5.png 600w, https:\/\/wiki.uepa.br\/wp-content\/uploads\/2024\/02\/image-5-300x209.png 300w\" sizes=\"(max-width: 600px) 100vw, 600px\" \/><\/figure>\n","protected":false},"excerpt":{"rendered":"<p>Observa\u00e7\u00e3o 1: Se o t\u00f3pico de aula j\u00e1 estiver cadastrado, pode-se selecionar a op\u00e7\u00e3o de cancelamento de aula, o qual informar\u00e1 os discentes via e-mail. Observa\u00e7\u00e3o 2: O sistema permite selecionar uma cor de fundo para o t\u00f3pico de aula cadastrado. Observa\u00e7\u00e3o 3: Um componente curricular possui v\u00e1rios t\u00f3picos de aula, ent\u00e3o, este processo deve &hellip;<\/p>\n<p class=\"read-more\"> <a class=\"\" href=\"https:\/\/wiki.uepa.br\/index.php\/turma-virtual-docente\/topicos-de-aula\/\"> <span class=\"screen-reader-text\">T\u00f3picos de Aula<\/span> Leia mais &raquo;<\/a><\/p>\n","protected":false},"author":1,"featured_media":0,"parent":140,"menu_order":0,"comment_status":"closed","ping_status":"closed","template":"","meta":{"_uag_custom_page_level_css":"","site-sidebar-layout":"default","site-content-layout":"","ast-site-content-layout":"","site-content-style":"default","site-sidebar-style":"default","ast-global-header-display":"","ast-banner-title-visibility":"","ast-main-header-display":"","ast-hfb-above-header-display":"","ast-hfb-below-header-display":"","ast-hfb-mobile-header-display":"","site-post-title":"","ast-breadcrumbs-content":"","ast-featured-img":"","footer-sml-layout":"","theme-transparent-header-meta":"","adv-header-id-meta":"","stick-header-meta":"","header-above-stick-meta":"","header-main-stick-meta":"","header-below-stick-meta":"","astra-migrate-meta-layouts":"","ast-page-background-enabled":"default","ast-page-background-meta":{"desktop":{"background-color":"var(--ast-global-color-4)","background-image":"","background-repeat":"repeat","background-position":"center center","background-size":"auto","background-attachment":"scroll","background-type":"","background-media":"","overlay-type":"","overlay-color":"","overlay-gradient":""},"tablet":{"background-color":"","background-image":"","background-repeat":"repeat","background-position":"center center","background-size":"auto","background-attachment":"scroll","background-type":"","background-media":"","overlay-type":"","overlay-color":"","overlay-gradient":""},"mobile":{"background-color":"","background-image":"","background-repeat":"repeat","background-position":"center center","background-size":"auto","background-attachment":"scroll","background-type":"","background-media":"","overlay-type":"","overlay-color":"","overlay-gradient":""}},"ast-content-background-meta":{"desktop":{"background-color":"var(--ast-global-color-5)","background-image":"","background-repeat":"repeat","background-position":"center center","background-size":"auto","background-attachment":"scroll","background-type":"","background-media":"","overlay-type":"","overlay-color":"","overlay-gradient":""},"tablet":{"background-color":"var(--ast-global-color-5)","background-image":"","background-repeat":"repeat","background-position":"center center","background-size":"auto","background-attachment":"scroll","background-type":"","background-media":"","overlay-type":"","overlay-color":"","overlay-gradient":""},"mobile":{"background-color":"var(--ast-global-color-5)","background-image":"","background-repeat":"repeat","background-position":"center center","background-size":"auto","background-attachment":"scroll","background-type":"","background-media":"","overlay-type":"","overlay-color":"","overlay-gradient":""}},"footnotes":""},"uagb_featured_image_src":{"full":false,"thumbnail":false,"medium":false,"medium_large":false,"large":false,"1536x1536":false,"2048x2048":false},"uagb_author_info":{"display_name":"adminsites@uepa.br","author_link":"https:\/\/wiki.uepa.br\/index.php\/author\/adminsitesuepa-br\/"},"uagb_comment_info":0,"uagb_excerpt":"Observa\u00e7\u00e3o 1: Se o t\u00f3pico de aula j\u00e1 estiver cadastrado, pode-se selecionar a op\u00e7\u00e3o de cancelamento de aula, o qual informar\u00e1 os discentes via e-mail. Observa\u00e7\u00e3o 2: O sistema permite selecionar uma cor de fundo para o t\u00f3pico de aula cadastrado. Observa\u00e7\u00e3o 3: Um componente curricular possui v\u00e1rios t\u00f3picos de aula, ent\u00e3o, este processo deve&hellip;","_links":{"self":[{"href":"https:\/\/wiki.uepa.br\/index.php\/wp-json\/wp\/v2\/pages\/149"}],"collection":[{"href":"https:\/\/wiki.uepa.br\/index.php\/wp-json\/wp\/v2\/pages"}],"about":[{"href":"https:\/\/wiki.uepa.br\/index.php\/wp-json\/wp\/v2\/types\/page"}],"author":[{"embeddable":true,"href":"https:\/\/wiki.uepa.br\/index.php\/wp-json\/wp\/v2\/users\/1"}],"replies":[{"embeddable":true,"href":"https:\/\/wiki.uepa.br\/index.php\/wp-json\/wp\/v2\/comments?post=149"}],"version-history":[{"count":3,"href":"https:\/\/wiki.uepa.br\/index.php\/wp-json\/wp\/v2\/pages\/149\/revisions"}],"predecessor-version":[{"id":946,"href":"https:\/\/wiki.uepa.br\/index.php\/wp-json\/wp\/v2\/pages\/149\/revisions\/946"}],"up":[{"embeddable":true,"href":"https:\/\/wiki.uepa.br\/index.php\/wp-json\/wp\/v2\/pages\/140"}],"wp:attachment":[{"href":"https:\/\/wiki.uepa.br\/index.php\/wp-json\/wp\/v2\/media?parent=149"}],"curies":[{"name":"wp","href":"https:\/\/api.w.org\/{rel}","templated":true}]}}