{"id":157,"date":"2024-02-20T14:03:04","date_gmt":"2024-02-20T14:03:04","guid":{"rendered":"https:\/\/wiki.uepa.br\/?page_id=157"},"modified":"2025-09-26T18:01:04","modified_gmt":"2025-09-26T18:01:04","slug":"lancamento-de-notas","status":"publish","type":"page","link":"https:\/\/wiki.uepa.br\/index.php\/turma-virtual-docente\/lancamento-de-notas\/","title":{"rendered":"Lan\u00e7amento de notas"},"content":{"rendered":"\n<ul class=\"has-ast-global-color-8-color has-text-color has-link-color wp-elements-af306c3805c86747ba93fdecdbb73961\">\n<li>Para efetuar o lan\u00e7amento de notas dos discentes, deve-se acessar&nbsp;<strong>Alunos<\/strong>&nbsp;\u00bb&nbsp;<strong>Lan\u00e7ar Notas<\/strong>.<\/li>\n<\/ul>\n\n\n\n<figure class=\"wp-block-image aligncenter size-full\"><img loading=\"lazy\" decoding=\"async\" width=\"200\" height=\"245\" src=\"https:\/\/wiki.uepa.br\/wp-content\/uploads\/2025\/09\/image-9.png\" alt=\"\" class=\"wp-image-914\"\/><\/figure>\n\n\n\n<ul class=\"has-ast-global-color-8-color has-text-color has-link-color wp-elements-c160d8865ff4bdfab318971db6e49301\">\n<li>Iremos abordar neste documento os lan\u00e7amentos das notas&nbsp;<strong>NP1<\/strong>,&nbsp;<strong>NP2<\/strong>&nbsp;e&nbsp;<strong>NEF<\/strong>.<\/li>\n<\/ul>\n\n\n\n<hr class=\"wp-block-separator has-alpha-channel-opacity\"\/>\n\n\n\n<h3 class=\"wp-block-heading has-text-align-center\" id=\"lancamento_de_notas_da_np1\"><strong>Lan\u00e7amento de Notas da NP1<\/strong><\/h3>\n\n\n\n<ul class=\"has-ast-global-color-8-color has-text-color has-link-color wp-elements-d2695ecf32d772ecac44b420d87e3a06\">\n<li>Deve-se preencher as notas na coluna equivalente (<strong>NP1<\/strong>) e, caso seja necess\u00e1rio, pode-se informar a quantidade de faltas que cada discente obteve no per\u00edodo letivo ou&nbsp;<strong>clicar no \u00edcone de seta verde para transferir as faltas calculadas da lista de frequ\u00eancia<\/strong>&nbsp;para o campo de faltas do aluno.<\/li>\n<\/ul>\n\n\n\n<figure class=\"wp-block-image aligncenter size-full\"><img loading=\"lazy\" decoding=\"async\" width=\"992\" height=\"361\" src=\"https:\/\/wiki.uepa.br\/wp-content\/uploads\/2025\/09\/lancar_notas.png\" alt=\"\" class=\"wp-image-917\" srcset=\"https:\/\/wiki.uepa.br\/wp-content\/uploads\/2025\/09\/lancar_notas.png 992w, https:\/\/wiki.uepa.br\/wp-content\/uploads\/2025\/09\/lancar_notas-300x109.png 300w, https:\/\/wiki.uepa.br\/wp-content\/uploads\/2025\/09\/lancar_notas-768x279.png 768w\" sizes=\"(max-width: 992px) 100vw, 992px\" \/><\/figure>\n\n\n\n<ul class=\"has-ast-global-color-8-color has-text-color has-link-color wp-elements-fa8c2b5b0af2c951c0b6e1de07d51368\">\n<li>Ap\u00f3s o preenchimento dos valores das notas dos discentes, deve-se observar o funcionamento das op\u00e7\u00f5es para o devido armazenamento dessas notas.<\/li>\n<\/ul>\n\n\n\n<figure class=\"wp-block-image aligncenter size-full\"><img loading=\"lazy\" decoding=\"async\" width=\"691\" height=\"76\" src=\"https:\/\/wiki.uepa.br\/wp-content\/uploads\/2025\/09\/lancar_notas2.png\" alt=\"\" class=\"wp-image-919\" srcset=\"https:\/\/wiki.uepa.br\/wp-content\/uploads\/2025\/09\/lancar_notas2.png 691w, https:\/\/wiki.uepa.br\/wp-content\/uploads\/2025\/09\/lancar_notas2-300x33.png 300w\" sizes=\"(max-width: 691px) 100vw, 691px\" \/><\/figure>\n\n\n\n<ul class=\"has-ast-global-color-8-color has-text-color has-link-color wp-elements-6d0383f4af5412bfeb594d0a3e611722\">\n<li><a href=\"https:\/\/ewiki.uepa.br\/lib\/exe\/detail.php?id=docentes%3Aturma_virtual%3Adocentes_mapa_de_notas&amp;media=docentes:lancar_notas2.1.png\"><\/a>&nbsp;\u2192 Esta op\u00e7\u00e3o permite, como o pr\u00f3prio nome sugere, apenas salvar as informa\u00e7\u00f5es inseridas. Ap\u00f3s salvar as notas, elas j\u00e1 estar\u00e3o dispon\u00edveis para a visualiza\u00e7\u00e3o dos discentes.<\/li>\n\n\n\n<li><a href=\"https:\/\/ewiki.uepa.br\/lib\/exe\/detail.php?id=docentes%3Aturma_virtual%3Adocentes_mapa_de_notas&amp;media=docentes:lancar_notas2.2.png\"><\/a>&nbsp;\u2192 Esta op\u00e7\u00e3o permite, como o pr\u00f3prio nome sugere, salvar as informa\u00e7\u00f5es inseridas, mas tais informa\u00e7\u00f5es ser\u00e3o ocultadas aos discentes.<\/li>\n<\/ul>\n\n\n\n<hr class=\"wp-block-separator has-alpha-channel-opacity\"\/>\n\n\n\n<h3 class=\"wp-block-heading has-text-align-center\" id=\"lancamento_de_notas_da_np2\">Lan\u00e7amento de Notas da NP2<\/h3>\n\n\n\n<ul class=\"has-ast-global-color-8-color has-text-color has-link-color wp-elements-c8dd15867fee5fa5e8abbe002dfb00a4\">\n<li>Deve-se preencher as notas na coluna equivalente (<strong>NP2<\/strong>). Ap\u00f3s o lan\u00e7amento das notas da&nbsp;<strong>NP2<\/strong>; o sistema, a cada nota lan\u00e7ada, ir\u00e1 automaticamente calcular a m\u00e9dia do aluno e atualizar os status dos mesmos.<\/li>\n<\/ul>\n\n\n\n<figure class=\"wp-block-image aligncenter size-full\"><img loading=\"lazy\" decoding=\"async\" width=\"986\" height=\"374\" src=\"https:\/\/wiki.uepa.br\/wp-content\/uploads\/2025\/09\/lancar_notas3.png\" alt=\"\" class=\"wp-image-924\" srcset=\"https:\/\/wiki.uepa.br\/wp-content\/uploads\/2025\/09\/lancar_notas3.png 986w, https:\/\/wiki.uepa.br\/wp-content\/uploads\/2025\/09\/lancar_notas3-300x114.png 300w, https:\/\/wiki.uepa.br\/wp-content\/uploads\/2025\/09\/lancar_notas3-768x291.png 768w\" sizes=\"(max-width: 986px) 100vw, 986px\" \/><\/figure>\n\n\n\n<ul class=\"has-ast-global-color-8-color has-text-color has-link-color wp-elements-19b6749a8c48191bac6f7e317eeb9a60\">\n<li>Como pode-se observar, ao lado esquerdo do nome de cada aluno aparecer\u00e1 um \u00edcone indicando seu status.<\/li>\n<\/ul>\n\n\n\n<figure class=\"wp-block-image aligncenter size-full\"><img loading=\"lazy\" decoding=\"async\" width=\"339\" height=\"76\" src=\"https:\/\/wiki.uepa.br\/wp-content\/uploads\/2025\/09\/lancar_notas4.png\" alt=\"\" class=\"wp-image-926\" srcset=\"https:\/\/wiki.uepa.br\/wp-content\/uploads\/2025\/09\/lancar_notas4.png 339w, https:\/\/wiki.uepa.br\/wp-content\/uploads\/2025\/09\/lancar_notas4-300x67.png 300w\" sizes=\"(max-width: 339px) 100vw, 339px\" \/><\/figure>\n\n\n\n<ul class=\"has-ast-global-color-8-color has-text-color has-link-color wp-elements-6e86f976575f22f5a7e81c24b5fa0352\">\n<li>Na \u00e1rea abaixo dos nomes dos alunos, aparecer\u00e1 um quadro com o resumo das situa\u00e7\u00f5es.<\/li>\n<\/ul>\n\n\n\n<figure class=\"wp-block-image aligncenter size-full\"><img loading=\"lazy\" decoding=\"async\" width=\"353\" height=\"90\" src=\"https:\/\/wiki.uepa.br\/wp-content\/uploads\/2025\/09\/lancar_notas5.png\" alt=\"\" class=\"wp-image-928\" srcset=\"https:\/\/wiki.uepa.br\/wp-content\/uploads\/2025\/09\/lancar_notas5.png 353w, https:\/\/wiki.uepa.br\/wp-content\/uploads\/2025\/09\/lancar_notas5-300x76.png 300w\" sizes=\"(max-width: 353px) 100vw, 353px\" \/><\/figure>\n\n\n\n<ul class=\"has-ast-global-color-8-color has-text-color has-link-color wp-elements-053088a3f7de9a2409e6d5c78bf68924\">\n<li>Efetuados os lan\u00e7amentos das notas da NP2, deve-se clicar na op\u00e7\u00e3o&nbsp;<a href=\"https:\/\/ewiki.uepa.br\/lib\/exe\/detail.php?id=docentes%3Aturma_virtual%3Adocentes_mapa_de_notas&amp;media=docentes:lancar_notas2.1.png\"><\/a>.<\/li>\n\n\n\n<li>Posteriormente, deve-se clicar em&nbsp;<strong>Consolida\u00e7\u00e3o Parcial<\/strong>&nbsp;a fim de que sejam calculados os status finais dos alunos que foram aprovados direto e os que precisar\u00e3o efetuar a avalia\u00e7\u00e3o final.<\/li>\n<\/ul>\n\n\n\n<figure class=\"wp-block-image aligncenter size-full\"><img loading=\"lazy\" decoding=\"async\" width=\"991\" height=\"469\" src=\"https:\/\/wiki.uepa.br\/wp-content\/uploads\/2025\/09\/lancar_notas6.png\" alt=\"\" class=\"wp-image-930\" srcset=\"https:\/\/wiki.uepa.br\/wp-content\/uploads\/2025\/09\/lancar_notas6.png 991w, https:\/\/wiki.uepa.br\/wp-content\/uploads\/2025\/09\/lancar_notas6-300x142.png 300w, https:\/\/wiki.uepa.br\/wp-content\/uploads\/2025\/09\/lancar_notas6-768x363.png 768w\" sizes=\"(max-width: 991px) 100vw, 991px\" \/><\/figure>\n\n\n\n<ul class=\"has-ast-global-color-8-color has-text-color has-link-color wp-elements-b78c770b0dff00554da564fab79868a0\">\n<li>O sistema ir\u00e1 exigir a confirma\u00e7\u00e3o dessa opera\u00e7\u00e3o mediante a senha do docente e o clicar novamente no bot\u00e3o&nbsp;<strong>Consolidar Parcialmente<\/strong>.<\/li>\n<\/ul>\n\n\n\n<figure class=\"wp-block-image aligncenter size-full\"><img loading=\"lazy\" decoding=\"async\" width=\"805\" height=\"301\" src=\"https:\/\/wiki.uepa.br\/wp-content\/uploads\/2025\/09\/lancar_notas7.png\" alt=\"\" class=\"wp-image-932\" srcset=\"https:\/\/wiki.uepa.br\/wp-content\/uploads\/2025\/09\/lancar_notas7.png 805w, https:\/\/wiki.uepa.br\/wp-content\/uploads\/2025\/09\/lancar_notas7-300x112.png 300w, https:\/\/wiki.uepa.br\/wp-content\/uploads\/2025\/09\/lancar_notas7-768x287.png 768w\" sizes=\"(max-width: 805px) 100vw, 805px\" \/><\/figure>\n\n\n\n<ul class=\"has-ast-global-color-8-color has-text-color has-link-color wp-elements-b4b30cf61558512ecab565336d04c9d8\">\n<li>Uma mensagem de confirma\u00e7\u00e3o ser\u00e1 exibida e ent\u00e3o deve-se clicar em&nbsp;<strong>Continuar<\/strong>.<\/li>\n<\/ul>\n\n\n\n<hr class=\"wp-block-separator has-alpha-channel-opacity\"\/>\n\n\n\n<h3 class=\"wp-block-heading has-text-align-center\" id=\"lancamento_de_notas_da_nef\">Lan\u00e7amento de Notas da NEF<\/h3>\n\n\n\n<ul class=\"has-ast-global-color-8-color has-text-color has-link-color wp-elements-0dbaea685e07f64aa7be580c638950cc\">\n<li>Ao iniciar o lan\u00e7amento das notas finais, o sistema permitir\u00e1 informar somente as notas dos alunos que ainda n\u00e3o obtiveram a aprova\u00e7\u00e3o.<\/li>\n<\/ul>\n\n\n\n<figure class=\"wp-block-image aligncenter size-full\"><img loading=\"lazy\" decoding=\"async\" width=\"984\" height=\"325\" src=\"https:\/\/wiki.uepa.br\/wp-content\/uploads\/2025\/09\/lancar_notas8.png\" alt=\"\" class=\"wp-image-933\" srcset=\"https:\/\/wiki.uepa.br\/wp-content\/uploads\/2025\/09\/lancar_notas8.png 984w, https:\/\/wiki.uepa.br\/wp-content\/uploads\/2025\/09\/lancar_notas8-300x99.png 300w, https:\/\/wiki.uepa.br\/wp-content\/uploads\/2025\/09\/lancar_notas8-768x254.png 768w\" sizes=\"(max-width: 984px) 100vw, 984px\" \/><\/figure>\n\n\n\n<ul class=\"has-ast-global-color-8-color has-text-color has-link-color wp-elements-0cc4b7a7d3df77a6e2cb505644242354\">\n<li>Ap\u00f3s o lan\u00e7amento das notas finais, o docente poder\u00e1 clicar na op\u00e7\u00e3o&nbsp;<strong>Finalizar (Consolidar)<\/strong><a href=\"https:\/\/ewiki.uepa.br\/lib\/exe\/detail.php?id=docentes%3Aturma_virtual%3Adocentes_mapa_de_notas&amp;media=docentes:lancar_notas2.3.png\"><\/a>, desde que n\u00e3o tenha restado nenhuma nota ou falta para cadastrar no sistema.<\/li>\n\n\n\n<li>O sistema emitir\u00e1 um aviso de confirma\u00e7\u00e3o dessa opera\u00e7\u00e3o:<\/li>\n<\/ul>\n\n\n\n<figure class=\"wp-block-image aligncenter size-full\"><img loading=\"lazy\" decoding=\"async\" width=\"523\" height=\"211\" src=\"https:\/\/wiki.uepa.br\/wp-content\/uploads\/2025\/09\/lancar_notas10.png\" alt=\"\" class=\"wp-image-934\" srcset=\"https:\/\/wiki.uepa.br\/wp-content\/uploads\/2025\/09\/lancar_notas10.png 523w, https:\/\/wiki.uepa.br\/wp-content\/uploads\/2025\/09\/lancar_notas10-300x121.png 300w\" sizes=\"(max-width: 523px) 100vw, 523px\" \/><\/figure>\n\n\n\n<hr class=\"wp-block-separator has-alpha-channel-opacity\"\/>\n\n\n\n<p class=\"has-text-align-center has-ast-global-color-8-color has-text-color has-link-color wp-elements-fbb6b0759fd455483801bfb4a827397e\">\u2014&nbsp;<em>Autor: Demys Alves Brito, DSPD\/Reitoria<\/em>&nbsp;\u2014&nbsp;<em>Adapta\u00e7\u00e3o: Francielma Assun\u00e7\u00e3o<\/em><\/p>\n\n\n\n<p class=\"has-ast-global-color-8-color has-text-color has-link-color wp-elements-7ba1d0503c3b62eb1761d5d49a97f004\"><strong>Observa\u00e7\u00e3o<\/strong>: O docente dever\u00e1 conferir se o hor\u00e1rio de aula est\u00e1 corretamente preenchido no sistema e se a turma encontra-se com o status&nbsp;<strong>ABERTA<\/strong>.<\/p>\n\n\n\n<figure class=\"wp-block-image aligncenter size-full is-resized\"><img loading=\"lazy\" decoding=\"async\" width=\"600\" height=\"418\" src=\"https:\/\/wiki.uepa.br\/wp-content\/uploads\/2025\/09\/image-10.png\" alt=\"\" class=\"wp-image-935\" style=\"width:486px\" srcset=\"https:\/\/wiki.uepa.br\/wp-content\/uploads\/2025\/09\/image-10.png 600w, https:\/\/wiki.uepa.br\/wp-content\/uploads\/2025\/09\/image-10-300x209.png 300w\" sizes=\"(max-width: 600px) 100vw, 600px\" \/><\/figure>\n","protected":false},"excerpt":{"rendered":"<p>Lan\u00e7amento de Notas da NP1 Lan\u00e7amento de Notas da NP2 Lan\u00e7amento de Notas da NEF \u2014&nbsp;Autor: Demys Alves Brito, DSPD\/Reitoria&nbsp;\u2014&nbsp;Adapta\u00e7\u00e3o: Francielma Assun\u00e7\u00e3o Observa\u00e7\u00e3o: O docente dever\u00e1 conferir se o hor\u00e1rio de aula est\u00e1 corretamente preenchido no sistema e se a turma encontra-se com o status&nbsp;ABERTA.<\/p>\n","protected":false},"author":1,"featured_media":0,"parent":140,"menu_order":0,"comment_status":"closed","ping_status":"closed","template":"","meta":{"_uag_custom_page_level_css":"","site-sidebar-layout":"default","site-content-layout":"","ast-site-content-layout":"","site-content-style":"default","site-sidebar-style":"default","ast-global-header-display":"","ast-banner-title-visibility":"","ast-main-header-display":"","ast-hfb-above-header-display":"","ast-hfb-below-header-display":"","ast-hfb-mobile-header-display":"","site-post-title":"","ast-breadcrumbs-content":"","ast-featured-img":"","footer-sml-layout":"","theme-transparent-header-meta":"","adv-header-id-meta":"","stick-header-meta":"","header-above-stick-meta":"","header-main-stick-meta":"","header-below-stick-meta":"","astra-migrate-meta-layouts":"","ast-page-background-enabled":"default","ast-page-background-meta":{"desktop":{"background-color":"var(--ast-global-color-4)","background-image":"","background-repeat":"repeat","background-position":"center center","background-size":"auto","background-attachment":"scroll","background-type":"","background-media":"","overlay-type":"","overlay-color":"","overlay-gradient":""},"tablet":{"background-color":"","background-image":"","background-repeat":"repeat","background-position":"center center","background-size":"auto","background-attachment":"scroll","background-type":"","background-media":"","overlay-type":"","overlay-color":"","overlay-gradient":""},"mobile":{"background-color":"","background-image":"","background-repeat":"repeat","background-position":"center center","background-size":"auto","background-attachment":"scroll","background-type":"","background-media":"","overlay-type":"","overlay-color":"","overlay-gradient":""}},"ast-content-background-meta":{"desktop":{"background-color":"var(--ast-global-color-5)","background-image":"","background-repeat":"repeat","background-position":"center center","background-size":"auto","background-attachment":"scroll","background-type":"","background-media":"","overlay-type":"","overlay-color":"","overlay-gradient":""},"tablet":{"background-color":"var(--ast-global-color-5)","background-image":"","background-repeat":"repeat","background-position":"center center","background-size":"auto","background-attachment":"scroll","background-type":"","background-media":"","overlay-type":"","overlay-color":"","overlay-gradient":""},"mobile":{"background-color":"var(--ast-global-color-5)","background-image":"","background-repeat":"repeat","background-position":"center center","background-size":"auto","background-attachment":"scroll","background-type":"","background-media":"","overlay-type":"","overlay-color":"","overlay-gradient":""}},"footnotes":""},"uagb_featured_image_src":{"full":false,"thumbnail":false,"medium":false,"medium_large":false,"large":false,"1536x1536":false,"2048x2048":false},"uagb_author_info":{"display_name":"adminsites@uepa.br","author_link":"https:\/\/wiki.uepa.br\/index.php\/author\/adminsitesuepa-br\/"},"uagb_comment_info":0,"uagb_excerpt":"Lan\u00e7amento de Notas da NP1 Lan\u00e7amento de Notas da NP2 Lan\u00e7amento de Notas da NEF \u2014&nbsp;Autor: Demys Alves Brito, DSPD\/Reitoria&nbsp;\u2014&nbsp;Adapta\u00e7\u00e3o: Francielma Assun\u00e7\u00e3o Observa\u00e7\u00e3o: O docente dever\u00e1 conferir se o hor\u00e1rio de aula est\u00e1 corretamente preenchido no sistema e se a turma encontra-se com o status&nbsp;ABERTA.","_links":{"self":[{"href":"https:\/\/wiki.uepa.br\/index.php\/wp-json\/wp\/v2\/pages\/157"}],"collection":[{"href":"https:\/\/wiki.uepa.br\/index.php\/wp-json\/wp\/v2\/pages"}],"about":[{"href":"https:\/\/wiki.uepa.br\/index.php\/wp-json\/wp\/v2\/types\/page"}],"author":[{"embeddable":true,"href":"https:\/\/wiki.uepa.br\/index.php\/wp-json\/wp\/v2\/users\/1"}],"replies":[{"embeddable":true,"href":"https:\/\/wiki.uepa.br\/index.php\/wp-json\/wp\/v2\/comments?post=157"}],"version-history":[{"count":3,"href":"https:\/\/wiki.uepa.br\/index.php\/wp-json\/wp\/v2\/pages\/157\/revisions"}],"predecessor-version":[{"id":936,"href":"https:\/\/wiki.uepa.br\/index.php\/wp-json\/wp\/v2\/pages\/157\/revisions\/936"}],"up":[{"embeddable":true,"href":"https:\/\/wiki.uepa.br\/index.php\/wp-json\/wp\/v2\/pages\/140"}],"wp:attachment":[{"href":"https:\/\/wiki.uepa.br\/index.php\/wp-json\/wp\/v2\/media?parent=157"}],"curies":[{"name":"wp","href":"https:\/\/api.w.org\/{rel}","templated":true}]}}