{"id":167,"date":"2024-02-20T14:28:33","date_gmt":"2024-02-20T14:28:33","guid":{"rendered":"https:\/\/wiki.uepa.br\/?page_id=167"},"modified":"2025-09-26T17:46:50","modified_gmt":"2025-09-26T17:46:50","slug":"tarefas","status":"publish","type":"page","link":"https:\/\/wiki.uepa.br\/index.php\/turma-virtual-docente\/tarefas\/","title":{"rendered":"Tarefas"},"content":{"rendered":"\n<p class=\"has-text-align-center has-ast-global-color-8-color has-text-color has-link-color wp-elements-1b36265f38999416cefb56eae0bb1cfe\">As tarefas s\u00e3o as atividades que os professores do componente curricular podem disponibilizar para que os alunos pratiquem exerc\u00edcios sobre os conte\u00fados da disciplina fora da sala de aula.<\/p>\n\n\n\n<ul class=\"has-ast-global-color-8-color has-text-color has-link-color wp-elements-a1f8d475416e23957151c14a2f802ace\">\n<li>Esta funcionalidade permite que o docente respons\u00e1vel pela turma virtual possa cadastrar tarefas, corrigi-las, de acordo com a demanda de respostas dos alunos, al\u00e9m de alterar e\/ou remover as atividades j\u00e1 cadastradas.<\/li>\n\n\n\n<li>Para isso, acesse o SIGAA UEPA \u00bb M\u00f3dulos \u00bb Portal do Docente \u00bb Minhas turmas no semestre \u00bb Componente Curricular \u00bb Menu Turma Virtual \u00bb Atividades \u00bb Tarefas.<\/li>\n<\/ul>\n\n\n\n<figure class=\"wp-block-image aligncenter size-full\"><img loading=\"lazy\" decoding=\"async\" width=\"198\" height=\"247\" src=\"https:\/\/wiki.uepa.br\/wp-content\/uploads\/2025\/09\/tarefas.png\" alt=\"\" class=\"wp-image-824\"\/><\/figure>\n\n\n\n<hr class=\"wp-block-separator has-alpha-channel-opacity\"\/>\n\n\n\n<h3 class=\"wp-block-heading has-text-align-center\" id=\"cadastrar_tarefas\"><strong>Cadastrar Tarefas<\/strong><\/h3>\n\n\n\n<ul class=\"has-ast-global-color-8-color has-text-color has-link-color wp-elements-740cda7dc9003b1443fb7434247d69b0\">\n<li>Para cadastrar uma nova tarefa clique em&nbsp;<strong>CADASTRAR TAREFA<\/strong>.<\/li>\n<\/ul>\n\n\n\n<figure class=\"wp-block-image aligncenter size-full\"><img loading=\"lazy\" decoding=\"async\" width=\"391\" height=\"104\" src=\"https:\/\/wiki.uepa.br\/wp-content\/uploads\/2025\/09\/tarefas1.png\" alt=\"\" class=\"wp-image-825\" srcset=\"https:\/\/wiki.uepa.br\/wp-content\/uploads\/2025\/09\/tarefas1.png 391w, https:\/\/wiki.uepa.br\/wp-content\/uploads\/2025\/09\/tarefas1-300x80.png 300w\" sizes=\"(max-width: 391px) 100vw, 391px\" \/><\/figure>\n\n\n\n<ul class=\"has-ast-global-color-8-color has-text-color has-link-color wp-elements-240ff45a48472188892145adb8034f14\">\n<li>A tela seguinte ser\u00e1 gerada:<\/li>\n<\/ul>\n\n\n\n<figure class=\"wp-block-image aligncenter size-large\"><img loading=\"lazy\" decoding=\"async\" width=\"617\" height=\"1024\" src=\"https:\/\/wiki.uepa.br\/wp-content\/uploads\/2025\/09\/tarefas2-617x1024.png\" alt=\"\" class=\"wp-image-826\" srcset=\"https:\/\/wiki.uepa.br\/wp-content\/uploads\/2025\/09\/tarefas2-617x1024.png 617w, https:\/\/wiki.uepa.br\/wp-content\/uploads\/2025\/09\/tarefas2-181x300.png 181w, https:\/\/wiki.uepa.br\/wp-content\/uploads\/2025\/09\/tarefas2.png 654w\" sizes=\"(max-width: 617px) 100vw, 617px\" \/><\/figure>\n\n\n\n<ul class=\"has-ast-global-color-8-color has-text-color has-link-color wp-elements-b32787f56bdc37713bd1238ab2817fc0\">\n<li><strong>Observa\u00e7\u00e3o:<\/strong>&nbsp;Para realizar o cadastro da tarefa deve-se preencher os seguintes itens:<\/li>\n<\/ul>\n\n\n\n<ul class=\"has-ast-global-color-8-color has-text-color has-link-color wp-elements-7e7b279de96bf5f3ad3863fb91ca4ee2\">\n<li><strong>T\u00edtulo:<\/strong>&nbsp;Informe o t\u00edtulo da tarefa a ser criada;<\/li>\n\n\n\n<li><strong>Texto:<\/strong>&nbsp;Escreva um texto com os detalhes da tarefa.<\/li>\n\n\n\n<li><strong>Arquivo:<\/strong>&nbsp;Campo opcional, apenas se desejar enviar um arquivo junto \u00e0 tarefa;<\/li>\n\n\n\n<li><strong>Em grupo?:<\/strong>&nbsp;Defina, selecionando entre&nbsp;<strong><em>Sim<\/em><\/strong>&nbsp;ou&nbsp;<strong><em>N\u00e3o<\/em><\/strong>, se a tarefa ser\u00e1 em grupo ou individual;<\/li>\n\n\n\n<li><strong>Tipo de tarefa:<\/strong>&nbsp;Escolha, dentre as op\u00e7\u00f5es, o tipo de tarefa a ser criada:&nbsp;<em><strong>Envio de Arquivo<\/strong>,&nbsp;<strong>Trabalho Online<\/strong>,&nbsp;<strong>Trabalho Offline<\/strong><\/em>;<\/li>\n\n\n\n<li><strong>T\u00f3pico de Aula:<\/strong>&nbsp;Selecione o t\u00f3pico de aula ao qual a tarefa est\u00e1 relacionada;<\/li>\n\n\n\n<li><strong>Permitir novo envio:<\/strong>&nbsp;Selecione a permiss\u00e3o para um novo envio de tarefa;<\/li>\n\n\n\n<li><strong>Data de abertura:<\/strong>&nbsp;Informe a data de abertura da tarefa;<\/li>\n\n\n\n<li><strong>Hora de abertura:<\/strong>&nbsp;Forne\u00e7a a hora de abertura da tarefa;<\/li>\n\n\n\n<li><strong>Data de fechamento:<\/strong>&nbsp;Informe a data de fechamento da mesma;<\/li>\n\n\n\n<li><strong>Hora de fechamento:<\/strong>&nbsp;Forne\u00e7a a hora de fechamento;<\/li>\n\n\n\n<li><strong>Notifica\u00e7\u00e3o:<\/strong>&nbsp;Selecione o campo caso deseje que os usu\u00e1rios participantes da turma recebam uma notifica\u00e7\u00e3o por e-mail sobre a tarefa;<\/li>\n\n\n\n<li><strong>Criar em:<\/strong>&nbsp;Nesse item aparecer\u00e1 as turmas por quais o docente \u00e9 respons\u00e1vel. Escolha para qual delas a tarefa ser\u00e1 criada.<\/li>\n\n\n\n<li>Na parte destinada \u00e0&nbsp;<em>Avalia\u00e7\u00e3o<\/em>, defina as configura\u00e7\u00f5es da avalia\u00e7\u00e3o da tarefa, informando os dados que constar\u00e3o na planilha de notas da turma.\n<ul>\n<li><strong>Possui Nota<\/strong>: Selecione se a tarefa possui nota, escolhendo entre&nbsp;<strong>Sim<\/strong>&nbsp;e&nbsp;<strong>N\u00e3o<\/strong>. Caso a resposta seja Sim, os campos a seguir ser\u00e3o apresentados automaticamente:<\/li>\n\n\n\n<li><strong>Abrevia\u00e7\u00e3o<\/strong>: Crie uma abrevia\u00e7\u00e3o para a avalia\u00e7\u00e3o da tarefa;<\/li>\n\n\n\n<li><strong>Unidade<\/strong>: Escolha a qual unidade do semestre refere-se a tarefa;<\/li>\n\n\n\n<li><strong>Peso<\/strong>: Ap\u00f3s selecionar a unidade, informe o peso da nota que ela ter\u00e1.<\/li>\n<\/ul>\n<\/li>\n<\/ul>\n\n\n\n<figure class=\"wp-block-image aligncenter size-full\"><img loading=\"lazy\" decoding=\"async\" width=\"584\" height=\"246\" src=\"https:\/\/wiki.uepa.br\/wp-content\/uploads\/2025\/09\/tarefas_avaliacao.png\" alt=\"\" class=\"wp-image-828\" srcset=\"https:\/\/wiki.uepa.br\/wp-content\/uploads\/2025\/09\/tarefas_avaliacao.png 584w, https:\/\/wiki.uepa.br\/wp-content\/uploads\/2025\/09\/tarefas_avaliacao-300x126.png 300w\" sizes=\"(max-width: 584px) 100vw, 584px\" \/><\/figure>\n\n\n\n<ul class=\"has-ast-global-color-8-color has-text-color has-link-color wp-elements-fe5242313984de4ca741ea1f73c23334\">\n<li>Ap\u00f3s o preenchimento dos campos requeridos pelo sistema, clique em&nbsp;<strong>Cadastrar<\/strong>&nbsp;para prosseguir com a cria\u00e7\u00e3o da tarefa. A seguir, o sistema retornar\u00e1 \u00e0 tela de Tarefas contendo a mensagem de sucesso da tarefa criada:<\/li>\n<\/ul>\n\n\n\n<figure class=\"wp-block-image aligncenter size-full\"><img loading=\"lazy\" decoding=\"async\" width=\"364\" height=\"41\" src=\"https:\/\/wiki.uepa.br\/wp-content\/uploads\/2025\/09\/tarefas3.png\" alt=\"\" class=\"wp-image-829\" srcset=\"https:\/\/wiki.uepa.br\/wp-content\/uploads\/2025\/09\/tarefas3.png 364w, https:\/\/wiki.uepa.br\/wp-content\/uploads\/2025\/09\/tarefas3-300x34.png 300w\" sizes=\"(max-width: 364px) 100vw, 364px\" \/><\/figure>\n\n\n\n<hr class=\"wp-block-separator has-alpha-channel-opacity\"\/>\n\n\n\n<h3 class=\"wp-block-heading has-text-align-center\" id=\"alterar_tarefas\"><strong>Alterar Tarefas<\/strong><\/h3>\n\n\n\n<figure class=\"wp-block-image aligncenter size-full\"><img loading=\"lazy\" decoding=\"async\" width=\"853\" height=\"327\" src=\"https:\/\/wiki.uepa.br\/wp-content\/uploads\/2025\/09\/tarefas4.png\" alt=\"\" class=\"wp-image-830\" srcset=\"https:\/\/wiki.uepa.br\/wp-content\/uploads\/2025\/09\/tarefas4.png 853w, https:\/\/wiki.uepa.br\/wp-content\/uploads\/2025\/09\/tarefas4-300x115.png 300w, https:\/\/wiki.uepa.br\/wp-content\/uploads\/2025\/09\/tarefas4-768x294.png 768w\" sizes=\"(max-width: 853px) 100vw, 853px\" \/><\/figure>\n\n\n\n<ul class=\"has-ast-global-color-8-color has-text-color has-link-color wp-elements-eee5f9a1e7ee6855d1b4bd8d160585fe\">\n<li>Para alterar uma tarefa, basta ir \u00e0 p\u00e1gina inicial de Tarefas e clicar no \u00edcone&nbsp;<a href=\"https:\/\/ewiki.uepa.br\/lib\/exe\/detail.php?id=docentes%3Aturma_virtual%3Atarefas&amp;media=docentes:turma_virtual:editar.png\"><\/a>. A tela seguinte ser\u00e1 exibida:<\/li>\n<\/ul>\n\n\n\n<figure class=\"wp-block-image aligncenter size-large\"><img loading=\"lazy\" decoding=\"async\" width=\"761\" height=\"1024\" src=\"https:\/\/wiki.uepa.br\/wp-content\/uploads\/2025\/09\/atualizar_tarefa1-761x1024.png\" alt=\"\" class=\"wp-image-831\" srcset=\"https:\/\/wiki.uepa.br\/wp-content\/uploads\/2025\/09\/atualizar_tarefa1-761x1024.png 761w, https:\/\/wiki.uepa.br\/wp-content\/uploads\/2025\/09\/atualizar_tarefa1-223x300.png 223w, https:\/\/wiki.uepa.br\/wp-content\/uploads\/2025\/09\/atualizar_tarefa1-768x1034.png 768w, https:\/\/wiki.uepa.br\/wp-content\/uploads\/2025\/09\/atualizar_tarefa1.png 888w\" sizes=\"(max-width: 761px) 100vw, 761px\" \/><\/figure>\n\n\n\n<ul class=\"has-ast-global-color-8-color has-text-color has-link-color wp-elements-27a099d3922bed29ea65f22c62b0fb50\">\n<li>Ap\u00f3s realizar as altera\u00e7\u00f5es, clique em&nbsp;<strong>Atualizar<\/strong>&nbsp;para prosseguir. A mensagem de sucesso da opera\u00e7\u00e3o ser\u00e1 exibida a seguir:<\/li>\n<\/ul>\n\n\n\n<figure class=\"wp-block-image aligncenter size-full\"><img loading=\"lazy\" decoding=\"async\" width=\"247\" height=\"44\" src=\"https:\/\/wiki.uepa.br\/wp-content\/uploads\/2025\/09\/atualizado_sucesso.png\" alt=\"\" class=\"wp-image-832\"\/><\/figure>\n\n\n\n<h3 class=\"wp-block-heading has-text-align-center\" id=\"avaliar_tarefas_enviadas\"><strong>Avaliar Tarefas Enviadas<\/strong><\/h3>\n\n\n\n<figure class=\"wp-block-image aligncenter size-full\"><img loading=\"lazy\" decoding=\"async\" width=\"634\" height=\"279\" src=\"https:\/\/wiki.uepa.br\/wp-content\/uploads\/2025\/09\/image-12.png\" alt=\"\" class=\"wp-image-833\" srcset=\"https:\/\/wiki.uepa.br\/wp-content\/uploads\/2025\/09\/image-12.png 634w, https:\/\/wiki.uepa.br\/wp-content\/uploads\/2025\/09\/image-12-300x132.png 300w\" sizes=\"(max-width: 634px) 100vw, 634px\" \/><\/figure>\n\n\n\n<ul class=\"has-ast-global-color-8-color has-text-color has-link-color wp-elements-0c93f69523f802957510e01a07c5ed35\">\n<li>Logo ap\u00f3s, a p\u00e1gina com as&nbsp;<strong>Tarefas Submetidas<\/strong>&nbsp;ser\u00e1 gerada, conforme a figura a seguir:<\/li>\n<\/ul>\n\n\n\n<figure class=\"wp-block-image aligncenter size-full\"><img loading=\"lazy\" decoding=\"async\" width=\"943\" height=\"571\" src=\"https:\/\/wiki.uepa.br\/wp-content\/uploads\/2025\/09\/avaliar_tarefas1.png\" alt=\"\" class=\"wp-image-834\" title=\"Tarefas Submetidas\" srcset=\"https:\/\/wiki.uepa.br\/wp-content\/uploads\/2025\/09\/avaliar_tarefas1.png 943w, https:\/\/wiki.uepa.br\/wp-content\/uploads\/2025\/09\/avaliar_tarefas1-300x182.png 300w, https:\/\/wiki.uepa.br\/wp-content\/uploads\/2025\/09\/avaliar_tarefas1-768x465.png 768w\" sizes=\"(max-width: 943px) 100vw, 943px\" \/><\/figure>\n\n\n\n<h3 class=\"wp-block-heading has-text-align-center\">Observa\u00e7\u00f5es:<\/h3>\n\n\n\n<figure class=\"wp-block-image aligncenter size-full\"><img loading=\"lazy\" decoding=\"async\" width=\"662\" height=\"243\" src=\"https:\/\/wiki.uepa.br\/wp-content\/uploads\/2025\/09\/image-13.png\" alt=\"\" class=\"wp-image-836\" srcset=\"https:\/\/wiki.uepa.br\/wp-content\/uploads\/2025\/09\/image-13.png 662w, https:\/\/wiki.uepa.br\/wp-content\/uploads\/2025\/09\/image-13-300x110.png 300w\" sizes=\"(max-width: 662px) 100vw, 662px\" \/><\/figure>\n\n\n\n<figure class=\"wp-block-image aligncenter size-full\"><img loading=\"lazy\" decoding=\"async\" width=\"500\" height=\"311\" src=\"https:\/\/wiki.uepa.br\/wp-content\/uploads\/2025\/09\/image-14.png\" alt=\"\" class=\"wp-image-839\" srcset=\"https:\/\/wiki.uepa.br\/wp-content\/uploads\/2025\/09\/image-14.png 500w, https:\/\/wiki.uepa.br\/wp-content\/uploads\/2025\/09\/image-14-300x187.png 300w\" sizes=\"(max-width: 500px) 100vw, 500px\" \/><\/figure>\n\n\n\n<figure class=\"wp-block-image aligncenter size-full\"><img loading=\"lazy\" decoding=\"async\" width=\"680\" height=\"271\" src=\"https:\/\/wiki.uepa.br\/wp-content\/uploads\/2025\/09\/image-15.png\" alt=\"\" class=\"wp-image-840\" srcset=\"https:\/\/wiki.uepa.br\/wp-content\/uploads\/2025\/09\/image-15.png 680w, https:\/\/wiki.uepa.br\/wp-content\/uploads\/2025\/09\/image-15-300x120.png 300w\" sizes=\"(max-width: 680px) 100vw, 680px\" \/><\/figure>\n\n\n\n<figure class=\"wp-block-image aligncenter size-full\"><img loading=\"lazy\" decoding=\"async\" width=\"400\" height=\"120\" src=\"https:\/\/wiki.uepa.br\/wp-content\/uploads\/2025\/09\/image-16.png\" alt=\"\" class=\"wp-image-841\" srcset=\"https:\/\/wiki.uepa.br\/wp-content\/uploads\/2025\/09\/image-16.png 400w, https:\/\/wiki.uepa.br\/wp-content\/uploads\/2025\/09\/image-16-300x90.png 300w\" sizes=\"(max-width: 400px) 100vw, 400px\" \/><\/figure>\n\n\n\n<figure class=\"wp-block-image aligncenter size-full\"><img loading=\"lazy\" decoding=\"async\" width=\"673\" height=\"462\" src=\"https:\/\/wiki.uepa.br\/wp-content\/uploads\/2025\/09\/image-17.png\" alt=\"\" class=\"wp-image-843\" srcset=\"https:\/\/wiki.uepa.br\/wp-content\/uploads\/2025\/09\/image-17.png 673w, https:\/\/wiki.uepa.br\/wp-content\/uploads\/2025\/09\/image-17-300x206.png 300w\" sizes=\"(max-width: 673px) 100vw, 673px\" \/><\/figure>\n\n\n\n<p class=\"has-text-align-center has-ast-global-color-8-color has-text-color has-link-color wp-elements-f8e97106b6ac2dd2e7443fdebbfee9c1\">Para confirmar a remo\u00e7\u00e3o, clique em&nbsp;<strong>OK<\/strong>. A mensagem de sucesso a seguir ser\u00e1 gerada:<\/p>\n\n\n\n<figure class=\"wp-block-image aligncenter size-full\"><img loading=\"lazy\" decoding=\"async\" width=\"300\" height=\"52\" src=\"https:\/\/wiki.uepa.br\/wp-content\/uploads\/2025\/09\/image-18.png\" alt=\"\" class=\"wp-image-845\"\/><\/figure>\n\n\n\n<hr class=\"wp-block-separator has-alpha-channel-opacity\"\/>\n\n\n\n<h3 class=\"wp-block-heading has-text-align-center has-ast-global-color-8-color has-text-color has-link-color wp-elements-fc7a07adb61205120304f5cce2859163\" id=\"remover_tarefas\"><strong>Remover Tarefas<\/strong><\/h3>\n\n\n\n<figure class=\"wp-block-image aligncenter size-full\"><img loading=\"lazy\" decoding=\"async\" width=\"853\" height=\"327\" src=\"https:\/\/wiki.uepa.br\/wp-content\/uploads\/2025\/09\/tarefas4-1.png\" alt=\"\" class=\"wp-image-847\" srcset=\"https:\/\/wiki.uepa.br\/wp-content\/uploads\/2025\/09\/tarefas4-1.png 853w, https:\/\/wiki.uepa.br\/wp-content\/uploads\/2025\/09\/tarefas4-1-300x115.png 300w, https:\/\/wiki.uepa.br\/wp-content\/uploads\/2025\/09\/tarefas4-1-768x294.png 768w\" sizes=\"(max-width: 853px) 100vw, 853px\" \/><\/figure>\n\n\n\n<ul class=\"has-ast-global-color-8-color has-text-color has-link-color wp-elements-4c5ab84ec394014808c6330526221923\">\n<li>Para remover uma tarefa criada, retorne \u00e0 tela inicial de Tarefas e clique em&nbsp;<a href=\"https:\/\/ewiki.uepa.br\/lib\/exe\/detail.php?id=docentes%3Aturma_virtual%3Atarefas&amp;media=docentes:turma_virtual:lixeira.png\"><\/a>. O sistema exibira uma tela de confirma\u00e7\u00e3o:<\/li>\n<\/ul>\n\n\n\n<figure class=\"wp-block-image aligncenter size-full\"><img loading=\"lazy\" decoding=\"async\" width=\"456\" height=\"182\" src=\"https:\/\/wiki.uepa.br\/wp-content\/uploads\/2025\/09\/msn_remover_tarefa.png\" alt=\"\" class=\"wp-image-849\" srcset=\"https:\/\/wiki.uepa.br\/wp-content\/uploads\/2025\/09\/msn_remover_tarefa.png 456w, https:\/\/wiki.uepa.br\/wp-content\/uploads\/2025\/09\/msn_remover_tarefa-300x120.png 300w\" sizes=\"(max-width: 456px) 100vw, 456px\" \/><\/figure>\n\n\n\n<ul class=\"has-ast-global-color-8-color has-text-color has-link-color wp-elements-f169134e9b83e5075bc08f3116804ac2\">\n<li>Clique em&nbsp;<strong>OK<\/strong>&nbsp;para continuar a opera\u00e7\u00e3o. Para desistir, clique em&nbsp;<strong>Cancelar<\/strong>. A mensagem indicando o sucesso da remo\u00e7\u00e3o ser\u00e1 apresentada:<\/li>\n<\/ul>\n\n\n\n<figure class=\"wp-block-image aligncenter size-full\"><img loading=\"lazy\" decoding=\"async\" width=\"233\" height=\"39\" src=\"https:\/\/wiki.uepa.br\/wp-content\/uploads\/2025\/09\/removido_sucesso.png\" alt=\"\" class=\"wp-image-850\"\/><\/figure>\n","protected":false},"excerpt":{"rendered":"<p>As tarefas s\u00e3o as atividades que os professores do componente curricular podem disponibilizar para que os alunos pratiquem exerc\u00edcios sobre os conte\u00fados da disciplina fora da sala de aula. Cadastrar Tarefas Alterar Tarefas Avaliar Tarefas Enviadas Observa\u00e7\u00f5es: Para confirmar a remo\u00e7\u00e3o, clique em&nbsp;OK. A mensagem de sucesso a seguir ser\u00e1 gerada: Remover Tarefas<\/p>\n","protected":false},"author":1,"featured_media":0,"parent":140,"menu_order":0,"comment_status":"closed","ping_status":"closed","template":"","meta":{"_uag_custom_page_level_css":"","site-sidebar-layout":"default","site-content-layout":"","ast-site-content-layout":"","site-content-style":"default","site-sidebar-style":"default","ast-global-header-display":"","ast-banner-title-visibility":"","ast-main-header-display":"","ast-hfb-above-header-display":"","ast-hfb-below-header-display":"","ast-hfb-mobile-header-display":"","site-post-title":"","ast-breadcrumbs-content":"","ast-featured-img":"","footer-sml-layout":"","theme-transparent-header-meta":"","adv-header-id-meta":"","stick-header-meta":"","header-above-stick-meta":"","header-main-stick-meta":"","header-below-stick-meta":"","astra-migrate-meta-layouts":"","ast-page-background-enabled":"default","ast-page-background-meta":{"desktop":{"background-color":"var(--ast-global-color-4)","background-image":"","background-repeat":"repeat","background-position":"center center","background-size":"auto","background-attachment":"scroll","background-type":"","background-media":"","overlay-type":"","overlay-color":"","overlay-gradient":""},"tablet":{"background-color":"","background-image":"","background-repeat":"repeat","background-position":"center center","background-size":"auto","background-attachment":"scroll","background-type":"","background-media":"","overlay-type":"","overlay-color":"","overlay-gradient":""},"mobile":{"background-color":"","background-image":"","background-repeat":"repeat","background-position":"center center","background-size":"auto","background-attachment":"scroll","background-type":"","background-media":"","overlay-type":"","overlay-color":"","overlay-gradient":""}},"ast-content-background-meta":{"desktop":{"background-color":"var(--ast-global-color-5)","background-image":"","background-repeat":"repeat","background-position":"center center","background-size":"auto","background-attachment":"scroll","background-type":"","background-media":"","overlay-type":"","overlay-color":"","overlay-gradient":""},"tablet":{"background-color":"var(--ast-global-color-5)","background-image":"","background-repeat":"repeat","background-position":"center center","background-size":"auto","background-attachment":"scroll","background-type":"","background-media":"","overlay-type":"","overlay-color":"","overlay-gradient":""},"mobile":{"background-color":"var(--ast-global-color-5)","background-image":"","background-repeat":"repeat","background-position":"center center","background-size":"auto","background-attachment":"scroll","background-type":"","background-media":"","overlay-type":"","overlay-color":"","overlay-gradient":""}},"footnotes":""},"uagb_featured_image_src":{"full":false,"thumbnail":false,"medium":false,"medium_large":false,"large":false,"1536x1536":false,"2048x2048":false},"uagb_author_info":{"display_name":"adminsites@uepa.br","author_link":"https:\/\/wiki.uepa.br\/index.php\/author\/adminsitesuepa-br\/"},"uagb_comment_info":0,"uagb_excerpt":"As tarefas s\u00e3o as atividades que os professores do componente curricular podem disponibilizar para que os alunos pratiquem exerc\u00edcios sobre os conte\u00fados da disciplina fora da sala de aula. Cadastrar Tarefas Alterar Tarefas Avaliar Tarefas Enviadas Observa\u00e7\u00f5es: Para confirmar a remo\u00e7\u00e3o, clique em&nbsp;OK. A mensagem de sucesso a seguir ser\u00e1 gerada: Remover Tarefas","_links":{"self":[{"href":"https:\/\/wiki.uepa.br\/index.php\/wp-json\/wp\/v2\/pages\/167"}],"collection":[{"href":"https:\/\/wiki.uepa.br\/index.php\/wp-json\/wp\/v2\/pages"}],"about":[{"href":"https:\/\/wiki.uepa.br\/index.php\/wp-json\/wp\/v2\/types\/page"}],"author":[{"embeddable":true,"href":"https:\/\/wiki.uepa.br\/index.php\/wp-json\/wp\/v2\/users\/1"}],"replies":[{"embeddable":true,"href":"https:\/\/wiki.uepa.br\/index.php\/wp-json\/wp\/v2\/comments?post=167"}],"version-history":[{"count":3,"href":"https:\/\/wiki.uepa.br\/index.php\/wp-json\/wp\/v2\/pages\/167\/revisions"}],"predecessor-version":[{"id":852,"href":"https:\/\/wiki.uepa.br\/index.php\/wp-json\/wp\/v2\/pages\/167\/revisions\/852"}],"up":[{"embeddable":true,"href":"https:\/\/wiki.uepa.br\/index.php\/wp-json\/wp\/v2\/pages\/140"}],"wp:attachment":[{"href":"https:\/\/wiki.uepa.br\/index.php\/wp-json\/wp\/v2\/media?parent=167"}],"curies":[{"name":"wp","href":"https:\/\/api.w.org\/{rel}","templated":true}]}}