{"id":181,"date":"2024-02-20T14:42:48","date_gmt":"2024-02-20T14:42:48","guid":{"rendered":"https:\/\/wiki.uepa.br\/?page_id=181"},"modified":"2025-09-25T16:13:54","modified_gmt":"2025-09-25T16:13:54","slug":"gravar-tela-para-aula","status":"publish","type":"page","link":"https:\/\/wiki.uepa.br\/index.php\/turma-virtual-docente\/gravar-tela-para-aula\/","title":{"rendered":"Gravar tela para aula"},"content":{"rendered":"\n<h3 class=\"wp-block-heading has-text-align-center\" id=\"utilizando_o_site_apowersoft_para_gravacao_de_tela\">Utilizando o site APowerSoft para grava\u00e7\u00e3o de tela:<\/h3>\n\n\n\n<ul class=\"has-ast-global-color-8-color has-text-color has-link-color wp-elements-43542c29d82b2bb076e8839a456f9cdb\">\n<li><strong>Passo 01:<\/strong>&nbsp;Acesse o link&nbsp;<a href=\"https:\/\/www.apowersoft.com.br\/\">https:\/\/www.apowersoft.com.br\/<\/a>&nbsp;ou digite o site no seu navegador, em seguida v\u00e1 at\u00e9 a guia \u201cOnline\u201d e click na op\u00e7\u00e3o \u201cGravador de Tela Online\u201d.<\/li>\n<\/ul>\n\n\n\n<figure class=\"wp-block-image aligncenter size-large is-resized\"><img loading=\"lazy\" decoding=\"async\" width=\"1024\" height=\"515\" src=\"https:\/\/wiki.uepa.br\/wp-content\/uploads\/2025\/09\/gravatela_1-1024x515.jpg\" alt=\"\" class=\"wp-image-542\" style=\"width:600px\" srcset=\"https:\/\/wiki.uepa.br\/wp-content\/uploads\/2025\/09\/gravatela_1-1024x515.jpg 1024w, https:\/\/wiki.uepa.br\/wp-content\/uploads\/2025\/09\/gravatela_1-300x151.jpg 300w, https:\/\/wiki.uepa.br\/wp-content\/uploads\/2025\/09\/gravatela_1-768x386.jpg 768w, https:\/\/wiki.uepa.br\/wp-content\/uploads\/2025\/09\/gravatela_1.jpg 1433w\" sizes=\"(max-width: 1024px) 100vw, 1024px\" \/><\/figure>\n\n\n\n<ul class=\"has-ast-global-color-8-color has-text-color has-link-color wp-elements-ef04d0058176133ec255a0a08e2862b0\">\n<li><strong>Passo 02:<\/strong>&nbsp;Clique no bot\u00e3o \u201cCome\u00e7ar a Gravar\u201d.<\/li>\n<\/ul>\n\n\n\n<figure class=\"wp-block-image aligncenter size-large is-resized\"><img loading=\"lazy\" decoding=\"async\" width=\"1024\" height=\"543\" src=\"https:\/\/wiki.uepa.br\/wp-content\/uploads\/2025\/09\/gravatela_2-1024x543.jpg\" alt=\"\" class=\"wp-image-543\" style=\"width:599px\" srcset=\"https:\/\/wiki.uepa.br\/wp-content\/uploads\/2025\/09\/gravatela_2-1024x543.jpg 1024w, https:\/\/wiki.uepa.br\/wp-content\/uploads\/2025\/09\/gravatela_2-300x159.jpg 300w, https:\/\/wiki.uepa.br\/wp-content\/uploads\/2025\/09\/gravatela_2-768x407.jpg 768w, https:\/\/wiki.uepa.br\/wp-content\/uploads\/2025\/09\/gravatela_2.jpg 1431w\" sizes=\"(max-width: 1024px) 100vw, 1024px\" \/><\/figure>\n\n\n\n<ul class=\"has-ast-global-color-8-color has-text-color has-link-color wp-elements-66f59c6804c8da3dabf1b558fc4d11aa\">\n<li><strong>Passo 03:<\/strong>&nbsp;Clique na op\u00e7\u00e3o \u201cBaixar Launcher\u201d.<\/li>\n<\/ul>\n\n\n\n<figure class=\"wp-block-image aligncenter size-large is-resized\"><img loading=\"lazy\" decoding=\"async\" width=\"1024\" height=\"542\" src=\"https:\/\/wiki.uepa.br\/wp-content\/uploads\/2025\/09\/gravatela_3-1024x542.jpg\" alt=\"\" class=\"wp-image-545\" style=\"width:600px\" srcset=\"https:\/\/wiki.uepa.br\/wp-content\/uploads\/2025\/09\/gravatela_3-1024x542.jpg 1024w, https:\/\/wiki.uepa.br\/wp-content\/uploads\/2025\/09\/gravatela_3-300x159.jpg 300w, https:\/\/wiki.uepa.br\/wp-content\/uploads\/2025\/09\/gravatela_3-768x407.jpg 768w, https:\/\/wiki.uepa.br\/wp-content\/uploads\/2025\/09\/gravatela_3.jpg 1431w\" sizes=\"(max-width: 1024px) 100vw, 1024px\" \/><\/figure>\n\n\n\n<ul class=\"has-ast-global-color-8-color has-text-color has-link-color wp-elements-92694c8dc15412439fe0554071edd6ed\">\n<li><strong>Passo 04:<\/strong>&nbsp;Clique na op\u00e7\u00e3o \u201cExecutar\u201d para dar in\u00edcio \u00e0 instala\u00e7\u00e3o da ferramenta.<\/li>\n<\/ul>\n\n\n\n<figure class=\"wp-block-image aligncenter size-large is-resized\"><img loading=\"lazy\" decoding=\"async\" width=\"1024\" height=\"616\" src=\"https:\/\/wiki.uepa.br\/wp-content\/uploads\/2025\/09\/gravatela_4-1024x616.jpg\" alt=\"\" class=\"wp-image-546\" style=\"width:600px\" srcset=\"https:\/\/wiki.uepa.br\/wp-content\/uploads\/2025\/09\/gravatela_4-1024x616.jpg 1024w, https:\/\/wiki.uepa.br\/wp-content\/uploads\/2025\/09\/gravatela_4-300x180.jpg 300w, https:\/\/wiki.uepa.br\/wp-content\/uploads\/2025\/09\/gravatela_4-768x462.jpg 768w, https:\/\/wiki.uepa.br\/wp-content\/uploads\/2025\/09\/gravatela_4.jpg 1433w\" sizes=\"(max-width: 1024px) 100vw, 1024px\" \/><\/figure>\n\n\n\n<ul class=\"has-ast-global-color-8-color has-text-color has-link-color wp-elements-80652dd4350709ec5105eb2e6986ca1b\">\n<li>Aguarde a instala\u00e7\u00e3o ser conclu\u00edda.<\/li>\n<\/ul>\n\n\n\n<figure class=\"wp-block-image aligncenter size-large is-resized\"><img loading=\"lazy\" decoding=\"async\" width=\"1024\" height=\"541\" src=\"https:\/\/wiki.uepa.br\/wp-content\/uploads\/2025\/09\/gravatela_5-1024x541.jpg\" alt=\"\" class=\"wp-image-547\" style=\"width:600px\" srcset=\"https:\/\/wiki.uepa.br\/wp-content\/uploads\/2025\/09\/gravatela_5-1024x541.jpg 1024w, https:\/\/wiki.uepa.br\/wp-content\/uploads\/2025\/09\/gravatela_5-300x158.jpg 300w, https:\/\/wiki.uepa.br\/wp-content\/uploads\/2025\/09\/gravatela_5-768x405.jpg 768w, https:\/\/wiki.uepa.br\/wp-content\/uploads\/2025\/09\/gravatela_5.jpg 1432w\" sizes=\"(max-width: 1024px) 100vw, 1024px\" \/><\/figure>\n\n\n\n<ul class=\"has-ast-global-color-8-color has-text-color has-link-color wp-elements-4be90b8d2e1981701cd881860dd80710\">\n<li><strong>Passo 05:<\/strong>&nbsp;Ao final da instala\u00e7\u00e3o estar\u00e1 dispon\u00edvel a ferramenta de grava\u00e7\u00e3o, onde ser\u00e1 poss\u00edvel ajustar algumas configura\u00e7\u00f5es de acordo com as necessidades.<\/li>\n<\/ul>\n\n\n\n<figure class=\"wp-block-image aligncenter size-large is-resized\"><img loading=\"lazy\" decoding=\"async\" width=\"1024\" height=\"640\" src=\"https:\/\/wiki.uepa.br\/wp-content\/uploads\/2025\/09\/gravatela_6-1024x640.jpg\" alt=\"\" class=\"wp-image-552\" style=\"width:600px\" srcset=\"https:\/\/wiki.uepa.br\/wp-content\/uploads\/2025\/09\/gravatela_6-1024x640.jpg 1024w, https:\/\/wiki.uepa.br\/wp-content\/uploads\/2025\/09\/gravatela_6-300x188.jpg 300w, https:\/\/wiki.uepa.br\/wp-content\/uploads\/2025\/09\/gravatela_6-768x480.jpg 768w, https:\/\/wiki.uepa.br\/wp-content\/uploads\/2025\/09\/gravatela_6.jpg 1440w\" sizes=\"(max-width: 1024px) 100vw, 1024px\" \/><\/figure>\n\n\n\n<ul class=\"has-ast-global-color-8-color has-text-color has-link-color wp-elements-e6080975a8825abd90169c66d236648d\">\n<li><strong>Passo 06:<\/strong>&nbsp;\u00c9 poss\u00edvel escolher duas formas de gravar a tela. Uma delas \u00e9 a op\u00e7\u00e3o \u201cTela Inteira\u201d, onde toda a \u00e1rea da tela ser\u00e1 gravada.<\/li>\n<\/ul>\n\n\n\n<figure class=\"wp-block-image aligncenter size-large is-resized\"><img loading=\"lazy\" decoding=\"async\" width=\"1024\" height=\"640\" src=\"https:\/\/wiki.uepa.br\/wp-content\/uploads\/2025\/09\/gravatela_7-1024x640.jpg\" alt=\"\" class=\"wp-image-554\" style=\"width:600px\" srcset=\"https:\/\/wiki.uepa.br\/wp-content\/uploads\/2025\/09\/gravatela_7-1024x640.jpg 1024w, https:\/\/wiki.uepa.br\/wp-content\/uploads\/2025\/09\/gravatela_7-300x188.jpg 300w, https:\/\/wiki.uepa.br\/wp-content\/uploads\/2025\/09\/gravatela_7-768x480.jpg 768w, https:\/\/wiki.uepa.br\/wp-content\/uploads\/2025\/09\/gravatela_7.jpg 1440w\" sizes=\"(max-width: 1024px) 100vw, 1024px\" \/><\/figure>\n\n\n\n<ul class=\"has-ast-global-color-8-color has-text-color has-link-color wp-elements-026699b81ecdbc2e7fd71ae3299d227e\">\n<li>A outra op\u00e7\u00e3o, caso n\u00e3o seja do interesse gravar toda a tela, \u00e9 a de gravar apenas uma parte da tela. Para isto clique na op\u00e7\u00e3o \u201cRegi\u00e3o\u201d e ser\u00e1 poss\u00edvel delimitar a parte da tela a ser gravada.<\/li>\n<\/ul>\n\n\n\n<figure class=\"wp-block-image aligncenter size-large is-resized\"><img loading=\"lazy\" decoding=\"async\" width=\"1024\" height=\"541\" src=\"https:\/\/wiki.uepa.br\/wp-content\/uploads\/2025\/09\/gravatela_8-1024x541.jpg\" alt=\"\" class=\"wp-image-557\" style=\"width:600px\" srcset=\"https:\/\/wiki.uepa.br\/wp-content\/uploads\/2025\/09\/gravatela_8-1024x541.jpg 1024w, https:\/\/wiki.uepa.br\/wp-content\/uploads\/2025\/09\/gravatela_8-300x158.jpg 300w, https:\/\/wiki.uepa.br\/wp-content\/uploads\/2025\/09\/gravatela_8-768x406.jpg 768w, https:\/\/wiki.uepa.br\/wp-content\/uploads\/2025\/09\/gravatela_8.jpg 1428w\" sizes=\"(max-width: 1024px) 100vw, 1024px\" \/><\/figure>\n\n\n\n<ul class=\"has-ast-global-color-8-color has-text-color has-link-color wp-elements-f1c42e0eebefc412639644e5a85db503\">\n<li><strong>Passo 07:<\/strong>&nbsp;Defina as op\u00e7\u00f5es do \u00e1udio a ser gravado. Pode optar por gravar os \u201cSons do sistema\u201d (\u00e9 o som por exemplo uma m\u00fasica, um v\u00eddeo do youtube), apenas o som do \u201cMicrofone\u201d ou ambos, como \u00e9 poss\u00edvel ver na figura abaixo.<\/li>\n<\/ul>\n\n\n\n<figure class=\"wp-block-image aligncenter size-large is-resized\"><img loading=\"lazy\" decoding=\"async\" width=\"1024\" height=\"543\" src=\"https:\/\/wiki.uepa.br\/wp-content\/uploads\/2025\/09\/gravatela_9-1024x543.jpg\" alt=\"\" class=\"wp-image-559\" style=\"width:600px\" srcset=\"https:\/\/wiki.uepa.br\/wp-content\/uploads\/2025\/09\/gravatela_9-1024x543.jpg 1024w, https:\/\/wiki.uepa.br\/wp-content\/uploads\/2025\/09\/gravatela_9-300x159.jpg 300w, https:\/\/wiki.uepa.br\/wp-content\/uploads\/2025\/09\/gravatela_9-768x408.jpg 768w, https:\/\/wiki.uepa.br\/wp-content\/uploads\/2025\/09\/gravatela_9.jpg 1432w\" sizes=\"(max-width: 1024px) 100vw, 1024px\" \/><\/figure>\n\n\n\n<ul class=\"has-ast-global-color-8-color has-text-color has-link-color wp-elements-bbfc4ad6b0fcd77897e5322c4b847966\">\n<li><strong>Passo 08:<\/strong>&nbsp;\u00c9 poss\u00edvel ainda habilitar ou n\u00e3o a webcam do computador na op\u00e7\u00e3o \u201cWebcam\u201d. Caso seja habilitada, a ferramenta disponibilizar\u00e1 um pequeno quadro com a imagem a ser gravada, esse quadro pode ser movido de acordo a necessidade.<\/li>\n<\/ul>\n\n\n\n<figure class=\"wp-block-image aligncenter size-large is-resized\"><img loading=\"lazy\" decoding=\"async\" width=\"1024\" height=\"536\" src=\"https:\/\/wiki.uepa.br\/wp-content\/uploads\/2025\/09\/gravatela_10-1024x536.jpg\" alt=\"\" class=\"wp-image-563\" style=\"width:600px\" srcset=\"https:\/\/wiki.uepa.br\/wp-content\/uploads\/2025\/09\/gravatela_10-1024x536.jpg 1024w, https:\/\/wiki.uepa.br\/wp-content\/uploads\/2025\/09\/gravatela_10-300x157.jpg 300w, https:\/\/wiki.uepa.br\/wp-content\/uploads\/2025\/09\/gravatela_10-768x402.jpg 768w, https:\/\/wiki.uepa.br\/wp-content\/uploads\/2025\/09\/gravatela_10.jpg 1440w\" sizes=\"(max-width: 1024px) 100vw, 1024px\" \/><\/figure>\n\n\n\n<ul class=\"has-ast-global-color-8-color has-text-color has-link-color wp-elements-74c59813aaefe09758cc095d35293a40\">\n<li><strong>Passo 09:<\/strong>&nbsp;H\u00e1 algumas outras poss\u00edveis configura\u00e7\u00f5es, por\u00e9m o programa j\u00e1 tr\u00e1s as configura\u00e7\u00f5es mais utilizadas habilitadas, como o formato do v\u00eddeo em MP4, taxa de dados, etc.<\/li>\n<\/ul>\n\n\n\n<figure class=\"wp-block-image aligncenter size-large is-resized\"><img loading=\"lazy\" decoding=\"async\" width=\"1024\" height=\"541\" src=\"https:\/\/wiki.uepa.br\/wp-content\/uploads\/2025\/09\/gravatela_11-1024x541.jpg\" alt=\"\" class=\"wp-image-564\" style=\"width:600px\" srcset=\"https:\/\/wiki.uepa.br\/wp-content\/uploads\/2025\/09\/gravatela_11-1024x541.jpg 1024w, https:\/\/wiki.uepa.br\/wp-content\/uploads\/2025\/09\/gravatela_11-300x159.jpg 300w, https:\/\/wiki.uepa.br\/wp-content\/uploads\/2025\/09\/gravatela_11-768x406.jpg 768w, https:\/\/wiki.uepa.br\/wp-content\/uploads\/2025\/09\/gravatela_11.jpg 1434w\" sizes=\"(max-width: 1024px) 100vw, 1024px\" \/><\/figure>\n\n\n\n<ul class=\"has-ast-global-color-8-color has-text-color has-link-color wp-elements-415460888ac0d6e74b80a87c131f679c\">\n<li>Mas caso queira habilitar algumas outras op\u00e7\u00f5es como \u201cFazer bipe ao iniciar a grava\u00e7\u00e3o\u201d ou mudar o \u201cEstilo do Mouse\u201d, entre outras, basta acessar no menu (\u2026) e clicar na op\u00e7\u00e3o \u201cConfigura\u00e7\u00f5es\u201d, que abrir\u00e1 uma janela com estas op\u00e7\u00f5es conforme a figura a seguir.<\/li>\n<\/ul>\n\n\n\n<figure class=\"wp-block-image aligncenter size-large is-resized\"><img loading=\"lazy\" decoding=\"async\" width=\"1024\" height=\"541\" src=\"https:\/\/wiki.uepa.br\/wp-content\/uploads\/2025\/09\/gravatela_12-1024x541.jpg\" alt=\"\" class=\"wp-image-565\" style=\"width:600px\" srcset=\"https:\/\/wiki.uepa.br\/wp-content\/uploads\/2025\/09\/gravatela_12-1024x541.jpg 1024w, https:\/\/wiki.uepa.br\/wp-content\/uploads\/2025\/09\/gravatela_12-300x158.jpg 300w, https:\/\/wiki.uepa.br\/wp-content\/uploads\/2025\/09\/gravatela_12-768x406.jpg 768w, https:\/\/wiki.uepa.br\/wp-content\/uploads\/2025\/09\/gravatela_12.jpg 1428w\" sizes=\"(max-width: 1024px) 100vw, 1024px\" \/><\/figure>\n\n\n\n<ul class=\"has-ast-global-color-8-color has-text-color has-link-color wp-elements-e466cbf5dc1f41b1357897d8de15576d\">\n<li><strong>Passo 10:<\/strong>&nbsp;Realizadas todas as configura\u00e7\u00f5es, agora basta clicar no bot\u00e3o \u201cRec\u201d que a grava\u00e7\u00e3o ser\u00e1 iniciada. \u00c9 poss\u00edvel observar na figura abaixo que ap\u00f3s iniciar a grava\u00e7\u00e3o, a ferramenta disponibilizar\u00e1 uma pequena barra de controle.<\/li>\n<\/ul>\n\n\n\n<figure class=\"wp-block-image aligncenter size-large is-resized\"><img loading=\"lazy\" decoding=\"async\" width=\"1024\" height=\"550\" src=\"https:\/\/wiki.uepa.br\/wp-content\/uploads\/2025\/09\/gravatela_13-1024x550.jpg\" alt=\"\" class=\"wp-image-566\" style=\"width:600px\" srcset=\"https:\/\/wiki.uepa.br\/wp-content\/uploads\/2025\/09\/gravatela_13-1024x550.jpg 1024w, https:\/\/wiki.uepa.br\/wp-content\/uploads\/2025\/09\/gravatela_13-300x161.jpg 300w, https:\/\/wiki.uepa.br\/wp-content\/uploads\/2025\/09\/gravatela_13-768x413.jpg 768w, https:\/\/wiki.uepa.br\/wp-content\/uploads\/2025\/09\/gravatela_13.jpg 1440w\" sizes=\"(max-width: 1024px) 100vw, 1024px\" \/><\/figure>\n\n\n\n<ul class=\"has-ast-global-color-8-color has-text-color has-link-color wp-elements-440a33bddc0865cf6af4f264893a853e\">\n<li>Ela possui um controle do tempo da grava\u00e7\u00e3o, a op\u00e7\u00e3o pausar o v\u00eddeo e ainda uma ferramenta de edi\u00e7\u00e3o, caso queira fazer algum tipo de apontamento ou destacar algum ponto importante.<\/li>\n<\/ul>\n\n\n\n<figure class=\"wp-block-image aligncenter size-large is-resized\"><img loading=\"lazy\" decoding=\"async\" width=\"1024\" height=\"540\" src=\"https:\/\/wiki.uepa.br\/wp-content\/uploads\/2025\/09\/gravatela_14-1024x540.jpg\" alt=\"\" class=\"wp-image-567\" style=\"width:600px\" srcset=\"https:\/\/wiki.uepa.br\/wp-content\/uploads\/2025\/09\/gravatela_14-1024x540.jpg 1024w, https:\/\/wiki.uepa.br\/wp-content\/uploads\/2025\/09\/gravatela_14-300x158.jpg 300w, https:\/\/wiki.uepa.br\/wp-content\/uploads\/2025\/09\/gravatela_14-768x405.jpg 768w, https:\/\/wiki.uepa.br\/wp-content\/uploads\/2025\/09\/gravatela_14.jpg 1434w\" sizes=\"(max-width: 1024px) 100vw, 1024px\" \/><\/figure>\n\n\n\n<ul class=\"has-ast-global-color-8-color has-text-color has-link-color wp-elements-33d7ff979b8a30ab2f7e38e33b3a69f6\">\n<li><strong>Passo 11:<\/strong>&nbsp;Por fim, ap\u00f3s editar as configura\u00e7\u00f5es, as mesmas ficar\u00e3o gravadas, o que significa que as pr\u00f3ximas grava\u00e7\u00f5es iniciar\u00e3o com as configura\u00e7\u00f5es que foram definidas pelo usu\u00e1rio. \u00c9 necess\u00e1rio sempre acessar o site&nbsp;<a href=\"https:\/\/www.apowersoft.com.br\/gravador-de-tela-gratis\">https:\/\/www.apowersoft.com.br\/gravador-de-tela-gratis<\/a>&nbsp;para iniciar a ferramenta de grava\u00e7\u00e3o.<\/li>\n<\/ul>\n\n\n\n<hr class=\"wp-block-separator has-alpha-channel-opacity\"\/>\n\n\n\n<h3 class=\"wp-block-heading has-text-align-center\"><strong>OBSERVA\u00c7\u00d5ES:<\/strong><\/h3>\n\n\n\n<ol class=\"has-ast-global-color-8-color has-text-color has-link-color wp-elements-74ef9110bfcdb244d6ef73ac32454d35\">\n<li>A grava\u00e7\u00e3o ficar\u00e1 armazenada no pr\u00f3prio computador, na pasta Documentos \u00bb Apowersoft \u00bb Apowersoft Online Screen Recorder ou C:\\Users\\Admin\\Documents\\Apowersoft\\Apowersoft Online Screen Recorder.<\/li>\n\n\n\n<li>Em testes realizados foi poss\u00edvel fazer grava\u00e7\u00f5es com mais de uma hora e meia.<\/li>\n\n\n\n<li>Obras elaboradas com estas orienta\u00e7\u00f5es podem n\u00e3o estar sob dom\u00ednio p\u00fablico, respeitando-se a legisla\u00e7\u00e3o vigente, em particular o direito autoral com previs\u00e3o na Constitui\u00e7\u00e3o e na Lei Federal 9.610\/98.<\/li>\n<\/ol>\n\n\n\n<p class=\"has-text-align-center has-ast-global-color-8-color has-text-color has-link-color wp-elements-63e2118ca14d2d64659ec2721700b279\"><strong>Tutoriais em v\u00eddeo relacionados a ferramenta de grava\u00e7\u00e3o APowerSoft:<\/strong><\/p>\n\n\n\n<ul class=\"has-ast-global-color-8-color has-text-color has-link-color wp-elements-b90062f74593291ef04dab6c9e403386\">\n<li><a href=\"https:\/\/www.youtube.com\/watch?v=YyNStwGdHXA\">https:\/\/www.youtube.com\/watch?v=YyNStwGdHXA<\/a><\/li>\n\n\n\n<li><a href=\"https:\/\/www.youtube.com\/watch?v=-BhCYDT3RoU\">https:\/\/www.youtube.com\/watch?v=-BhCYDT3RoU<\/a><\/li>\n\n\n\n<li><a href=\"https:\/\/www.youtube.com\/watch?v=1KrHjLVxIW4\">https:\/\/www.youtube.com\/watch?v=1KrHjLVxIW4<\/a><\/li>\n<\/ul>\n","protected":false},"excerpt":{"rendered":"<p>Utilizando o site APowerSoft para grava\u00e7\u00e3o de tela: OBSERVA\u00c7\u00d5ES: Tutoriais em v\u00eddeo relacionados a ferramenta de grava\u00e7\u00e3o APowerSoft:<\/p>\n","protected":false},"author":1,"featured_media":0,"parent":140,"menu_order":0,"comment_status":"closed","ping_status":"closed","template":"","meta":{"_uag_custom_page_level_css":"","site-sidebar-layout":"default","site-content-layout":"","ast-site-content-layout":"","site-content-style":"default","site-sidebar-style":"default","ast-global-header-display":"","ast-banner-title-visibility":"","ast-main-header-display":"","ast-hfb-above-header-display":"","ast-hfb-below-header-display":"","ast-hfb-mobile-header-display":"","site-post-title":"","ast-breadcrumbs-content":"","ast-featured-img":"","footer-sml-layout":"","theme-transparent-header-meta":"","adv-header-id-meta":"","stick-header-meta":"","header-above-stick-meta":"","header-main-stick-meta":"","header-below-stick-meta":"","astra-migrate-meta-layouts":"","ast-page-background-enabled":"default","ast-page-background-meta":{"desktop":{"background-color":"var(--ast-global-color-4)","background-image":"","background-repeat":"repeat","background-position":"center center","background-size":"auto","background-attachment":"scroll","background-type":"","background-media":"","overlay-type":"","overlay-color":"","overlay-gradient":""},"tablet":{"background-color":"","background-image":"","background-repeat":"repeat","background-position":"center center","background-size":"auto","background-attachment":"scroll","background-type":"","background-media":"","overlay-type":"","overlay-color":"","overlay-gradient":""},"mobile":{"background-color":"","background-image":"","background-repeat":"repeat","background-position":"center center","background-size":"auto","background-attachment":"scroll","background-type":"","background-media":"","overlay-type":"","overlay-color":"","overlay-gradient":""}},"ast-content-background-meta":{"desktop":{"background-color":"var(--ast-global-color-5)","background-image":"","background-repeat":"repeat","background-position":"center center","background-size":"auto","background-attachment":"scroll","background-type":"","background-media":"","overlay-type":"","overlay-color":"","overlay-gradient":""},"tablet":{"background-color":"var(--ast-global-color-5)","background-image":"","background-repeat":"repeat","background-position":"center center","background-size":"auto","background-attachment":"scroll","background-type":"","background-media":"","overlay-type":"","overlay-color":"","overlay-gradient":""},"mobile":{"background-color":"var(--ast-global-color-5)","background-image":"","background-repeat":"repeat","background-position":"center center","background-size":"auto","background-attachment":"scroll","background-type":"","background-media":"","overlay-type":"","overlay-color":"","overlay-gradient":""}},"footnotes":""},"uagb_featured_image_src":{"full":false,"thumbnail":false,"medium":false,"medium_large":false,"large":false,"1536x1536":false,"2048x2048":false},"uagb_author_info":{"display_name":"adminsites@uepa.br","author_link":"https:\/\/wiki.uepa.br\/index.php\/author\/adminsitesuepa-br\/"},"uagb_comment_info":0,"uagb_excerpt":"Utilizando o site APowerSoft para grava\u00e7\u00e3o de tela: OBSERVA\u00c7\u00d5ES: Tutoriais em v\u00eddeo relacionados a ferramenta de grava\u00e7\u00e3o APowerSoft:","_links":{"self":[{"href":"https:\/\/wiki.uepa.br\/index.php\/wp-json\/wp\/v2\/pages\/181"}],"collection":[{"href":"https:\/\/wiki.uepa.br\/index.php\/wp-json\/wp\/v2\/pages"}],"about":[{"href":"https:\/\/wiki.uepa.br\/index.php\/wp-json\/wp\/v2\/types\/page"}],"author":[{"embeddable":true,"href":"https:\/\/wiki.uepa.br\/index.php\/wp-json\/wp\/v2\/users\/1"}],"replies":[{"embeddable":true,"href":"https:\/\/wiki.uepa.br\/index.php\/wp-json\/wp\/v2\/comments?post=181"}],"version-history":[{"count":3,"href":"https:\/\/wiki.uepa.br\/index.php\/wp-json\/wp\/v2\/pages\/181\/revisions"}],"predecessor-version":[{"id":568,"href":"https:\/\/wiki.uepa.br\/index.php\/wp-json\/wp\/v2\/pages\/181\/revisions\/568"}],"up":[{"embeddable":true,"href":"https:\/\/wiki.uepa.br\/index.php\/wp-json\/wp\/v2\/pages\/140"}],"wp:attachment":[{"href":"https:\/\/wiki.uepa.br\/index.php\/wp-json\/wp\/v2\/media?parent=181"}],"curies":[{"name":"wp","href":"https:\/\/api.w.org\/{rel}","templated":true}]}}