{"id":189,"date":"2024-02-20T15:27:28","date_gmt":"2024-02-20T15:27:28","guid":{"rendered":"https:\/\/wiki.uepa.br\/?page_id=189"},"modified":"2025-09-25T16:07:33","modified_gmt":"2025-09-25T16:07:33","slug":"solicitar-cadastro-de-banca-tcc","status":"publish","type":"page","link":"https:\/\/wiki.uepa.br\/index.php\/fluxo-para-cadastro-e-consolidacao-de-banca-do-tcc\/solicitar-cadastro-de-banca-tcc\/","title":{"rendered":"Solicitar Cadastro de Banca TCC"},"content":{"rendered":"\n<ul class=\"has-ast-global-color-8-color has-text-color has-link-color wp-elements-5fb29c7f2f9f91df7f9d4b201153c7bd\">\n<li>Para solicitar o cadastro de banca do TCC, acesse o SIGAA UEPA \u00bb M\u00f3dulos \u00bb Portal do Docente\u00bb Ensino \u00bb Orienta\u00e7\u00e3o Acad\u00eamica &#8211; Gradua\u00e7\u00e3o \u00bb Trabalho de Conclus\u00e3o de Curso \u00bb Solicitar Cadastro de Banca.<\/li>\n<\/ul>\n\n\n\n<figure class=\"wp-block-image aligncenter size-full\"><img loading=\"lazy\" decoding=\"async\" width=\"703\" height=\"253\" src=\"https:\/\/wiki.uepa.br\/wp-content\/uploads\/2025\/09\/solicitar_cadastro_banca-1.png\" alt=\"\" class=\"wp-image-507\" srcset=\"https:\/\/wiki.uepa.br\/wp-content\/uploads\/2025\/09\/solicitar_cadastro_banca-1.png 703w, https:\/\/wiki.uepa.br\/wp-content\/uploads\/2025\/09\/solicitar_cadastro_banca-1-300x108.png 300w\" sizes=\"(max-width: 703px) 100vw, 703px\" \/><\/figure>\n\n\n\n<ul class=\"has-ast-global-color-8-color has-text-color has-link-color wp-elements-5e219b6273b270d648ce9c1b60bc155e\">\n<li>Ao clicar em&nbsp;<strong>Solicitar Cadastro de Banca<\/strong>, uma tela ser\u00e1 exibida com a lista de orientandos pendentes de cadastro de banca de defesa.<\/li>\n<\/ul>\n\n\n\n<figure class=\"wp-block-image aligncenter size-full\"><img loading=\"lazy\" decoding=\"async\" width=\"984\" height=\"195\" src=\"https:\/\/wiki.uepa.br\/wp-content\/uploads\/2025\/09\/solicitar_cadastro_banca1.png\" alt=\"\" class=\"wp-image-508\" srcset=\"https:\/\/wiki.uepa.br\/wp-content\/uploads\/2025\/09\/solicitar_cadastro_banca1.png 984w, https:\/\/wiki.uepa.br\/wp-content\/uploads\/2025\/09\/solicitar_cadastro_banca1-300x59.png 300w, https:\/\/wiki.uepa.br\/wp-content\/uploads\/2025\/09\/solicitar_cadastro_banca1-768x152.png 768w\" sizes=\"(max-width: 984px) 100vw, 984px\" \/><\/figure>\n\n\n\n<ul class=\"has-ast-global-color-8-color has-text-color has-link-color wp-elements-cb0dade00678c094f0bbf3c1eb05936a\">\n<li>Clique no \u00edcone&nbsp;<a href=\"https:\/\/ewiki.uepa.br\/lib\/exe\/detail.php?id=docentes%3Asolicitar_cadastro_de_banca_tcc&amp;media=servidor:coordenador_de_curso:icone_solicitar_cadastro_de_banca.png\"><\/a>&nbsp;para solicitar o cadastro da banca de defesa de um discente.<\/li>\n\n\n\n<li>O sistema exibir\u00e1 uma tela para que sejam cadastradas as informa\u00e7\u00f5es sobre o Trabalho:<\/li>\n<\/ul>\n\n\n\n<figure class=\"wp-block-image aligncenter size-full is-resized\"><img loading=\"lazy\" decoding=\"async\" width=\"959\" height=\"639\" src=\"https:\/\/wiki.uepa.br\/wp-content\/uploads\/2025\/09\/solicitar_cadastro_banca2.png\" alt=\"\" class=\"wp-image-510\" style=\"width:600px\" srcset=\"https:\/\/wiki.uepa.br\/wp-content\/uploads\/2025\/09\/solicitar_cadastro_banca2.png 959w, https:\/\/wiki.uepa.br\/wp-content\/uploads\/2025\/09\/solicitar_cadastro_banca2-300x200.png 300w, https:\/\/wiki.uepa.br\/wp-content\/uploads\/2025\/09\/solicitar_cadastro_banca2-768x512.png 768w\" sizes=\"(max-width: 959px) 100vw, 959px\" \/><\/figure>\n\n\n\n<ul class=\"has-ast-global-color-8-color has-text-color has-link-color wp-elements-e64620ea0135b7848219f74fc5205b10\">\n<li>O docente dever\u00e1 fornecer as seguinte informa\u00e7\u00f5es:\n<ul>\n<li>Atividade Matriculada&nbsp;<em>(Campo Obrigat\u00f3rio)<\/em>;<\/li>\n\n\n\n<li>Tipo de Trabalho de Conclus\u00e3o&nbsp;<em>(Campo Obrigat\u00f3rio)<\/em>;<\/li>\n\n\n\n<li>Ag\u00eancia Financiadora;<\/li>\n\n\n\n<li>Local&nbsp;<em>(Campo Obrigat\u00f3rio)<\/em>;<\/li>\n\n\n\n<li>T\u00edtulo do trabalho&nbsp;<em>(Campo Obrigat\u00f3rio)<\/em>.<\/li>\n\n\n\n<li>Palavras-chave;<\/li>\n\n\n\n<li>P\u00e1ginas;<\/li>\n\n\n\n<li>Grande \u00c1rea;<\/li>\n\n\n\n<li>\u00c1rea;<\/li>\n\n\n\n<li>Resumo;<\/li>\n\n\n\n<li>Observa\u00e7\u00e3o;<\/li>\n\n\n\n<li>Local<\/li>\n\n\n\n<li>Data e Hora da sua realiza\u00e7\u00e3o.<\/li>\n<\/ul>\n<\/li>\n\n\n\n<li><strong>Observa\u00e7\u00e3o:<\/strong>&nbsp;\u00c9 importante ressaltar que o nome do trabalho aparecer\u00e1 no hist\u00f3rico do discente.<\/li>\n\n\n\n<li>Ap\u00f3s inserir as informa\u00e7\u00f5es clique em&nbsp;<strong>Pr\u00f3ximo Passo \u00bb<\/strong>. Uma tela para adicionar os membros que participar\u00e3o da banca ser\u00e1 exibida.<\/li>\n<\/ul>\n\n\n\n<figure class=\"wp-block-image aligncenter size-full\"><img loading=\"lazy\" decoding=\"async\" width=\"984\" height=\"215\" src=\"https:\/\/wiki.uepa.br\/wp-content\/uploads\/2025\/09\/solicitar_cadastro_banca3.png\" alt=\"\" class=\"wp-image-511\" srcset=\"https:\/\/wiki.uepa.br\/wp-content\/uploads\/2025\/09\/solicitar_cadastro_banca3.png 984w, https:\/\/wiki.uepa.br\/wp-content\/uploads\/2025\/09\/solicitar_cadastro_banca3-300x66.png 300w, https:\/\/wiki.uepa.br\/wp-content\/uploads\/2025\/09\/solicitar_cadastro_banca3-768x168.png 768w\" sizes=\"(max-width: 984px) 100vw, 984px\" \/><\/figure>\n\n\n\n<ul class=\"has-ast-global-color-8-color has-text-color has-link-color wp-elements-1d6cf10ef24bccd86f51fa7ab6a152fc\">\n<li>O usu\u00e1rio dever\u00e1 selecionar o filtro correto, o sistema apresentar\u00e1 os seguinte filtros:\n<ul>\n<li><strong>Examinador Docente Interno<\/strong>, podendo escolher entre:\n<ul>\n<li>Todos da UEPA;<\/li>\n\n\n\n<li>Somente da minha unidade.<\/li>\n<\/ul>\n<\/li>\n\n\n\n<li><strong>Examinador Externo \u00e0 Institui\u00e7\u00e3o<\/strong>.<\/li>\n<\/ul>\n<\/li>\n\n\n\n<li>Durante a digita\u00e7\u00e3o do nome do docente que participar\u00e1 da banca de defesa, o sistema realizar\u00e1 a busca pelo docente, quando o mesmo aparecer na listagem, clique no nome do docente desejado.<\/li>\n\n\n\n<li>Depois, basta clicar em&nbsp;<strong>Adicionar Membro<\/strong>. O nome do docente adicionado dever\u00e1 aparecer logo abaixo na listagem dos membros.<\/li>\n<\/ul>\n\n\n\n<figure class=\"wp-block-image aligncenter size-full\"><img loading=\"lazy\" decoding=\"async\" width=\"984\" height=\"373\" src=\"https:\/\/wiki.uepa.br\/wp-content\/uploads\/2025\/09\/solicitar_cadastro_banca3.1.png\" alt=\"\" class=\"wp-image-513\" srcset=\"https:\/\/wiki.uepa.br\/wp-content\/uploads\/2025\/09\/solicitar_cadastro_banca3.1.png 984w, https:\/\/wiki.uepa.br\/wp-content\/uploads\/2025\/09\/solicitar_cadastro_banca3.1-300x114.png 300w, https:\/\/wiki.uepa.br\/wp-content\/uploads\/2025\/09\/solicitar_cadastro_banca3.1-768x291.png 768w\" sizes=\"(max-width: 984px) 100vw, 984px\" \/><\/figure>\n\n\n\n<ul class=\"has-ast-global-color-8-color has-text-color has-link-color wp-elements-6bb4b334e02b0705e50423665ba579d3\">\n<li>Caso queira remover o membro j\u00e1 adicionado na listagem, clique no \u00edcone&nbsp;<a href=\"https:\/\/ewiki.uepa.br\/lib\/exe\/detail.php?id=docentes%3Asolicitar_cadastro_de_banca_tcc&amp;media=docentes:turma_virtual:lixeira.png\"><\/a>.<\/li>\n\n\n\n<li>Caso tenha terminado de adicionar membros \u00e0 banca de defesa, clique em&nbsp;<strong>Pr\u00f3ximo Passo\u00bb<\/strong>.<\/li>\n\n\n\n<li>O sistema exibir\u00e1 uma tela com as informa\u00e7\u00f5es cadastradas da banca para serem confirmadas:<\/li>\n<\/ul>\n\n\n\n<figure class=\"wp-block-image aligncenter size-full is-resized\"><img loading=\"lazy\" decoding=\"async\" width=\"793\" height=\"494\" src=\"https:\/\/wiki.uepa.br\/wp-content\/uploads\/2025\/09\/solicitar_cadastro_banca4.png\" alt=\"\" class=\"wp-image-515\" style=\"width:598px\" srcset=\"https:\/\/wiki.uepa.br\/wp-content\/uploads\/2025\/09\/solicitar_cadastro_banca4.png 793w, https:\/\/wiki.uepa.br\/wp-content\/uploads\/2025\/09\/solicitar_cadastro_banca4-300x187.png 300w, https:\/\/wiki.uepa.br\/wp-content\/uploads\/2025\/09\/solicitar_cadastro_banca4-768x478.png 768w\" sizes=\"(max-width: 793px) 100vw, 793px\" \/><\/figure>\n\n\n\n<ul class=\"has-ast-global-color-8-color has-text-color has-link-color wp-elements-d36c7e7165cc8e2962160e250dc89976\">\n<li>Verifique se os dados informados est\u00e3o corretos e clique&nbsp;<strong>Confirmar<\/strong>.<\/li>\n\n\n\n<li>Uma mensagem de opera\u00e7\u00e3o foi realizada com sucesso ser\u00e1 exibida:<\/li>\n<\/ul>\n\n\n\n<figure class=\"wp-block-image aligncenter size-full\"><img loading=\"lazy\" decoding=\"async\" width=\"293\" height=\"51\" src=\"https:\/\/wiki.uepa.br\/wp-content\/uploads\/2025\/09\/operacao_realiz_com_sucesso.png\" alt=\"\" class=\"wp-image-517\"\/><\/figure>\n\n\n\n<ul class=\"has-ast-global-color-8-color has-text-color has-link-color wp-elements-cba195ca9e04971871c8394d15623667\">\n<li>E o&nbsp;<em>status<\/em>&nbsp;da banca cadastrada ficar\u00e1 como&nbsp;<strong>SOLICITADA<\/strong>, pois ainda necessita de aprova\u00e7\u00e3o da coordena\u00e7\u00e3o do curso.<\/li>\n<\/ul>\n\n\n\n<figure class=\"wp-block-image aligncenter size-full\"><img loading=\"lazy\" decoding=\"async\" width=\"980\" height=\"179\" src=\"https:\/\/wiki.uepa.br\/wp-content\/uploads\/2025\/09\/solicitar_cadastro_banca5.png\" alt=\"\" class=\"wp-image-518\" srcset=\"https:\/\/wiki.uepa.br\/wp-content\/uploads\/2025\/09\/solicitar_cadastro_banca5.png 980w, https:\/\/wiki.uepa.br\/wp-content\/uploads\/2025\/09\/solicitar_cadastro_banca5-300x55.png 300w, https:\/\/wiki.uepa.br\/wp-content\/uploads\/2025\/09\/solicitar_cadastro_banca5-768x140.png 768w\" sizes=\"(max-width: 980px) 100vw, 980px\" \/><\/figure>\n","protected":false},"excerpt":{"rendered":"","protected":false},"author":1,"featured_media":0,"parent":187,"menu_order":0,"comment_status":"closed","ping_status":"closed","template":"","meta":{"_uag_custom_page_level_css":"","site-sidebar-layout":"default","site-content-layout":"","ast-site-content-layout":"","site-content-style":"default","site-sidebar-style":"default","ast-global-header-display":"","ast-banner-title-visibility":"","ast-main-header-display":"","ast-hfb-above-header-display":"","ast-hfb-below-header-display":"","ast-hfb-mobile-header-display":"","site-post-title":"","ast-breadcrumbs-content":"","ast-featured-img":"","footer-sml-layout":"","theme-transparent-header-meta":"","adv-header-id-meta":"","stick-header-meta":"","header-above-stick-meta":"","header-main-stick-meta":"","header-below-stick-meta":"","astra-migrate-meta-layouts":"","ast-page-background-enabled":"default","ast-page-background-meta":{"desktop":{"background-color":"var(--ast-global-color-4)","background-image":"","background-repeat":"repeat","background-position":"center center","background-size":"auto","background-attachment":"scroll","background-type":"","background-media":"","overlay-type":"","overlay-color":"","overlay-gradient":""},"tablet":{"background-color":"","background-image":"","background-repeat":"repeat","background-position":"center center","background-size":"auto","background-attachment":"scroll","background-type":"","background-media":"","overlay-type":"","overlay-color":"","overlay-gradient":""},"mobile":{"background-color":"","background-image":"","background-repeat":"repeat","background-position":"center center","background-size":"auto","background-attachment":"scroll","background-type":"","background-media":"","overlay-type":"","overlay-color":"","overlay-gradient":""}},"ast-content-background-meta":{"desktop":{"background-color":"var(--ast-global-color-5)","background-image":"","background-repeat":"repeat","background-position":"center center","background-size":"auto","background-attachment":"scroll","background-type":"","background-media":"","overlay-type":"","overlay-color":"","overlay-gradient":""},"tablet":{"background-color":"var(--ast-global-color-5)","background-image":"","background-repeat":"repeat","background-position":"center center","background-size":"auto","background-attachment":"scroll","background-type":"","background-media":"","overlay-type":"","overlay-color":"","overlay-gradient":""},"mobile":{"background-color":"var(--ast-global-color-5)","background-image":"","background-repeat":"repeat","background-position":"center center","background-size":"auto","background-attachment":"scroll","background-type":"","background-media":"","overlay-type":"","overlay-color":"","overlay-gradient":""}},"footnotes":""},"uagb_featured_image_src":{"full":false,"thumbnail":false,"medium":false,"medium_large":false,"large":false,"1536x1536":false,"2048x2048":false},"uagb_author_info":{"display_name":"adminsites@uepa.br","author_link":"https:\/\/wiki.uepa.br\/index.php\/author\/adminsitesuepa-br\/"},"uagb_comment_info":0,"uagb_excerpt":null,"_links":{"self":[{"href":"https:\/\/wiki.uepa.br\/index.php\/wp-json\/wp\/v2\/pages\/189"}],"collection":[{"href":"https:\/\/wiki.uepa.br\/index.php\/wp-json\/wp\/v2\/pages"}],"about":[{"href":"https:\/\/wiki.uepa.br\/index.php\/wp-json\/wp\/v2\/types\/page"}],"author":[{"embeddable":true,"href":"https:\/\/wiki.uepa.br\/index.php\/wp-json\/wp\/v2\/users\/1"}],"replies":[{"embeddable":true,"href":"https:\/\/wiki.uepa.br\/index.php\/wp-json\/wp\/v2\/comments?post=189"}],"version-history":[{"count":3,"href":"https:\/\/wiki.uepa.br\/index.php\/wp-json\/wp\/v2\/pages\/189\/revisions"}],"predecessor-version":[{"id":519,"href":"https:\/\/wiki.uepa.br\/index.php\/wp-json\/wp\/v2\/pages\/189\/revisions\/519"}],"up":[{"embeddable":true,"href":"https:\/\/wiki.uepa.br\/index.php\/wp-json\/wp\/v2\/pages\/187"}],"wp:attachment":[{"href":"https:\/\/wiki.uepa.br\/index.php\/wp-json\/wp\/v2\/media?parent=189"}],"curies":[{"name":"wp","href":"https:\/\/api.w.org\/{rel}","templated":true}]}}