{"id":211,"date":"2024-02-20T16:43:15","date_gmt":"2024-02-20T16:43:15","guid":{"rendered":"https:\/\/wiki.uepa.br\/?page_id=211"},"modified":"2025-09-25T16:13:32","modified_gmt":"2025-09-25T16:13:32","slug":"criar-turma","status":"publish","type":"page","link":"https:\/\/wiki.uepa.br\/index.php\/coordenador-de-curso\/criar-turma\/","title":{"rendered":"Criar Turma"},"content":{"rendered":"\n<p class=\"has-text-align-center has-ast-global-color-8-color has-text-color has-link-color wp-elements-70805a8a4a2b6b69fcb88a1c41c606c4\">Esta funcionalidade permite ao Coordenador de Curso criar uma nova turma para um componente curricular cadastrado no sistema.<\/p>\n\n\n\n<p class=\"has-text-align-center has-ast-global-color-8-color has-text-color has-link-color wp-elements-6fde1a1ebe7a5ec45e34457a208e9f88\"><strong>OBSERVA\u00c7\u00c3O 1:<\/strong>&nbsp;Antes de criar uma turma, o coordenador deve verificar se o curso em que est\u00e1 logado \u00e9 o mesmo em que pretente criar a nova turma. Exemplo do Curso Tecnologia em An\u00e1lise e Desenvolvimento de Sistema &#8211; Castanhal\/CCNT:<\/p>\n\n\n\n<figure class=\"wp-block-image aligncenter size-full is-resized\"><img loading=\"lazy\" decoding=\"async\" width=\"600\" height=\"385\" src=\"https:\/\/wiki.uepa.br\/wp-content\/uploads\/2025\/09\/portal_coord_graduacao.png\" alt=\"\" class=\"wp-image-521\" style=\"width:600px\" srcset=\"https:\/\/wiki.uepa.br\/wp-content\/uploads\/2025\/09\/portal_coord_graduacao.png 600w, https:\/\/wiki.uepa.br\/wp-content\/uploads\/2025\/09\/portal_coord_graduacao-300x193.png 300w\" sizes=\"(max-width: 600px) 100vw, 600px\" \/><\/figure>\n\n\n\n<p class=\"has-text-align-center has-ast-global-color-8-color has-text-color has-link-color wp-elements-ae9bd7e4199d58eed9a6327888854b45\"><strong>OBSERVA\u00c7\u00c3O 2:<\/strong>&nbsp;Caso queira trocar de curso, clique em&nbsp;<strong>MUDAR DE CURSO<\/strong>. O sistema exibir\u00e1 a lista de cursos de sua referida coordena\u00e7\u00e3o.<\/p>\n\n\n\n<figure class=\"wp-block-image aligncenter size-full is-resized\"><img loading=\"lazy\" decoding=\"async\" width=\"600\" height=\"382\" src=\"https:\/\/wiki.uepa.br\/wp-content\/uploads\/2025\/09\/portal_coord_graduacao1.png\" alt=\"\" class=\"wp-image-522\" style=\"width:600px\" srcset=\"https:\/\/wiki.uepa.br\/wp-content\/uploads\/2025\/09\/portal_coord_graduacao1.png 600w, https:\/\/wiki.uepa.br\/wp-content\/uploads\/2025\/09\/portal_coord_graduacao1-300x191.png 300w\" sizes=\"(max-width: 600px) 100vw, 600px\" \/><\/figure>\n\n\n\n<p class=\"has-text-align-center has-ast-global-color-8-color has-text-color has-link-color wp-elements-970986720e61bb17ccfa40c274aa9491\">Agora, basta clicar no curso que deseja trocar.<\/p>\n\n\n\n<figure class=\"wp-block-image aligncenter size-full\"><img loading=\"lazy\" decoding=\"async\" width=\"300\" height=\"395\" src=\"https:\/\/wiki.uepa.br\/wp-content\/uploads\/2025\/09\/portal_coord_graduacao2.png\" alt=\"\" class=\"wp-image-524\" srcset=\"https:\/\/wiki.uepa.br\/wp-content\/uploads\/2025\/09\/portal_coord_graduacao2.png 300w, https:\/\/wiki.uepa.br\/wp-content\/uploads\/2025\/09\/portal_coord_graduacao2-228x300.png 228w\" sizes=\"(max-width: 300px) 100vw, 300px\" \/><\/figure>\n\n\n\n<hr class=\"wp-block-separator has-alpha-channel-opacity\"\/>\n\n\n\n<h3 class=\"wp-block-heading has-text-align-center\" id=\"passo_1criar_turma\"><strong>Passo 1: Criar Turma<\/strong><\/h3>\n\n\n\n<ul class=\"has-ast-global-color-8-color has-text-color has-link-color wp-elements-0e6b840146e98a727c66d35035b4645e\">\n<li><strong>Para criar turma<\/strong>, acesse o SIGAA-UEPA \u00bb M\u00f3dulos \u00bb Portal Coord. Gradua\u00e7\u00e3o \u00bb Turmas \u00bb Criar Turma.<\/li>\n<\/ul>\n\n\n\n<figure class=\"wp-block-image aligncenter size-full\"><img loading=\"lazy\" decoding=\"async\" width=\"400\" height=\"208\" src=\"https:\/\/wiki.uepa.br\/wp-content\/uploads\/2025\/09\/criar_turma_coord_curso.png\" alt=\"\" class=\"wp-image-525\" srcset=\"https:\/\/wiki.uepa.br\/wp-content\/uploads\/2025\/09\/criar_turma_coord_curso.png 400w, https:\/\/wiki.uepa.br\/wp-content\/uploads\/2025\/09\/criar_turma_coord_curso-300x156.png 300w\" sizes=\"(max-width: 400px) 100vw, 400px\" \/><\/figure>\n\n\n\n<ul class=\"has-ast-global-color-8-color has-text-color has-link-color wp-elements-90dbb12fe39955bea98e3ee2ac8982c6\">\n<li>Ao clicar em&nbsp;<strong>Criar Turma<\/strong>, uma tela com a lista de todos os componetes curriculares presentes no curso ser\u00e1 exibida:<\/li>\n<\/ul>\n\n\n\n<figure class=\"wp-block-image aligncenter size-full\"><img loading=\"lazy\" decoding=\"async\" width=\"641\" height=\"309\" src=\"https:\/\/wiki.uepa.br\/wp-content\/uploads\/2025\/09\/image-22.png\" alt=\"\" class=\"wp-image-527\" srcset=\"https:\/\/wiki.uepa.br\/wp-content\/uploads\/2025\/09\/image-22.png 641w, https:\/\/wiki.uepa.br\/wp-content\/uploads\/2025\/09\/image-22-300x145.png 300w\" sizes=\"(max-width: 641px) 100vw, 641px\" \/><\/figure>\n\n\n\n<h3 class=\"wp-block-heading has-text-align-center\" id=\"passo_2inserir_dados_gerais_sobre_a_turma\"><strong>Passo 2: Inserir dados gerais sobre a Turma<\/strong><\/h3>\n\n\n\n<p class=\"has-text-align-center\">O sistema exibir\u00e1 uma tela solicitando os seguintes dados:<\/p>\n\n\n\n<ul class=\"has-ast-global-color-8-color has-text-color has-link-color wp-elements-01476a9705c6a7f3de977b3bb9589944\">\n<li>Tipo da Turma (REGULAR ou REPOSI\u00c7\u00c3O);<\/li>\n\n\n\n<li>Modalidade;<\/li>\n\n\n\n<li>Ano-Per\u00edodo;<\/li>\n\n\n\n<li>Campus;<\/li>\n\n\n\n<li>Capacidade de Alunos;<\/li>\n\n\n\n<li>Local.<\/li>\n<\/ul>\n\n\n\n<figure class=\"wp-block-image aligncenter size-full\"><img loading=\"lazy\" decoding=\"async\" width=\"600\" height=\"317\" src=\"https:\/\/wiki.uepa.br\/wp-content\/uploads\/2025\/09\/criar_turma_coord_curso2-1.png\" alt=\"\" class=\"wp-image-528\" srcset=\"https:\/\/wiki.uepa.br\/wp-content\/uploads\/2025\/09\/criar_turma_coord_curso2-1.png 600w, https:\/\/wiki.uepa.br\/wp-content\/uploads\/2025\/09\/criar_turma_coord_curso2-1-300x159.png 300w\" sizes=\"(max-width: 600px) 100vw, 600px\" \/><\/figure>\n\n\n\n<ul class=\"has-ast-global-color-8-color has-text-color has-link-color wp-elements-33f0d597877cc3cdb6eb2b5b45761876\">\n<li>Ap\u00f3s inserir os dados, clique em Pr\u00f3ximo&nbsp;<strong>Passo \u00bb<\/strong>.<\/li>\n<\/ul>\n\n\n\n<h3 class=\"wp-block-heading has-text-align-center\" id=\"passo_3definir_horarios\"><strong>Passo 3: Definir Hor\u00e1rios<\/strong><\/h3>\n\n\n\n<ul class=\"has-ast-global-color-8-color has-text-color has-link-color wp-elements-1e271dc26b1a6cfa0dec510b41190d81\">\n<li>O sistema apresentar\u00e1 uma tela para que o usu\u00e1rio possa definir os hor\u00e1rios da turma:<\/li>\n<\/ul>\n\n\n\n<figure class=\"wp-block-image aligncenter size-full is-resized\"><img loading=\"lazy\" decoding=\"async\" width=\"600\" height=\"575\" src=\"https:\/\/wiki.uepa.br\/wp-content\/uploads\/2025\/09\/criar_turma_coord_curso3.png\" alt=\"\" class=\"wp-image-532\" style=\"width:500px\" srcset=\"https:\/\/wiki.uepa.br\/wp-content\/uploads\/2025\/09\/criar_turma_coord_curso3.png 600w, https:\/\/wiki.uepa.br\/wp-content\/uploads\/2025\/09\/criar_turma_coord_curso3-300x288.png 300w\" sizes=\"(max-width: 600px) 100vw, 600px\" \/><\/figure>\n\n\n\n<ul class=\"has-ast-global-color-8-color has-text-color has-link-color wp-elements-4802d59a0ce9b61563b0b69442205c5b\">\n<li>Na se\u00e7\u00e3o&nbsp;<strong>In\u00edcio e Fim do Hor\u00e1rio<\/strong>, o usu\u00e1rio poder\u00e1 definir o per\u00edodo do hor\u00e1rio, inserindo manualmente ou clicando em&nbsp;<em>Usar o mesmo per\u00edodo da Turma<\/em>.<\/li>\n<\/ul>\n\n\n\n<figure class=\"wp-block-image aligncenter size-full\"><img loading=\"lazy\" decoding=\"async\" width=\"600\" height=\"47\" src=\"https:\/\/wiki.uepa.br\/wp-content\/uploads\/2025\/09\/criar_turma_coord_curso3.1.png\" alt=\"\" class=\"wp-image-533\" srcset=\"https:\/\/wiki.uepa.br\/wp-content\/uploads\/2025\/09\/criar_turma_coord_curso3.1.png 600w, https:\/\/wiki.uepa.br\/wp-content\/uploads\/2025\/09\/criar_turma_coord_curso3.1-300x24.png 300w\" sizes=\"(max-width: 600px) 100vw, 600px\" \/><\/figure>\n\n\n\n<ul class=\"has-ast-global-color-8-color has-text-color has-link-color wp-elements-9f1322673d62c45c91efcc3597491cf1\">\n<li>Na se\u00e7\u00e3o&nbsp;<strong>Grade de Hor\u00e1rios<\/strong>, o usu\u00e1rio poder\u00e1 definir os hor\u00e1rios em que o componente curricular ser\u00e1 ministrado. Isso poder\u00e1 ser feito clicando nos espa\u00e7os correspondentes, ou usando a&nbsp;<em>Express\u00e3o do Hor\u00e1rio<\/em>.\n<ul>\n<li>A&nbsp;<em>Express\u00e3o do Hor\u00e1rio<\/em>&nbsp;\u00e9 composta por: dias da semana (1 a 7), turno (M, T, N), hor\u00e1rio (1 a 6). Exemplo:&nbsp;<strong>246M12<\/strong>. Depois de digitar a express\u00e3o, clique em&nbsp;<strong>Atualizar Grade de Hor\u00e1rios<\/strong>, o sistema automaticamente selecionar\u00e1 os espa\u00e7os correspondentes.<\/li>\n<\/ul>\n<\/li>\n<\/ul>\n\n\n\n<figure class=\"wp-block-image aligncenter size-full\"><img loading=\"lazy\" decoding=\"async\" width=\"600\" height=\"168\" src=\"https:\/\/wiki.uepa.br\/wp-content\/uploads\/2025\/09\/criar_turma_coord_curso3.2.png\" alt=\"\" class=\"wp-image-534\" srcset=\"https:\/\/wiki.uepa.br\/wp-content\/uploads\/2025\/09\/criar_turma_coord_curso3.2.png 600w, https:\/\/wiki.uepa.br\/wp-content\/uploads\/2025\/09\/criar_turma_coord_curso3.2-300x84.png 300w\" sizes=\"(max-width: 600px) 100vw, 600px\" \/><\/figure>\n\n\n\n<ul class=\"has-ast-global-color-8-color has-text-color has-link-color wp-elements-cef5f285967896a951d8bd037c368c47\">\n<li>Ap\u00f3s inserir os dados sobre a&nbsp;<em>Grade de Hor\u00e1rios<\/em>, clique em&nbsp;<strong>Adicionar Hor\u00e1rio<\/strong>, uma mensagem de confirma\u00e7\u00e3o ser\u00e1 exibida:<\/li>\n<\/ul>\n\n\n\n<figure class=\"wp-block-image aligncenter size-full\"><img loading=\"lazy\" decoding=\"async\" width=\"300\" height=\"44\" src=\"https:\/\/wiki.uepa.br\/wp-content\/uploads\/2025\/09\/mensagem_periodo_add_sucesso.png\" alt=\"\" class=\"wp-image-537\"\/><\/figure>\n\n\n\n<ul class=\"has-ast-global-color-8-color has-text-color has-link-color wp-elements-b52566edf23257bd1126764e1521aab3\">\n<li>O sistema tamb\u00e9m exibir\u00e1 a subse\u00e7\u00e3o&nbsp;<strong>Per\u00edodos Adicionados<\/strong>:<\/li>\n<\/ul>\n\n\n\n<figure class=\"wp-block-image aligncenter size-full\"><img loading=\"lazy\" decoding=\"async\" width=\"693\" height=\"542\" src=\"https:\/\/wiki.uepa.br\/wp-content\/uploads\/2025\/09\/image-23.png\" alt=\"\" class=\"wp-image-540\" srcset=\"https:\/\/wiki.uepa.br\/wp-content\/uploads\/2025\/09\/image-23.png 693w, https:\/\/wiki.uepa.br\/wp-content\/uploads\/2025\/09\/image-23-300x235.png 300w\" sizes=\"(max-width: 693px) 100vw, 693px\" \/><\/figure>\n\n\n\n<p class=\"has-text-align-center has-ast-global-color-8-color has-text-color has-link-color wp-elements-fc2620e8c4f429ac0ed54e194a014a94\">Ap\u00f3s clicar em&nbsp;<strong>OK<\/strong>, uma mensagem de confirma\u00e7\u00e3o ser\u00e1 exibida:<a href=\"https:\/\/ewiki.uepa.br\/lib\/exe\/detail.php?id=servidor%3Acoordenador_de_curso%3Acriar_turma&amp;media=servidor:crca:mensagem_periodo_removido_sucesso.png\"><\/a><\/p>\n\n\n\n<figure class=\"wp-block-image aligncenter size-full\"><img loading=\"lazy\" decoding=\"async\" width=\"300\" height=\"44\" src=\"https:\/\/wiki.uepa.br\/wp-content\/uploads\/2025\/09\/image-24.png\" alt=\"\" class=\"wp-image-541\"\/><\/figure>\n\n\n\n<p class=\"has-ast-global-color-8-color has-text-color has-link-color wp-elements-a1d25d066fc46e5eb6c9dc6a15b8dba4\">Na se\u00e7\u00e3o&nbsp;<strong>Datas da Turma<\/strong>&nbsp;\u00e9 importante ao coordenador ficar atento a&nbsp;<em>Porcentagem de Aulas<\/em>&nbsp;ministradas (<strong>Essa porcentagem deve est\u00e1 entre 95% e 120%<\/strong>).<\/p>\n\n\n\n<figure class=\"wp-block-image aligncenter size-full\"><img loading=\"lazy\" decoding=\"async\" width=\"600\" height=\"64\" src=\"https:\/\/wiki.uepa.br\/wp-content\/uploads\/2025\/09\/criar_turma_coord_curso4.png\" alt=\"\" class=\"wp-image-544\" srcset=\"https:\/\/wiki.uepa.br\/wp-content\/uploads\/2025\/09\/criar_turma_coord_curso4.png 600w, https:\/\/wiki.uepa.br\/wp-content\/uploads\/2025\/09\/criar_turma_coord_curso4-300x32.png 300w\" sizes=\"(max-width: 600px) 100vw, 600px\" \/><\/figure>\n\n\n\n<ul class=\"has-ast-global-color-8-color has-text-color has-link-color wp-elements-959a49932139307fb446c8aa77bb1532\">\n<li>Preenchidas as informa\u00e7\u00f5es, clique em&nbsp;<strong>Pr\u00f3ximo Passo \u00bb<\/strong>.<\/li>\n<\/ul>\n\n\n\n<h3 class=\"wp-block-heading has-text-align-center\" id=\"passo_4adicionar_reservas_em_turma\"><strong>Passo 4: Adicionar Reservas em Turma<\/strong><\/h3>\n\n\n\n<ul class=\"has-ast-global-color-8-color has-text-color has-link-color wp-elements-03d259061e9f12d9d05d2a7cf4951e10\">\n<li>O sistema apresentar\u00e1 uma tela para adicionar as reversas em turma:<\/li>\n<\/ul>\n\n\n\n<figure class=\"wp-block-image aligncenter size-full\"><img loading=\"lazy\" decoding=\"async\" width=\"600\" height=\"249\" src=\"https:\/\/wiki.uepa.br\/wp-content\/uploads\/2025\/09\/criar_turma_coord_curso5.png\" alt=\"\" class=\"wp-image-548\" srcset=\"https:\/\/wiki.uepa.br\/wp-content\/uploads\/2025\/09\/criar_turma_coord_curso5.png 600w, https:\/\/wiki.uepa.br\/wp-content\/uploads\/2025\/09\/criar_turma_coord_curso5-300x125.png 300w\" sizes=\"(max-width: 600px) 100vw, 600px\" \/><\/figure>\n\n\n\n<ul class=\"has-ast-global-color-8-color has-text-color has-link-color wp-elements-8eb0a168390517a7a164a9619f543dbb\">\n<li>Na se\u00e7\u00e3o&nbsp;<strong>ADICIONAR RESERVAS<\/strong>, dever\u00e1 ser inserido as seguintes informa\u00e7\u00f5es:\n<ul>\n<li>Curso;<\/li>\n\n\n\n<li>Matriz Curricular;<\/li>\n\n\n\n<li>Vagas&nbsp;<em>(quantidade)<\/em>.<\/li>\n<\/ul>\n<\/li>\n\n\n\n<li>Ap\u00f3s preencher clique em&nbsp;<strong>Adicionar Reserva<\/strong>. A se\u00e7\u00e3o&nbsp;<strong>RESERVAS DESTA TURMA<\/strong>&nbsp;ser\u00e1 exibida.<\/li>\n<\/ul>\n\n\n\n<figure class=\"wp-block-image aligncenter size-full\"><img loading=\"lazy\" decoding=\"async\" width=\"657\" height=\"274\" src=\"https:\/\/wiki.uepa.br\/wp-content\/uploads\/2025\/09\/image-25.png\" alt=\"\" class=\"wp-image-551\" srcset=\"https:\/\/wiki.uepa.br\/wp-content\/uploads\/2025\/09\/image-25.png 657w, https:\/\/wiki.uepa.br\/wp-content\/uploads\/2025\/09\/image-25-300x125.png 300w\" sizes=\"(max-width: 657px) 100vw, 657px\" \/><\/figure>\n\n\n\n<ul class=\"has-ast-global-color-8-color has-text-color has-link-color wp-elements-7fd8aae555e22e5a274af5d583cf827f\">\n<li>Depois de verificar os dados clique em&nbsp;<strong>Pr\u00f3ximo Passo \u00bb<\/strong><\/li>\n<\/ul>\n\n\n\n<hr class=\"wp-block-separator has-alpha-channel-opacity\"\/>\n\n\n\n<h3 class=\"wp-block-heading has-text-align-center\" id=\"passo_5resumo_da_turma\"><strong>Passo 5: Resumo da Turma<\/strong><\/h3>\n\n\n\n<ul class=\"has-ast-global-color-8-color has-text-color has-link-color wp-elements-901bd4e00c8c8a62f5a9929e157d5742\">\n<li>O sistema apresentar\u00e1 a seguinte tela sobre os Dados da Turma:<\/li>\n<\/ul>\n\n\n\n<figure class=\"wp-block-image aligncenter size-full\"><img loading=\"lazy\" decoding=\"async\" width=\"600\" height=\"266\" src=\"https:\/\/wiki.uepa.br\/wp-content\/uploads\/2025\/09\/criar_turma_coord_curso6.png\" alt=\"\" class=\"wp-image-556\" srcset=\"https:\/\/wiki.uepa.br\/wp-content\/uploads\/2025\/09\/criar_turma_coord_curso6.png 600w, https:\/\/wiki.uepa.br\/wp-content\/uploads\/2025\/09\/criar_turma_coord_curso6-300x133.png 300w\" sizes=\"(max-width: 600px) 100vw, 600px\" \/><\/figure>\n\n\n\n<ul class=\"has-ast-global-color-8-color has-text-color has-link-color wp-elements-1dc967fd456124bedfc15ec676f7d5af\">\n<li>\u00c9 importante que o usu\u00e1rio verifique se todos os dados exibidos est\u00e3o corretos. Caso estejam, clique em&nbsp;<strong>Cadastar<\/strong>. Uma mensagem de confirma\u00e7\u00e3o ser\u00e1 exibida:<\/li>\n<\/ul>\n\n\n\n<figure class=\"wp-block-image aligncenter size-full\"><img loading=\"lazy\" decoding=\"async\" width=\"700\" height=\"36\" src=\"https:\/\/wiki.uepa.br\/wp-content\/uploads\/2025\/09\/criar_turma_coord_curso6.1-1.png\" alt=\"\" class=\"wp-image-561\" srcset=\"https:\/\/wiki.uepa.br\/wp-content\/uploads\/2025\/09\/criar_turma_coord_curso6.1-1.png 700w, https:\/\/wiki.uepa.br\/wp-content\/uploads\/2025\/09\/criar_turma_coord_curso6.1-1-300x15.png 300w\" sizes=\"(max-width: 700px) 100vw, 700px\" \/><\/figure>\n","protected":false},"excerpt":{"rendered":"<p>Esta funcionalidade permite ao Coordenador de Curso criar uma nova turma para um componente curricular cadastrado no sistema. OBSERVA\u00c7\u00c3O 1:&nbsp;Antes de criar uma turma, o coordenador deve verificar se o curso em que est\u00e1 logado \u00e9 o mesmo em que pretente criar a nova turma. Exemplo do Curso Tecnologia em An\u00e1lise e Desenvolvimento de Sistema &hellip;<\/p>\n<p class=\"read-more\"> <a class=\"\" href=\"https:\/\/wiki.uepa.br\/index.php\/coordenador-de-curso\/criar-turma\/\"> <span class=\"screen-reader-text\">Criar Turma<\/span> Leia mais &raquo;<\/a><\/p>\n","protected":false},"author":1,"featured_media":0,"parent":209,"menu_order":0,"comment_status":"closed","ping_status":"closed","template":"","meta":{"_uag_custom_page_level_css":"","site-sidebar-layout":"default","site-content-layout":"","ast-site-content-layout":"","site-content-style":"default","site-sidebar-style":"default","ast-global-header-display":"","ast-banner-title-visibility":"","ast-main-header-display":"","ast-hfb-above-header-display":"","ast-hfb-below-header-display":"","ast-hfb-mobile-header-display":"","site-post-title":"","ast-breadcrumbs-content":"","ast-featured-img":"","footer-sml-layout":"","theme-transparent-header-meta":"","adv-header-id-meta":"","stick-header-meta":"","header-above-stick-meta":"","header-main-stick-meta":"","header-below-stick-meta":"","astra-migrate-meta-layouts":"","ast-page-background-enabled":"default","ast-page-background-meta":{"desktop":{"background-color":"var(--ast-global-color-4)","background-image":"","background-repeat":"repeat","background-position":"center center","background-size":"auto","background-attachment":"scroll","background-type":"","background-media":"","overlay-type":"","overlay-color":"","overlay-gradient":""},"tablet":{"background-color":"","background-image":"","background-repeat":"repeat","background-position":"center center","background-size":"auto","background-attachment":"scroll","background-type":"","background-media":"","overlay-type":"","overlay-color":"","overlay-gradient":""},"mobile":{"background-color":"","background-image":"","background-repeat":"repeat","background-position":"center center","background-size":"auto","background-attachment":"scroll","background-type":"","background-media":"","overlay-type":"","overlay-color":"","overlay-gradient":""}},"ast-content-background-meta":{"desktop":{"background-color":"var(--ast-global-color-5)","background-image":"","background-repeat":"repeat","background-position":"center center","background-size":"auto","background-attachment":"scroll","background-type":"","background-media":"","overlay-type":"","overlay-color":"","overlay-gradient":""},"tablet":{"background-color":"var(--ast-global-color-5)","background-image":"","background-repeat":"repeat","background-position":"center center","background-size":"auto","background-attachment":"scroll","background-type":"","background-media":"","overlay-type":"","overlay-color":"","overlay-gradient":""},"mobile":{"background-color":"var(--ast-global-color-5)","background-image":"","background-repeat":"repeat","background-position":"center center","background-size":"auto","background-attachment":"scroll","background-type":"","background-media":"","overlay-type":"","overlay-color":"","overlay-gradient":""}},"footnotes":""},"uagb_featured_image_src":{"full":false,"thumbnail":false,"medium":false,"medium_large":false,"large":false,"1536x1536":false,"2048x2048":false},"uagb_author_info":{"display_name":"adminsites@uepa.br","author_link":"https:\/\/wiki.uepa.br\/index.php\/author\/adminsitesuepa-br\/"},"uagb_comment_info":0,"uagb_excerpt":"Esta funcionalidade permite ao Coordenador de Curso criar uma nova turma para um componente curricular cadastrado no sistema. OBSERVA\u00c7\u00c3O 1:&nbsp;Antes de criar uma turma, o coordenador deve verificar se o curso em que est\u00e1 logado \u00e9 o mesmo em que pretente criar a nova turma. Exemplo do Curso Tecnologia em An\u00e1lise e Desenvolvimento de Sistema&hellip;","_links":{"self":[{"href":"https:\/\/wiki.uepa.br\/index.php\/wp-json\/wp\/v2\/pages\/211"}],"collection":[{"href":"https:\/\/wiki.uepa.br\/index.php\/wp-json\/wp\/v2\/pages"}],"about":[{"href":"https:\/\/wiki.uepa.br\/index.php\/wp-json\/wp\/v2\/types\/page"}],"author":[{"embeddable":true,"href":"https:\/\/wiki.uepa.br\/index.php\/wp-json\/wp\/v2\/users\/1"}],"replies":[{"embeddable":true,"href":"https:\/\/wiki.uepa.br\/index.php\/wp-json\/wp\/v2\/comments?post=211"}],"version-history":[{"count":3,"href":"https:\/\/wiki.uepa.br\/index.php\/wp-json\/wp\/v2\/pages\/211\/revisions"}],"predecessor-version":[{"id":562,"href":"https:\/\/wiki.uepa.br\/index.php\/wp-json\/wp\/v2\/pages\/211\/revisions\/562"}],"up":[{"embeddable":true,"href":"https:\/\/wiki.uepa.br\/index.php\/wp-json\/wp\/v2\/pages\/209"}],"wp:attachment":[{"href":"https:\/\/wiki.uepa.br\/index.php\/wp-json\/wp\/v2\/media?parent=211"}],"curies":[{"name":"wp","href":"https:\/\/api.w.org\/{rel}","templated":true}]}}