{"id":224,"date":"2024-02-20T17:04:08","date_gmt":"2024-02-20T17:04:08","guid":{"rendered":"https:\/\/wiki.uepa.br\/?page_id=224"},"modified":"2025-09-26T16:57:25","modified_gmt":"2025-09-26T16:57:25","slug":"matricular-aluno-por-convenio","status":"publish","type":"page","link":"https:\/\/wiki.uepa.br\/index.php\/coordenador-de-curso\/matricular-aluno-por-convenio\/","title":{"rendered":"Matricular Aluno por Conv\u00eanio"},"content":{"rendered":"\n<ul class=\"has-ast-global-color-8-color has-text-color has-link-color wp-elements-c840e560a41d794b12914d03d40c9a0d\">\n<li>Primeiramente ser\u00e1 preciso entrar no m\u00f3dulo de Coordenadoria.<\/li>\n<\/ul>\n\n\n\n<figure class=\"wp-block-image aligncenter size-full is-resized\"><img loading=\"lazy\" decoding=\"async\" width=\"900\" height=\"586\" src=\"https:\/\/wiki.uepa.br\/wp-content\/uploads\/2025\/09\/formapara1-1.png\" alt=\"\" class=\"wp-image-702\" style=\"width:600px\" srcset=\"https:\/\/wiki.uepa.br\/wp-content\/uploads\/2025\/09\/formapara1-1.png 900w, https:\/\/wiki.uepa.br\/wp-content\/uploads\/2025\/09\/formapara1-1-300x195.png 300w, https:\/\/wiki.uepa.br\/wp-content\/uploads\/2025\/09\/formapara1-1-768x500.png 768w\" sizes=\"(max-width: 900px) 100vw, 900px\" \/><\/figure>\n\n\n\n<ul class=\"has-ast-global-color-8-color has-text-color has-link-color wp-elements-b7a738bef5b6f9aa21432252f3e3937d\">\n<li>Depois mudar o acesso ao curso para escolher a coordenadoria correta.<\/li>\n<\/ul>\n\n\n\n<figure class=\"wp-block-image aligncenter size-full is-resized\"><img loading=\"lazy\" decoding=\"async\" width=\"900\" height=\"485\" src=\"https:\/\/wiki.uepa.br\/wp-content\/uploads\/2025\/09\/formapara2-1.png\" alt=\"\" class=\"wp-image-703\" style=\"width:600px\" srcset=\"https:\/\/wiki.uepa.br\/wp-content\/uploads\/2025\/09\/formapara2-1.png 900w, https:\/\/wiki.uepa.br\/wp-content\/uploads\/2025\/09\/formapara2-1-300x162.png 300w, https:\/\/wiki.uepa.br\/wp-content\/uploads\/2025\/09\/formapara2-1-768x414.png 768w\" sizes=\"(max-width: 900px) 100vw, 900px\" \/><\/figure>\n\n\n\n<ul class=\"has-ast-global-color-8-color has-text-color has-link-color wp-elements-431fb039bf3406c2c96895e039466eae\">\n<li>Seguir para Matr\u00edculas \u00bb Matricular aluno por conv\u00eanio.<\/li>\n<\/ul>\n\n\n\n<figure class=\"wp-block-image aligncenter size-full is-resized\"><img loading=\"lazy\" decoding=\"async\" width=\"900\" height=\"341\" src=\"https:\/\/wiki.uepa.br\/wp-content\/uploads\/2025\/09\/formapara11.png\" alt=\"\" class=\"wp-image-704\" style=\"width:600px\" srcset=\"https:\/\/wiki.uepa.br\/wp-content\/uploads\/2025\/09\/formapara11.png 900w, https:\/\/wiki.uepa.br\/wp-content\/uploads\/2025\/09\/formapara11-300x114.png 300w, https:\/\/wiki.uepa.br\/wp-content\/uploads\/2025\/09\/formapara11-768x291.png 768w\" sizes=\"(max-width: 900px) 100vw, 900px\" \/><\/figure>\n\n\n\n<ul class=\"has-ast-global-color-8-color has-text-color has-link-color wp-elements-d5ea1638094b5af89a3560235770a64d\">\n<li>A tela mostra uma ferramenta de busca para encontrar o aluno que deseja matricular, caso queira visualizar todos os alunos que est\u00e3o no curso, escrever 3 porcentagens(\u201c%%%\u201d) na caixa de busca por \u201cNome do discente\u201d e em seguida clicar em \u201cbuscar\u201d, ap\u00f3s isso clicar na setinha verde que aparece no aluno que voc\u00ea deseja matricular.<\/li>\n<\/ul>\n\n\n\n<figure class=\"wp-block-image aligncenter size-full is-resized\"><img loading=\"lazy\" decoding=\"async\" width=\"900\" height=\"533\" src=\"https:\/\/wiki.uepa.br\/wp-content\/uploads\/2025\/09\/formapara12.png\" alt=\"\" class=\"wp-image-705\" style=\"width:600px\" srcset=\"https:\/\/wiki.uepa.br\/wp-content\/uploads\/2025\/09\/formapara12.png 900w, https:\/\/wiki.uepa.br\/wp-content\/uploads\/2025\/09\/formapara12-300x178.png 300w, https:\/\/wiki.uepa.br\/wp-content\/uploads\/2025\/09\/formapara12-768x455.png 768w\" sizes=\"(max-width: 900px) 100vw, 900px\" \/><\/figure>\n\n\n\n<ul class=\"has-ast-global-color-8-color has-text-color has-link-color wp-elements-1f8043aae3b1c2ebbc6e64cffe1336ff\">\n<li>Na tela seguinte, voc\u00ea poder\u00e1 pesquisar a disciplina(que no SIGAA \u00e9 chamada de Turma), caso n\u00e3o deseje buscar a disciplina, clicar em: \u201cVer as turmas da estr. curricular\u201d.<\/li>\n<\/ul>\n\n\n\n<figure class=\"wp-block-image aligncenter size-full is-resized\"><img loading=\"lazy\" decoding=\"async\" width=\"900\" height=\"570\" src=\"https:\/\/wiki.uepa.br\/wp-content\/uploads\/2025\/09\/formapara13.png\" alt=\"\" class=\"wp-image-707\" style=\"width:600px\" srcset=\"https:\/\/wiki.uepa.br\/wp-content\/uploads\/2025\/09\/formapara13.png 900w, https:\/\/wiki.uepa.br\/wp-content\/uploads\/2025\/09\/formapara13-300x190.png 300w, https:\/\/wiki.uepa.br\/wp-content\/uploads\/2025\/09\/formapara13-768x486.png 768w\" sizes=\"(max-width: 900px) 100vw, 900px\" \/><\/figure>\n\n\n\n<ul class=\"has-ast-global-color-8-color has-text-color has-link-color wp-elements-dfa624fc154e5688890e41e57fe897a8\">\n<li>Ap\u00f3s isto selecionar as turmas desejadas e em seguida clicar em: \u201cAdicionar Turmas Selecionadas\u201d.<\/li>\n<\/ul>\n\n\n\n<figure class=\"wp-block-image aligncenter size-full is-resized\"><img loading=\"lazy\" decoding=\"async\" width=\"900\" height=\"541\" src=\"https:\/\/wiki.uepa.br\/wp-content\/uploads\/2025\/09\/formapara14.png\" alt=\"\" class=\"wp-image-708\" style=\"width:600px\" srcset=\"https:\/\/wiki.uepa.br\/wp-content\/uploads\/2025\/09\/formapara14.png 900w, https:\/\/wiki.uepa.br\/wp-content\/uploads\/2025\/09\/formapara14-300x180.png 300w, https:\/\/wiki.uepa.br\/wp-content\/uploads\/2025\/09\/formapara14-768x462.png 768w\" sizes=\"(max-width: 900px) 100vw, 900px\" \/><\/figure>\n\n\n\n<ul class=\"has-ast-global-color-8-color has-text-color has-link-color wp-elements-c4fcb27bd5277e28444e7d5414b2c194\">\n<li>Prosseguir com a matr\u00edcula clicando em: \u201cMatricular Discente\u201d.<\/li>\n<\/ul>\n\n\n\n<figure class=\"wp-block-image aligncenter size-full is-resized\"><img loading=\"lazy\" decoding=\"async\" width=\"900\" height=\"367\" src=\"https:\/\/wiki.uepa.br\/wp-content\/uploads\/2025\/09\/formapara15.png\" alt=\"\" class=\"wp-image-709\" style=\"width:600px\" srcset=\"https:\/\/wiki.uepa.br\/wp-content\/uploads\/2025\/09\/formapara15.png 900w, https:\/\/wiki.uepa.br\/wp-content\/uploads\/2025\/09\/formapara15-300x122.png 300w, https:\/\/wiki.uepa.br\/wp-content\/uploads\/2025\/09\/formapara15-768x313.png 768w\" sizes=\"(max-width: 900px) 100vw, 900px\" \/><\/figure>\n\n\n\n<ul class=\"has-ast-global-color-8-color has-text-color has-link-color wp-elements-b142e1c751a310bd3b44b4136092ea44\">\n<li>Encerrar a matr\u00edcula clicando novamente em: \u201cMatricular Discente\u201d mas em uma tela diferente da anterior.<\/li>\n<\/ul>\n\n\n\n<figure class=\"wp-block-image aligncenter size-full\"><img loading=\"lazy\" decoding=\"async\" width=\"900\" height=\"433\" src=\"https:\/\/wiki.uepa.br\/wp-content\/uploads\/2025\/09\/formapara16.png\" alt=\"\" class=\"wp-image-710\" srcset=\"https:\/\/wiki.uepa.br\/wp-content\/uploads\/2025\/09\/formapara16.png 900w, https:\/\/wiki.uepa.br\/wp-content\/uploads\/2025\/09\/formapara16-300x144.png 300w, https:\/\/wiki.uepa.br\/wp-content\/uploads\/2025\/09\/formapara16-768x369.png 768w\" sizes=\"(max-width: 900px) 100vw, 900px\" \/><\/figure>\n","protected":false},"excerpt":{"rendered":"","protected":false},"author":1,"featured_media":0,"parent":209,"menu_order":0,"comment_status":"closed","ping_status":"closed","template":"","meta":{"_uag_custom_page_level_css":"","site-sidebar-layout":"default","site-content-layout":"","ast-site-content-layout":"","site-content-style":"default","site-sidebar-style":"default","ast-global-header-display":"","ast-banner-title-visibility":"","ast-main-header-display":"","ast-hfb-above-header-display":"","ast-hfb-below-header-display":"","ast-hfb-mobile-header-display":"","site-post-title":"","ast-breadcrumbs-content":"","ast-featured-img":"","footer-sml-layout":"","theme-transparent-header-meta":"","adv-header-id-meta":"","stick-header-meta":"","header-above-stick-meta":"","header-main-stick-meta":"","header-below-stick-meta":"","astra-migrate-meta-layouts":"","ast-page-background-enabled":"default","ast-page-background-meta":{"desktop":{"background-color":"var(--ast-global-color-4)","background-image":"","background-repeat":"repeat","background-position":"center center","background-size":"auto","background-attachment":"scroll","background-type":"","background-media":"","overlay-type":"","overlay-color":"","overlay-gradient":""},"tablet":{"background-color":"","background-image":"","background-repeat":"repeat","background-position":"center center","background-size":"auto","background-attachment":"scroll","background-type":"","background-media":"","overlay-type":"","overlay-color":"","overlay-gradient":""},"mobile":{"background-color":"","background-image":"","background-repeat":"repeat","background-position":"center center","background-size":"auto","background-attachment":"scroll","background-type":"","background-media":"","overlay-type":"","overlay-color":"","overlay-gradient":""}},"ast-content-background-meta":{"desktop":{"background-color":"var(--ast-global-color-5)","background-image":"","background-repeat":"repeat","background-position":"center center","background-size":"auto","background-attachment":"scroll","background-type":"","background-media":"","overlay-type":"","overlay-color":"","overlay-gradient":""},"tablet":{"background-color":"var(--ast-global-color-5)","background-image":"","background-repeat":"repeat","background-position":"center center","background-size":"auto","background-attachment":"scroll","background-type":"","background-media":"","overlay-type":"","overlay-color":"","overlay-gradient":""},"mobile":{"background-color":"var(--ast-global-color-5)","background-image":"","background-repeat":"repeat","background-position":"center center","background-size":"auto","background-attachment":"scroll","background-type":"","background-media":"","overlay-type":"","overlay-color":"","overlay-gradient":""}},"footnotes":""},"uagb_featured_image_src":{"full":false,"thumbnail":false,"medium":false,"medium_large":false,"large":false,"1536x1536":false,"2048x2048":false},"uagb_author_info":{"display_name":"adminsites@uepa.br","author_link":"https:\/\/wiki.uepa.br\/index.php\/author\/adminsitesuepa-br\/"},"uagb_comment_info":0,"uagb_excerpt":null,"_links":{"self":[{"href":"https:\/\/wiki.uepa.br\/index.php\/wp-json\/wp\/v2\/pages\/224"}],"collection":[{"href":"https:\/\/wiki.uepa.br\/index.php\/wp-json\/wp\/v2\/pages"}],"about":[{"href":"https:\/\/wiki.uepa.br\/index.php\/wp-json\/wp\/v2\/types\/page"}],"author":[{"embeddable":true,"href":"https:\/\/wiki.uepa.br\/index.php\/wp-json\/wp\/v2\/users\/1"}],"replies":[{"embeddable":true,"href":"https:\/\/wiki.uepa.br\/index.php\/wp-json\/wp\/v2\/comments?post=224"}],"version-history":[{"count":3,"href":"https:\/\/wiki.uepa.br\/index.php\/wp-json\/wp\/v2\/pages\/224\/revisions"}],"predecessor-version":[{"id":711,"href":"https:\/\/wiki.uepa.br\/index.php\/wp-json\/wp\/v2\/pages\/224\/revisions\/711"}],"up":[{"embeddable":true,"href":"https:\/\/wiki.uepa.br\/index.php\/wp-json\/wp\/v2\/pages\/209"}],"wp:attachment":[{"href":"https:\/\/wiki.uepa.br\/index.php\/wp-json\/wp\/v2\/media?parent=224"}],"curies":[{"name":"wp","href":"https:\/\/api.w.org\/{rel}","templated":true}]}}