{"id":226,"date":"2024-02-20T17:25:36","date_gmt":"2024-02-20T17:25:36","guid":{"rendered":"https:\/\/wiki.uepa.br\/?page_id=226"},"modified":"2025-09-26T17:02:25","modified_gmt":"2025-09-26T17:02:25","slug":"criar-turma-com-ead","status":"publish","type":"page","link":"https:\/\/wiki.uepa.br\/index.php\/coordenador-de-curso\/criar-turma-com-ead\/","title":{"rendered":"Criar Turma com EaD"},"content":{"rendered":"\n<p class=\"has-text-align-center has-ast-global-color-8-color has-text-color has-link-color wp-elements-907bc3d687044afbc21778a6789ae4f3\">Para criar uma turma com EaD, acesse o&nbsp;<strong>SIGAA-UEPA<\/strong>&nbsp;\u00bb&nbsp;<strong>M\u00f3dulos<\/strong>&nbsp;\u00bb&nbsp;<strong>Portal Coord. Gradua\u00e7\u00e3o<\/strong>.<\/p>\n\n\n\n<ul class=\"has-ast-global-color-8-color has-text-color has-link-color wp-elements-46030971a722a462de7910747d944381\">\n<li>Verifique se o curso em que est\u00e1 logado \u00e9 aquele que pretende criar a turma. Caso n\u00e3o seja, clique em&nbsp;<strong>MUDAR DE CURSO<\/strong>, e selecione o curso desejado.<\/li>\n<\/ul>\n\n\n\n<figure class=\"wp-block-image aligncenter size-full\"><img loading=\"lazy\" decoding=\"async\" width=\"300\" height=\"290\" src=\"https:\/\/wiki.uepa.br\/wp-content\/uploads\/2025\/09\/portal_graduacao_curso.png\" alt=\"\" class=\"wp-image-712\"\/><\/figure>\n\n\n\n<p class=\"has-text-align-center has-ast-global-color-8-color has-text-color has-link-color wp-elements-db6f1a748afbb11d2c8fd4bf8f093f12\">Neste tutorial, ser\u00e1 apresentado o exemplo da cria\u00e7\u00e3o de uma turma para o componente curricular&nbsp;<em>DENG0918 &#8211; SISTEMAS OPERACIONAIS (67h)<\/em>&nbsp;no curso de&nbsp;<em>Tecnologia em An\u00e1lise e Desenvolvimento de Sistema &#8211; Castanhal<\/em>.<\/p>\n\n\n\n<h3 class=\"wp-block-heading has-text-align-center\" id=\"passo_1criar_turma\"><strong>Passo 1: Criar Turma<\/strong><\/h3>\n\n\n\n<p class=\"has-text-align-center has-ast-global-color-8-color has-text-color has-link-color wp-elements-2eee4014c1c62ede1c56beff9482f48e\">Ap\u00f3s selecionar o curso em que ir\u00e1 criar a turma, acesse&nbsp;<strong>Turmas<\/strong>&nbsp;\u00bb&nbsp;<strong>Criar Turma<\/strong>.<a href=\"https:\/\/ewiki.uepa.br\/lib\/exe\/detail.php?id=servidor%3Acoordenador_de_curso%3Acriar_turma_ead&amp;media=servidor:coordenador_de_curso:criar_turma_coord_curso.png\"><\/a><\/p>\n\n\n\n<figure class=\"wp-block-image aligncenter size-full\"><img loading=\"lazy\" decoding=\"async\" width=\"400\" height=\"208\" src=\"https:\/\/wiki.uepa.br\/wp-content\/uploads\/2025\/09\/image-31.png\" alt=\"\" class=\"wp-image-713\" srcset=\"https:\/\/wiki.uepa.br\/wp-content\/uploads\/2025\/09\/image-31.png 400w, https:\/\/wiki.uepa.br\/wp-content\/uploads\/2025\/09\/image-31-300x156.png 300w\" sizes=\"(max-width: 400px) 100vw, 400px\" \/><\/figure>\n\n\n\n<ul class=\"has-ast-global-color-8-color has-text-color has-link-color wp-elements-7716f748c57a8b01dfd847b0504f240e\">\n<li>Ao clicar em&nbsp;<em>Criar Turma<\/em>, uma tela com a lista de todos os componetes curriculares presentes no curso ser\u00e1 exibida.<\/li>\n<\/ul>\n\n\n\n<figure class=\"wp-block-image aligncenter size-full\"><img loading=\"lazy\" decoding=\"async\" width=\"600\" height=\"175\" src=\"https:\/\/wiki.uepa.br\/wp-content\/uploads\/2025\/09\/criar_turma_ead.png\" alt=\"\" class=\"wp-image-715\" srcset=\"https:\/\/wiki.uepa.br\/wp-content\/uploads\/2025\/09\/criar_turma_ead.png 600w, https:\/\/wiki.uepa.br\/wp-content\/uploads\/2025\/09\/criar_turma_ead-300x88.png 300w\" sizes=\"(max-width: 600px) 100vw, 600px\" \/><\/figure>\n\n\n\n<ul class=\"has-ast-global-color-8-color has-text-color has-link-color wp-elements-ed9709b6d69c79e423db997117502876\">\n<li>Verifique qual componente curricular deseja criar a turma e clique no \u00edcone&nbsp;<a href=\"https:\/\/ewiki.uepa.br\/lib\/exe\/detail.php?id=servidor%3Acoordenador_de_curso%3Acriar_turma_ead&amp;media=servidor:crca:selecionar_discente_icone.png\"><\/a>&nbsp;para selecion\u00e1-lo.<\/li>\n<\/ul>\n\n\n\n<h3 class=\"wp-block-heading has-text-align-center\" id=\"passo_2inserir_dados_gerais_sobre_a_turma\"><strong>Passo 2: Inserir dados gerais sobre a Turma<\/strong><\/h3>\n\n\n\n<p class=\"has-text-align-center has-ast-global-color-8-color has-text-color has-link-color wp-elements-bb2830b70e000443d2b6a13365881795\">O sistema exibir\u00e1 uma tela solicitando as seguintes informa\u00e7\u00f5es gerais sobre a turma:<\/p>\n\n\n\n<ul class=\"has-ast-global-color-8-color has-text-color has-link-color wp-elements-c3441eecde40f55f3035c857956e924d\">\n<li>Tipo da Turma (<em>regular ou reposi\u00e7\u00e3o<\/em>&nbsp;);<\/li>\n\n\n\n<li>CH EaD (carga hor\u00e1ria destinada ao ensino a dist\u00e2ncia);<\/li>\n\n\n\n<li>Ano-Per\u00edodo;<\/li>\n\n\n\n<li>Campus (onde ser\u00e1 ofetada a turma);<\/li>\n\n\n\n<li>Capacidade de Alunos;<\/li>\n\n\n\n<li>Local (onde ocorrer\u00e1 as aulas).<\/li>\n<\/ul>\n\n\n\n<figure class=\"wp-block-image aligncenter size-full\"><img loading=\"lazy\" decoding=\"async\" width=\"600\" height=\"304\" src=\"https:\/\/wiki.uepa.br\/wp-content\/uploads\/2025\/09\/criar_turma_ead1.1.png\" alt=\"\" class=\"wp-image-716\" srcset=\"https:\/\/wiki.uepa.br\/wp-content\/uploads\/2025\/09\/criar_turma_ead1.1.png 600w, https:\/\/wiki.uepa.br\/wp-content\/uploads\/2025\/09\/criar_turma_ead1.1-300x152.png 300w\" sizes=\"(max-width: 600px) 100vw, 600px\" \/><\/figure>\n\n\n\n<ul class=\"has-ast-global-color-8-color has-text-color has-link-color wp-elements-1b10f2a4bdd21bccb966762371bf968d\">\n<li>Ap\u00f3s inserir os dados, clique em&nbsp;<strong>Pr\u00f3ximo Passo \u00bb<\/strong>.<\/li>\n<\/ul>\n\n\n\n<h2 class=\"wp-block-heading\" id=\"passo_3definir_os_horarios_da_turma\">Passo 3: Definir os Hor\u00e1rios da Turma<\/h2>\n\n\n\n<p class=\"has-text-align-center has-ast-global-color-8-color has-text-color has-link-color wp-elements-59a973fcf266af6c4a28d168e79f0828\">O sistema exibir\u00e1 uma tela para definir os hor\u00e1rios da turma:<a href=\"https:\/\/ewiki.uepa.br\/lib\/exe\/detail.php?id=servidor%3Acoordenador_de_curso%3Acriar_turma_ead&amp;media=servidor:coordenador_de_curso:criar_turma_ead2.png\"><\/a><\/p>\n\n\n\n<figure class=\"wp-block-image aligncenter size-full is-resized\"><img loading=\"lazy\" decoding=\"async\" width=\"600\" height=\"592\" src=\"https:\/\/wiki.uepa.br\/wp-content\/uploads\/2025\/09\/image-32.png\" alt=\"\" class=\"wp-image-717\" style=\"width:600px\" srcset=\"https:\/\/wiki.uepa.br\/wp-content\/uploads\/2025\/09\/image-32.png 600w, https:\/\/wiki.uepa.br\/wp-content\/uploads\/2025\/09\/image-32-300x296.png 300w\" sizes=\"(max-width: 600px) 100vw, 600px\" \/><\/figure>\n\n\n\n<p class=\"has-text-align-center has-ast-global-color-8-color has-text-color has-link-color wp-elements-508dec6dc7059b4214688ab3506a11b6\"><strong>Observa\u00e7\u00e3o:<\/strong>&nbsp;\u00c9 importante ressaltar que o usu\u00e1rio apenas ir\u00e1 definir os hor\u00e1rios voltados a Carga Hor\u00e1ria Presencial.<\/p>\n\n\n\n<h3 class=\"wp-block-heading has-text-align-center\" id=\"secaoinicio_e_fim_do_horario\">Se\u00e7\u00e3o: In\u00edcio e Fim do Hor\u00e1rio<\/h3>\n\n\n\n<p class=\"has-text-align-center has-ast-global-color-8-color has-text-color has-link-color wp-elements-a79fcef4ac0c227de881c0cebdec1128\">Na se\u00e7\u00e3o&nbsp;<strong>In\u00edcio e Fim do Hor\u00e1rio<\/strong>, o usu\u00e1rio poder\u00e1 definir o per\u00edodo do hor\u00e1rio, inserindo manualmente ou clicando em Usar o mesmo per\u00edodo da Turma.<a href=\"https:\/\/ewiki.uepa.br\/lib\/exe\/detail.php?id=servidor%3Acoordenador_de_curso%3Acriar_turma_ead&amp;media=servidor:coordenador_de_curso:criar_turma_coord_curso3.1.png\"><\/a><\/p>\n\n\n\n<figure class=\"wp-block-image aligncenter size-full\"><img loading=\"lazy\" decoding=\"async\" width=\"600\" height=\"47\" src=\"https:\/\/wiki.uepa.br\/wp-content\/uploads\/2025\/09\/image-33.png\" alt=\"\" class=\"wp-image-718\" srcset=\"https:\/\/wiki.uepa.br\/wp-content\/uploads\/2025\/09\/image-33.png 600w, https:\/\/wiki.uepa.br\/wp-content\/uploads\/2025\/09\/image-33-300x24.png 300w\" sizes=\"(max-width: 600px) 100vw, 600px\" \/><\/figure>\n\n\n\n<h3 class=\"wp-block-heading has-text-align-center\" id=\"secaograde_de_horarios\">Se\u00e7\u00e3o: Grade de Hor\u00e1rios<\/h3>\n\n\n\n<p class=\"has-text-align-center has-ast-global-color-8-color has-text-color has-link-color wp-elements-964e7fe5b444ce6304d43ddb266f1c26\">Na se\u00e7\u00e3o&nbsp;<strong>Grade de Hor\u00e1rios<\/strong>, o usu\u00e1rio poder\u00e1 definir os hor\u00e1rios em que o componente curricular ser\u00e1 ministrado. Isso poder\u00e1 ser feito clicando nos espa\u00e7os correspondentes ou usando a Express\u00e3o do Hor\u00e1rio.<br><strong>Observa\u00e7\u00e3o<\/strong>:&nbsp;A&nbsp;Express\u00e3o do Hor\u00e1rio&nbsp;\u00e9 composta por: dias da semana (1 a 7), turno (M, T, N), hor\u00e1rio (1 a 6). Exemplo: 14M1 3M3.<\/p>\n\n\n\n<figure class=\"wp-block-image aligncenter size-full\"><img loading=\"lazy\" decoding=\"async\" width=\"600\" height=\"168\" src=\"https:\/\/wiki.uepa.br\/wp-content\/uploads\/2025\/09\/image-34.png\" alt=\"\" class=\"wp-image-719\" srcset=\"https:\/\/wiki.uepa.br\/wp-content\/uploads\/2025\/09\/image-34.png 600w, https:\/\/wiki.uepa.br\/wp-content\/uploads\/2025\/09\/image-34-300x84.png 300w\" sizes=\"(max-width: 600px) 100vw, 600px\" \/><\/figure>\n\n\n\n<p><a href=\"https:\/\/ewiki.uepa.br\/lib\/exe\/detail.php?id=servidor%3Acoordenador_de_curso%3Acriar_turma_ead&amp;media=servidor:coordenador_de_curso:criar_turma_ead2.1.png\"><\/a><\/p>\n\n\n\n<ul class=\"has-ast-global-color-8-color has-text-color has-link-color wp-elements-dbceaba480ed05952e856bbc633069c2\">\n<li>Depois de digitar a express\u00e3o, clique em&nbsp;<strong>Atualizar Grade de Hor\u00e1rios<\/strong>. Os espa\u00e7os correspondentes ser\u00e3o automaticamente selecionados pelo sistema.<\/li>\n\n\n\n<li>Logo ap\u00f3s, clique em&nbsp;<strong>Adicionar Hor\u00e1rio<\/strong>, uma mensagem de confirma\u00e7\u00e3o ser\u00e1 exibida:<\/li>\n<\/ul>\n\n\n\n<figure class=\"wp-block-image aligncenter size-full\"><img loading=\"lazy\" decoding=\"async\" width=\"300\" height=\"44\" src=\"https:\/\/wiki.uepa.br\/wp-content\/uploads\/2025\/09\/mensagem_periodo_add_sucesso-1.png\" alt=\"\" class=\"wp-image-720\"\/><\/figure>\n\n\n\n<h3 class=\"wp-block-heading has-text-align-center\" id=\"secaoperiodos_adicionados\">Se\u00e7\u00e3o: Per\u00edodos Adicionados<\/h3>\n\n\n\n<p class=\"has-text-align-center has-ast-global-color-8-color has-text-color has-link-color wp-elements-c5b9edeeffe347821333a099d69051f6\">A se\u00e7\u00e3o&nbsp;<em>Per\u00edodos Adicionados<\/em>&nbsp;ser\u00e1 exibida pelo sistema logo ap\u00f3s o usu\u00e1rio ter clicado em&nbsp;<strong>Adicionar Hor\u00e1rio<\/strong>.<\/p>\n\n\n\n<figure class=\"wp-block-image aligncenter size-full\"><img loading=\"lazy\" decoding=\"async\" width=\"600\" height=\"86\" src=\"https:\/\/wiki.uepa.br\/wp-content\/uploads\/2024\/02\/image-35.png\" alt=\"\" class=\"wp-image-231\" srcset=\"https:\/\/wiki.uepa.br\/wp-content\/uploads\/2024\/02\/image-35.png 600w, https:\/\/wiki.uepa.br\/wp-content\/uploads\/2024\/02\/image-35-300x43.png 300w\" sizes=\"(max-width: 600px) 100vw, 600px\" \/><\/figure>\n\n\n\n<p class=\"has-text-align-center has-ast-global-color-8-color has-text-color has-link-color wp-elements-997335128b911a308ad44fde81c4e1a2\"><a href=\"https:\/\/ewiki.uepa.br\/lib\/exe\/detail.php?id=servidor%3Acoordenador_de_curso%3Acriar_turma_ead&amp;media=servidor:coordenador_de_curso:criar_turma_ead2.2.png\"><\/a>Na se\u00e7\u00e3o&nbsp;<em>Per\u00edodos Adicionados<\/em>, o usu\u00e1rio poder\u00e1:<\/p>\n\n\n\n<ul class=\"has-ast-global-color-8-color has-text-color has-link-color wp-elements-3993ee7b3c3f6743552610d0de3f45d2\">\n<li><strong>Finalizar o Hor\u00e1rio Atual<\/strong>: ao clicar no \u00edcone&nbsp;<a href=\"https:\/\/ewiki.uepa.br\/lib\/exe\/detail.php?id=servidor%3Acoordenador_de_curso%3Acriar_turma_ead&amp;media=servidor:crca:icone_finalizar_horario.png\"><\/a>, a seguinte subse\u00e7\u00e3o ser\u00e1 exibida:<\/li>\n<\/ul>\n\n\n\n<figure class=\"wp-block-image aligncenter size-full\"><img loading=\"lazy\" decoding=\"async\" width=\"600\" height=\"142\" src=\"https:\/\/wiki.uepa.br\/wp-content\/uploads\/2024\/02\/image-36.png\" alt=\"\" class=\"wp-image-232\" srcset=\"https:\/\/wiki.uepa.br\/wp-content\/uploads\/2024\/02\/image-36.png 600w, https:\/\/wiki.uepa.br\/wp-content\/uploads\/2024\/02\/image-36-300x71.png 300w\" sizes=\"(max-width: 600px) 100vw, 600px\" \/><\/figure>\n\n\n\n<p class=\"has-text-align-center has-ast-global-color-8-color has-text-color has-link-color wp-elements-761b4fdcba67465720a7c79c90e372a9\"><a href=\"https:\/\/ewiki.uepa.br\/lib\/exe\/detail.php?id=servidor%3Acoordenador_de_curso%3Acriar_turma_ead&amp;media=servidor:coordenador_de_curso:criar_turma_ead2.3.png\"><\/a>Nela, o usu\u00e1rio dever\u00e1 informar a&nbsp;<em>Nova Data Fim<\/em>&nbsp;e depois clicar em&nbsp;<strong>Alterar Hor\u00e1rio<\/strong>. ma mensagem de confirma\u00e7\u00e3o ser\u00e1 exibida:<\/p>\n\n\n\n<figure class=\"wp-block-image aligncenter size-full\"><img loading=\"lazy\" decoding=\"async\" width=\"500\" height=\"41\" src=\"https:\/\/wiki.uepa.br\/wp-content\/uploads\/2024\/02\/image-37.png\" alt=\"\" class=\"wp-image-233\" srcset=\"https:\/\/wiki.uepa.br\/wp-content\/uploads\/2024\/02\/image-37.png 500w, https:\/\/wiki.uepa.br\/wp-content\/uploads\/2024\/02\/image-37-300x25.png 300w\" sizes=\"(max-width: 500px) 100vw, 500px\" \/><\/figure>\n\n\n\n<p class=\"has-text-align-center has-ast-global-color-8-color has-text-color has-link-color wp-elements-ddad0cbbbc79049dce70e8ad0c909c6e\"><a href=\"https:\/\/ewiki.uepa.br\/lib\/exe\/detail.php?id=servidor%3Acoordenador_de_curso%3Acriar_turma_ead&amp;media=servidor:crca:mensagem_horario_atual_finalizado.png\"><\/a><\/p>\n\n\n\n<p class=\"has-text-align-center has-ast-global-color-8-color has-text-color has-link-color wp-elements-81be31b1cbc670ef573e87fedb9a7a9c\"><strong>Remover Per\u00edodo<\/strong>: ao clicar no \u00edcone&nbsp;<a href=\"https:\/\/ewiki.uepa.br\/lib\/exe\/detail.php?id=servidor%3Acoordenador_de_curso%3Acriar_turma_ead&amp;media=docentes:turma_virtual:lixeira.png\"><\/a>, o sistema exibir\u00e1 a seguinte janela:<\/p>\n\n\n\n<figure class=\"wp-block-image aligncenter size-full\"><img loading=\"lazy\" decoding=\"async\" width=\"400\" height=\"123\" src=\"https:\/\/wiki.uepa.br\/wp-content\/uploads\/2024\/02\/image-38.png\" alt=\"\" class=\"wp-image-234\" srcset=\"https:\/\/wiki.uepa.br\/wp-content\/uploads\/2024\/02\/image-38.png 400w, https:\/\/wiki.uepa.br\/wp-content\/uploads\/2024\/02\/image-38-300x92.png 300w\" sizes=\"(max-width: 400px) 100vw, 400px\" \/><\/figure>\n\n\n\n<p class=\"has-text-align-center has-ast-global-color-8-color has-text-color has-link-color wp-elements-d4df17b10210facd0a123838467908d1\"><a href=\"https:\/\/ewiki.uepa.br\/lib\/exe\/detail.php?id=servidor%3Acoordenador_de_curso%3Acriar_turma_ead&amp;media=servidor:crca:mensagem_remover_.png\"><\/a>Ao clicar em&nbsp;<strong>OK<\/strong>&nbsp;uma mensagem de confirma\u00e7\u00e3o ser\u00e1 exibida:<a href=\"https:\/\/ewiki.uepa.br\/lib\/exe\/detail.php?id=servidor%3Acoordenador_de_curso%3Acriar_turma_ead&amp;media=servidor:crca:mensagem_periodo_removido_sucesso.png\"><\/a><\/p>\n\n\n\n<figure class=\"wp-block-image aligncenter size-full\"><img loading=\"lazy\" decoding=\"async\" width=\"300\" height=\"44\" src=\"https:\/\/wiki.uepa.br\/wp-content\/uploads\/2024\/02\/image-39.png\" alt=\"\" class=\"wp-image-235\"\/><\/figure>\n\n\n\n<h3 class=\"wp-block-heading has-text-align-center\" id=\"secaodatas_da_turma\">Se\u00e7\u00e3o: Datas da Turma<\/h3>\n\n\n\n<p class=\"has-text-align-center has-ast-global-color-8-color has-text-color has-link-color wp-elements-7dd2603155267c31b77c9458e488ce67\">Na se\u00e7\u00e3o&nbsp;<em>Datas da Turma<\/em>&nbsp;\u00e9 importante ao coordenador ficar atento a Porcentagem de Aulas ministradas.&nbsp;<strong>Essa porcentagem deve est\u00e1 entre 95% e 120%<\/strong>.<a href=\"https:\/\/ewiki.uepa.br\/lib\/exe\/detail.php?id=servidor%3Acoordenador_de_curso%3Acriar_turma_ead&amp;media=servidor:coordenador_de_curso:criar_turma_coord_curso4.png\"><\/a><\/p>\n\n\n\n<figure class=\"wp-block-image aligncenter size-full\"><img loading=\"lazy\" decoding=\"async\" width=\"600\" height=\"64\" src=\"https:\/\/wiki.uepa.br\/wp-content\/uploads\/2024\/02\/image-40.png\" alt=\"\" class=\"wp-image-236\" srcset=\"https:\/\/wiki.uepa.br\/wp-content\/uploads\/2024\/02\/image-40.png 600w, https:\/\/wiki.uepa.br\/wp-content\/uploads\/2024\/02\/image-40-300x32.png 300w\" sizes=\"(max-width: 600px) 100vw, 600px\" \/><\/figure>\n\n\n\n<ul class=\"has-ast-global-color-8-color has-text-color has-link-color wp-elements-a54b2f780aa664501017d317031bd045\">\n<li>Preenchidas as informa\u00e7\u00f5es clique em&nbsp;<strong>Pr\u00f3ximo Passo \u00bb<\/strong>.<\/li>\n<\/ul>\n\n\n\n<h3 class=\"wp-block-heading has-text-align-center\" id=\"passo_4adicionar_reservas_em_turma\"><strong>Passo 4: Adicionar Reservas em Turma<\/strong><\/h3>\n\n\n\n<p class=\"has-text-align-center has-ast-global-color-8-color has-text-color has-link-color wp-elements-147b4a8c7798303c448b48352aba1505\">O sistema exibir\u00e1 uma tela para adicionar reservas em turma:<a href=\"https:\/\/ewiki.uepa.br\/lib\/exe\/detail.php?id=servidor%3Acoordenador_de_curso%3Acriar_turma_ead&amp;media=servidor:coordenador_de_curso:criar_turma_ead3.png\"><\/a><\/p>\n\n\n\n<figure class=\"wp-block-image aligncenter size-full\"><img loading=\"lazy\" decoding=\"async\" width=\"600\" height=\"255\" src=\"https:\/\/wiki.uepa.br\/wp-content\/uploads\/2024\/02\/image-41.png\" alt=\"\" class=\"wp-image-237\" srcset=\"https:\/\/wiki.uepa.br\/wp-content\/uploads\/2024\/02\/image-41.png 600w, https:\/\/wiki.uepa.br\/wp-content\/uploads\/2024\/02\/image-41-300x128.png 300w\" sizes=\"(max-width: 600px) 100vw, 600px\" \/><\/figure>\n\n\n\n<ul class=\"has-ast-global-color-8-color has-text-color has-link-color wp-elements-03f7f39486c5cc19426df2d16c5cf1f8\">\n<li>Para adicionar as reservas ser\u00e1 solicitado as seguintes informa\u00e7\u00f5es:\n<ul class=\"has-ast-global-color-8-color has-text-color has-link-color wp-elements-362d89404cce0f8bf1af92ff0d68a6b0\">\n<li>Curso (selecione o curso em que pretende reservar a turma);<\/li>\n\n\n\n<li>Matriz Curricular;<\/li>\n\n\n\n<li>Vagas (quantidade de vagas reservada para o curso).<\/li>\n<\/ul>\n<\/li>\n\n\n\n<li>Ap\u00f3s preencher os dados, clique em&nbsp;<strong>Adicionar Reserva<\/strong>. O sistema exibir\u00e1 a subse\u00e7\u00e3o&nbsp;<em>RESERVAS DESTA TURMA<\/em>:<\/li>\n<\/ul>\n\n\n\n<figure class=\"wp-block-image aligncenter size-full\"><img loading=\"lazy\" decoding=\"async\" width=\"648\" height=\"359\" src=\"https:\/\/wiki.uepa.br\/wp-content\/uploads\/2024\/02\/image-42.png\" alt=\"\" class=\"wp-image-238\" srcset=\"https:\/\/wiki.uepa.br\/wp-content\/uploads\/2024\/02\/image-42.png 648w, https:\/\/wiki.uepa.br\/wp-content\/uploads\/2024\/02\/image-42-300x166.png 300w\" sizes=\"(max-width: 648px) 100vw, 648px\" \/><\/figure>\n\n\n\n<ul class=\"has-ast-global-color-8-color has-text-color has-link-color wp-elements-4ae6c3cfb6ef4507df7061cb484bb7b0\">\n<li>Verifique se os dados est\u00e3o corretos e clique em&nbsp;<strong>Pr\u00f3ximo Passo \u00bb<\/strong>.<\/li>\n<\/ul>\n\n\n\n<h3 class=\"wp-block-heading has-text-align-center\" id=\"passo_5resumo_da_turma\"><strong>Passo 5: Resumo da Turma<\/strong><\/h3>\n\n\n\n<p class=\"has-text-align-center has-ast-global-color-8-color has-text-color has-link-color wp-elements-5b6c2853cf92f69c38ee9f06c222e490\">O sistema exibir\u00e1 uma tela com os dados b\u00e1sicos e a lista de reservas para a turma criada.<a href=\"https:\/\/ewiki.uepa.br\/lib\/exe\/detail.php?id=servidor%3Acoordenador_de_curso%3Acriar_turma_ead&amp;media=servidor:coordenador_de_curso:criar_turma_ead4.png\"><\/a><\/p>\n\n\n\n<figure class=\"wp-block-image aligncenter size-full\"><img loading=\"lazy\" decoding=\"async\" width=\"600\" height=\"284\" src=\"https:\/\/wiki.uepa.br\/wp-content\/uploads\/2024\/02\/image-43.png\" alt=\"\" class=\"wp-image-239\" srcset=\"https:\/\/wiki.uepa.br\/wp-content\/uploads\/2024\/02\/image-43.png 600w, https:\/\/wiki.uepa.br\/wp-content\/uploads\/2024\/02\/image-43-300x142.png 300w\" sizes=\"(max-width: 600px) 100vw, 600px\" \/><\/figure>\n\n\n\n<ul class=\"has-ast-global-color-8-color has-text-color has-link-color wp-elements-c8d3d98c102d6448356cad96f6a9c02b\">\n<li>\u00c9 importante que o usu\u00e1rio verifique se todos os dados est\u00e3o corretos. Caso estejam, clique em&nbsp;<strong>Cadastar<\/strong>. Uma mensagem de confirma\u00e7\u00e3o ser\u00e1 exibida:<\/li>\n<\/ul>\n\n\n\n<figure class=\"wp-block-image aligncenter\"><a href=\"https:\/\/ewiki.uepa.br\/lib\/exe\/detail.php?id=servidor%3Acoordenador_de_curso%3Acriar_turma_ead&amp;media=servidor:coordenador_de_curso:mensagem_turma_so_cadastrada.png\"><img decoding=\"async\" src=\"https:\/\/ewiki.uepa.br\/lib\/exe\/fetch.php?media=servidor:coordenador_de_curso:mensagem_turma_so_cadastrada.png\" alt=\"\"\/><\/a><\/figure>\n","protected":false},"excerpt":{"rendered":"<p>Para criar uma turma com EaD, acesse o&nbsp;SIGAA-UEPA&nbsp;\u00bb&nbsp;M\u00f3dulos&nbsp;\u00bb&nbsp;Portal Coord. Gradua\u00e7\u00e3o. Neste tutorial, ser\u00e1 apresentado o exemplo da cria\u00e7\u00e3o de uma turma para o componente curricular&nbsp;DENG0918 &#8211; SISTEMAS OPERACIONAIS (67h)&nbsp;no curso de&nbsp;Tecnologia em An\u00e1lise e Desenvolvimento de Sistema &#8211; Castanhal. Passo 1: Criar Turma Ap\u00f3s selecionar o curso em que ir\u00e1 criar a turma, acesse&nbsp;Turmas&nbsp;\u00bb&nbsp;Criar Turma. &hellip;<\/p>\n<p class=\"read-more\"> <a class=\"\" href=\"https:\/\/wiki.uepa.br\/index.php\/coordenador-de-curso\/criar-turma-com-ead\/\"> <span class=\"screen-reader-text\">Criar Turma com EaD<\/span> Leia mais &raquo;<\/a><\/p>\n","protected":false},"author":1,"featured_media":0,"parent":209,"menu_order":0,"comment_status":"closed","ping_status":"closed","template":"","meta":{"_uag_custom_page_level_css":"","site-sidebar-layout":"default","site-content-layout":"","ast-site-content-layout":"","site-content-style":"default","site-sidebar-style":"default","ast-global-header-display":"","ast-banner-title-visibility":"","ast-main-header-display":"","ast-hfb-above-header-display":"","ast-hfb-below-header-display":"","ast-hfb-mobile-header-display":"","site-post-title":"","ast-breadcrumbs-content":"","ast-featured-img":"","footer-sml-layout":"","theme-transparent-header-meta":"","adv-header-id-meta":"","stick-header-meta":"","header-above-stick-meta":"","header-main-stick-meta":"","header-below-stick-meta":"","astra-migrate-meta-layouts":"","ast-page-background-enabled":"default","ast-page-background-meta":{"desktop":{"background-color":"var(--ast-global-color-4)","background-image":"","background-repeat":"repeat","background-position":"center center","background-size":"auto","background-attachment":"scroll","background-type":"","background-media":"","overlay-type":"","overlay-color":"","overlay-gradient":""},"tablet":{"background-color":"","background-image":"","background-repeat":"repeat","background-position":"center center","background-size":"auto","background-attachment":"scroll","background-type":"","background-media":"","overlay-type":"","overlay-color":"","overlay-gradient":""},"mobile":{"background-color":"","background-image":"","background-repeat":"repeat","background-position":"center center","background-size":"auto","background-attachment":"scroll","background-type":"","background-media":"","overlay-type":"","overlay-color":"","overlay-gradient":""}},"ast-content-background-meta":{"desktop":{"background-color":"var(--ast-global-color-5)","background-image":"","background-repeat":"repeat","background-position":"center center","background-size":"auto","background-attachment":"scroll","background-type":"","background-media":"","overlay-type":"","overlay-color":"","overlay-gradient":""},"tablet":{"background-color":"var(--ast-global-color-5)","background-image":"","background-repeat":"repeat","background-position":"center center","background-size":"auto","background-attachment":"scroll","background-type":"","background-media":"","overlay-type":"","overlay-color":"","overlay-gradient":""},"mobile":{"background-color":"var(--ast-global-color-5)","background-image":"","background-repeat":"repeat","background-position":"center center","background-size":"auto","background-attachment":"scroll","background-type":"","background-media":"","overlay-type":"","overlay-color":"","overlay-gradient":""}},"footnotes":""},"uagb_featured_image_src":{"full":false,"thumbnail":false,"medium":false,"medium_large":false,"large":false,"1536x1536":false,"2048x2048":false},"uagb_author_info":{"display_name":"adminsites@uepa.br","author_link":"https:\/\/wiki.uepa.br\/index.php\/author\/adminsitesuepa-br\/"},"uagb_comment_info":0,"uagb_excerpt":"Para criar uma turma com EaD, acesse o&nbsp;SIGAA-UEPA&nbsp;\u00bb&nbsp;M\u00f3dulos&nbsp;\u00bb&nbsp;Portal Coord. Gradua\u00e7\u00e3o. Neste tutorial, ser\u00e1 apresentado o exemplo da cria\u00e7\u00e3o de uma turma para o componente curricular&nbsp;DENG0918 &#8211; SISTEMAS OPERACIONAIS (67h)&nbsp;no curso de&nbsp;Tecnologia em An\u00e1lise e Desenvolvimento de Sistema &#8211; Castanhal. Passo 1: Criar Turma Ap\u00f3s selecionar o curso em que ir\u00e1 criar a turma, acesse&nbsp;Turmas&nbsp;\u00bb&nbsp;Criar Turma.&hellip;","_links":{"self":[{"href":"https:\/\/wiki.uepa.br\/index.php\/wp-json\/wp\/v2\/pages\/226"}],"collection":[{"href":"https:\/\/wiki.uepa.br\/index.php\/wp-json\/wp\/v2\/pages"}],"about":[{"href":"https:\/\/wiki.uepa.br\/index.php\/wp-json\/wp\/v2\/types\/page"}],"author":[{"embeddable":true,"href":"https:\/\/wiki.uepa.br\/index.php\/wp-json\/wp\/v2\/users\/1"}],"replies":[{"embeddable":true,"href":"https:\/\/wiki.uepa.br\/index.php\/wp-json\/wp\/v2\/comments?post=226"}],"version-history":[{"count":3,"href":"https:\/\/wiki.uepa.br\/index.php\/wp-json\/wp\/v2\/pages\/226\/revisions"}],"predecessor-version":[{"id":721,"href":"https:\/\/wiki.uepa.br\/index.php\/wp-json\/wp\/v2\/pages\/226\/revisions\/721"}],"up":[{"embeddable":true,"href":"https:\/\/wiki.uepa.br\/index.php\/wp-json\/wp\/v2\/pages\/209"}],"wp:attachment":[{"href":"https:\/\/wiki.uepa.br\/index.php\/wp-json\/wp\/v2\/media?parent=226"}],"curies":[{"name":"wp","href":"https:\/\/api.w.org\/{rel}","templated":true}]}}