{"id":243,"date":"2024-02-20T18:05:52","date_gmt":"2024-02-20T18:05:52","guid":{"rendered":"https:\/\/wiki.uepa.br\/?page_id=243"},"modified":"2025-09-26T17:33:04","modified_gmt":"2025-09-26T17:33:04","slug":"plano-de-matricula-para-ingressantes","status":"publish","type":"page","link":"https:\/\/wiki.uepa.br\/index.php\/coordenador-de-curso\/plano-de-matricula-para-ingressantes\/","title":{"rendered":"Plano de Matr\u00edcula para Ingressantes"},"content":{"rendered":"\n<h3 class=\"wp-block-heading has-text-align-center\" id=\"criar_turma_com_reserva_de_vagas_para_o_curso\"><strong>1. Criar Turma com Reserva de Vagas para o Curso<\/strong><\/h3>\n\n\n\n<ul class=\"has-ast-global-color-8-color has-text-color has-link-color wp-elements-ee6e931e361f7110b2eb26f2a1ba3fcf\">\n<li>Antes de realizar a matr\u00edcula dos ingressantes, \u00e9 necess\u00e1rio criar as turmas realizando a reserva de vagas necess\u00e1ria para o curso. Geralmente, o plano de ingressantes \u00e9 criado com os componentes curriculares do primeiro n\u00edvel da estrutura curricular do curso.<\/li>\n\n\n\n<li>A estrutura do curso pode ser verificada em SIGAA &gt; Portal Coord. Gradua\u00e7\u00e3o &gt; Consultas &gt; Estruturas Curriculares<\/li>\n\n\n\n<li>O coordenador cria a turma no caminho SIGAA &gt; Portal Coord. Gradua\u00e7\u00e3o &gt; Turmas &gt; Criar Turma. No momento da cria\u00e7\u00e3o da turma, h\u00e1 a op\u00e7\u00e3o de informar se a turma ter\u00e1 reserva de vagas para algum curso. Nesse momento, a reserva pode ser realizada:<\/li>\n<\/ul>\n\n\n\n<figure class=\"wp-block-image aligncenter size-full\"><img loading=\"lazy\" decoding=\"async\" width=\"700\" height=\"244\" src=\"https:\/\/wiki.uepa.br\/wp-content\/uploads\/2025\/09\/plano_matricula_ingressante01.png\" alt=\"\" class=\"wp-image-773\" srcset=\"https:\/\/wiki.uepa.br\/wp-content\/uploads\/2025\/09\/plano_matricula_ingressante01.png 700w, https:\/\/wiki.uepa.br\/wp-content\/uploads\/2025\/09\/plano_matricula_ingressante01-300x105.png 300w\" sizes=\"(max-width: 700px) 100vw, 700px\" \/><\/figure>\n\n\n\n<ul class=\"has-ast-global-color-8-color has-text-color has-link-color wp-elements-36dcca5787f415efa37c79781596f249\">\n<li>O coordenador dever\u00e1 prosseguir at\u00e9 o final para criar a turma com a reserva de vagas, conforme pode ser visto com mais detalhes em&nbsp;<a href=\"https:\/\/ewiki.uepa.br\/doku.php?id=servidor:coordenador_de_curso:criar_turma\">Criar Turma &#8211; Coordenador de Curso<\/a><\/li>\n<\/ul>\n\n\n\n<h3 class=\"wp-block-heading has-text-align-center\" id=\"criar_plano_de_matricula_para_discentes_ingressantes\">2. Criar Plano de Matr\u00edcula para discentes ingressantes<\/h3>\n\n\n\n<p class=\"has-text-align-center has-ast-global-color-8-color has-text-color has-link-color wp-elements-b85ebb184bb1cd29b3805ce7109c3702\">O plano de matr\u00edcula pode ser cadastrado em SIGAA &gt; Portal Coord.Gradua\u00e7\u00e3o &gt; Matr\u00edculas &gt; Alunos Ingressantes &gt; Plano de Matr\u00edcula &gt; Gerenciar Plano de Matr\u00edculas:<a href=\"https:\/\/ewiki.uepa.br\/lib\/exe\/detail.php?id=servidor%3Acoordenador_de_curso%3Aplano_matricula_ingressante&amp;media=servidor:coordenador_de_curso:plano_matricula_ingressante02.png\"><\/a><\/p>\n\n\n\n<figure class=\"wp-block-image aligncenter size-full\"><img loading=\"lazy\" decoding=\"async\" width=\"700\" height=\"220\" src=\"https:\/\/wiki.uepa.br\/wp-content\/uploads\/2025\/09\/image-44.png\" alt=\"\" class=\"wp-image-774\" srcset=\"https:\/\/wiki.uepa.br\/wp-content\/uploads\/2025\/09\/image-44.png 700w, https:\/\/wiki.uepa.br\/wp-content\/uploads\/2025\/09\/image-44-300x94.png 300w\" sizes=\"(max-width: 700px) 100vw, 700px\" \/><\/figure>\n\n\n\n<ul class=\"has-ast-global-color-8-color has-text-color has-link-color wp-elements-c8e02f5d982f59d294d992c5a4ed28f8\">\n<li>Ao acessar o caminho, clique sobre a op\u00e7\u00e3o Cadastrar:<\/li>\n<\/ul>\n\n\n\n<figure class=\"wp-block-image aligncenter size-full\"><img loading=\"lazy\" decoding=\"async\" width=\"700\" height=\"207\" src=\"https:\/\/wiki.uepa.br\/wp-content\/uploads\/2025\/09\/plano_matricula_ingressante03.png\" alt=\"\" class=\"wp-image-776\" srcset=\"https:\/\/wiki.uepa.br\/wp-content\/uploads\/2025\/09\/plano_matricula_ingressante03.png 700w, https:\/\/wiki.uepa.br\/wp-content\/uploads\/2025\/09\/plano_matricula_ingressante03-300x89.png 300w\" sizes=\"(max-width: 700px) 100vw, 700px\" \/><\/figure>\n\n\n\n<ul class=\"has-ast-global-color-8-color has-text-color has-link-color wp-elements-bb02fdec4caf684d605a3cd72bb2b458\">\n<li>Informe o ano-per\u00edodo, a matriz curricular e a capacidade do plano de matr\u00edcula. Ser\u00e3o exibidas as turmas que foram criadas e possuem reservas de vagas para a matriz curricular desejada. O usu\u00e1rio dever\u00e1 selecionar quais turmas ir\u00e3o pertencer ao plano de matr\u00edcula. Feito isso, deve-se clicar em \u201cPr\u00f3ximo Passo\u201d:<\/li>\n<\/ul>\n\n\n\n<figure class=\"wp-block-image aligncenter size-full\"><img loading=\"lazy\" decoding=\"async\" width=\"700\" height=\"275\" src=\"https:\/\/wiki.uepa.br\/wp-content\/uploads\/2025\/09\/plano_matricula_ingressante04.png\" alt=\"\" class=\"wp-image-777\" srcset=\"https:\/\/wiki.uepa.br\/wp-content\/uploads\/2025\/09\/plano_matricula_ingressante04.png 700w, https:\/\/wiki.uepa.br\/wp-content\/uploads\/2025\/09\/plano_matricula_ingressante04-300x118.png 300w\" sizes=\"(max-width: 700px) 100vw, 700px\" \/><\/figure>\n\n\n\n<ul class=\"has-ast-global-color-8-color has-text-color has-link-color wp-elements-a0e7bae711fa2b92728d33dec751c562\">\n<li>Confira os dados e confirme a opera\u00e7\u00e3o clicando em \u201cCadastrar\u201d:<\/li>\n<\/ul>\n\n\n\n<figure class=\"wp-block-image aligncenter size-full\"><img loading=\"lazy\" decoding=\"async\" width=\"700\" height=\"98\" src=\"https:\/\/wiki.uepa.br\/wp-content\/uploads\/2025\/09\/plano_matricula_ingressante05.png\" alt=\"\" class=\"wp-image-778\" srcset=\"https:\/\/wiki.uepa.br\/wp-content\/uploads\/2025\/09\/plano_matricula_ingressante05.png 700w, https:\/\/wiki.uepa.br\/wp-content\/uploads\/2025\/09\/plano_matricula_ingressante05-300x42.png 300w\" sizes=\"(max-width: 700px) 100vw, 700px\" \/><\/figure>\n\n\n\n<ul class=\"has-ast-global-color-8-color has-text-color has-link-color wp-elements-5691c706a6ecb3cfcc1ac6fd45d1464a\">\n<li>O sistema retornar\u00e1 uma mensagem, no topo da tela, informando que a opera\u00e7\u00e3o foi realizada com sucesso:<\/li>\n<\/ul>\n\n\n\n<figure class=\"wp-block-image aligncenter size-full\"><img loading=\"lazy\" decoding=\"async\" width=\"700\" height=\"113\" src=\"https:\/\/wiki.uepa.br\/wp-content\/uploads\/2025\/09\/plano_matricula_ingressante06.png\" alt=\"\" class=\"wp-image-779\" srcset=\"https:\/\/wiki.uepa.br\/wp-content\/uploads\/2025\/09\/plano_matricula_ingressante06.png 700w, https:\/\/wiki.uepa.br\/wp-content\/uploads\/2025\/09\/plano_matricula_ingressante06-300x48.png 300w\" sizes=\"(max-width: 700px) 100vw, 700px\" \/><\/figure>\n\n\n\n<h3 class=\"wp-block-heading has-text-align-center\" id=\"procurando_plano_de_matricula_criado\">3. Procurando plano de matr\u00edcula criado<\/h3>\n\n\n\n<ul class=\"has-ast-global-color-8-color has-text-color has-link-color wp-elements-8cfee2957184bf8dd8571436ba99561f\">\n<li>Como coordenador, acesse o caminho SIGAA &gt; Portal Coord.Gradua\u00e7\u00e3o &gt; Matr\u00edculas &gt; Alunos Ingressantes &gt; Plano de Matr\u00edcula &gt; Gerenciar Plano de Matr\u00edculas:<\/li>\n<\/ul>\n\n\n\n<figure class=\"wp-block-image aligncenter size-full\"><img loading=\"lazy\" decoding=\"async\" width=\"700\" height=\"205\" src=\"https:\/\/wiki.uepa.br\/wp-content\/uploads\/2025\/09\/plano_matricula_ingressante07.png\" alt=\"\" class=\"wp-image-780\" srcset=\"https:\/\/wiki.uepa.br\/wp-content\/uploads\/2025\/09\/plano_matricula_ingressante07.png 700w, https:\/\/wiki.uepa.br\/wp-content\/uploads\/2025\/09\/plano_matricula_ingressante07-300x88.png 300w\" sizes=\"(max-width: 700px) 100vw, 700px\" \/><\/figure>\n\n\n\n<ul class=\"has-ast-global-color-8-color has-text-color has-link-color wp-elements-d708b88fe55c9d2bcdb10d65c8b45b42\">\n<li>Informe o ano-per\u00edodo desejado e clique em \u201cFiltrar\u201d:<\/li>\n<\/ul>\n\n\n\n<figure class=\"wp-block-image aligncenter size-full\"><img loading=\"lazy\" decoding=\"async\" width=\"700\" height=\"157\" src=\"https:\/\/wiki.uepa.br\/wp-content\/uploads\/2025\/09\/plano_matricula_ingressante08.png\" alt=\"\" class=\"wp-image-781\" srcset=\"https:\/\/wiki.uepa.br\/wp-content\/uploads\/2025\/09\/plano_matricula_ingressante08.png 700w, https:\/\/wiki.uepa.br\/wp-content\/uploads\/2025\/09\/plano_matricula_ingressante08-300x67.png 300w\" sizes=\"(max-width: 700px) 100vw, 700px\" \/><\/figure>\n\n\n\n<ul class=\"has-ast-global-color-8-color has-text-color has-link-color wp-elements-ffa7a1e6ecb393572790332536dc9330\">\n<li>O sistema retornar\u00e1 o(s) plano(s) de matr\u00edcula criado para o ano-per\u00edodo informado:<\/li>\n<\/ul>\n\n\n\n<figure class=\"wp-block-image aligncenter size-full\"><img loading=\"lazy\" decoding=\"async\" width=\"700\" height=\"113\" src=\"https:\/\/wiki.uepa.br\/wp-content\/uploads\/2025\/09\/plano_matricula_ingressante09.png\" alt=\"\" class=\"wp-image-782\" srcset=\"https:\/\/wiki.uepa.br\/wp-content\/uploads\/2025\/09\/plano_matricula_ingressante09.png 700w, https:\/\/wiki.uepa.br\/wp-content\/uploads\/2025\/09\/plano_matricula_ingressante09-300x48.png 300w\" sizes=\"(max-width: 700px) 100vw, 700px\" \/><\/figure>\n\n\n\n<h3 class=\"wp-block-heading has-text-align-center\" id=\"matriculando_discentes_ingressantes\">4. Matriculando discentes ingressantes:<\/h3>\n\n\n\n<p class=\"has-ast-global-color-8-color has-text-color has-link-color wp-elements-4b04944163fbf9769f7521cec95e1faa\">Como coordenador, acessar o caminho SIGAA &gt; Portal Coord.Gradua\u00e7\u00e3o &gt; Matr\u00edculas &gt; Alunos Ingressantes &gt; Matricular Aluno Ingressante:<a href=\"https:\/\/ewiki.uepa.br\/lib\/exe\/detail.php?id=servidor%3Acoordenador_de_curso%3Aplano_matricula_ingressante&amp;media=servidor:coordenador_de_curso:plano_matricula_ingressante010.png\"><\/a><\/p>\n\n\n\n<ul class=\"has-ast-global-color-8-color has-text-color has-link-color wp-elements-30a30a50d01a6d3bc53142f0ae86c770\">\n<li>Informe o aluno ingressante a ser procurado. A lista de alunos ingressantes poder\u00e1 ser consultada em SIGAA &gt; Portal Coord.Gradua\u00e7\u00e3o &gt; Relat\u00f3rios &gt; Discentes &gt; Lista de Ingressantes:<\/li>\n<\/ul>\n\n\n\n<figure class=\"wp-block-image aligncenter size-full\"><img loading=\"lazy\" decoding=\"async\" width=\"700\" height=\"241\" src=\"https:\/\/wiki.uepa.br\/wp-content\/uploads\/2025\/09\/plano_matricula_ingressante011.png\" alt=\"\" class=\"wp-image-783\" srcset=\"https:\/\/wiki.uepa.br\/wp-content\/uploads\/2025\/09\/plano_matricula_ingressante011.png 700w, https:\/\/wiki.uepa.br\/wp-content\/uploads\/2025\/09\/plano_matricula_ingressante011-300x103.png 300w\" sizes=\"(max-width: 700px) 100vw, 700px\" \/><\/figure>\n\n\n\n<ul class=\"has-ast-global-color-8-color has-text-color has-link-color wp-elements-ad73c1a3709bfa5826d02393bbf97af3\">\n<li>Confirme o plano de matr\u00edcula selecionado. Caso tenha mais de um plano de matr\u00edcula para matriz, dever\u00e1 ser selecionado o plano correto. Clique em \u201cAvan\u00e7ar\u201d para prosseguir na matr\u00edcula:<\/li>\n<\/ul>\n\n\n\n<figure class=\"wp-block-image aligncenter size-full\"><img loading=\"lazy\" decoding=\"async\" width=\"700\" height=\"284\" src=\"https:\/\/wiki.uepa.br\/wp-content\/uploads\/2025\/09\/plano_matricula_ingressante012-1.png\" alt=\"\" class=\"wp-image-785\" srcset=\"https:\/\/wiki.uepa.br\/wp-content\/uploads\/2025\/09\/plano_matricula_ingressante012-1.png 700w, https:\/\/wiki.uepa.br\/wp-content\/uploads\/2025\/09\/plano_matricula_ingressante012-1-300x122.png 300w\" sizes=\"(max-width: 700px) 100vw, 700px\" \/><\/figure>\n\n\n\n<ul class=\"has-ast-global-color-8-color has-text-color has-link-color wp-elements-a0e7bae711fa2b92728d33dec751c562\">\n<li>Confira os dados e confirme a opera\u00e7\u00e3o clicando em \u201cCadastrar\u201d:<\/li>\n<\/ul>\n\n\n\n<figure class=\"wp-block-image aligncenter size-full\"><img loading=\"lazy\" decoding=\"async\" width=\"700\" height=\"68\" src=\"https:\/\/wiki.uepa.br\/wp-content\/uploads\/2025\/09\/plano_matricula_ingressante013.png\" alt=\"\" class=\"wp-image-786\" srcset=\"https:\/\/wiki.uepa.br\/wp-content\/uploads\/2025\/09\/plano_matricula_ingressante013.png 700w, https:\/\/wiki.uepa.br\/wp-content\/uploads\/2025\/09\/plano_matricula_ingressante013-300x29.png 300w\" sizes=\"(max-width: 700px) 100vw, 700px\" \/><\/figure>\n\n\n\n<ul class=\"has-ast-global-color-8-color has-text-color has-link-color wp-elements-4019bdbbfbbdcdac899c1afa53e90c75\">\n<li>O sistema retornar\u00e1 uma mensagem, no topo da tela, informando que a opera\u00e7\u00e3o foi realizada com sucesso e o discente passar\u00e1 do status CADASTRADO para ATIVO:<\/li>\n<\/ul>\n\n\n\n<figure class=\"wp-block-image aligncenter size-full\"><img loading=\"lazy\" decoding=\"async\" width=\"700\" height=\"97\" src=\"https:\/\/wiki.uepa.br\/wp-content\/uploads\/2025\/09\/plano_matricula_ingressante014.png\" alt=\"\" class=\"wp-image-796\" srcset=\"https:\/\/wiki.uepa.br\/wp-content\/uploads\/2025\/09\/plano_matricula_ingressante014.png 700w, https:\/\/wiki.uepa.br\/wp-content\/uploads\/2025\/09\/plano_matricula_ingressante014-300x42.png 300w\" sizes=\"(max-width: 700px) 100vw, 700px\" \/><\/figure>\n\n\n\n<ul class=\"has-ast-global-color-8-color has-text-color has-link-color wp-elements-dd63ecff1c9a47e00c310dfa9d7cb8dc\">\n<li>Tamb\u00e9m ser\u00e1 poss\u00edvel consultar o atestado de matr\u00edcula do aluno clicando em \u201cAtestado de Matr\u00edcula\u201d, no final da opera\u00e7\u00e3o da matr\u00edcula dos discentes ingressantes, e verificar suas matr\u00edculas:<\/li>\n<\/ul>\n\n\n\n<figure class=\"wp-block-image aligncenter size-full\"><img loading=\"lazy\" decoding=\"async\" width=\"700\" height=\"375\" src=\"https:\/\/wiki.uepa.br\/wp-content\/uploads\/2025\/09\/plano_matricula_ingressante015.png\" alt=\"\" class=\"wp-image-797\" srcset=\"https:\/\/wiki.uepa.br\/wp-content\/uploads\/2025\/09\/plano_matricula_ingressante015.png 700w, https:\/\/wiki.uepa.br\/wp-content\/uploads\/2025\/09\/plano_matricula_ingressante015-300x161.png 300w\" sizes=\"(max-width: 700px) 100vw, 700px\" \/><\/figure>\n\n\n\n<hr class=\"wp-block-separator has-alpha-channel-opacity\"\/>\n\n\n\n<h4 class=\"wp-block-heading has-text-align-center\" id=\"explicacoes_sobre_o_fluxo_de_criacao_e_gerencia_do_plano_de_matricula_para_ingressantes_podem_ser_conferidas_no_video_a_seguir\">Explica\u00e7\u00f5es sobre o fluxo de cria\u00e7\u00e3o e ger\u00eancia do plano de matr\u00edcula para ingressantes podem ser conferidas no v\u00eddeo a seguir<\/h4>\n\n\n\n<figure class=\"wp-block-video\"><\/figure>\n","protected":false},"excerpt":{"rendered":"<p>1. Criar Turma com Reserva de Vagas para o Curso 2. Criar Plano de Matr\u00edcula para discentes ingressantes O plano de matr\u00edcula pode ser cadastrado em SIGAA &gt; Portal Coord.Gradua\u00e7\u00e3o &gt; Matr\u00edculas &gt; Alunos Ingressantes &gt; Plano de Matr\u00edcula &gt; Gerenciar Plano de Matr\u00edculas: 3. Procurando plano de matr\u00edcula criado 4. Matriculando discentes ingressantes: Como &hellip;<\/p>\n<p class=\"read-more\"> <a class=\"\" href=\"https:\/\/wiki.uepa.br\/index.php\/coordenador-de-curso\/plano-de-matricula-para-ingressantes\/\"> <span class=\"screen-reader-text\">Plano de Matr\u00edcula para Ingressantes<\/span> Leia mais &raquo;<\/a><\/p>\n","protected":false},"author":1,"featured_media":0,"parent":209,"menu_order":0,"comment_status":"closed","ping_status":"closed","template":"","meta":{"_uag_custom_page_level_css":"","site-sidebar-layout":"default","site-content-layout":"","ast-site-content-layout":"","site-content-style":"default","site-sidebar-style":"default","ast-global-header-display":"","ast-banner-title-visibility":"","ast-main-header-display":"","ast-hfb-above-header-display":"","ast-hfb-below-header-display":"","ast-hfb-mobile-header-display":"","site-post-title":"","ast-breadcrumbs-content":"","ast-featured-img":"","footer-sml-layout":"","theme-transparent-header-meta":"","adv-header-id-meta":"","stick-header-meta":"","header-above-stick-meta":"","header-main-stick-meta":"","header-below-stick-meta":"","astra-migrate-meta-layouts":"","ast-page-background-enabled":"default","ast-page-background-meta":{"desktop":{"background-color":"var(--ast-global-color-4)","background-image":"","background-repeat":"repeat","background-position":"center center","background-size":"auto","background-attachment":"scroll","background-type":"","background-media":"","overlay-type":"","overlay-color":"","overlay-gradient":""},"tablet":{"background-color":"","background-image":"","background-repeat":"repeat","background-position":"center center","background-size":"auto","background-attachment":"scroll","background-type":"","background-media":"","overlay-type":"","overlay-color":"","overlay-gradient":""},"mobile":{"background-color":"","background-image":"","background-repeat":"repeat","background-position":"center center","background-size":"auto","background-attachment":"scroll","background-type":"","background-media":"","overlay-type":"","overlay-color":"","overlay-gradient":""}},"ast-content-background-meta":{"desktop":{"background-color":"var(--ast-global-color-5)","background-image":"","background-repeat":"repeat","background-position":"center center","background-size":"auto","background-attachment":"scroll","background-type":"","background-media":"","overlay-type":"","overlay-color":"","overlay-gradient":""},"tablet":{"background-color":"var(--ast-global-color-5)","background-image":"","background-repeat":"repeat","background-position":"center center","background-size":"auto","background-attachment":"scroll","background-type":"","background-media":"","overlay-type":"","overlay-color":"","overlay-gradient":""},"mobile":{"background-color":"var(--ast-global-color-5)","background-image":"","background-repeat":"repeat","background-position":"center center","background-size":"auto","background-attachment":"scroll","background-type":"","background-media":"","overlay-type":"","overlay-color":"","overlay-gradient":""}},"footnotes":""},"uagb_featured_image_src":{"full":false,"thumbnail":false,"medium":false,"medium_large":false,"large":false,"1536x1536":false,"2048x2048":false},"uagb_author_info":{"display_name":"adminsites@uepa.br","author_link":"https:\/\/wiki.uepa.br\/index.php\/author\/adminsitesuepa-br\/"},"uagb_comment_info":0,"uagb_excerpt":"1. Criar Turma com Reserva de Vagas para o Curso 2. Criar Plano de Matr\u00edcula para discentes ingressantes O plano de matr\u00edcula pode ser cadastrado em SIGAA &gt; Portal Coord.Gradua\u00e7\u00e3o &gt; Matr\u00edculas &gt; Alunos Ingressantes &gt; Plano de Matr\u00edcula &gt; Gerenciar Plano de Matr\u00edculas: 3. Procurando plano de matr\u00edcula criado 4. Matriculando discentes ingressantes: Como&hellip;","_links":{"self":[{"href":"https:\/\/wiki.uepa.br\/index.php\/wp-json\/wp\/v2\/pages\/243"}],"collection":[{"href":"https:\/\/wiki.uepa.br\/index.php\/wp-json\/wp\/v2\/pages"}],"about":[{"href":"https:\/\/wiki.uepa.br\/index.php\/wp-json\/wp\/v2\/types\/page"}],"author":[{"embeddable":true,"href":"https:\/\/wiki.uepa.br\/index.php\/wp-json\/wp\/v2\/users\/1"}],"replies":[{"embeddable":true,"href":"https:\/\/wiki.uepa.br\/index.php\/wp-json\/wp\/v2\/comments?post=243"}],"version-history":[{"count":3,"href":"https:\/\/wiki.uepa.br\/index.php\/wp-json\/wp\/v2\/pages\/243\/revisions"}],"predecessor-version":[{"id":798,"href":"https:\/\/wiki.uepa.br\/index.php\/wp-json\/wp\/v2\/pages\/243\/revisions\/798"}],"up":[{"embeddable":true,"href":"https:\/\/wiki.uepa.br\/index.php\/wp-json\/wp\/v2\/pages\/209"}],"wp:attachment":[{"href":"https:\/\/wiki.uepa.br\/index.php\/wp-json\/wp\/v2\/media?parent=243"}],"curies":[{"name":"wp","href":"https:\/\/api.w.org\/{rel}","templated":true}]}}