{"id":250,"date":"2024-02-20T19:30:18","date_gmt":"2024-02-20T19:30:18","guid":{"rendered":"https:\/\/wiki.uepa.br\/?page_id=250"},"modified":"2025-09-26T17:47:32","modified_gmt":"2025-09-26T17:47:32","slug":"matricular-atividade-tcc","status":"publish","type":"page","link":"https:\/\/wiki.uepa.br\/index.php\/coordenador-de-curso\/fluxo-para-cadastro-e-consolidacao-de-banca-do-tcc\/matricular-atividade-tcc\/","title":{"rendered":"Matricular Atividade TCC"},"content":{"rendered":"\n<p class=\"has-text-align-center has-ast-global-color-8-color has-text-color has-link-color wp-elements-c2727825677f4db0bea3e1d226c12889\">O Trabalho de Conclus\u00e3o de Curso &#8211; TCC no SIGAA &#8211; UEPA \u00e9 considerada uma Atividade Espec\u00edfica. Por isso, a matr\u00edcula do discente no TCC \u00e9 feita pela&nbsp;<em>Coordena\u00e7\u00e3o do Curso<\/em>&nbsp;por meio do&nbsp;<strong>Portal da Coordena\u00e7\u00e3o da Gradua\u00e7\u00e3o<\/strong>:<\/p>\n\n\n\n<figure class=\"wp-block-image aligncenter size-full\"><img loading=\"lazy\" decoding=\"async\" width=\"300\" height=\"295\" src=\"https:\/\/wiki.uepa.br\/wp-content\/uploads\/2025\/09\/portal_coord_graduacao_modulo.png\" alt=\"\" class=\"wp-image-799\"\/><\/figure>\n\n\n\n<p class=\"has-text-align-center\">Ao acessar o Portal, o usur\u00e1rio dever\u00e1 selecionar o Curso em que deseja realizar a matr\u00edcula no TCC.<\/p>\n\n\n\n<figure class=\"wp-block-image aligncenter size-full is-resized\"><img loading=\"lazy\" decoding=\"async\" width=\"500\" height=\"319\" src=\"https:\/\/wiki.uepa.br\/wp-content\/uploads\/2025\/09\/portal_coord_graduacao1-1.png\" alt=\"\" class=\"wp-image-801\" style=\"width:500px\" srcset=\"https:\/\/wiki.uepa.br\/wp-content\/uploads\/2025\/09\/portal_coord_graduacao1-1.png 500w, https:\/\/wiki.uepa.br\/wp-content\/uploads\/2025\/09\/portal_coord_graduacao1-1-300x191.png 300w\" sizes=\"(max-width: 500px) 100vw, 500px\" \/><\/figure>\n\n\n\n<hr class=\"wp-block-separator has-alpha-channel-opacity\"\/>\n\n\n\n<h3 class=\"wp-block-heading has-text-align-center\" id=\"realizar_matricula_no_tcc\"><strong>Realizar Matr\u00edcula no TCC<\/strong><\/h3>\n\n\n\n<ul class=\"has-ast-global-color-8-color has-text-color has-link-color wp-elements-83daab3b8d73ad14a5ec0071c73903f9\">\n<li>Para realizar a Matr\u00edcula do discente no TCC, acesse o SIGAA UEPA \u00bb M\u00f3dulos \u00bb Portal Coord. Gradua\u00e7\u00e3o \u00bb Selecione o Curso Desejado \u00bb Atividades \u00bb Atividades Espec\u00edficas \u00bb Matricular.<\/li>\n<\/ul>\n\n\n\n<figure class=\"wp-block-image aligncenter size-full\"><img loading=\"lazy\" decoding=\"async\" width=\"600\" height=\"152\" src=\"https:\/\/wiki.uepa.br\/wp-content\/uploads\/2025\/09\/matricular_atividades.png\" alt=\"\" class=\"wp-image-808\" srcset=\"https:\/\/wiki.uepa.br\/wp-content\/uploads\/2025\/09\/matricular_atividades.png 600w, https:\/\/wiki.uepa.br\/wp-content\/uploads\/2025\/09\/matricular_atividades-300x76.png 300w\" sizes=\"(max-width: 600px) 100vw, 600px\" \/><\/figure>\n\n\n\n<ul class=\"has-ast-global-color-8-color has-text-color has-link-color wp-elements-da8f2e8344632b119310e1bc180293d0\">\n<li>Ap\u00f3s clicar em&nbsp;<strong>Matricular<\/strong>, o sistema exibir\u00e1 uma tela para buscar o discente a ser matriculado na atividade TCC:<\/li>\n<\/ul>\n\n\n\n<figure class=\"wp-block-image aligncenter size-full\"><img loading=\"lazy\" decoding=\"async\" width=\"600\" height=\"141\" src=\"https:\/\/wiki.uepa.br\/wp-content\/uploads\/2025\/09\/matricular_atividades1.png\" alt=\"\" class=\"wp-image-809\" srcset=\"https:\/\/wiki.uepa.br\/wp-content\/uploads\/2025\/09\/matricular_atividades1.png 600w, https:\/\/wiki.uepa.br\/wp-content\/uploads\/2025\/09\/matricular_atividades1-300x71.png 300w\" sizes=\"(max-width: 600px) 100vw, 600px\" \/><\/figure>\n\n\n\n<ul class=\"has-ast-global-color-8-color has-text-color has-link-color wp-elements-195584ee86cdbf521ceb2fbf9e16d3f0\">\n<li>A busca ao discente pode ser feita pelo&nbsp;<em>n\u00famero de matr\u00edcula<\/em>,&nbsp;<em>CPF<\/em>&nbsp;ou&nbsp;<em>nome<\/em>.\n<ul>\n<li><strong>Observa\u00e7\u00e3o 1:<\/strong>&nbsp;A busca ser\u00e1 feita para o curso que a coordena\u00e7\u00e3o selecionou na tela inicial do Portal da Coordena\u00e7\u00e3o do Curso.<\/li>\n\n\n\n<li><strong>Observa\u00e7\u00e3o 2:<\/strong>&nbsp;Caso o curso n\u00e3o seja do campus desejado, o usu\u00e1rio dever\u00e1 alterar o curso na p\u00e1gina inicial do Portal da Coordena\u00e7\u00e3o do Curso na op\u00e7\u00e3o&nbsp;<em>\u201cMUDAR DE CURSO\u201d<\/em>.<\/li>\n<\/ul>\n<\/li>\n\n\n\n<li>Depois de inserir os dados clique em&nbsp;<strong>Buscar<\/strong>. A se\u00e7\u00e3o \u201cSelecione Abaixo o Discente\u201d ser\u00e1 exibida:<\/li>\n<\/ul>\n\n\n\n<figure class=\"wp-block-image aligncenter size-full is-resized\"><img loading=\"lazy\" decoding=\"async\" width=\"649\" height=\"502\" src=\"https:\/\/wiki.uepa.br\/wp-content\/uploads\/2025\/09\/image-45.png\" alt=\"\" class=\"wp-image-810\" style=\"width:600px\" srcset=\"https:\/\/wiki.uepa.br\/wp-content\/uploads\/2025\/09\/image-45.png 649w, https:\/\/wiki.uepa.br\/wp-content\/uploads\/2025\/09\/image-45-300x232.png 300w\" sizes=\"(max-width: 649px) 100vw, 649px\" \/><\/figure>\n\n\n\n<ul class=\"has-ast-global-color-8-color has-text-color has-link-color wp-elements-cc5077c7d3bb68283895118db5535a5f\">\n<li>No campo do tipo de atividade, selecione a op\u00e7\u00e3o&nbsp;<em>TRABALHO DE CONCLUS\u00c3O DE CURSO<\/em>:<\/li>\n<\/ul>\n\n\n\n<figure class=\"wp-block-image aligncenter size-full\"><img loading=\"lazy\" decoding=\"async\" width=\"600\" height=\"152\" src=\"https:\/\/wiki.uepa.br\/wp-content\/uploads\/2025\/09\/matricular_atividades3.1_tcc.png\" alt=\"\" class=\"wp-image-811\" srcset=\"https:\/\/wiki.uepa.br\/wp-content\/uploads\/2025\/09\/matricular_atividades3.1_tcc.png 600w, https:\/\/wiki.uepa.br\/wp-content\/uploads\/2025\/09\/matricular_atividades3.1_tcc-300x76.png 300w\" sizes=\"(max-width: 600px) 100vw, 600px\" \/><\/figure>\n\n\n\n<ul class=\"has-ast-global-color-8-color has-text-color has-link-color wp-elements-957ac2d9b55caee039e1d1b9da782243\">\n<li>Ap\u00f3s selecionar, clique em&nbsp;<strong>Buscar Atividades<\/strong>. O sistema listar\u00e1 a atividade correspondente:<\/li>\n<\/ul>\n\n\n\n<figure class=\"wp-block-image aligncenter size-full\"><img loading=\"lazy\" decoding=\"async\" width=\"600\" height=\"160\" src=\"https:\/\/wiki.uepa.br\/wp-content\/uploads\/2025\/09\/matricular_atividades3.2.png\" alt=\"\" class=\"wp-image-835\" srcset=\"https:\/\/wiki.uepa.br\/wp-content\/uploads\/2025\/09\/matricular_atividades3.2.png 600w, https:\/\/wiki.uepa.br\/wp-content\/uploads\/2025\/09\/matricular_atividades3.2-300x80.png 300w\" sizes=\"(max-width: 600px) 100vw, 600px\" \/><\/figure>\n\n\n\n<figure class=\"wp-block-image aligncenter size-full\"><img loading=\"lazy\" decoding=\"async\" width=\"649\" height=\"302\" src=\"https:\/\/wiki.uepa.br\/wp-content\/uploads\/2025\/09\/image-46.png\" alt=\"\" class=\"wp-image-837\" srcset=\"https:\/\/wiki.uepa.br\/wp-content\/uploads\/2025\/09\/image-46.png 649w, https:\/\/wiki.uepa.br\/wp-content\/uploads\/2025\/09\/image-46-300x140.png 300w\" sizes=\"(max-width: 649px) 100vw, 649px\" \/><\/figure>\n\n\n\n<ul class=\"has-ast-global-color-8-color has-text-color has-link-color wp-elements-a8e7579235f325b7cdbf45de6faed589\">\n<li>O usu\u00e1rio dever\u00e1 preencher as seguintes informa\u00e7\u00f5es:\n<ul class=\"has-ast-global-color-8-color has-text-color has-link-color wp-elements-4052f11b621c75ac1ccd7f665426f706\">\n<li>Ano-Per\u00edodo da atividade&nbsp;<em>(campo obrigat\u00f3rio)<\/em>;<\/li>\n\n\n\n<li>O orientador;<\/li>\n\n\n\n<li>E o coorientador.<\/li>\n<\/ul>\n<\/li>\n\n\n\n<li>Ap\u00f3s inserir as informa\u00e7\u00f5es, clique em&nbsp;<strong>Pr\u00f3ximo Passo \u00bb<\/strong>. O sistema exibir\u00e1 a tela de Confirma\u00e7\u00e3o:<\/li>\n<\/ul>\n\n\n\n<figure class=\"wp-block-image aligncenter size-full\"><img loading=\"lazy\" decoding=\"async\" width=\"600\" height=\"226\" src=\"https:\/\/wiki.uepa.br\/wp-content\/uploads\/2025\/09\/matricular_atividades5.png\" alt=\"\" class=\"wp-image-838\" srcset=\"https:\/\/wiki.uepa.br\/wp-content\/uploads\/2025\/09\/matricular_atividades5.png 600w, https:\/\/wiki.uepa.br\/wp-content\/uploads\/2025\/09\/matricular_atividades5-300x113.png 300w\" sizes=\"(max-width: 600px) 100vw, 600px\" \/><\/figure>\n\n\n\n<ul class=\"has-ast-global-color-8-color has-text-color has-link-color wp-elements-eb8619ed2561b03ae0a1a16c839e2282\">\n<li>Verifique se as informa\u00e7\u00f5es do registro exibidas est\u00e3o corretas, informe a sua&nbsp;<strong>Senha<\/strong>&nbsp;e clique em&nbsp;<strong>Confirmar<\/strong>&nbsp;para concluir a opera\u00e7\u00e3o.<\/li>\n\n\n\n<li>Uma mensagem ser\u00e1 exibida informando que a matr\u00edcula foi realizada.<\/li>\n<\/ul>\n\n\n\n<figure class=\"wp-block-image aligncenter size-full\"><img loading=\"lazy\" decoding=\"async\" width=\"700\" height=\"38\" src=\"https:\/\/wiki.uepa.br\/wp-content\/uploads\/2025\/09\/mensagem_tcc_sucesso.png\" alt=\"\" class=\"wp-image-842\" srcset=\"https:\/\/wiki.uepa.br\/wp-content\/uploads\/2025\/09\/mensagem_tcc_sucesso.png 700w, https:\/\/wiki.uepa.br\/wp-content\/uploads\/2025\/09\/mensagem_tcc_sucesso-300x16.png 300w\" sizes=\"(max-width: 700px) 100vw, 700px\" \/><\/figure>\n\n\n\n<hr class=\"wp-block-separator has-alpha-channel-opacity\"\/>\n\n\n\n<h3 class=\"wp-block-heading has-text-align-center\" id=\"realizar_matricula_no_tcc_em_equipe\"><strong>Realizar Matr\u00edcula no TCC em Equipe<\/strong><\/h3>\n\n\n\n<ul class=\"has-ast-global-color-8-color has-text-color has-link-color wp-elements-41a15911607a88e1df9e6f8ce4ce7d3b\">\n<li>Caso seja necess\u00e1rio registrar uma equipe, selecione a op\u00e7\u00e3o&nbsp;<strong>\u201cUtilizar Orienta\u00e7\u00e3o por Equipe\u201d<\/strong>&nbsp;e clique em&nbsp;<strong>\u201cPr\u00f3ximo Passo \u00bb\u201d<\/strong>.<\/li>\n<\/ul>\n\n\n\n<figure class=\"wp-block-image aligncenter size-full is-resized\"><img loading=\"lazy\" decoding=\"async\" width=\"900\" height=\"299\" src=\"https:\/\/wiki.uepa.br\/wp-content\/uploads\/2025\/09\/matricula_tcc_equipe1.png\" alt=\"\" class=\"wp-image-844\" style=\"width:600px\" srcset=\"https:\/\/wiki.uepa.br\/wp-content\/uploads\/2025\/09\/matricula_tcc_equipe1.png 900w, https:\/\/wiki.uepa.br\/wp-content\/uploads\/2025\/09\/matricula_tcc_equipe1-300x100.png 300w, https:\/\/wiki.uepa.br\/wp-content\/uploads\/2025\/09\/matricula_tcc_equipe1-768x255.png 768w\" sizes=\"(max-width: 900px) 100vw, 900px\" \/><\/figure>\n\n\n\n<ul class=\"has-ast-global-color-8-color has-text-color has-link-color wp-elements-6baa6d02cfdeb1f31604cab8d2889222\">\n<li>Ap\u00f3s seguir o passo anterior, verifique se est\u00e1 selecionada a op\u00e7\u00e3o&nbsp;<strong>\u201cNova Equipe de TCC\u201d<\/strong>, para que assim, seja criada uma equipe.<\/li>\n<\/ul>\n\n\n\n<figure class=\"wp-block-image aligncenter size-full is-resized\"><img loading=\"lazy\" decoding=\"async\" width=\"900\" height=\"370\" src=\"https:\/\/wiki.uepa.br\/wp-content\/uploads\/2025\/09\/matricula_tcc_equipe2.png\" alt=\"\" class=\"wp-image-846\" style=\"width:600px\" srcset=\"https:\/\/wiki.uepa.br\/wp-content\/uploads\/2025\/09\/matricula_tcc_equipe2.png 900w, https:\/\/wiki.uepa.br\/wp-content\/uploads\/2025\/09\/matricula_tcc_equipe2-300x123.png 300w, https:\/\/wiki.uepa.br\/wp-content\/uploads\/2025\/09\/matricula_tcc_equipe2-768x316.png 768w\" sizes=\"(max-width: 900px) 100vw, 900px\" \/><\/figure>\n\n\n\n<ul class=\"has-ast-global-color-8-color has-text-color has-link-color wp-elements-e073d8793175e36dc2897beeecd93b8c\">\n<li>Na tela seguinte, ser\u00e1 necess\u00e1rio confirmar a matr\u00edcula da equipe na atividade, inserir a sua senha e clicar em&nbsp;<strong>\u201cconfirmar\u201d<\/strong>, ap\u00f3s isso, a equipe foi criada.<\/li>\n<\/ul>\n\n\n\n<figure class=\"wp-block-image aligncenter size-full is-resized\"><img loading=\"lazy\" decoding=\"async\" width=\"900\" height=\"370\" src=\"https:\/\/wiki.uepa.br\/wp-content\/uploads\/2025\/09\/matricula_tcc_equipe3.png\" alt=\"\" class=\"wp-image-848\" style=\"width:600px\" srcset=\"https:\/\/wiki.uepa.br\/wp-content\/uploads\/2025\/09\/matricula_tcc_equipe3.png 900w, https:\/\/wiki.uepa.br\/wp-content\/uploads\/2025\/09\/matricula_tcc_equipe3-300x123.png 300w, https:\/\/wiki.uepa.br\/wp-content\/uploads\/2025\/09\/matricula_tcc_equipe3-768x316.png 768w\" sizes=\"(max-width: 900px) 100vw, 900px\" \/><\/figure>\n\n\n\n<ul class=\"has-ast-global-color-8-color has-text-color has-link-color wp-elements-4584cc1a978dea88c05e537983841d8d\">\n<li>Para inserir mais discentes na equipe, \u00e9 necess\u00e1rio repetir o processo de matr\u00edcula do aluno, selecionando novamente a op\u00e7\u00e3o&nbsp;<strong>\u201cUtilizar Orienta\u00e7\u00e3o por Equipe\u201d<\/strong>, verifique se escolheu o mesmo orientador de quando a equipe foi criada.<\/li>\n<\/ul>\n\n\n\n<figure class=\"wp-block-image aligncenter size-full is-resized\"><img loading=\"lazy\" decoding=\"async\" width=\"900\" height=\"299\" src=\"https:\/\/wiki.uepa.br\/wp-content\/uploads\/2025\/09\/matricula_tcc_equipe1-1.png\" alt=\"\" class=\"wp-image-851\" style=\"width:600px\" srcset=\"https:\/\/wiki.uepa.br\/wp-content\/uploads\/2025\/09\/matricula_tcc_equipe1-1.png 900w, https:\/\/wiki.uepa.br\/wp-content\/uploads\/2025\/09\/matricula_tcc_equipe1-1-300x100.png 300w, https:\/\/wiki.uepa.br\/wp-content\/uploads\/2025\/09\/matricula_tcc_equipe1-1-768x255.png 768w\" sizes=\"(max-width: 900px) 100vw, 900px\" \/><\/figure>\n\n\n\n<ul class=\"has-ast-global-color-8-color has-text-color has-link-color wp-elements-76fd018ed66b43372855e83852ef6244\">\n<li>Na tela seguinte aparecer\u00e1 a equipe criada anteriormente, com o nome do discente que foi associado a ela no momento da sua cria\u00e7\u00e3o, selecione a equipe correta, e prossiga.<\/li>\n<\/ul>\n\n\n\n<figure class=\"wp-block-image aligncenter size-full is-resized\"><img loading=\"lazy\" decoding=\"async\" width=\"900\" height=\"420\" src=\"https:\/\/wiki.uepa.br\/wp-content\/uploads\/2025\/09\/matricula_tcc_equipe4.png\" alt=\"\" class=\"wp-image-853\" style=\"width:600px\" srcset=\"https:\/\/wiki.uepa.br\/wp-content\/uploads\/2025\/09\/matricula_tcc_equipe4.png 900w, https:\/\/wiki.uepa.br\/wp-content\/uploads\/2025\/09\/matricula_tcc_equipe4-300x140.png 300w, https:\/\/wiki.uepa.br\/wp-content\/uploads\/2025\/09\/matricula_tcc_equipe4-768x358.png 768w\" sizes=\"(max-width: 900px) 100vw, 900px\" \/><\/figure>\n\n\n\n<ul class=\"has-ast-global-color-8-color has-text-color has-link-color wp-elements-bcf47d3277514dc3b4cb0142546e3c70\">\n<li>Confirme a matr\u00edcula e inclus\u00e3o do discente na equipe.<\/li>\n<\/ul>\n\n\n\n<figure class=\"wp-block-image aligncenter size-full is-resized\"><img loading=\"lazy\" decoding=\"async\" width=\"900\" height=\"370\" src=\"https:\/\/wiki.uepa.br\/wp-content\/uploads\/2025\/09\/matricula_tcc_equipe3-1.png\" alt=\"\" class=\"wp-image-854\" style=\"width:600px\" srcset=\"https:\/\/wiki.uepa.br\/wp-content\/uploads\/2025\/09\/matricula_tcc_equipe3-1.png 900w, https:\/\/wiki.uepa.br\/wp-content\/uploads\/2025\/09\/matricula_tcc_equipe3-1-300x123.png 300w, https:\/\/wiki.uepa.br\/wp-content\/uploads\/2025\/09\/matricula_tcc_equipe3-1-768x316.png 768w\" sizes=\"(max-width: 900px) 100vw, 900px\" \/><\/figure>\n\n\n\n<p class=\"has-text-align-center has-ast-global-color-8-color has-text-color has-link-color wp-elements-ee57e31373b0334c572713068c73e980\">Repita o processo at\u00e9 registrar todos os discentes na equipe.<\/p>\n","protected":false},"excerpt":{"rendered":"<p>O Trabalho de Conclus\u00e3o de Curso &#8211; TCC no SIGAA &#8211; UEPA \u00e9 considerada uma Atividade Espec\u00edfica. Por isso, a matr\u00edcula do discente no TCC \u00e9 feita pela&nbsp;Coordena\u00e7\u00e3o do Curso&nbsp;por meio do&nbsp;Portal da Coordena\u00e7\u00e3o da Gradua\u00e7\u00e3o: Ao acessar o Portal, o usur\u00e1rio dever\u00e1 selecionar o Curso em que deseja realizar a matr\u00edcula no TCC. Realizar &hellip;<\/p>\n<p class=\"read-more\"> <a class=\"\" href=\"https:\/\/wiki.uepa.br\/index.php\/coordenador-de-curso\/fluxo-para-cadastro-e-consolidacao-de-banca-do-tcc\/matricular-atividade-tcc\/\"> <span class=\"screen-reader-text\">Matricular Atividade TCC<\/span> Leia mais &raquo;<\/a><\/p>\n","protected":false},"author":1,"featured_media":0,"parent":246,"menu_order":0,"comment_status":"closed","ping_status":"closed","template":"","meta":{"_uag_custom_page_level_css":"","site-sidebar-layout":"default","site-content-layout":"","ast-site-content-layout":"","site-content-style":"default","site-sidebar-style":"default","ast-global-header-display":"","ast-banner-title-visibility":"","ast-main-header-display":"","ast-hfb-above-header-display":"","ast-hfb-below-header-display":"","ast-hfb-mobile-header-display":"","site-post-title":"","ast-breadcrumbs-content":"","ast-featured-img":"","footer-sml-layout":"","theme-transparent-header-meta":"","adv-header-id-meta":"","stick-header-meta":"","header-above-stick-meta":"","header-main-stick-meta":"","header-below-stick-meta":"","astra-migrate-meta-layouts":"","ast-page-background-enabled":"default","ast-page-background-meta":{"desktop":{"background-color":"var(--ast-global-color-4)","background-image":"","background-repeat":"repeat","background-position":"center center","background-size":"auto","background-attachment":"scroll","background-type":"","background-media":"","overlay-type":"","overlay-color":"","overlay-gradient":""},"tablet":{"background-color":"","background-image":"","background-repeat":"repeat","background-position":"center center","background-size":"auto","background-attachment":"scroll","background-type":"","background-media":"","overlay-type":"","overlay-color":"","overlay-gradient":""},"mobile":{"background-color":"","background-image":"","background-repeat":"repeat","background-position":"center center","background-size":"auto","background-attachment":"scroll","background-type":"","background-media":"","overlay-type":"","overlay-color":"","overlay-gradient":""}},"ast-content-background-meta":{"desktop":{"background-color":"var(--ast-global-color-5)","background-image":"","background-repeat":"repeat","background-position":"center center","background-size":"auto","background-attachment":"scroll","background-type":"","background-media":"","overlay-type":"","overlay-color":"","overlay-gradient":""},"tablet":{"background-color":"var(--ast-global-color-5)","background-image":"","background-repeat":"repeat","background-position":"center center","background-size":"auto","background-attachment":"scroll","background-type":"","background-media":"","overlay-type":"","overlay-color":"","overlay-gradient":""},"mobile":{"background-color":"var(--ast-global-color-5)","background-image":"","background-repeat":"repeat","background-position":"center center","background-size":"auto","background-attachment":"scroll","background-type":"","background-media":"","overlay-type":"","overlay-color":"","overlay-gradient":""}},"footnotes":""},"uagb_featured_image_src":{"full":false,"thumbnail":false,"medium":false,"medium_large":false,"large":false,"1536x1536":false,"2048x2048":false},"uagb_author_info":{"display_name":"adminsites@uepa.br","author_link":"https:\/\/wiki.uepa.br\/index.php\/author\/adminsitesuepa-br\/"},"uagb_comment_info":0,"uagb_excerpt":"O Trabalho de Conclus\u00e3o de Curso &#8211; TCC no SIGAA &#8211; UEPA \u00e9 considerada uma Atividade Espec\u00edfica. Por isso, a matr\u00edcula do discente no TCC \u00e9 feita pela&nbsp;Coordena\u00e7\u00e3o do Curso&nbsp;por meio do&nbsp;Portal da Coordena\u00e7\u00e3o da Gradua\u00e7\u00e3o: Ao acessar o Portal, o usur\u00e1rio dever\u00e1 selecionar o Curso em que deseja realizar a matr\u00edcula no TCC. Realizar&hellip;","_links":{"self":[{"href":"https:\/\/wiki.uepa.br\/index.php\/wp-json\/wp\/v2\/pages\/250"}],"collection":[{"href":"https:\/\/wiki.uepa.br\/index.php\/wp-json\/wp\/v2\/pages"}],"about":[{"href":"https:\/\/wiki.uepa.br\/index.php\/wp-json\/wp\/v2\/types\/page"}],"author":[{"embeddable":true,"href":"https:\/\/wiki.uepa.br\/index.php\/wp-json\/wp\/v2\/users\/1"}],"replies":[{"embeddable":true,"href":"https:\/\/wiki.uepa.br\/index.php\/wp-json\/wp\/v2\/comments?post=250"}],"version-history":[{"count":4,"href":"https:\/\/wiki.uepa.br\/index.php\/wp-json\/wp\/v2\/pages\/250\/revisions"}],"predecessor-version":[{"id":855,"href":"https:\/\/wiki.uepa.br\/index.php\/wp-json\/wp\/v2\/pages\/250\/revisions\/855"}],"up":[{"embeddable":true,"href":"https:\/\/wiki.uepa.br\/index.php\/wp-json\/wp\/v2\/pages\/246"}],"wp:attachment":[{"href":"https:\/\/wiki.uepa.br\/index.php\/wp-json\/wp\/v2\/media?parent=250"}],"curies":[{"name":"wp","href":"https:\/\/api.w.org\/{rel}","templated":true}]}}