{"id":254,"date":"2024-02-20T19:35:53","date_gmt":"2024-02-20T19:35:53","guid":{"rendered":"https:\/\/wiki.uepa.br\/?page_id=254"},"modified":"2025-09-26T17:49:36","modified_gmt":"2025-09-26T17:49:36","slug":"gerenciar-bancas-de-tcc","status":"publish","type":"page","link":"https:\/\/wiki.uepa.br\/index.php\/coordenador-de-curso\/fluxo-para-cadastro-e-consolidacao-de-banca-do-tcc\/gerenciar-bancas-de-tcc\/","title":{"rendered":"Gerenciar Bancas de TCC"},"content":{"rendered":"\n<ul class=\"has-ast-global-color-8-color has-text-color has-link-color wp-elements-bf8b810090d0db61f5f93024a381c60a\">\n<li>Para&nbsp;<strong>Gerenciar Bancas de TCC<\/strong>&nbsp;cadastradas, acesse o SIGAA UEPA \u00bb M\u00f3dulos \u00bb Portal Coord. Gradua\u00e7\u00e3o \u00bb Selecione o Curso Desejado \u00bb Atividades \u00bb Trabalho de Fim de Curso \u00bb Gerenciar Bancas.<\/li>\n<\/ul>\n\n\n\n<figure class=\"wp-block-image aligncenter size-full\"><img loading=\"lazy\" decoding=\"async\" width=\"600\" height=\"159\" src=\"https:\/\/wiki.uepa.br\/wp-content\/uploads\/2025\/09\/gerenciar_banca.png\" alt=\"\" class=\"wp-image-856\" srcset=\"https:\/\/wiki.uepa.br\/wp-content\/uploads\/2025\/09\/gerenciar_banca.png 600w, https:\/\/wiki.uepa.br\/wp-content\/uploads\/2025\/09\/gerenciar_banca-300x80.png 300w\" sizes=\"(max-width: 600px) 100vw, 600px\" \/><\/figure>\n\n\n\n<ul class=\"has-ast-global-color-8-color has-text-color has-link-color wp-elements-e9537360500cd7c3d43c7a02388dd272\">\n<li>Ao clicar em&nbsp;<strong>Gerenciar Bancas<\/strong>&nbsp;a seguinte tela ser\u00e1 exibida:<\/li>\n<\/ul>\n\n\n\n<figure class=\"wp-block-image aligncenter size-full\"><img loading=\"lazy\" decoding=\"async\" width=\"600\" height=\"239\" src=\"https:\/\/wiki.uepa.br\/wp-content\/uploads\/2025\/09\/gerenciar_banca1.1.png\" alt=\"\" class=\"wp-image-857\" srcset=\"https:\/\/wiki.uepa.br\/wp-content\/uploads\/2025\/09\/gerenciar_banca1.1.png 600w, https:\/\/wiki.uepa.br\/wp-content\/uploads\/2025\/09\/gerenciar_banca1.1-300x120.png 300w\" sizes=\"(max-width: 600px) 100vw, 600px\" \/><\/figure>\n\n\n\n<ul class=\"has-ast-global-color-8-color has-text-color has-link-color wp-elements-625b24e829296973da99c8f43da8ca6f\">\n<li>Por padr\u00e3o, ser\u00e1 exibido as bancas que possuem o&nbsp;<em>status<\/em>&nbsp;SOLICITADA, mas o usu\u00e1rio poder\u00e1 buscar bancas com outros&nbsp;<em>status<\/em>&nbsp;no campo Situa\u00e7\u00e3o, como as que foram aprovadas* ou canceladas.<\/li>\n<\/ul>\n\n\n\n<figure class=\"wp-block-image aligncenter size-full is-resized\"><img loading=\"lazy\" decoding=\"async\" width=\"664\" height=\"464\" src=\"https:\/\/wiki.uepa.br\/wp-content\/uploads\/2025\/09\/image-47.png\" alt=\"\" class=\"wp-image-858\" style=\"width:600px\" srcset=\"https:\/\/wiki.uepa.br\/wp-content\/uploads\/2025\/09\/image-47.png 664w, https:\/\/wiki.uepa.br\/wp-content\/uploads\/2025\/09\/image-47-300x210.png 300w\" sizes=\"(max-width: 664px) 100vw, 664px\" \/><\/figure>\n\n\n\n<ul class=\"has-ast-global-color-8-color has-text-color has-link-color wp-elements-9f346aee2df4478ceaa19e418b3e18a6\">\n<li>As informa\u00e7\u00f5es cadastradas pelo docente orientador poder\u00e3o ser editadas caso possuam algum equ\u00edvoco.<\/li>\n\n\n\n<li>Caso as informa\u00e7\u00f5es estejam corretas, clique em&nbsp;<strong>Pr\u00f3ximo Passo \u00bb<\/strong>. Uma tela com os membros que foram cadastros para a banca ser\u00e1 exibida:<\/li>\n<\/ul>\n\n\n\n<figure class=\"wp-block-image aligncenter size-full\"><img loading=\"lazy\" decoding=\"async\" width=\"600\" height=\"225\" src=\"https:\/\/wiki.uepa.br\/wp-content\/uploads\/2025\/09\/gerenciar_banca3.png\" alt=\"\" class=\"wp-image-861\" srcset=\"https:\/\/wiki.uepa.br\/wp-content\/uploads\/2025\/09\/gerenciar_banca3.png 600w, https:\/\/wiki.uepa.br\/wp-content\/uploads\/2025\/09\/gerenciar_banca3-300x113.png 300w\" sizes=\"(max-width: 600px) 100vw, 600px\" \/><\/figure>\n\n\n\n<ul class=\"has-ast-global-color-8-color has-text-color has-link-color wp-elements-81f8d3248b2f494af33f473eb07a483d\">\n<li>O usu\u00e1rio poder\u00e1 alterar as informa\u00e7\u00f5es, adicionando ou removendo os membros.<\/li>\n\n\n\n<li>Caso n\u00e3o seja necess\u00e1ria nenhuma modifica\u00e7\u00e3o, clique em&nbsp;<strong>Pr\u00f3ximo Passo\u00bb<\/strong>. Uma tela com o Resumo das informa\u00e7\u00f5es ser\u00e1 exibida:<\/li>\n<\/ul>\n\n\n\n<figure class=\"wp-block-image aligncenter size-full\"><img loading=\"lazy\" decoding=\"async\" width=\"600\" height=\"331\" src=\"https:\/\/wiki.uepa.br\/wp-content\/uploads\/2025\/09\/gerenciar_banca4.png\" alt=\"\" class=\"wp-image-864\" srcset=\"https:\/\/wiki.uepa.br\/wp-content\/uploads\/2025\/09\/gerenciar_banca4.png 600w, https:\/\/wiki.uepa.br\/wp-content\/uploads\/2025\/09\/gerenciar_banca4-300x166.png 300w\" sizes=\"(max-width: 600px) 100vw, 600px\" \/><\/figure>\n\n\n\n<ul class=\"has-ast-global-color-8-color has-text-color has-link-color wp-elements-0b5b44b674cea52ebeca6ba7db3b0df2\">\n<li>Verifique se os dados apresentados est\u00e3o corretos e clique em&nbsp;<strong>Confirmar<\/strong>.<\/li>\n\n\n\n<li>Uma mensagem ser\u00e1 exibida informando que a opera\u00e7\u00e3o foi realizada com sucesso.<\/li>\n<\/ul>\n\n\n\n<figure class=\"wp-block-image aligncenter size-full\"><img loading=\"lazy\" decoding=\"async\" width=\"300\" height=\"52\" src=\"https:\/\/wiki.uepa.br\/wp-content\/uploads\/2025\/09\/operacao_realiz_com_sucesso-1.png\" alt=\"\" class=\"wp-image-866\"\/><\/figure>\n\n\n\n<ul class=\"has-ast-global-color-8-color has-text-color has-link-color wp-elements-948491b8ef09e886581842512b3a3345\">\n<li><strong>Observa\u00e7\u00e3o:<\/strong>&nbsp;A partir desse momento, a solicita\u00e7\u00e3o da banca j\u00e1 foi confirmada e o docente orientador poder\u00e1 inserir a nota do resultado da banca.<\/li>\n<\/ul>\n","protected":false},"excerpt":{"rendered":"","protected":false},"author":1,"featured_media":0,"parent":246,"menu_order":0,"comment_status":"closed","ping_status":"closed","template":"","meta":{"_uag_custom_page_level_css":"","site-sidebar-layout":"default","site-content-layout":"","ast-site-content-layout":"","site-content-style":"default","site-sidebar-style":"default","ast-global-header-display":"","ast-banner-title-visibility":"","ast-main-header-display":"","ast-hfb-above-header-display":"","ast-hfb-below-header-display":"","ast-hfb-mobile-header-display":"","site-post-title":"","ast-breadcrumbs-content":"","ast-featured-img":"","footer-sml-layout":"","theme-transparent-header-meta":"","adv-header-id-meta":"","stick-header-meta":"","header-above-stick-meta":"","header-main-stick-meta":"","header-below-stick-meta":"","astra-migrate-meta-layouts":"","ast-page-background-enabled":"default","ast-page-background-meta":{"desktop":{"background-color":"var(--ast-global-color-4)","background-image":"","background-repeat":"repeat","background-position":"center center","background-size":"auto","background-attachment":"scroll","background-type":"","background-media":"","overlay-type":"","overlay-color":"","overlay-gradient":""},"tablet":{"background-color":"","background-image":"","background-repeat":"repeat","background-position":"center center","background-size":"auto","background-attachment":"scroll","background-type":"","background-media":"","overlay-type":"","overlay-color":"","overlay-gradient":""},"mobile":{"background-color":"","background-image":"","background-repeat":"repeat","background-position":"center center","background-size":"auto","background-attachment":"scroll","background-type":"","background-media":"","overlay-type":"","overlay-color":"","overlay-gradient":""}},"ast-content-background-meta":{"desktop":{"background-color":"var(--ast-global-color-5)","background-image":"","background-repeat":"repeat","background-position":"center center","background-size":"auto","background-attachment":"scroll","background-type":"","background-media":"","overlay-type":"","overlay-color":"","overlay-gradient":""},"tablet":{"background-color":"var(--ast-global-color-5)","background-image":"","background-repeat":"repeat","background-position":"center center","background-size":"auto","background-attachment":"scroll","background-type":"","background-media":"","overlay-type":"","overlay-color":"","overlay-gradient":""},"mobile":{"background-color":"var(--ast-global-color-5)","background-image":"","background-repeat":"repeat","background-position":"center center","background-size":"auto","background-attachment":"scroll","background-type":"","background-media":"","overlay-type":"","overlay-color":"","overlay-gradient":""}},"footnotes":""},"uagb_featured_image_src":{"full":false,"thumbnail":false,"medium":false,"medium_large":false,"large":false,"1536x1536":false,"2048x2048":false},"uagb_author_info":{"display_name":"adminsites@uepa.br","author_link":"https:\/\/wiki.uepa.br\/index.php\/author\/adminsitesuepa-br\/"},"uagb_comment_info":0,"uagb_excerpt":null,"_links":{"self":[{"href":"https:\/\/wiki.uepa.br\/index.php\/wp-json\/wp\/v2\/pages\/254"}],"collection":[{"href":"https:\/\/wiki.uepa.br\/index.php\/wp-json\/wp\/v2\/pages"}],"about":[{"href":"https:\/\/wiki.uepa.br\/index.php\/wp-json\/wp\/v2\/types\/page"}],"author":[{"embeddable":true,"href":"https:\/\/wiki.uepa.br\/index.php\/wp-json\/wp\/v2\/users\/1"}],"replies":[{"embeddable":true,"href":"https:\/\/wiki.uepa.br\/index.php\/wp-json\/wp\/v2\/comments?post=254"}],"version-history":[{"count":3,"href":"https:\/\/wiki.uepa.br\/index.php\/wp-json\/wp\/v2\/pages\/254\/revisions"}],"predecessor-version":[{"id":867,"href":"https:\/\/wiki.uepa.br\/index.php\/wp-json\/wp\/v2\/pages\/254\/revisions\/867"}],"up":[{"embeddable":true,"href":"https:\/\/wiki.uepa.br\/index.php\/wp-json\/wp\/v2\/pages\/246"}],"wp:attachment":[{"href":"https:\/\/wiki.uepa.br\/index.php\/wp-json\/wp\/v2\/media?parent=254"}],"curies":[{"name":"wp","href":"https:\/\/api.w.org\/{rel}","templated":true}]}}