{"id":257,"date":"2024-02-20T19:42:09","date_gmt":"2024-02-20T19:42:09","guid":{"rendered":"https:\/\/wiki.uepa.br\/?page_id=257"},"modified":"2025-09-26T17:51:03","modified_gmt":"2025-09-26T17:51:03","slug":"consolidar-tcc","status":"publish","type":"page","link":"https:\/\/wiki.uepa.br\/index.php\/coordenador-de-curso\/fluxo-para-cadastro-e-consolidacao-de-banca-do-tcc\/consolidar-tcc\/","title":{"rendered":"Consolidar TCC"},"content":{"rendered":"\n<ul class=\"has-ast-global-color-8-color has-text-color has-link-color wp-elements-449e96c1e4143650ea5c263d51234381\">\n<li>Para a consolidar o Trabalho de Conclus\u00e3o de Curso, acesse o SIGAA UEPA \u00bb M\u00f3dulos \u00bb Portal Coord. Gradua\u00e7\u00e3o \u00bb Selecione o Curso Desejado \u00bb Atividades \u00bb Trabalho de Conclus\u00e3o de Curso \u00bb Consolidar o Trabalho de Conclus\u00e3o de Curso.<\/li>\n<\/ul>\n\n\n\n<figure class=\"wp-block-image aligncenter size-full\"><img loading=\"lazy\" decoding=\"async\" width=\"600\" height=\"157\" src=\"https:\/\/wiki.uepa.br\/wp-content\/uploads\/2025\/09\/consolidar_tcc.png\" alt=\"\" class=\"wp-image-870\" title=\"Consolidar o Trabalho de Conclus\u00e3o de Curso\" srcset=\"https:\/\/wiki.uepa.br\/wp-content\/uploads\/2025\/09\/consolidar_tcc.png 600w, https:\/\/wiki.uepa.br\/wp-content\/uploads\/2025\/09\/consolidar_tcc-300x79.png 300w\" sizes=\"(max-width: 600px) 100vw, 600px\" \/><\/figure>\n\n\n\n<ul class=\"has-ast-global-color-8-color has-text-color has-link-color wp-elements-bc24b0f1c74783872d3d652247e70294\">\n<li>Ao clicar em&nbsp;<strong>Consolidar o Trabalho de Conclus\u00e3o de Curso<\/strong>&nbsp;ser\u00e1 exibida uma tela com a lista dos discentes, orientadores e a nota cadastrada.<\/li>\n<\/ul>\n\n\n\n<figure class=\"wp-block-image aligncenter size-full\"><img loading=\"lazy\" decoding=\"async\" width=\"600\" height=\"145\" src=\"https:\/\/wiki.uepa.br\/wp-content\/uploads\/2025\/09\/consolidar_tcc1.png\" alt=\"\" class=\"wp-image-873\" srcset=\"https:\/\/wiki.uepa.br\/wp-content\/uploads\/2025\/09\/consolidar_tcc1.png 600w, https:\/\/wiki.uepa.br\/wp-content\/uploads\/2025\/09\/consolidar_tcc1-300x73.png 300w\" sizes=\"(max-width: 600px) 100vw, 600px\" \/><\/figure>\n\n\n\n<ul class=\"has-ast-global-color-8-color has-text-color has-link-color wp-elements-931e6aa48f125212ae43bfdfc7c72a6b\">\n<li>Selecione o discente que dever\u00e1 ter sua nota consolidada e clique em&nbsp;<strong>Pr\u00f3ximo Passo \u00bb<\/strong>. A seguinte tela ser\u00e1 exibida:<\/li>\n<\/ul>\n\n\n\n<figure class=\"wp-block-image aligncenter size-full\"><img loading=\"lazy\" decoding=\"async\" width=\"600\" height=\"186\" src=\"https:\/\/wiki.uepa.br\/wp-content\/uploads\/2025\/09\/consolidar_tcc2.png\" alt=\"\" class=\"wp-image-875\" srcset=\"https:\/\/wiki.uepa.br\/wp-content\/uploads\/2025\/09\/consolidar_tcc2.png 600w, https:\/\/wiki.uepa.br\/wp-content\/uploads\/2025\/09\/consolidar_tcc2-300x93.png 300w\" sizes=\"(max-width: 600px) 100vw, 600px\" \/><\/figure>\n\n\n\n<ul class=\"has-ast-global-color-8-color has-text-color has-link-color wp-elements-83e3c4d3eb4b84318053a75b991b569a\">\n<li>O usu\u00e1rio dever\u00e1 informar as credenciais solicitadas pelo sistema e clicar em&nbsp;<strong>Confirmar<\/strong>.<\/li>\n\n\n\n<li><strong>Observa\u00e7\u00e3o:<\/strong>&nbsp;Ap\u00f3s confirmar a opera\u00e7\u00e3o, a atividade do tipo&nbsp;<em>Trabalho de Conclus\u00e3o de Curso<\/em>&nbsp;estar\u00e1 consolidada para o discente e a nota aparecer\u00e1 no hist\u00f3rico desse aluno.<\/li>\n\n\n\n<li>O sistema exibir\u00e1 uma tela com o resumo da Atividade Consolidada.<\/li>\n<\/ul>\n\n\n\n<figure class=\"wp-block-image aligncenter size-full\"><img loading=\"lazy\" decoding=\"async\" width=\"600\" height=\"155\" src=\"https:\/\/wiki.uepa.br\/wp-content\/uploads\/2025\/09\/consolidar_tcc3.png\" alt=\"\" class=\"wp-image-878\" srcset=\"https:\/\/wiki.uepa.br\/wp-content\/uploads\/2025\/09\/consolidar_tcc3.png 600w, https:\/\/wiki.uepa.br\/wp-content\/uploads\/2025\/09\/consolidar_tcc3-300x78.png 300w\" sizes=\"(max-width: 600px) 100vw, 600px\" \/><\/figure>\n","protected":false},"excerpt":{"rendered":"","protected":false},"author":1,"featured_media":0,"parent":246,"menu_order":0,"comment_status":"closed","ping_status":"closed","template":"","meta":{"_uag_custom_page_level_css":"","site-sidebar-layout":"default","site-content-layout":"","ast-site-content-layout":"","site-content-style":"default","site-sidebar-style":"default","ast-global-header-display":"","ast-banner-title-visibility":"","ast-main-header-display":"","ast-hfb-above-header-display":"","ast-hfb-below-header-display":"","ast-hfb-mobile-header-display":"","site-post-title":"","ast-breadcrumbs-content":"","ast-featured-img":"","footer-sml-layout":"","theme-transparent-header-meta":"","adv-header-id-meta":"","stick-header-meta":"","header-above-stick-meta":"","header-main-stick-meta":"","header-below-stick-meta":"","astra-migrate-meta-layouts":"","ast-page-background-enabled":"default","ast-page-background-meta":{"desktop":{"background-color":"var(--ast-global-color-4)","background-image":"","background-repeat":"repeat","background-position":"center center","background-size":"auto","background-attachment":"scroll","background-type":"","background-media":"","overlay-type":"","overlay-color":"","overlay-gradient":""},"tablet":{"background-color":"","background-image":"","background-repeat":"repeat","background-position":"center center","background-size":"auto","background-attachment":"scroll","background-type":"","background-media":"","overlay-type":"","overlay-color":"","overlay-gradient":""},"mobile":{"background-color":"","background-image":"","background-repeat":"repeat","background-position":"center center","background-size":"auto","background-attachment":"scroll","background-type":"","background-media":"","overlay-type":"","overlay-color":"","overlay-gradient":""}},"ast-content-background-meta":{"desktop":{"background-color":"var(--ast-global-color-5)","background-image":"","background-repeat":"repeat","background-position":"center center","background-size":"auto","background-attachment":"scroll","background-type":"","background-media":"","overlay-type":"","overlay-color":"","overlay-gradient":""},"tablet":{"background-color":"var(--ast-global-color-5)","background-image":"","background-repeat":"repeat","background-position":"center center","background-size":"auto","background-attachment":"scroll","background-type":"","background-media":"","overlay-type":"","overlay-color":"","overlay-gradient":""},"mobile":{"background-color":"var(--ast-global-color-5)","background-image":"","background-repeat":"repeat","background-position":"center center","background-size":"auto","background-attachment":"scroll","background-type":"","background-media":"","overlay-type":"","overlay-color":"","overlay-gradient":""}},"footnotes":""},"uagb_featured_image_src":{"full":false,"thumbnail":false,"medium":false,"medium_large":false,"large":false,"1536x1536":false,"2048x2048":false},"uagb_author_info":{"display_name":"adminsites@uepa.br","author_link":"https:\/\/wiki.uepa.br\/index.php\/author\/adminsitesuepa-br\/"},"uagb_comment_info":0,"uagb_excerpt":null,"_links":{"self":[{"href":"https:\/\/wiki.uepa.br\/index.php\/wp-json\/wp\/v2\/pages\/257"}],"collection":[{"href":"https:\/\/wiki.uepa.br\/index.php\/wp-json\/wp\/v2\/pages"}],"about":[{"href":"https:\/\/wiki.uepa.br\/index.php\/wp-json\/wp\/v2\/types\/page"}],"author":[{"embeddable":true,"href":"https:\/\/wiki.uepa.br\/index.php\/wp-json\/wp\/v2\/users\/1"}],"replies":[{"embeddable":true,"href":"https:\/\/wiki.uepa.br\/index.php\/wp-json\/wp\/v2\/comments?post=257"}],"version-history":[{"count":3,"href":"https:\/\/wiki.uepa.br\/index.php\/wp-json\/wp\/v2\/pages\/257\/revisions"}],"predecessor-version":[{"id":880,"href":"https:\/\/wiki.uepa.br\/index.php\/wp-json\/wp\/v2\/pages\/257\/revisions\/880"}],"up":[{"embeddable":true,"href":"https:\/\/wiki.uepa.br\/index.php\/wp-json\/wp\/v2\/pages\/246"}],"wp:attachment":[{"href":"https:\/\/wiki.uepa.br\/index.php\/wp-json\/wp\/v2\/media?parent=257"}],"curies":[{"name":"wp","href":"https:\/\/api.w.org\/{rel}","templated":true}]}}