{"id":259,"date":"2024-02-20T19:59:17","date_gmt":"2024-02-20T19:59:17","guid":{"rendered":"https:\/\/wiki.uepa.br\/?page_id=259"},"modified":"2025-09-26T17:55:19","modified_gmt":"2025-09-26T17:55:19","slug":"conclusao-de-discente-no-modulo-de-stricto","status":"publish","type":"page","link":"https:\/\/wiki.uepa.br\/index.php\/coordenador-de-curso\/fluxo-para-cadastro-e-consolidacao-de-banca-do-tcc\/conclusao-de-discente-no-modulo-de-stricto\/","title":{"rendered":"Conclus\u00e3o de discente no m\u00f3dulo de Stricto"},"content":{"rendered":"\n<h3 class=\"wp-block-heading has-text-align-center\" id=\"consideracoes_iniciais\"><strong>Considera\u00e7\u00f5es iniciais<\/strong><\/h3>\n\n\n\n<ul class=\"has-ast-global-color-8-color has-text-color has-link-color wp-elements-c7421a076264210bc1a95cc7f045f897\">\n<li>Quando o discente tem o trabalho de conclus\u00e3o de curso integralizado, o discente assume o status&nbsp;<strong>DEFENDIDO<\/strong>. H\u00e1 alguns procedimentos p\u00f3s defesa que devem ser feitos entre discente, orientador e coordenador. Ap\u00f3s a coordena\u00e7\u00e3o receber a vers\u00e3o final, \u00e9 solicitado a homologa\u00e7\u00e3o de diploma desse discente, ent\u00e3o o mesmo assume o status&nbsp;<strong>EM HOMOLOGACAO<\/strong>.<\/li>\n\n\n\n<li>Quando o discente est\u00e1 com o status&nbsp;<strong>EM HOMOLOGACAO<\/strong>, ele pode ser conclu\u00eddo atrav\u00e9s do caso de uso Stricto Sensu &gt; V\u00ednculo\/Matr\u00edcula &gt; V\u00ednculo com a P\u00f3s-Gradua\u00e7\u00e3o &gt; Concluir Programa.<\/li>\n\n\n\n<li>\u00c9 poss\u00edvel pular tamb\u00e9m esse procedimento p\u00f3s defesa pelo m\u00f3dulo GESTOR STRICTO SENSU, visto que a institui\u00e7\u00e3o n\u00e3o utiliza essa opera\u00e7\u00e3o.<\/li>\n<\/ul>\n\n\n\n<h3 class=\"wp-block-heading has-text-align-center\" id=\"concluindo_aluno_sem_utilizar_os_procedimentos_de_pos-defesa_do_sigaa\"><strong>Concluindo aluno sem utilizar os procedimentos de p\u00f3s-defesa do SIGAA<\/strong><\/h3>\n\n\n\n<ul class=\"has-ast-global-color-8-color has-text-color has-link-color wp-elements-fb3f42e9576f896ad3f633ca5c84fd71\">\n<li>Para concluir um discente sem utilizar os procedimentos de p\u00f3s-defesa, o usu\u00e1rio poder\u00e1 alterar o status de&nbsp;<strong>DEFENDIDO<\/strong>&nbsp;para&nbsp;<strong>EM HOMOLOGACAO<\/strong>.<\/li>\n\n\n\n<li>Vamos a um exemplo com um discente, que est\u00e1 com o status&nbsp;<strong>DEFENDIDO<\/strong>:<\/li>\n<\/ul>\n\n\n\n<figure class=\"wp-block-image aligncenter size-full\"><img loading=\"lazy\" decoding=\"async\" width=\"900\" height=\"85\" src=\"https:\/\/wiki.uepa.br\/wp-content\/uploads\/2025\/09\/conclusaodiscente1.png\" alt=\"\" class=\"wp-image-892\" srcset=\"https:\/\/wiki.uepa.br\/wp-content\/uploads\/2025\/09\/conclusaodiscente1.png 900w, https:\/\/wiki.uepa.br\/wp-content\/uploads\/2025\/09\/conclusaodiscente1-300x28.png 300w, https:\/\/wiki.uepa.br\/wp-content\/uploads\/2025\/09\/conclusaodiscente1-768x73.png 768w\" sizes=\"(max-width: 900px) 100vw, 900px\" \/><\/figure>\n\n\n\n<ul class=\"has-ast-global-color-8-color has-text-color has-link-color wp-elements-0cd0b6bb15989533632fcb6fe51e14fe\">\n<li>Acesse Stricto Sensu &gt; Aluno &gt; Dados do Discente &gt; Alterar Status do Discente:<\/li>\n<\/ul>\n\n\n\n<figure class=\"wp-block-image aligncenter size-full is-resized\"><img loading=\"lazy\" decoding=\"async\" width=\"600\" height=\"433\" src=\"https:\/\/wiki.uepa.br\/wp-content\/uploads\/2025\/09\/conclusaodiscente2.png\" alt=\"\" class=\"wp-image-893\" style=\"width:600px\" srcset=\"https:\/\/wiki.uepa.br\/wp-content\/uploads\/2025\/09\/conclusaodiscente2.png 600w, https:\/\/wiki.uepa.br\/wp-content\/uploads\/2025\/09\/conclusaodiscente2-300x217.png 300w\" sizes=\"(max-width: 600px) 100vw, 600px\" \/><\/figure>\n\n\n\n<ul class=\"has-ast-global-color-8-color has-text-color has-link-color wp-elements-1b9f5704c10a8eb9f476ec323f821abd\">\n<li>Altere o status para&nbsp;<strong>EM HOMOLOGACAO<\/strong>&nbsp;e clique em \u201cAlterar Status do Aluno\u201d:<\/li>\n<\/ul>\n\n\n\n<figure class=\"wp-block-image aligncenter size-full is-resized\"><img loading=\"lazy\" decoding=\"async\" width=\"900\" height=\"396\" src=\"https:\/\/wiki.uepa.br\/wp-content\/uploads\/2025\/09\/conclusaodiscente3.png\" alt=\"\" class=\"wp-image-896\" style=\"width:600px\" srcset=\"https:\/\/wiki.uepa.br\/wp-content\/uploads\/2025\/09\/conclusaodiscente3.png 900w, https:\/\/wiki.uepa.br\/wp-content\/uploads\/2025\/09\/conclusaodiscente3-300x132.png 300w, https:\/\/wiki.uepa.br\/wp-content\/uploads\/2025\/09\/conclusaodiscente3-768x338.png 768w\" sizes=\"(max-width: 900px) 100vw, 900px\" \/><\/figure>\n\n\n\n<ul class=\"has-ast-global-color-8-color has-text-color has-link-color wp-elements-d41a891f35ee9107d44fb8b37ddd4e00\">\n<li>Feito isso, acesse Stricto Sensu &gt; V\u00ednculo \/ Matr\u00edcula &gt; V\u00ednculo com a P\u00f3s-Gradua\u00e7\u00e3o &gt; Concluir Aluno. Repare que o sistema j\u00e1 indica com a cor da fonte em vermelho que h\u00e1 um discente para ser conclu\u00eddo:<\/li>\n<\/ul>\n\n\n\n<figure class=\"wp-block-image aligncenter size-full\"><img loading=\"lazy\" decoding=\"async\" width=\"900\" height=\"287\" src=\"https:\/\/wiki.uepa.br\/wp-content\/uploads\/2025\/09\/conclusaodiscente4.png\" alt=\"\" class=\"wp-image-897\" srcset=\"https:\/\/wiki.uepa.br\/wp-content\/uploads\/2025\/09\/conclusaodiscente4.png 900w, https:\/\/wiki.uepa.br\/wp-content\/uploads\/2025\/09\/conclusaodiscente4-300x96.png 300w, https:\/\/wiki.uepa.br\/wp-content\/uploads\/2025\/09\/conclusaodiscente4-768x245.png 768w\" sizes=\"(max-width: 900px) 100vw, 900px\" \/><\/figure>\n\n\n\n<ul class=\"has-ast-global-color-8-color has-text-color has-link-color wp-elements-78ea28bc9fbddfb4c23e94d8e79d151f\">\n<li>Acessando o caminho anterior, ser\u00e1 listado o discente como o status&nbsp;<strong>EM HOMOLOGACAO<\/strong>&nbsp;para ser conclu\u00eddo. Selecione o discente desejado clicando no \u00edcone verde:<\/li>\n<\/ul>\n\n\n\n<figure class=\"wp-block-image aligncenter size-full\"><img loading=\"lazy\" decoding=\"async\" width=\"900\" height=\"127\" src=\"https:\/\/wiki.uepa.br\/wp-content\/uploads\/2025\/09\/conclusaodiscente5.png\" alt=\"\" class=\"wp-image-899\" srcset=\"https:\/\/wiki.uepa.br\/wp-content\/uploads\/2025\/09\/conclusaodiscente5.png 900w, https:\/\/wiki.uepa.br\/wp-content\/uploads\/2025\/09\/conclusaodiscente5-300x42.png 300w, https:\/\/wiki.uepa.br\/wp-content\/uploads\/2025\/09\/conclusaodiscente5-768x108.png 768w\" sizes=\"(max-width: 900px) 100vw, 900px\" \/><\/figure>\n\n\n\n<ul class=\"has-ast-global-color-8-color has-text-color has-link-color wp-elements-e30a0640d5ddca3bca32ad49dc5a847a\">\n<li>Informe o M\u00eas\/Ano de Refer\u00eancia. Repare que n\u00e3o h\u00e1 informa\u00e7\u00f5es de trabalho de conclus\u00e3o e dados da banca, pois as etapas foram puladas quando a altera\u00e7\u00e3o de status foi realizada. Ap\u00f3s a inser\u00e7\u00e3o dos dados exigidos, clique em \u201cConfirme a conclus\u00e3o do programa\u201d<\/li>\n<\/ul>\n\n\n\n<figure class=\"wp-block-image aligncenter size-full is-resized\"><img loading=\"lazy\" decoding=\"async\" width=\"900\" height=\"438\" src=\"https:\/\/wiki.uepa.br\/wp-content\/uploads\/2025\/09\/conclusaodiscente6-1.png\" alt=\"\" class=\"wp-image-901\" style=\"width:600px\" srcset=\"https:\/\/wiki.uepa.br\/wp-content\/uploads\/2025\/09\/conclusaodiscente6-1.png 900w, https:\/\/wiki.uepa.br\/wp-content\/uploads\/2025\/09\/conclusaodiscente6-1-300x146.png 300w, https:\/\/wiki.uepa.br\/wp-content\/uploads\/2025\/09\/conclusaodiscente6-1-768x374.png 768w\" sizes=\"(max-width: 900px) 100vw, 900px\" \/><\/figure>\n\n\n\n<ul class=\"has-ast-global-color-8-color has-text-color has-link-color wp-elements-3032a4d66d2f0f5b1a854630a59a4143\">\n<li>Feito isso, o discente fica com o status&nbsp;<strong>CONCLU\u00cdDO<\/strong>&nbsp;e \u00e9 exibido o M\u00eas\/Ano de Sa\u00edda no hist\u00f3rico:<\/li>\n<\/ul>\n\n\n\n<figure class=\"wp-block-image aligncenter size-full is-resized\"><img loading=\"lazy\" decoding=\"async\" width=\"900\" height=\"504\" src=\"https:\/\/wiki.uepa.br\/wp-content\/uploads\/2025\/09\/conclusaodiscente7.png\" alt=\"\" class=\"wp-image-908\" style=\"width:600px\" srcset=\"https:\/\/wiki.uepa.br\/wp-content\/uploads\/2025\/09\/conclusaodiscente7.png 900w, https:\/\/wiki.uepa.br\/wp-content\/uploads\/2025\/09\/conclusaodiscente7-300x168.png 300w, https:\/\/wiki.uepa.br\/wp-content\/uploads\/2025\/09\/conclusaodiscente7-768x430.png 768w\" sizes=\"(max-width: 900px) 100vw, 900px\" \/><\/figure>\n","protected":false},"excerpt":{"rendered":"<p>Considera\u00e7\u00f5es iniciais Concluindo aluno sem utilizar os procedimentos de p\u00f3s-defesa do SIGAA<\/p>\n","protected":false},"author":1,"featured_media":0,"parent":246,"menu_order":0,"comment_status":"closed","ping_status":"closed","template":"","meta":{"_uag_custom_page_level_css":"","site-sidebar-layout":"default","site-content-layout":"","ast-site-content-layout":"","site-content-style":"default","site-sidebar-style":"default","ast-global-header-display":"","ast-banner-title-visibility":"","ast-main-header-display":"","ast-hfb-above-header-display":"","ast-hfb-below-header-display":"","ast-hfb-mobile-header-display":"","site-post-title":"","ast-breadcrumbs-content":"","ast-featured-img":"","footer-sml-layout":"","theme-transparent-header-meta":"","adv-header-id-meta":"","stick-header-meta":"","header-above-stick-meta":"","header-main-stick-meta":"","header-below-stick-meta":"","astra-migrate-meta-layouts":"","ast-page-background-enabled":"default","ast-page-background-meta":{"desktop":{"background-color":"var(--ast-global-color-4)","background-image":"","background-repeat":"repeat","background-position":"center center","background-size":"auto","background-attachment":"scroll","background-type":"","background-media":"","overlay-type":"","overlay-color":"","overlay-gradient":""},"tablet":{"background-color":"","background-image":"","background-repeat":"repeat","background-position":"center center","background-size":"auto","background-attachment":"scroll","background-type":"","background-media":"","overlay-type":"","overlay-color":"","overlay-gradient":""},"mobile":{"background-color":"","background-image":"","background-repeat":"repeat","background-position":"center center","background-size":"auto","background-attachment":"scroll","background-type":"","background-media":"","overlay-type":"","overlay-color":"","overlay-gradient":""}},"ast-content-background-meta":{"desktop":{"background-color":"var(--ast-global-color-5)","background-image":"","background-repeat":"repeat","background-position":"center center","background-size":"auto","background-attachment":"scroll","background-type":"","background-media":"","overlay-type":"","overlay-color":"","overlay-gradient":""},"tablet":{"background-color":"var(--ast-global-color-5)","background-image":"","background-repeat":"repeat","background-position":"center center","background-size":"auto","background-attachment":"scroll","background-type":"","background-media":"","overlay-type":"","overlay-color":"","overlay-gradient":""},"mobile":{"background-color":"var(--ast-global-color-5)","background-image":"","background-repeat":"repeat","background-position":"center center","background-size":"auto","background-attachment":"scroll","background-type":"","background-media":"","overlay-type":"","overlay-color":"","overlay-gradient":""}},"footnotes":""},"uagb_featured_image_src":{"full":false,"thumbnail":false,"medium":false,"medium_large":false,"large":false,"1536x1536":false,"2048x2048":false},"uagb_author_info":{"display_name":"adminsites@uepa.br","author_link":"https:\/\/wiki.uepa.br\/index.php\/author\/adminsitesuepa-br\/"},"uagb_comment_info":0,"uagb_excerpt":"Considera\u00e7\u00f5es iniciais Concluindo aluno sem utilizar os procedimentos de p\u00f3s-defesa do SIGAA","_links":{"self":[{"href":"https:\/\/wiki.uepa.br\/index.php\/wp-json\/wp\/v2\/pages\/259"}],"collection":[{"href":"https:\/\/wiki.uepa.br\/index.php\/wp-json\/wp\/v2\/pages"}],"about":[{"href":"https:\/\/wiki.uepa.br\/index.php\/wp-json\/wp\/v2\/types\/page"}],"author":[{"embeddable":true,"href":"https:\/\/wiki.uepa.br\/index.php\/wp-json\/wp\/v2\/users\/1"}],"replies":[{"embeddable":true,"href":"https:\/\/wiki.uepa.br\/index.php\/wp-json\/wp\/v2\/comments?post=259"}],"version-history":[{"count":3,"href":"https:\/\/wiki.uepa.br\/index.php\/wp-json\/wp\/v2\/pages\/259\/revisions"}],"predecessor-version":[{"id":909,"href":"https:\/\/wiki.uepa.br\/index.php\/wp-json\/wp\/v2\/pages\/259\/revisions\/909"}],"up":[{"embeddable":true,"href":"https:\/\/wiki.uepa.br\/index.php\/wp-json\/wp\/v2\/pages\/246"}],"wp:attachment":[{"href":"https:\/\/wiki.uepa.br\/index.php\/wp-json\/wp\/v2\/media?parent=259"}],"curies":[{"name":"wp","href":"https:\/\/api.w.org\/{rel}","templated":true}]}}