{"id":281,"date":"2024-02-20T20:46:00","date_gmt":"2024-02-20T20:46:00","guid":{"rendered":"https:\/\/wiki.uepa.br\/?page_id=281"},"modified":"2025-09-26T17:15:53","modified_gmt":"2025-09-26T17:15:53","slug":"criar-turma-controle-academico","status":"publish","type":"page","link":"https:\/\/wiki.uepa.br\/index.php\/controle-academico\/criar-turma-controle-academico\/","title":{"rendered":"Criar Turma &#8211; Controle Acad\u00eamico"},"content":{"rendered":"\n<p class=\"has-text-align-center\">Esta funcionalidade permite ao usu\u00e1rio criar uma turma para um componente curricular cadastrado no sistema.<\/p>\n\n\n\n<ul class=\"has-ast-global-color-8-color has-text-color has-link-color wp-elements-768cbed7654c8fdf68516e8edea2c3f6\">\n<li>Para criar turma, acesse o SIGAA UEPA \u00bb M\u00f3dulos \u00bb Gradua\u00e7\u00e3o \u00bb Matr\u00edculas e Programas \u00bb Turmas \u00bb Criar Turma.<\/li>\n<\/ul>\n\n\n\n<figure class=\"wp-block-image aligncenter size-full\"><img loading=\"lazy\" decoding=\"async\" width=\"400\" height=\"86\" src=\"https:\/\/wiki.uepa.br\/wp-content\/uploads\/2025\/09\/criar_turma.png\" alt=\"\" class=\"wp-image-752\" title=\"criar turma\" srcset=\"https:\/\/wiki.uepa.br\/wp-content\/uploads\/2025\/09\/criar_turma.png 400w, https:\/\/wiki.uepa.br\/wp-content\/uploads\/2025\/09\/criar_turma-300x65.png 300w\" sizes=\"(max-width: 400px) 100vw, 400px\" \/><\/figure>\n\n\n\n<ul class=\"has-ast-global-color-8-color has-text-color has-link-color wp-elements-995a7b0a312cc8dff756059f8f675530\">\n<li>Ap\u00f3s clicar a seguinte tela ser\u00e1 exibida:<\/li>\n<\/ul>\n\n\n\n<figure class=\"wp-block-image aligncenter size-full is-resized\"><img loading=\"lazy\" decoding=\"async\" width=\"800\" height=\"215\" src=\"https:\/\/wiki.uepa.br\/wp-content\/uploads\/2025\/09\/criar_turma1.png\" alt=\"\" class=\"wp-image-753\" style=\"width:600px\" title=\"busca de componente curricular\" srcset=\"https:\/\/wiki.uepa.br\/wp-content\/uploads\/2025\/09\/criar_turma1.png 800w, https:\/\/wiki.uepa.br\/wp-content\/uploads\/2025\/09\/criar_turma1-300x81.png 300w, https:\/\/wiki.uepa.br\/wp-content\/uploads\/2025\/09\/criar_turma1-768x206.png 768w\" sizes=\"(max-width: 800px) 100vw, 800px\" \/><\/figure>\n\n\n\n<ul class=\"has-ast-global-color-8-color has-text-color has-link-color wp-elements-c97aab312af07dc74bf049a55502d313\">\n<li>O usu\u00e1rio dever\u00e1 informar pelo menos um dos seguintes dados para a busca de componentes curriculares:\n<ul>\n<li><em>C\u00f3digo<\/em>: Forne\u00e7a o c\u00f3digo do componente curricular que deseja buscar no sistema;<\/li>\n\n\n\n<li><em>Nome<\/em>: Informe o nome do componente curricular;<\/li>\n\n\n\n<li><em>Tipo<\/em>: Selecione o tipo do componente, optando entre&nbsp;<em>DISCIPLINA, ATIVIDADE, M\u00d3DULO<\/em>&nbsp;ou&nbsp;<em>BLOCO<\/em>;<\/li>\n\n\n\n<li><em>Modalidade<\/em>: Informe a modalidade do componente, selecionando entre as op\u00e7\u00f5es&nbsp;<em>\u00c0 DIST\u00c2NCIA<\/em>&nbsp;ou&nbsp;<em>PRESENCIAL<\/em>;<\/li>\n\n\n\n<li><em>Unidade Respons\u00e1vel<\/em>: Selecione a unidade respons\u00e1vel entre as op\u00e7\u00f5es listadas.<\/li>\n<\/ul>\n<\/li>\n\n\n\n<li>Ap\u00f3s informar os dados clique em&nbsp;<strong>Buscar<\/strong>. A seguinte tela ser\u00e1 exibida:<\/li>\n<\/ul>\n\n\n\n<figure class=\"wp-block-image aligncenter size-full is-resized\"><img loading=\"lazy\" decoding=\"async\" width=\"800\" height=\"299\" src=\"https:\/\/wiki.uepa.br\/wp-content\/uploads\/2025\/09\/criar_turma2.png\" alt=\"\" class=\"wp-image-755\" style=\"width:600px\" title=\"Componentes Curriculares Encontrados\" srcset=\"https:\/\/wiki.uepa.br\/wp-content\/uploads\/2025\/09\/criar_turma2.png 800w, https:\/\/wiki.uepa.br\/wp-content\/uploads\/2025\/09\/criar_turma2-300x112.png 300w, https:\/\/wiki.uepa.br\/wp-content\/uploads\/2025\/09\/criar_turma2-768x287.png 768w\" sizes=\"(max-width: 800px) 100vw, 800px\" \/><\/figure>\n\n\n\n<figure class=\"wp-block-image aligncenter size-full is-resized\"><img loading=\"lazy\" decoding=\"async\" width=\"708\" height=\"346\" src=\"https:\/\/wiki.uepa.br\/wp-content\/uploads\/2024\/02\/image-52.png\" alt=\"\" class=\"wp-image-282\" style=\"width:600px\" srcset=\"https:\/\/wiki.uepa.br\/wp-content\/uploads\/2024\/02\/image-52.png 708w, https:\/\/wiki.uepa.br\/wp-content\/uploads\/2024\/02\/image-52-300x147.png 300w\" sizes=\"(max-width: 708px) 100vw, 708px\" \/><\/figure>\n\n\n\n<ul class=\"has-ast-global-color-8-color has-text-color has-link-color wp-elements-fb3c3b74ae33eb7887760d2ac258ccaf\">\n<li>O usu\u00e1rio dever\u00e1 informar os seguintes dados para prosseguir com a opera\u00e7\u00e3o:\n<ul class=\"has-ast-global-color-8-color has-text-color has-link-color wp-elements-3ff3ddc7004f5de796ab95c7b90db6a3\">\n<li>Tipo da Turma: Informe o tipo da turma, selecionando entre as op\u00e7\u00f5es REGULAR ou REPOSI\u00c7\u00c3O;<\/li>\n\n\n\n<li>Ano-Per\u00edodo: Insira nos campos especificados o ano e o per\u00edodo da turma a ser criada;<\/li>\n\n\n\n<li>Campus: Selecione o campus desejado entre as op\u00e7\u00f5es listadas;<\/li>\n\n\n\n<li>Capacidade de Alunos: Informe a capacidade de alunos que a turma ter\u00e1;<\/li>\n\n\n\n<li>Local: Informe o local onde as aulas ser\u00e3o lecionadas.<\/li>\n<\/ul>\n<\/li>\n<\/ul>\n\n\n\n<figure class=\"wp-block-image aligncenter size-full is-resized\"><img loading=\"lazy\" decoding=\"async\" width=\"700\" height=\"285\" src=\"https:\/\/wiki.uepa.br\/wp-content\/uploads\/2024\/02\/image-53.png\" alt=\"\" class=\"wp-image-283\" style=\"width:600px\" srcset=\"https:\/\/wiki.uepa.br\/wp-content\/uploads\/2024\/02\/image-53.png 700w, https:\/\/wiki.uepa.br\/wp-content\/uploads\/2024\/02\/image-53-300x122.png 300w\" sizes=\"(max-width: 700px) 100vw, 700px\" \/><\/figure>\n\n\n\n<p class=\"has-text-align-center has-ast-global-color-8-color has-text-color has-link-color wp-elements-7e5cae3052609864da499f8d57e1d4e7\">Preenchidas as informa\u00e7\u00f5es clique em&nbsp;<strong>Pr\u00f3ximo Passo \u00bb<\/strong>&nbsp;para definir os hor\u00e1rios da turma.<\/p>\n\n\n\n<h3 class=\"wp-block-heading has-text-align-center\" id=\"definir_horarios_da_turma\"><strong>Definir Hor\u00e1rios da Turma<\/strong><\/h3>\n\n\n\n<ul class=\"has-ast-global-color-8-color has-text-color has-link-color wp-elements-921d5d31fcd27ffb64f31c679b74c524\">\n<li>Ap\u00f3s ter clicado em Pr\u00f3ximo Passo, o sistema ir\u00e1 apresentar a seguinte tela:<\/li>\n<\/ul>\n\n\n\n<figure class=\"wp-block-image aligncenter size-full is-resized\"><img loading=\"lazy\" decoding=\"async\" width=\"705\" height=\"700\" src=\"https:\/\/wiki.uepa.br\/wp-content\/uploads\/2025\/09\/criar_turma5.png\" alt=\"\" class=\"wp-image-763\" style=\"width:600px\" srcset=\"https:\/\/wiki.uepa.br\/wp-content\/uploads\/2025\/09\/criar_turma5.png 705w, https:\/\/wiki.uepa.br\/wp-content\/uploads\/2025\/09\/criar_turma5-300x298.png 300w, https:\/\/wiki.uepa.br\/wp-content\/uploads\/2025\/09\/criar_turma5-150x150.png 150w\" sizes=\"(max-width: 705px) 100vw, 705px\" \/><\/figure>\n\n\n\n<ul class=\"has-ast-global-color-8-color has-text-color has-link-color wp-elements-4802d59a0ce9b61563b0b69442205c5b\">\n<li>Na se\u00e7\u00e3o&nbsp;<strong>In\u00edcio e Fim do Hor\u00e1rio<\/strong>, o usu\u00e1rio poder\u00e1 definir o per\u00edodo do hor\u00e1rio, inserindo manualmente ou clicando em&nbsp;<em>Usar o mesmo per\u00edodo da Turma<\/em>.<\/li>\n<\/ul>\n\n\n\n<figure class=\"wp-block-image aligncenter size-full\"><img loading=\"lazy\" decoding=\"async\" width=\"638\" height=\"50\" src=\"https:\/\/wiki.uepa.br\/wp-content\/uploads\/2025\/09\/criar_turma_coord_curso3.1-1.png\" alt=\"\" class=\"wp-image-764\" srcset=\"https:\/\/wiki.uepa.br\/wp-content\/uploads\/2025\/09\/criar_turma_coord_curso3.1-1.png 638w, https:\/\/wiki.uepa.br\/wp-content\/uploads\/2025\/09\/criar_turma_coord_curso3.1-1-300x24.png 300w\" sizes=\"(max-width: 638px) 100vw, 638px\" \/><\/figure>\n\n\n\n<ul class=\"has-ast-global-color-8-color has-text-color has-link-color wp-elements-ce78d32c35bd216d5d1a56fa856a5188\">\n<li>Na se\u00e7\u00e3o&nbsp;<strong>Grade de Hor\u00e1rios<\/strong>, o usu\u00e1rio poder\u00e1 definir os hor\u00e1rios em que o componente curricular ser\u00e1 ministrado. Isso poder\u00e1 ser feito clicando nos espa\u00e7os correspondentes, ou usando a&nbsp;<em>Express\u00e3o do Hor\u00e1rio<\/em>.\n<ul>\n<li>A&nbsp;<em>Express\u00e3o do Hor\u00e1rio<\/em>&nbsp;\u00e9 composta por: dias da semana (1 a 7), turno (M, T, N), hor\u00e1rio (1 a 6). Exemplo:&nbsp;<strong>246M12<\/strong>. Depois de digitar a express\u00e3o, clique em&nbsp;<strong>Atualizar Grade de Hor\u00e1rios<\/strong>.<\/li>\n<\/ul>\n<\/li>\n<\/ul>\n\n\n\n<figure class=\"wp-block-image aligncenter size-full\"><img loading=\"lazy\" decoding=\"async\" width=\"687\" height=\"192\" src=\"https:\/\/wiki.uepa.br\/wp-content\/uploads\/2025\/09\/criar_turma_coord_curso3.2-1.png\" alt=\"\" class=\"wp-image-765\" srcset=\"https:\/\/wiki.uepa.br\/wp-content\/uploads\/2025\/09\/criar_turma_coord_curso3.2-1.png 687w, https:\/\/wiki.uepa.br\/wp-content\/uploads\/2025\/09\/criar_turma_coord_curso3.2-1-300x84.png 300w\" sizes=\"(max-width: 687px) 100vw, 687px\" \/><\/figure>\n\n\n\n<ul class=\"has-ast-global-color-8-color has-text-color has-link-color wp-elements-47cb64dde9159835e2ff17e6fa8cbeab\">\n<li>Ap\u00f3s inserir os dados sobre a&nbsp;<em>Grade de Hor\u00e1rios<\/em>, cliquem em Adicionar Hor\u00e1rio.ma mensagem de confirma\u00e7\u00e3o ser\u00e1 exibida:<\/li>\n<\/ul>\n\n\n\n<figure class=\"wp-block-image aligncenter size-full\"><img loading=\"lazy\" decoding=\"async\" width=\"265\" height=\"39\" src=\"https:\/\/wiki.uepa.br\/wp-content\/uploads\/2025\/09\/mensagem_periodo_add_sucesso-2.png\" alt=\"\" class=\"wp-image-766\"\/><\/figure>\n\n\n\n<ul class=\"has-ast-global-color-8-color has-text-color has-link-color wp-elements-7582e1ca047ad252d5841e890f02f915\">\n<li>E tamb\u00e9m, ser\u00e1 exibida a se\u00e7\u00e3o&nbsp;<strong>Per\u00edodos Adicionados<\/strong>:<\/li>\n<\/ul>\n\n\n\n<figure class=\"wp-block-image aligncenter size-full\"><img loading=\"lazy\" decoding=\"async\" width=\"672\" height=\"613\" src=\"https:\/\/wiki.uepa.br\/wp-content\/uploads\/2024\/02\/image-54.png\" alt=\"\" class=\"wp-image-284\" srcset=\"https:\/\/wiki.uepa.br\/wp-content\/uploads\/2024\/02\/image-54.png 672w, https:\/\/wiki.uepa.br\/wp-content\/uploads\/2024\/02\/image-54-300x274.png 300w\" sizes=\"(max-width: 672px) 100vw, 672px\" \/><\/figure>\n\n\n\n<ul class=\"has-ast-global-color-8-color has-text-color has-link-color wp-elements-6af25da3f152d6e93d6975e8cfae6f05\">\n<li>Na se\u00e7\u00e3o&nbsp;<strong>Datas da Turma<\/strong>&nbsp;\u00e9 importante ao coordenador ficar atento a&nbsp;<em>Porcentagem de Aulas<\/em>&nbsp;ministradas (<strong>Essa porcentagem deve est\u00e1 entre 95% e 120%<\/strong>).<\/li>\n<\/ul>\n\n\n\n<figure class=\"wp-block-image aligncenter size-full\"><img loading=\"lazy\" decoding=\"async\" width=\"846\" height=\"90\" src=\"https:\/\/wiki.uepa.br\/wp-content\/uploads\/2025\/09\/criar_turma_coord_curso4-1.png\" alt=\"\" class=\"wp-image-768\" srcset=\"https:\/\/wiki.uepa.br\/wp-content\/uploads\/2025\/09\/criar_turma_coord_curso4-1.png 846w, https:\/\/wiki.uepa.br\/wp-content\/uploads\/2025\/09\/criar_turma_coord_curso4-1-300x32.png 300w, https:\/\/wiki.uepa.br\/wp-content\/uploads\/2025\/09\/criar_turma_coord_curso4-1-768x82.png 768w\" sizes=\"(max-width: 846px) 100vw, 846px\" \/><\/figure>\n\n\n\n<ul class=\"has-ast-global-color-8-color has-text-color has-link-color wp-elements-f242ce4b175d42c5cc6dbd331e92bd15\">\n<li>Preenchidas as informa\u00e7\u00f5es clique em&nbsp;<strong>Pr\u00f3ximo Passo \u00bb<\/strong>&nbsp;para definir o docente que ministrar\u00e1 o componente curricular.<\/li>\n<\/ul>\n\n\n\n<h3 class=\"wp-block-heading has-text-align-center\" id=\"definir_docentes\"><strong>Definir Docentes<\/strong><\/h3>\n\n\n\n<ul class=\"has-ast-global-color-8-color has-text-color has-link-color wp-elements-921d5d31fcd27ffb64f31c679b74c524\">\n<li>Ap\u00f3s ter clicado em Pr\u00f3ximo Passo, o sistema ir\u00e1 apresentar a seguinte tela:<\/li>\n<\/ul>\n\n\n\n<figure class=\"wp-block-image size-full\"><img loading=\"lazy\" decoding=\"async\" width=\"892\" height=\"487\" src=\"https:\/\/wiki.uepa.br\/wp-content\/uploads\/2025\/09\/criar_turma6_definir_docente.png\" alt=\"\" class=\"wp-image-769\" srcset=\"https:\/\/wiki.uepa.br\/wp-content\/uploads\/2025\/09\/criar_turma6_definir_docente.png 892w, https:\/\/wiki.uepa.br\/wp-content\/uploads\/2025\/09\/criar_turma6_definir_docente-300x164.png 300w, https:\/\/wiki.uepa.br\/wp-content\/uploads\/2025\/09\/criar_turma6_definir_docente-768x419.png 768w\" sizes=\"(max-width: 892px) 100vw, 892px\" \/><\/figure>\n\n\n\n<ul class=\"has-ast-global-color-8-color has-text-color has-link-color wp-elements-8a9b2c2a8547863f23142f5390cd196a\">\n<li>Na se\u00e7\u00e3o Docentes, o usu\u00e1rios dever\u00e1 informar:<\/li>\n\n\n\n<li><strong>Docente<\/strong>&nbsp;(O usu\u00e1rio poder\u00e1 optar pela busca entre&nbsp;<strong>Todos da UEPA<\/strong>&nbsp;ou&nbsp;<strong>Somente da minha unidade<\/strong>&nbsp;ou&nbsp;<strong>Somente externos<\/strong>).<\/li>\n\n\n\n<li><strong>Carga Hor\u00e1ria<\/strong>.<\/li>\n\n\n\n<li><strong>Per\u00edodo<\/strong>.<\/li>\n\n\n\n<li><strong>Hor\u00e1rios no Per\u00edodo<\/strong>.<\/li>\n\n\n\n<li>Ap\u00f3s preencher clique em&nbsp;<strong>Adicionar<\/strong>, uma mensagem de confirma\u00e7\u00e3o ser\u00e1 exibida:<a href=\"https:\/\/ewiki.uepa.br\/lib\/exe\/detail.php?id=servidor%3Acrca%3Acriar_turma&amp;media=servidor:crca:mensagem_docente_add_sucesso.png\"><\/a><\/li>\n<\/ul>\n\n\n\n<figure class=\"wp-block-image aligncenter size-full\"><img loading=\"lazy\" decoding=\"async\" width=\"300\" height=\"44\" src=\"https:\/\/wiki.uepa.br\/wp-content\/uploads\/2024\/02\/image-55.png\" alt=\"\" class=\"wp-image-285\"\/><\/figure>\n\n\n\n<p class=\"has-text-align-center has-ast-global-color-8-color has-text-color has-link-color wp-elements-1b123497e04582efbabb513e0f8a6170\">Depois clique em&nbsp;<strong>Pr\u00f3ximo Passo \u00bb<\/strong>&nbsp;para&nbsp;<strong>Adicionar Reservas em Turma<\/strong>.<\/p>\n\n\n\n<h3 class=\"wp-block-heading has-text-align-center\" id=\"adicionar_reservas_em_turma\"><strong>Adicionar Reservas em Turma<\/strong><\/h3>\n\n\n\n<ul class=\"has-ast-global-color-8-color has-text-color has-link-color wp-elements-ab5ba88a3eff19a1f56542dc46a43e52\">\n<li>Para adicionar reservas em turmas a seguinte tela ser\u00e1 exibida:<\/li>\n<\/ul>\n\n\n\n<figure class=\"wp-block-image aligncenter size-full is-resized\"><img loading=\"lazy\" decoding=\"async\" width=\"900\" height=\"392\" src=\"https:\/\/wiki.uepa.br\/wp-content\/uploads\/2025\/09\/criar_turma7.png\" alt=\"\" class=\"wp-image-771\" style=\"width:600px\" srcset=\"https:\/\/wiki.uepa.br\/wp-content\/uploads\/2025\/09\/criar_turma7.png 900w, https:\/\/wiki.uepa.br\/wp-content\/uploads\/2025\/09\/criar_turma7-300x131.png 300w, https:\/\/wiki.uepa.br\/wp-content\/uploads\/2025\/09\/criar_turma7-768x335.png 768w\" sizes=\"(max-width: 900px) 100vw, 900px\" \/><\/figure>\n\n\n\n<ul class=\"has-ast-global-color-8-color has-text-color has-link-color wp-elements-67ef20ee0b3ca59c5a52e4fb34d4422f\">\n<li>Os seguintes dados dever\u00e3o ser preenchidos:\n<ul class=\"has-ast-global-color-8-color has-text-color has-link-color wp-elements-a7f73f21bde28d07d5d3be493d7db62a\">\n<li>Curso;<\/li>\n\n\n\n<li>Matriz Curricular;<\/li>\n\n\n\n<li>Vagas.<\/li>\n<\/ul>\n<\/li>\n\n\n\n<li>Ap\u00f3s inserir os dados clique em&nbsp;<strong>Adicionar Reserva<\/strong>. A se\u00e7\u00e3o de&nbsp;<em>RESERVAS DESTA TURMA<\/em>&nbsp;ser\u00e1 exibida:<a href=\"https:\/\/ewiki.uepa.br\/lib\/exe\/detail.php?id=servidor%3Acrca%3Acriar_turma&amp;media=servidor:crca:criar_turma9.png\"><\/a><\/li>\n<\/ul>\n\n\n\n<figure class=\"wp-block-image aligncenter size-full\"><img loading=\"lazy\" decoding=\"async\" width=\"675\" height=\"288\" src=\"https:\/\/wiki.uepa.br\/wp-content\/uploads\/2024\/02\/image-56.png\" alt=\"\" class=\"wp-image-286\" srcset=\"https:\/\/wiki.uepa.br\/wp-content\/uploads\/2024\/02\/image-56.png 675w, https:\/\/wiki.uepa.br\/wp-content\/uploads\/2024\/02\/image-56-300x128.png 300w\" sizes=\"(max-width: 675px) 100vw, 675px\" \/><\/figure>\n\n\n\n<p class=\"has-text-align-center has-ast-global-color-8-color has-text-color has-link-color wp-elements-79810c74b46df83f778c5f3767c48956\">Ap\u00f3s adicionar a reserva, clique em&nbsp;<strong>Pr\u00f3ximo Passo \u00bb<\/strong>, uma tela sobre os dados da turma ser\u00e1 exibida:<a href=\"https:\/\/ewiki.uepa.br\/lib\/exe\/detail.php?id=servidor%3Acrca%3Acriar_turma&amp;media=servidor:crca:criar_turma10.png\"><\/a><\/p>\n\n\n\n<figure class=\"wp-block-image aligncenter size-full is-resized\"><img loading=\"lazy\" decoding=\"async\" width=\"800\" height=\"370\" src=\"https:\/\/wiki.uepa.br\/wp-content\/uploads\/2024\/02\/image-57.png\" alt=\"\" class=\"wp-image-287\" style=\"width:600px\" srcset=\"https:\/\/wiki.uepa.br\/wp-content\/uploads\/2024\/02\/image-57.png 800w, https:\/\/wiki.uepa.br\/wp-content\/uploads\/2024\/02\/image-57-300x139.png 300w, https:\/\/wiki.uepa.br\/wp-content\/uploads\/2024\/02\/image-57-768x355.png 768w\" sizes=\"(max-width: 800px) 100vw, 800px\" \/><\/figure>\n\n\n\n<p class=\"has-text-align-center has-ast-global-color-8-color has-text-color has-link-color wp-elements-3ce92dbfd61e5eba4374c19fb8061311\">Ap\u00f3s conferir todos os dados, clique me&nbsp;<strong>Cadastrar<\/strong>, uma mensagem de confirma\u00e7\u00e3o de cadastro da turma ser\u00e1 exibido:<a href=\"https:\/\/ewiki.uepa.br\/lib\/exe\/detail.php?id=servidor%3Acrca%3Acriar_turma&amp;media=servidor:crca:mensagem_turma_cadastrada_sucesso.png\"><\/a><\/p>\n\n\n\n<figure class=\"wp-block-image aligncenter size-full\"><img loading=\"lazy\" decoding=\"async\" width=\"600\" height=\"40\" src=\"https:\/\/wiki.uepa.br\/wp-content\/uploads\/2024\/02\/image-58.png\" alt=\"\" class=\"wp-image-288\" srcset=\"https:\/\/wiki.uepa.br\/wp-content\/uploads\/2024\/02\/image-58.png 600w, https:\/\/wiki.uepa.br\/wp-content\/uploads\/2024\/02\/image-58-300x20.png 300w\" sizes=\"(max-width: 600px) 100vw, 600px\" \/><\/figure>\n","protected":false},"excerpt":{"rendered":"<p>Esta funcionalidade permite ao usu\u00e1rio criar uma turma para um componente curricular cadastrado no sistema. Preenchidas as informa\u00e7\u00f5es clique em&nbsp;Pr\u00f3ximo Passo \u00bb&nbsp;para definir os hor\u00e1rios da turma. Definir Hor\u00e1rios da Turma Definir Docentes Depois clique em&nbsp;Pr\u00f3ximo Passo \u00bb&nbsp;para&nbsp;Adicionar Reservas em Turma. Adicionar Reservas em Turma Ap\u00f3s adicionar a reserva, clique em&nbsp;Pr\u00f3ximo Passo \u00bb, uma tela &hellip;<\/p>\n<p class=\"read-more\"> <a class=\"\" href=\"https:\/\/wiki.uepa.br\/index.php\/controle-academico\/criar-turma-controle-academico\/\"> <span class=\"screen-reader-text\">Criar Turma &#8211; Controle Acad\u00eamico<\/span> Leia mais &raquo;<\/a><\/p>\n","protected":false},"author":1,"featured_media":0,"parent":261,"menu_order":0,"comment_status":"closed","ping_status":"closed","template":"","meta":{"_uag_custom_page_level_css":"","site-sidebar-layout":"default","site-content-layout":"","ast-site-content-layout":"","site-content-style":"default","site-sidebar-style":"default","ast-global-header-display":"","ast-banner-title-visibility":"","ast-main-header-display":"","ast-hfb-above-header-display":"","ast-hfb-below-header-display":"","ast-hfb-mobile-header-display":"","site-post-title":"","ast-breadcrumbs-content":"","ast-featured-img":"","footer-sml-layout":"","theme-transparent-header-meta":"","adv-header-id-meta":"","stick-header-meta":"","header-above-stick-meta":"","header-main-stick-meta":"","header-below-stick-meta":"","astra-migrate-meta-layouts":"","ast-page-background-enabled":"default","ast-page-background-meta":{"desktop":{"background-color":"var(--ast-global-color-4)","background-image":"","background-repeat":"repeat","background-position":"center center","background-size":"auto","background-attachment":"scroll","background-type":"","background-media":"","overlay-type":"","overlay-color":"","overlay-gradient":""},"tablet":{"background-color":"","background-image":"","background-repeat":"repeat","background-position":"center center","background-size":"auto","background-attachment":"scroll","background-type":"","background-media":"","overlay-type":"","overlay-color":"","overlay-gradient":""},"mobile":{"background-color":"","background-image":"","background-repeat":"repeat","background-position":"center center","background-size":"auto","background-attachment":"scroll","background-type":"","background-media":"","overlay-type":"","overlay-color":"","overlay-gradient":""}},"ast-content-background-meta":{"desktop":{"background-color":"var(--ast-global-color-5)","background-image":"","background-repeat":"repeat","background-position":"center center","background-size":"auto","background-attachment":"scroll","background-type":"","background-media":"","overlay-type":"","overlay-color":"","overlay-gradient":""},"tablet":{"background-color":"var(--ast-global-color-5)","background-image":"","background-repeat":"repeat","background-position":"center center","background-size":"auto","background-attachment":"scroll","background-type":"","background-media":"","overlay-type":"","overlay-color":"","overlay-gradient":""},"mobile":{"background-color":"var(--ast-global-color-5)","background-image":"","background-repeat":"repeat","background-position":"center center","background-size":"auto","background-attachment":"scroll","background-type":"","background-media":"","overlay-type":"","overlay-color":"","overlay-gradient":""}},"footnotes":""},"uagb_featured_image_src":{"full":false,"thumbnail":false,"medium":false,"medium_large":false,"large":false,"1536x1536":false,"2048x2048":false},"uagb_author_info":{"display_name":"adminsites@uepa.br","author_link":"https:\/\/wiki.uepa.br\/index.php\/author\/adminsitesuepa-br\/"},"uagb_comment_info":0,"uagb_excerpt":"Esta funcionalidade permite ao usu\u00e1rio criar uma turma para um componente curricular cadastrado no sistema. Preenchidas as informa\u00e7\u00f5es clique em&nbsp;Pr\u00f3ximo Passo \u00bb&nbsp;para definir os hor\u00e1rios da turma. Definir Hor\u00e1rios da Turma Definir Docentes Depois clique em&nbsp;Pr\u00f3ximo Passo \u00bb&nbsp;para&nbsp;Adicionar Reservas em Turma. Adicionar Reservas em Turma Ap\u00f3s adicionar a reserva, clique em&nbsp;Pr\u00f3ximo Passo \u00bb, uma tela&hellip;","_links":{"self":[{"href":"https:\/\/wiki.uepa.br\/index.php\/wp-json\/wp\/v2\/pages\/281"}],"collection":[{"href":"https:\/\/wiki.uepa.br\/index.php\/wp-json\/wp\/v2\/pages"}],"about":[{"href":"https:\/\/wiki.uepa.br\/index.php\/wp-json\/wp\/v2\/types\/page"}],"author":[{"embeddable":true,"href":"https:\/\/wiki.uepa.br\/index.php\/wp-json\/wp\/v2\/users\/1"}],"replies":[{"embeddable":true,"href":"https:\/\/wiki.uepa.br\/index.php\/wp-json\/wp\/v2\/comments?post=281"}],"version-history":[{"count":5,"href":"https:\/\/wiki.uepa.br\/index.php\/wp-json\/wp\/v2\/pages\/281\/revisions"}],"predecessor-version":[{"id":772,"href":"https:\/\/wiki.uepa.br\/index.php\/wp-json\/wp\/v2\/pages\/281\/revisions\/772"}],"up":[{"embeddable":true,"href":"https:\/\/wiki.uepa.br\/index.php\/wp-json\/wp\/v2\/pages\/261"}],"wp:attachment":[{"href":"https:\/\/wiki.uepa.br\/index.php\/wp-json\/wp\/v2\/media?parent=281"}],"curies":[{"name":"wp","href":"https:\/\/api.w.org\/{rel}","templated":true}]}}