{"id":290,"date":"2024-02-20T20:51:57","date_gmt":"2024-02-20T20:51:57","guid":{"rendered":"https:\/\/wiki.uepa.br\/?page_id=290"},"modified":"2025-09-26T17:08:51","modified_gmt":"2025-09-26T17:08:51","slug":"gerenciar-equivalencias-especificas","status":"publish","type":"page","link":"https:\/\/wiki.uepa.br\/index.php\/controle-academico\/gerenciar-equivalencias-especificas\/","title":{"rendered":"Gerenciar Equival\u00eancias Espec\u00edficas"},"content":{"rendered":"\n<ul class=\"has-ast-global-color-8-color has-text-color has-link-color wp-elements-68a20bcdbb3dd24ddb46f06d53c18a56\">\n<li>Para Cadastrar Equival\u00eancias, acesse SIGAA UEPA \u00bb M\u00f3dulos \u00bb Gradua\u00e7\u00e3o \u00bb DCA \u00bb Gerenciar Equival\u00eancias Espec\u00edficas.<\/li>\n<\/ul>\n\n\n\n<figure class=\"wp-block-image aligncenter size-full\"><img loading=\"lazy\" decoding=\"async\" width=\"600\" height=\"251\" src=\"https:\/\/wiki.uepa.br\/wp-content\/uploads\/2025\/09\/equivalencia_curricular.png\" alt=\"\" class=\"wp-image-736\" srcset=\"https:\/\/wiki.uepa.br\/wp-content\/uploads\/2025\/09\/equivalencia_curricular.png 600w, https:\/\/wiki.uepa.br\/wp-content\/uploads\/2025\/09\/equivalencia_curricular-300x126.png 300w\" sizes=\"(max-width: 600px) 100vw, 600px\" \/><\/figure>\n\n\n\n<p class=\"has-text-align-center has-ast-global-color-8-color has-text-color has-link-color wp-elements-b74ab4e0a9b7c8b25d1b9adab0c9b45d\"><strong>OBSERVA\u00c7\u00c3O:<\/strong>&nbsp;Atualmente, esse recurso n\u00e3o permite fazer a equival\u00eancia geral de um componente para outro.<\/p>\n\n\n\n<ul class=\"has-ast-global-color-8-color has-text-color has-link-color wp-elements-009b31489277cff98e0a66de22b79a0b\">\n<li>Ap\u00f3s clicar, a seguinte tela ser\u00e1 exibida:<\/li>\n<\/ul>\n\n\n\n<figure class=\"wp-block-image aligncenter size-full\"><img loading=\"lazy\" decoding=\"async\" width=\"600\" height=\"230\" src=\"https:\/\/wiki.uepa.br\/wp-content\/uploads\/2025\/09\/equivalencia_curricular1.png\" alt=\"\" class=\"wp-image-737\" srcset=\"https:\/\/wiki.uepa.br\/wp-content\/uploads\/2025\/09\/equivalencia_curricular1.png 600w, https:\/\/wiki.uepa.br\/wp-content\/uploads\/2025\/09\/equivalencia_curricular1-300x115.png 300w\" sizes=\"(max-width: 600px) 100vw, 600px\" \/><\/figure>\n\n\n\n<ul class=\"has-ast-global-color-8-color has-text-color has-link-color wp-elements-8bf8eea2b1fdf91819499ffc642f1ae8\">\n<li>Deve-se ser informados as seguintes informa\u00e7\u00f5es:<\/li>\n\n\n\n<li><strong>Grau da Express\u00e3o<\/strong>: Curr\u00edculo.<\/li>\n\n\n\n<li><strong>Curso<\/strong>: Informar o nome do curso do discente.<\/li>\n\n\n\n<li><strong>Matriz Curricular<\/strong>.<\/li>\n\n\n\n<li><strong>Curr\u00edculo<\/strong>.<\/li>\n\n\n\n<li><strong>Componente Curricular<\/strong>&nbsp;(Informar o c\u00f3digo do componente da estrutura curricular que o aluno n\u00e3o fez). Exemplo do Componente DMEI0102 com 50h:<a href=\"https:\/\/ewiki.uepa.br\/lib\/exe\/detail.php?id=servidor%3Acrca%3Agerenciar_equivalencias_especificas&amp;media=servidor:crca:equivalencia_curricular1.0.png\"><\/a><\/li>\n<\/ul>\n\n\n\n<figure class=\"wp-block-image aligncenter size-full\"><img loading=\"lazy\" decoding=\"async\" width=\"600\" height=\"119\" src=\"https:\/\/wiki.uepa.br\/wp-content\/uploads\/2024\/02\/image-59.png\" alt=\"\" class=\"wp-image-291\" srcset=\"https:\/\/wiki.uepa.br\/wp-content\/uploads\/2024\/02\/image-59.png 600w, https:\/\/wiki.uepa.br\/wp-content\/uploads\/2024\/02\/image-59-300x60.png 300w\" sizes=\"(max-width: 600px) 100vw, 600px\" \/><\/figure>\n\n\n\n<ul>\n<li><strong>Express\u00e3o de Equival\u00eancia<\/strong>&nbsp;(Informar o c\u00f3digo do componente curricular cumprido pelo aluno). Exemplo do componente DMEI0113 e DMEI0115 com 67h:<a href=\"https:\/\/ewiki.uepa.br\/lib\/exe\/detail.php?id=servidor%3Acrca%3Agerenciar_equivalencias_especificas&amp;media=servidor:crca:equivalencia_curricular1.1.png\"><\/a><\/li>\n<\/ul>\n\n\n\n<figure class=\"wp-block-image aligncenter size-full\"><img loading=\"lazy\" decoding=\"async\" width=\"600\" height=\"206\" src=\"https:\/\/wiki.uepa.br\/wp-content\/uploads\/2024\/02\/image-60.png\" alt=\"\" class=\"wp-image-292\" srcset=\"https:\/\/wiki.uepa.br\/wp-content\/uploads\/2024\/02\/image-60.png 600w, https:\/\/wiki.uepa.br\/wp-content\/uploads\/2024\/02\/image-60-300x103.png 300w\" sizes=\"(max-width: 600px) 100vw, 600px\" \/><\/figure>\n\n\n\n<p class=\"has-text-align-center has-ast-global-color-8-color has-text-color has-link-color wp-elements-91756505fcf536a440679782a4fb2042\"><strong>Per\u00edodo de In\u00edcio da Vig\u00eancia<\/strong>;<br><strong>Per\u00edodo de Fim da Vig\u00eancia<\/strong>.<\/p>\n\n\n\n<p class=\"has-text-align-center has-ast-global-color-8-color has-text-color has-link-color wp-elements-39c64faf4f7082e47e966cf0fab84805\">Ap\u00f3s informar todos os dados clique em&nbsp;<strong>Cadastrar<\/strong>. Ser\u00e1 exibida tela com uma mensagem de&nbsp;<em>\u201cOpera\u00e7\u00e3o realizada com sucesso!\u201d<\/em>&nbsp;e a&nbsp;<em>equival\u00eancia cadastrada<\/em>, conforme a imagem abaixo:<\/p>\n\n\n\n<figure class=\"wp-block-image aligncenter size-full\"><img loading=\"lazy\" decoding=\"async\" width=\"674\" height=\"380\" src=\"https:\/\/wiki.uepa.br\/wp-content\/uploads\/2024\/02\/image-61.png\" alt=\"\" class=\"wp-image-293\" srcset=\"https:\/\/wiki.uepa.br\/wp-content\/uploads\/2024\/02\/image-61.png 674w, https:\/\/wiki.uepa.br\/wp-content\/uploads\/2024\/02\/image-61-300x169.png 300w\" sizes=\"(max-width: 674px) 100vw, 674px\" \/><\/figure>\n\n\n\n<p class=\"has-text-align-center has-ast-global-color-8-color has-text-color has-link-color wp-elements-f4a66f44953aef763cd8d6f385f97bb3\"><strong>ATEN\u00c7\u00c3O:<\/strong>&nbsp;Uma vez cadastrada, essa equival\u00eancia serve para todos os alunos que cursaram DMEI0113 e DMEI0115, e precisam dessa equival\u00eancia para DMEI0102. Contudo, esse&nbsp;<em>cadastro de equival\u00eancia n\u00e3o fica autom\u00e1tico para o caminho inverso<\/em>. Ou seja, quem cursou DMEI0102 n\u00e3o fica j\u00e1 equivalente a DMEI0113 e DMEI0115, podendo esta ser outra equival\u00eancia a ser cadastrada, se necess\u00e1rio.<\/p>\n\n\n\n<hr class=\"wp-block-separator has-alpha-channel-opacity\"\/>\n\n\n\n<h3 class=\"wp-block-heading has-text-align-center\" id=\"calculos_de_discente\"><strong>C\u00e1lculos de Discente<\/strong><\/h3>\n\n\n\n<ul class=\"has-ast-global-color-8-color has-text-color has-link-color wp-elements-217364b6a25b1f8b581fdcaf2075d1c3\">\n<li>Ap\u00f3s cadastrar a equival\u00eancia, \u00e9 preciso recalcular o aluno.<\/li>\n\n\n\n<li>Para isso, acesse Gradua\u00e7\u00e3o \u00bb Alunos \u00bb Outras Opera\u00e7\u00f5es \u00bb C\u00e1lculos de Discente.<a href=\"https:\/\/ewiki.uepa.br\/lib\/exe\/detail.php?id=servidor%3Acrca%3Agerenciar_equivalencias_especificas&amp;media=servidor:crca:equivalencia_curricular2.png\"><\/a><\/li>\n<\/ul>\n\n\n\n<figure class=\"wp-block-image aligncenter size-full\"><img loading=\"lazy\" decoding=\"async\" width=\"600\" height=\"264\" src=\"https:\/\/wiki.uepa.br\/wp-content\/uploads\/2024\/02\/image-62.png\" alt=\"\" class=\"wp-image-294\" srcset=\"https:\/\/wiki.uepa.br\/wp-content\/uploads\/2024\/02\/image-62.png 600w, https:\/\/wiki.uepa.br\/wp-content\/uploads\/2024\/02\/image-62-300x132.png 300w\" sizes=\"(max-width: 600px) 100vw, 600px\" \/><\/figure>\n\n\n\n<ul class=\"has-ast-global-color-8-color has-text-color has-link-color wp-elements-800a4202af5f02e4758f7ae8c43ae7f7\">\n<li>Ap\u00f3s clicar, a seguinte tela ser\u00e1 exibida:<a href=\"https:\/\/ewiki.uepa.br\/lib\/exe\/detail.php?id=servidor%3Acrca%3Agerenciar_equivalencias_especificas&amp;media=servidor:crca:equivalencia_curricular3.png\"><\/a><\/li>\n<\/ul>\n\n\n\n<figure class=\"wp-block-image aligncenter size-full\"><img loading=\"lazy\" decoding=\"async\" width=\"600\" height=\"151\" src=\"https:\/\/wiki.uepa.br\/wp-content\/uploads\/2024\/02\/image-63.png\" alt=\"\" class=\"wp-image-295\" srcset=\"https:\/\/wiki.uepa.br\/wp-content\/uploads\/2024\/02\/image-63.png 600w, https:\/\/wiki.uepa.br\/wp-content\/uploads\/2024\/02\/image-63-300x76.png 300w\" sizes=\"(max-width: 600px) 100vw, 600px\" \/><\/figure>\n\n\n\n<p class=\"has-text-align-center has-ast-global-color-8-color has-text-color has-link-color wp-elements-9908a76698482e69e607c51b1be275fe\">Dever\u00e1 ser informados os seguintes dados:<\/p>\n\n\n\n<ul class=\"has-ast-global-color-8-color has-text-color has-link-color wp-elements-ae0bebe4a0cdb0fd1d18e5c4703c87af\">\n<li><strong>Discente<\/strong>: nome do aluno.<\/li>\n\n\n\n<li><strong>Novo regulamento<\/strong>.<\/li>\n\n\n\n<li><strong>Zer\u00e1 Integraliza\u00e7\u00f5es<\/strong>&nbsp;\u2192 deve-se marcar a op\u00e7\u00e3o \u201cSIM\u201d para fazer para um discente espec\u00edfico.<\/li>\n\n\n\n<li><strong>PreProcessamento<\/strong>.<\/li>\n<\/ul>\n\n\n\n<p class=\"has-text-align-center has-ast-global-color-8-color has-text-color has-link-color wp-elements-7400e80c276e25a2b8b6995f2188e860\"><strong>Observa\u00e7\u00e3o:<\/strong>&nbsp;Tamb\u00e9m est\u00e1 sendo trabalhada uma funcionalidade para equival\u00eancia mais geral, independente de curso e campus, e de forma que as coordena\u00e7\u00f5es de curso possam executar<\/p>\n","protected":false},"excerpt":{"rendered":"<p>OBSERVA\u00c7\u00c3O:&nbsp;Atualmente, esse recurso n\u00e3o permite fazer a equival\u00eancia geral de um componente para outro. Per\u00edodo de In\u00edcio da Vig\u00eancia;Per\u00edodo de Fim da Vig\u00eancia. Ap\u00f3s informar todos os dados clique em&nbsp;Cadastrar. Ser\u00e1 exibida tela com uma mensagem de&nbsp;\u201cOpera\u00e7\u00e3o realizada com sucesso!\u201d&nbsp;e a&nbsp;equival\u00eancia cadastrada, conforme a imagem abaixo: ATEN\u00c7\u00c3O:&nbsp;Uma vez cadastrada, essa equival\u00eancia serve para todos os &hellip;<\/p>\n<p class=\"read-more\"> <a class=\"\" href=\"https:\/\/wiki.uepa.br\/index.php\/controle-academico\/gerenciar-equivalencias-especificas\/\"> <span class=\"screen-reader-text\">Gerenciar Equival\u00eancias Espec\u00edficas<\/span> Leia mais &raquo;<\/a><\/p>\n","protected":false},"author":1,"featured_media":0,"parent":261,"menu_order":0,"comment_status":"closed","ping_status":"closed","template":"","meta":{"_uag_custom_page_level_css":"","site-sidebar-layout":"default","site-content-layout":"","ast-site-content-layout":"","site-content-style":"default","site-sidebar-style":"default","ast-global-header-display":"","ast-banner-title-visibility":"","ast-main-header-display":"","ast-hfb-above-header-display":"","ast-hfb-below-header-display":"","ast-hfb-mobile-header-display":"","site-post-title":"","ast-breadcrumbs-content":"","ast-featured-img":"","footer-sml-layout":"","theme-transparent-header-meta":"","adv-header-id-meta":"","stick-header-meta":"","header-above-stick-meta":"","header-main-stick-meta":"","header-below-stick-meta":"","astra-migrate-meta-layouts":"","ast-page-background-enabled":"default","ast-page-background-meta":{"desktop":{"background-color":"var(--ast-global-color-4)","background-image":"","background-repeat":"repeat","background-position":"center center","background-size":"auto","background-attachment":"scroll","background-type":"","background-media":"","overlay-type":"","overlay-color":"","overlay-gradient":""},"tablet":{"background-color":"","background-image":"","background-repeat":"repeat","background-position":"center center","background-size":"auto","background-attachment":"scroll","background-type":"","background-media":"","overlay-type":"","overlay-color":"","overlay-gradient":""},"mobile":{"background-color":"","background-image":"","background-repeat":"repeat","background-position":"center center","background-size":"auto","background-attachment":"scroll","background-type":"","background-media":"","overlay-type":"","overlay-color":"","overlay-gradient":""}},"ast-content-background-meta":{"desktop":{"background-color":"var(--ast-global-color-5)","background-image":"","background-repeat":"repeat","background-position":"center center","background-size":"auto","background-attachment":"scroll","background-type":"","background-media":"","overlay-type":"","overlay-color":"","overlay-gradient":""},"tablet":{"background-color":"var(--ast-global-color-5)","background-image":"","background-repeat":"repeat","background-position":"center center","background-size":"auto","background-attachment":"scroll","background-type":"","background-media":"","overlay-type":"","overlay-color":"","overlay-gradient":""},"mobile":{"background-color":"var(--ast-global-color-5)","background-image":"","background-repeat":"repeat","background-position":"center center","background-size":"auto","background-attachment":"scroll","background-type":"","background-media":"","overlay-type":"","overlay-color":"","overlay-gradient":""}},"footnotes":""},"uagb_featured_image_src":{"full":false,"thumbnail":false,"medium":false,"medium_large":false,"large":false,"1536x1536":false,"2048x2048":false},"uagb_author_info":{"display_name":"adminsites@uepa.br","author_link":"https:\/\/wiki.uepa.br\/index.php\/author\/adminsitesuepa-br\/"},"uagb_comment_info":0,"uagb_excerpt":"OBSERVA\u00c7\u00c3O:&nbsp;Atualmente, esse recurso n\u00e3o permite fazer a equival\u00eancia geral de um componente para outro. Per\u00edodo de In\u00edcio da Vig\u00eancia;Per\u00edodo de Fim da Vig\u00eancia. Ap\u00f3s informar todos os dados clique em&nbsp;Cadastrar. Ser\u00e1 exibida tela com uma mensagem de&nbsp;\u201cOpera\u00e7\u00e3o realizada com sucesso!\u201d&nbsp;e a&nbsp;equival\u00eancia cadastrada, conforme a imagem abaixo: ATEN\u00c7\u00c3O:&nbsp;Uma vez cadastrada, essa equival\u00eancia serve para todos os&hellip;","_links":{"self":[{"href":"https:\/\/wiki.uepa.br\/index.php\/wp-json\/wp\/v2\/pages\/290"}],"collection":[{"href":"https:\/\/wiki.uepa.br\/index.php\/wp-json\/wp\/v2\/pages"}],"about":[{"href":"https:\/\/wiki.uepa.br\/index.php\/wp-json\/wp\/v2\/types\/page"}],"author":[{"embeddable":true,"href":"https:\/\/wiki.uepa.br\/index.php\/wp-json\/wp\/v2\/users\/1"}],"replies":[{"embeddable":true,"href":"https:\/\/wiki.uepa.br\/index.php\/wp-json\/wp\/v2\/comments?post=290"}],"version-history":[{"count":2,"href":"https:\/\/wiki.uepa.br\/index.php\/wp-json\/wp\/v2\/pages\/290\/revisions"}],"predecessor-version":[{"id":738,"href":"https:\/\/wiki.uepa.br\/index.php\/wp-json\/wp\/v2\/pages\/290\/revisions\/738"}],"up":[{"embeddable":true,"href":"https:\/\/wiki.uepa.br\/index.php\/wp-json\/wp\/v2\/pages\/261"}],"wp:attachment":[{"href":"https:\/\/wiki.uepa.br\/index.php\/wp-json\/wp\/v2\/media?parent=290"}],"curies":[{"name":"wp","href":"https:\/\/api.w.org\/{rel}","templated":true}]}}