{"id":297,"date":"2024-02-20T20:59:31","date_gmt":"2024-02-20T20:59:31","guid":{"rendered":"https:\/\/wiki.uepa.br\/?page_id=297"},"modified":"2025-09-26T17:06:07","modified_gmt":"2025-09-26T17:06:07","slug":"mudanca-de-estrutura-curricular","status":"publish","type":"page","link":"https:\/\/wiki.uepa.br\/index.php\/controle-academico\/mudanca-de-estrutura-curricular\/","title":{"rendered":"Mudan\u00e7a de Estrutura Curricular"},"content":{"rendered":"\n<ul class=\"has-ast-global-color-8-color has-text-color has-link-color wp-elements-94496a95f61406a0b5bcf7a842b43da1\">\n<li>Para realizar a&nbsp;<strong>Mudan\u00e7a de Estrutura Curricular<\/strong>, deve-se acessar SIGAA UEPA \u00bb M\u00f3dulos \u00bb Gradua\u00e7\u00e3o \u00bb Alunos \u00bb Outras Opera\u00e7\u00f5es &gt; Mudan\u00e7a de Estrutura Curricular.<\/li>\n<\/ul>\n\n\n\n<figure class=\"wp-block-image aligncenter size-full is-resized\"><img loading=\"lazy\" decoding=\"async\" width=\"700\" height=\"314\" src=\"https:\/\/wiki.uepa.br\/wp-content\/uploads\/2025\/09\/mudanca_est_curricular1.png\" alt=\"\" class=\"wp-image-728\" style=\"width:600px\" srcset=\"https:\/\/wiki.uepa.br\/wp-content\/uploads\/2025\/09\/mudanca_est_curricular1.png 700w, https:\/\/wiki.uepa.br\/wp-content\/uploads\/2025\/09\/mudanca_est_curricular1-300x135.png 300w\" sizes=\"(max-width: 700px) 100vw, 700px\" \/><\/figure>\n\n\n\n<p class=\"has-text-align-center has-ast-global-color-8-color has-text-color has-link-color wp-elements-073ffbd0a3c6317de32fe743c9a94e24\"><strong>Observa\u00e7\u00e3o:<\/strong>&nbsp;A&nbsp;<em><strong>Mudan\u00e7a de Estrutura Curricular<\/strong><\/em>&nbsp;\u00e9 realizada individualmente para cada discente.<\/p>\n\n\n\n<ul class=\"has-ast-global-color-8-color has-text-color has-link-color wp-elements-f8bf0108a2d6f13926d09d8b517cb5bd\">\n<li>Logo ap\u00f3s, uma tela ser\u00e1 exibida para realizar a busca pelo discente.\n<ul>\n<li>Pode-se optar em preencher entre&nbsp;<em>Matr\u00edcula, CPF, Nome do Discente<\/em>&nbsp;ou&nbsp;<em>Curso<\/em>. Depois, clique em&nbsp;<strong>Buscar<\/strong>.<\/li>\n<\/ul>\n<\/li>\n<\/ul>\n\n\n\n<figure class=\"wp-block-image aligncenter size-full\"><img loading=\"lazy\" decoding=\"async\" width=\"679\" height=\"488\" src=\"https:\/\/wiki.uepa.br\/wp-content\/uploads\/2024\/02\/image-64.png\" alt=\"\" class=\"wp-image-298\" srcset=\"https:\/\/wiki.uepa.br\/wp-content\/uploads\/2024\/02\/image-64.png 679w, https:\/\/wiki.uepa.br\/wp-content\/uploads\/2024\/02\/image-64-300x216.png 300w\" sizes=\"(max-width: 679px) 100vw, 679px\" \/><\/figure>\n\n\n\n<ul class=\"has-ast-global-color-8-color has-text-color has-link-color wp-elements-34a4d8ba2f532832aaac57b460338e1d\">\n<li><strong>IMPORTANTE!<\/strong>&nbsp;\u2192 Fique atento que em&nbsp;<strong>DADOS DA MATRIZ CURRICULAR<\/strong>&nbsp;aparecem os dados a Estrutura (matriz) Curricular ATUAL do discente:<\/li>\n<\/ul>\n\n\n\n<figure class=\"wp-block-image aligncenter size-full\"><img loading=\"lazy\" decoding=\"async\" width=\"600\" height=\"274\" src=\"https:\/\/wiki.uepa.br\/wp-content\/uploads\/2025\/09\/mudanca_est_curricular3.png\" alt=\"\" class=\"wp-image-730\" srcset=\"https:\/\/wiki.uepa.br\/wp-content\/uploads\/2025\/09\/mudanca_est_curricular3.png 600w, https:\/\/wiki.uepa.br\/wp-content\/uploads\/2025\/09\/mudanca_est_curricular3-300x137.png 300w\" sizes=\"(max-width: 600px) 100vw, 600px\" \/><\/figure>\n\n\n\n<ul class=\"has-ast-global-color-8-color has-text-color has-link-color wp-elements-bdb0b29c4b80b34d9927a1028d53a87d\">\n<li>Na se\u00e7\u00e3o&nbsp;<strong>Nova Matriz Curricular<\/strong>&nbsp;devem ser escolhidos:<\/li>\n\n\n\n<li><strong>Curso<\/strong>&nbsp;\u2192 Permite selecionar o curso no qual o discente est\u00e1 matriculado.<\/li>\n\n\n\n<li><strong>Matriz Curricular<\/strong>&nbsp;\u2192 Permite selecionar a nova matriz curricular.<a href=\"https:\/\/ewiki.uepa.br\/lib\/exe\/detail.php?id=servidor%3Acrca%3Amudanca_de_estrutura_curricular&amp;media=servidor:crca:mudanca_est_curricular4.png\"><\/a><\/li>\n<\/ul>\n\n\n\n<figure class=\"wp-block-image aligncenter size-full\"><img loading=\"lazy\" decoding=\"async\" width=\"700\" height=\"143\" src=\"https:\/\/wiki.uepa.br\/wp-content\/uploads\/2024\/02\/image-65.png\" alt=\"\" class=\"wp-image-299\" srcset=\"https:\/\/wiki.uepa.br\/wp-content\/uploads\/2024\/02\/image-65.png 700w, https:\/\/wiki.uepa.br\/wp-content\/uploads\/2024\/02\/image-65-300x61.png 300w\" sizes=\"(max-width: 700px) 100vw, 700px\" \/><\/figure>\n\n\n\n<ul class=\"has-ast-global-color-8-color has-text-color has-link-color wp-elements-93161553045ef93caa5544bc604ca191\">\n<li><strong>Estrutura Curricular<\/strong>&nbsp;\u2192 Permite selecionar o N\u00ba e o c\u00f3digo da matriz curricular.<a href=\"https:\/\/ewiki.uepa.br\/lib\/exe\/detail.php?id=servidor%3Acrca%3Amudanca_de_estrutura_curricular&amp;media=servidor:crca:mudanca_est_curricular5.png\"><\/a><\/li>\n<\/ul>\n\n\n\n<figure class=\"wp-block-image aligncenter size-full\"><img loading=\"lazy\" decoding=\"async\" width=\"700\" height=\"146\" src=\"https:\/\/wiki.uepa.br\/wp-content\/uploads\/2024\/02\/image-66.png\" alt=\"\" class=\"wp-image-300\" srcset=\"https:\/\/wiki.uepa.br\/wp-content\/uploads\/2024\/02\/image-66.png 700w, https:\/\/wiki.uepa.br\/wp-content\/uploads\/2024\/02\/image-66-300x63.png 300w\" sizes=\"(max-width: 700px) 100vw, 700px\" \/><\/figure>\n\n\n\n<ul class=\"has-ast-global-color-8-color has-text-color has-link-color wp-elements-3fb34dd9582afd36e7d3faac77f77534\">\n<li><strong>Tipo de Mudan\u00e7a<\/strong>&nbsp;\u2192 Esse campo \u00e9 preenchido automaticamente pelo sistema como&nbsp;<em>\u201cMudan\u00e7a de turno\u201d<\/em>&nbsp;(n\u00e3o \u00e9 um campo edit\u00e1vel).<a href=\"https:\/\/ewiki.uepa.br\/lib\/exe\/detail.php?id=servidor%3Acrca%3Amudanca_de_estrutura_curricular&amp;media=servidor:crca:mudanca_est_curricular6.png\"><\/a><\/li>\n<\/ul>\n\n\n\n<figure class=\"wp-block-image aligncenter size-full\"><img loading=\"lazy\" decoding=\"async\" width=\"700\" height=\"142\" src=\"https:\/\/wiki.uepa.br\/wp-content\/uploads\/2024\/02\/image-67.png\" alt=\"\" class=\"wp-image-301\" srcset=\"https:\/\/wiki.uepa.br\/wp-content\/uploads\/2024\/02\/image-67.png 700w, https:\/\/wiki.uepa.br\/wp-content\/uploads\/2024\/02\/image-67-300x61.png 300w\" sizes=\"(max-width: 700px) 100vw, 700px\" \/><\/figure>\n\n\n\n<ul class=\"has-ast-global-color-8-color has-text-color has-link-color wp-elements-6d7b26cba74fb5d949cd8e8f3c7733da\">\n<li><strong>Registrar Observa\u00e7\u00f5es no Hist\u00f3rico do Aluno<\/strong>&nbsp;\u2192 Neste campo deve-se informar o motivo da mudan\u00e7a de Matriz Curricular.<a href=\"https:\/\/ewiki.uepa.br\/lib\/exe\/detail.php?id=servidor%3Acrca%3Amudanca_de_estrutura_curricular&amp;media=servidor:crca:mudanca_est_curricular7.png\"><\/a><\/li>\n<\/ul>\n\n\n\n<figure class=\"wp-block-image aligncenter size-full\"><img loading=\"lazy\" decoding=\"async\" width=\"700\" height=\"141\" src=\"https:\/\/wiki.uepa.br\/wp-content\/uploads\/2024\/02\/image-68.png\" alt=\"\" class=\"wp-image-302\" srcset=\"https:\/\/wiki.uepa.br\/wp-content\/uploads\/2024\/02\/image-68.png 700w, https:\/\/wiki.uepa.br\/wp-content\/uploads\/2024\/02\/image-68-300x60.png 300w\" sizes=\"(max-width: 700px) 100vw, 700px\" \/><\/figure>\n\n\n\n<ul class=\"has-ast-global-color-8-color has-text-color has-link-color wp-elements-ea650380419d3a173f931c1196a2c185\">\n<li><strong>Validar Ch M\u00ednima de Integraliza\u00e7\u00e3o<\/strong>&nbsp;\u2192 Este campo sempre deve est\u00e1 selecionado.<\/li>\n<\/ul>\n\n\n\n<figure class=\"wp-block-image aligncenter size-full is-resized\"><img loading=\"lazy\" decoding=\"async\" width=\"700\" height=\"368\" src=\"https:\/\/wiki.uepa.br\/wp-content\/uploads\/2025\/09\/mudanca_est_curricular8.png\" alt=\"\" class=\"wp-image-733\" style=\"width:600px\" srcset=\"https:\/\/wiki.uepa.br\/wp-content\/uploads\/2025\/09\/mudanca_est_curricular8.png 700w, https:\/\/wiki.uepa.br\/wp-content\/uploads\/2025\/09\/mudanca_est_curricular8-300x158.png 300w\" sizes=\"(max-width: 700px) 100vw, 700px\" \/><\/figure>\n\n\n\n<p class=\"has-text-align-center has-ast-global-color-8-color has-text-color has-link-color wp-elements-679149a9d6bd6578ddd110ca7f08f7a0\">Ap\u00f3s preencher todos os dados, clique em&nbsp;<strong>Registar Mudan\u00e7a<\/strong>. Uma mensagem de confirma\u00e7\u00e3o sobre a mudan\u00e7a ser\u00e1 exibida:<\/p>\n\n\n\n<figure class=\"wp-block-image aligncenter size-full\"><img loading=\"lazy\" decoding=\"async\" width=\"300\" height=\"35\" src=\"https:\/\/wiki.uepa.br\/wp-content\/uploads\/2025\/09\/mudanca_realizada_com_sucesso.png\" alt=\"\" class=\"wp-image-732\"\/><\/figure>\n\n\n\n<h3 class=\"wp-block-heading has-text-align-center\"><strong>OBSERVA\u00c7\u00c3O:<\/strong><\/h3>\n\n\n\n<ul class=\"has-ast-global-color-8-color has-text-color has-link-color wp-elements-92f01ad516605d1470ca37653ef21c26\">\n<li>\u00c9 necess\u00e1rio realizar a&nbsp;<strong>Equival\u00eancia das disciplinas<\/strong>&nbsp;entre as Matrizes Curriculares (disciplinas compat\u00edveis e\/ou equivalentes conforme o PPP do curso) para que o discente tenha as disciplinas cursadas aproveitadas no novo curr\u00edculo (CD = APROVEITADO\/CUMPRIU\/CR\u00c9DITO DE DISCIPLINAS)<\/li>\n<\/ul>\n","protected":false},"excerpt":{"rendered":"<p>Observa\u00e7\u00e3o:&nbsp;A&nbsp;Mudan\u00e7a de Estrutura Curricular&nbsp;\u00e9 realizada individualmente para cada discente. Ap\u00f3s preencher todos os dados, clique em&nbsp;Registar Mudan\u00e7a. Uma mensagem de confirma\u00e7\u00e3o sobre a mudan\u00e7a ser\u00e1 exibida: OBSERVA\u00c7\u00c3O:<\/p>\n","protected":false},"author":1,"featured_media":0,"parent":261,"menu_order":0,"comment_status":"closed","ping_status":"closed","template":"","meta":{"_uag_custom_page_level_css":"","site-sidebar-layout":"default","site-content-layout":"","ast-site-content-layout":"","site-content-style":"default","site-sidebar-style":"default","ast-global-header-display":"","ast-banner-title-visibility":"","ast-main-header-display":"","ast-hfb-above-header-display":"","ast-hfb-below-header-display":"","ast-hfb-mobile-header-display":"","site-post-title":"","ast-breadcrumbs-content":"","ast-featured-img":"","footer-sml-layout":"","theme-transparent-header-meta":"","adv-header-id-meta":"","stick-header-meta":"","header-above-stick-meta":"","header-main-stick-meta":"","header-below-stick-meta":"","astra-migrate-meta-layouts":"","ast-page-background-enabled":"default","ast-page-background-meta":{"desktop":{"background-color":"var(--ast-global-color-4)","background-image":"","background-repeat":"repeat","background-position":"center center","background-size":"auto","background-attachment":"scroll","background-type":"","background-media":"","overlay-type":"","overlay-color":"","overlay-gradient":""},"tablet":{"background-color":"","background-image":"","background-repeat":"repeat","background-position":"center center","background-size":"auto","background-attachment":"scroll","background-type":"","background-media":"","overlay-type":"","overlay-color":"","overlay-gradient":""},"mobile":{"background-color":"","background-image":"","background-repeat":"repeat","background-position":"center center","background-size":"auto","background-attachment":"scroll","background-type":"","background-media":"","overlay-type":"","overlay-color":"","overlay-gradient":""}},"ast-content-background-meta":{"desktop":{"background-color":"var(--ast-global-color-5)","background-image":"","background-repeat":"repeat","background-position":"center center","background-size":"auto","background-attachment":"scroll","background-type":"","background-media":"","overlay-type":"","overlay-color":"","overlay-gradient":""},"tablet":{"background-color":"var(--ast-global-color-5)","background-image":"","background-repeat":"repeat","background-position":"center center","background-size":"auto","background-attachment":"scroll","background-type":"","background-media":"","overlay-type":"","overlay-color":"","overlay-gradient":""},"mobile":{"background-color":"var(--ast-global-color-5)","background-image":"","background-repeat":"repeat","background-position":"center center","background-size":"auto","background-attachment":"scroll","background-type":"","background-media":"","overlay-type":"","overlay-color":"","overlay-gradient":""}},"footnotes":""},"uagb_featured_image_src":{"full":false,"thumbnail":false,"medium":false,"medium_large":false,"large":false,"1536x1536":false,"2048x2048":false},"uagb_author_info":{"display_name":"adminsites@uepa.br","author_link":"https:\/\/wiki.uepa.br\/index.php\/author\/adminsitesuepa-br\/"},"uagb_comment_info":0,"uagb_excerpt":"Observa\u00e7\u00e3o:&nbsp;A&nbsp;Mudan\u00e7a de Estrutura Curricular&nbsp;\u00e9 realizada individualmente para cada discente. Ap\u00f3s preencher todos os dados, clique em&nbsp;Registar Mudan\u00e7a. Uma mensagem de confirma\u00e7\u00e3o sobre a mudan\u00e7a ser\u00e1 exibida: OBSERVA\u00c7\u00c3O:","_links":{"self":[{"href":"https:\/\/wiki.uepa.br\/index.php\/wp-json\/wp\/v2\/pages\/297"}],"collection":[{"href":"https:\/\/wiki.uepa.br\/index.php\/wp-json\/wp\/v2\/pages"}],"about":[{"href":"https:\/\/wiki.uepa.br\/index.php\/wp-json\/wp\/v2\/types\/page"}],"author":[{"embeddable":true,"href":"https:\/\/wiki.uepa.br\/index.php\/wp-json\/wp\/v2\/users\/1"}],"replies":[{"embeddable":true,"href":"https:\/\/wiki.uepa.br\/index.php\/wp-json\/wp\/v2\/comments?post=297"}],"version-history":[{"count":4,"href":"https:\/\/wiki.uepa.br\/index.php\/wp-json\/wp\/v2\/pages\/297\/revisions"}],"predecessor-version":[{"id":734,"href":"https:\/\/wiki.uepa.br\/index.php\/wp-json\/wp\/v2\/pages\/297\/revisions\/734"}],"up":[{"embeddable":true,"href":"https:\/\/wiki.uepa.br\/index.php\/wp-json\/wp\/v2\/pages\/261"}],"wp:attachment":[{"href":"https:\/\/wiki.uepa.br\/index.php\/wp-json\/wp\/v2\/media?parent=297"}],"curies":[{"name":"wp","href":"https:\/\/api.w.org\/{rel}","templated":true}]}}