{"id":307,"date":"2024-02-21T12:59:32","date_gmt":"2024-02-21T12:59:32","guid":{"rendered":"https:\/\/wiki.uepa.br\/?page_id=307"},"modified":"2025-09-26T16:35:18","modified_gmt":"2025-09-26T16:35:18","slug":"correcao-do-periodo-de-ingresso-do-discente","status":"publish","type":"page","link":"https:\/\/wiki.uepa.br\/index.php\/controle-academico\/correcao-do-periodo-de-ingresso-do-discente\/","title":{"rendered":"Corre\u00e7\u00e3o do per\u00edodo de ingresso do discente"},"content":{"rendered":"\n<ul class=\"has-ast-global-color-8-color has-text-color has-link-color wp-elements-144dfba240d1c8687431803ae65bcc9b\">\n<li>Alguns discentes n\u00e3o foram matriculados pelo plano de matr\u00edcula para ingressantes, ent\u00e3o a informa\u00e7\u00e3o do per\u00edodo de ingresso deles n\u00e3o foi corrigida, ficando com o valor 0 (zero) para alunos com status ATIVO. (Essa situa\u00e7\u00e3o veio do arquivo de importa\u00e7\u00e3o do PROSEL) :<\/li>\n<\/ul>\n\n\n\n<figure class=\"wp-block-image aligncenter size-full\"><img loading=\"lazy\" decoding=\"async\" width=\"500\" height=\"175\" src=\"https:\/\/wiki.uepa.br\/wp-content\/uploads\/2025\/09\/correcao_periodo_ingresso01.png\" alt=\"\" class=\"wp-image-660\" srcset=\"https:\/\/wiki.uepa.br\/wp-content\/uploads\/2025\/09\/correcao_periodo_ingresso01.png 500w, https:\/\/wiki.uepa.br\/wp-content\/uploads\/2025\/09\/correcao_periodo_ingresso01-300x105.png 300w\" sizes=\"(max-width: 500px) 100vw, 500px\" \/><\/figure>\n\n\n\n<h3 class=\"wp-block-heading has-text-align-center\" id=\"corrigindo_o_periodo_de_ingresso\"><strong>Corrigindo o per\u00edodo de ingresso<\/strong><\/h3>\n\n\n\n<ul class=\"has-ast-global-color-8-color has-text-color has-link-color wp-elements-4be275432335a6d5440a4ff74f982fe9\">\n<li>H\u00e1 possibilidade de alterar o per\u00edodo a partir do caso de uso&nbsp;<strong>Gradua\u00e7\u00e3o &gt; Aluno &gt; Dados do Aluno &gt; Alterar Dados de Ingresso:<\/strong><\/li>\n<\/ul>\n\n\n\n<figure class=\"wp-block-image aligncenter size-full\"><img loading=\"lazy\" decoding=\"async\" width=\"300\" height=\"252\" src=\"https:\/\/wiki.uepa.br\/wp-content\/uploads\/2025\/09\/correcao_periodo_ingresso02.png\" alt=\"\" class=\"wp-image-662\"\/><\/figure>\n\n\n\n<ul class=\"has-ast-global-color-8-color has-text-color has-link-color wp-elements-0bde0112218fb9df51b3a647cd248f20\">\n<li>Ao acessar o caminho anterior e realizar a buscar pelo discente, deve-se informar o per\u00edodo de ingresso correto para o discente:<\/li>\n<\/ul>\n\n\n\n<figure class=\"wp-block-image aligncenter size-full\"><img loading=\"lazy\" decoding=\"async\" width=\"700\" height=\"257\" src=\"https:\/\/wiki.uepa.br\/wp-content\/uploads\/2025\/09\/correcao_periodo_ingresso03.png\" alt=\"\" class=\"wp-image-663\" srcset=\"https:\/\/wiki.uepa.br\/wp-content\/uploads\/2025\/09\/correcao_periodo_ingresso03.png 700w, https:\/\/wiki.uepa.br\/wp-content\/uploads\/2025\/09\/correcao_periodo_ingresso03-300x110.png 300w\" sizes=\"(max-width: 700px) 100vw, 700px\" \/><\/figure>\n\n\n\n<ul class=\"has-ast-global-color-8-color has-text-color has-link-color wp-elements-462464448ae036efb77520148ced4927\">\n<li>Para confirmar a altera\u00e7\u00e3o, o usu\u00e1rio dever\u00e1 clicar em \u201cAlterar Dados de Ingresso\u201d. O sistema emitir\u00e1 a seguinte mensagem de sucesso informando a conclus\u00e3o da altera\u00e7\u00e3o:<\/li>\n<\/ul>\n\n\n\n<figure class=\"wp-block-image aligncenter size-full\"><img loading=\"lazy\" decoding=\"async\" width=\"400\" height=\"55\" src=\"https:\/\/wiki.uepa.br\/wp-content\/uploads\/2025\/09\/correcao_periodo_ingresso04.png\" alt=\"\" class=\"wp-image-664\" srcset=\"https:\/\/wiki.uepa.br\/wp-content\/uploads\/2025\/09\/correcao_periodo_ingresso04.png 400w, https:\/\/wiki.uepa.br\/wp-content\/uploads\/2025\/09\/correcao_periodo_ingresso04-300x41.png 300w\" sizes=\"(max-width: 400px) 100vw, 400px\" \/><\/figure>\n\n\n\n<h3 class=\"wp-block-heading has-text-align-center\" id=\"realizando_o_calculo_do_discente\"><strong>Realizando o c\u00e1lculo do discente<\/strong><\/h3>\n\n\n\n<ul class=\"has-ast-global-color-8-color has-text-color has-link-color wp-elements-eea469d60eeb1e66b583f858fb1547a9\">\n<li>Ap\u00f3s o procedimento, \u00e9 necess\u00e1rio realizar o c\u00e1lculo do discente para que o sistema&nbsp;calcule corretamente qual o atual per\u00edodo letivo.&nbsp;O per\u00edodo atual (n\u00edvel da estrutura curricular) tem impacto na visualiza\u00e7\u00e3o da ficha individual.<\/li>\n\n\n\n<li>Para realizar a opera\u00e7\u00e3o, v\u00e1 em SIGAA &gt;Gradua\u00e7\u00e3o &gt; DCA &gt; Aluno &gt; C\u00e1lculos de Discentes:<\/li>\n<\/ul>\n\n\n\n<figure class=\"wp-block-image aligncenter size-full is-resized\"><img loading=\"lazy\" decoding=\"async\" width=\"700\" height=\"404\" src=\"https:\/\/wiki.uepa.br\/wp-content\/uploads\/2025\/09\/correcao_periodo_ingresso05.png\" alt=\"\" class=\"wp-image-665\" style=\"width:600px\" srcset=\"https:\/\/wiki.uepa.br\/wp-content\/uploads\/2025\/09\/correcao_periodo_ingresso05.png 700w, https:\/\/wiki.uepa.br\/wp-content\/uploads\/2025\/09\/correcao_periodo_ingresso05-300x173.png 300w\" sizes=\"(max-width: 700px) 100vw, 700px\" \/><\/figure>\n\n\n\n<ul class=\"has-ast-global-color-8-color has-text-color has-link-color wp-elements-afb442a12c22660a815c1b80585c01ac\">\n<li>O usu\u00e1rio dever\u00e1 ir digitando o nome do discente no campo&nbsp;<strong>discente:<\/strong><\/li>\n<\/ul>\n\n\n\n<figure class=\"wp-block-image aligncenter size-full\"><img loading=\"lazy\" decoding=\"async\" width=\"700\" height=\"179\" src=\"https:\/\/wiki.uepa.br\/wp-content\/uploads\/2025\/09\/correcao_periodo_ingresso06.png\" alt=\"\" class=\"wp-image-666\" srcset=\"https:\/\/wiki.uepa.br\/wp-content\/uploads\/2025\/09\/correcao_periodo_ingresso06.png 700w, https:\/\/wiki.uepa.br\/wp-content\/uploads\/2025\/09\/correcao_periodo_ingresso06-300x77.png 300w\" sizes=\"(max-width: 700px) 100vw, 700px\" \/><\/figure>\n\n\n\n<ul class=\"has-ast-global-color-8-color has-text-color has-link-color wp-elements-f1f6ffe0ed77c06ddd1eb3fc5add69e1\">\n<li>Conforme o nome vai sendo digitado, o sistema realiza busca para saber se existe algum discente ATIVO com o nome informado. Ao encontrar o registro, devemos clicar sobre o nome trazido pelo sistema:<\/li>\n<\/ul>\n\n\n\n<figure class=\"wp-block-image aligncenter size-full\"><img loading=\"lazy\" decoding=\"async\" width=\"700\" height=\"181\" src=\"https:\/\/wiki.uepa.br\/wp-content\/uploads\/2025\/09\/correcao_periodo_ingresso07.png\" alt=\"\" class=\"wp-image-667\" srcset=\"https:\/\/wiki.uepa.br\/wp-content\/uploads\/2025\/09\/correcao_periodo_ingresso07.png 700w, https:\/\/wiki.uepa.br\/wp-content\/uploads\/2025\/09\/correcao_periodo_ingresso07-300x78.png 300w\" sizes=\"(max-width: 700px) 100vw, 700px\" \/><\/figure>\n\n\n\n<ul class=\"has-ast-global-color-8-color has-text-color has-link-color wp-elements-05742d4ae39812e0a610b96219cc7b03\">\n<li>Feito isso, clique em calcular:<\/li>\n<\/ul>\n\n\n\n<figure class=\"wp-block-image aligncenter size-full\"><img loading=\"lazy\" decoding=\"async\" width=\"700\" height=\"158\" src=\"https:\/\/wiki.uepa.br\/wp-content\/uploads\/2025\/09\/correcao_periodo_ingresso08.png\" alt=\"\" class=\"wp-image-668\" srcset=\"https:\/\/wiki.uepa.br\/wp-content\/uploads\/2025\/09\/correcao_periodo_ingresso08.png 700w, https:\/\/wiki.uepa.br\/wp-content\/uploads\/2025\/09\/correcao_periodo_ingresso08-300x68.png 300w\" sizes=\"(max-width: 700px) 100vw, 700px\" \/><\/figure>\n\n\n\n<ul class=\"has-ast-global-color-8-color has-text-color has-link-color wp-elements-f046a4d85602df202ba173824d5e70e8\">\n<li>O sistema emitir\u00e1 uma mensagem de sucesso, no topo da tela, informando que a opera\u00e7\u00e3o foi realizada com sucesso:<\/li>\n<\/ul>\n\n\n\n<figure class=\"wp-block-image aligncenter size-full\"><img loading=\"lazy\" decoding=\"async\" width=\"400\" height=\"78\" src=\"https:\/\/wiki.uepa.br\/wp-content\/uploads\/2025\/09\/correcao_periodo_ingresso09.png\" alt=\"\" class=\"wp-image-669\" srcset=\"https:\/\/wiki.uepa.br\/wp-content\/uploads\/2025\/09\/correcao_periodo_ingresso09.png 400w, https:\/\/wiki.uepa.br\/wp-content\/uploads\/2025\/09\/correcao_periodo_ingresso09-300x59.png 300w\" sizes=\"(max-width: 400px) 100vw, 400px\" \/><\/figure>\n","protected":false},"excerpt":{"rendered":"<p>Corrigindo o per\u00edodo de ingresso Realizando o c\u00e1lculo do discente<\/p>\n","protected":false},"author":1,"featured_media":0,"parent":261,"menu_order":0,"comment_status":"closed","ping_status":"closed","template":"","meta":{"_uag_custom_page_level_css":"","site-sidebar-layout":"default","site-content-layout":"","ast-site-content-layout":"","site-content-style":"default","site-sidebar-style":"default","ast-global-header-display":"","ast-banner-title-visibility":"","ast-main-header-display":"","ast-hfb-above-header-display":"","ast-hfb-below-header-display":"","ast-hfb-mobile-header-display":"","site-post-title":"","ast-breadcrumbs-content":"","ast-featured-img":"","footer-sml-layout":"","theme-transparent-header-meta":"","adv-header-id-meta":"","stick-header-meta":"","header-above-stick-meta":"","header-main-stick-meta":"","header-below-stick-meta":"","astra-migrate-meta-layouts":"","ast-page-background-enabled":"default","ast-page-background-meta":{"desktop":{"background-color":"var(--ast-global-color-4)","background-image":"","background-repeat":"repeat","background-position":"center center","background-size":"auto","background-attachment":"scroll","background-type":"","background-media":"","overlay-type":"","overlay-color":"","overlay-gradient":""},"tablet":{"background-color":"","background-image":"","background-repeat":"repeat","background-position":"center center","background-size":"auto","background-attachment":"scroll","background-type":"","background-media":"","overlay-type":"","overlay-color":"","overlay-gradient":""},"mobile":{"background-color":"","background-image":"","background-repeat":"repeat","background-position":"center center","background-size":"auto","background-attachment":"scroll","background-type":"","background-media":"","overlay-type":"","overlay-color":"","overlay-gradient":""}},"ast-content-background-meta":{"desktop":{"background-color":"var(--ast-global-color-5)","background-image":"","background-repeat":"repeat","background-position":"center center","background-size":"auto","background-attachment":"scroll","background-type":"","background-media":"","overlay-type":"","overlay-color":"","overlay-gradient":""},"tablet":{"background-color":"var(--ast-global-color-5)","background-image":"","background-repeat":"repeat","background-position":"center center","background-size":"auto","background-attachment":"scroll","background-type":"","background-media":"","overlay-type":"","overlay-color":"","overlay-gradient":""},"mobile":{"background-color":"var(--ast-global-color-5)","background-image":"","background-repeat":"repeat","background-position":"center center","background-size":"auto","background-attachment":"scroll","background-type":"","background-media":"","overlay-type":"","overlay-color":"","overlay-gradient":""}},"footnotes":""},"uagb_featured_image_src":{"full":false,"thumbnail":false,"medium":false,"medium_large":false,"large":false,"1536x1536":false,"2048x2048":false},"uagb_author_info":{"display_name":"adminsites@uepa.br","author_link":"https:\/\/wiki.uepa.br\/index.php\/author\/adminsitesuepa-br\/"},"uagb_comment_info":0,"uagb_excerpt":"Corrigindo o per\u00edodo de ingresso Realizando o c\u00e1lculo do discente","_links":{"self":[{"href":"https:\/\/wiki.uepa.br\/index.php\/wp-json\/wp\/v2\/pages\/307"}],"collection":[{"href":"https:\/\/wiki.uepa.br\/index.php\/wp-json\/wp\/v2\/pages"}],"about":[{"href":"https:\/\/wiki.uepa.br\/index.php\/wp-json\/wp\/v2\/types\/page"}],"author":[{"embeddable":true,"href":"https:\/\/wiki.uepa.br\/index.php\/wp-json\/wp\/v2\/users\/1"}],"replies":[{"embeddable":true,"href":"https:\/\/wiki.uepa.br\/index.php\/wp-json\/wp\/v2\/comments?post=307"}],"version-history":[{"count":3,"href":"https:\/\/wiki.uepa.br\/index.php\/wp-json\/wp\/v2\/pages\/307\/revisions"}],"predecessor-version":[{"id":670,"href":"https:\/\/wiki.uepa.br\/index.php\/wp-json\/wp\/v2\/pages\/307\/revisions\/670"}],"up":[{"embeddable":true,"href":"https:\/\/wiki.uepa.br\/index.php\/wp-json\/wp\/v2\/pages\/261"}],"wp:attachment":[{"href":"https:\/\/wiki.uepa.br\/index.php\/wp-json\/wp\/v2\/media?parent=307"}],"curies":[{"name":"wp","href":"https:\/\/api.w.org\/{rel}","templated":true}]}}