{"id":311,"date":"2024-02-21T13:09:03","date_gmt":"2024-02-21T13:09:03","guid":{"rendered":"https:\/\/wiki.uepa.br\/?page_id=311"},"modified":"2025-09-26T16:22:13","modified_gmt":"2025-09-26T16:22:13","slug":"efetivacao-de-matricula-controle-academico","status":"publish","type":"page","link":"https:\/\/wiki.uepa.br\/index.php\/controle-academico\/efetivacao-de-matricula-controle-academico\/","title":{"rendered":"Efetiva\u00e7\u00e3o de Matr\u00edcula &#8211; Controle Acad\u00eamico"},"content":{"rendered":"\n<ul class=\"has-ast-global-color-8-color has-text-color has-link-color wp-elements-9ec36e8b9102c2d3db82c68205f25df4\">\n<li>Para efetivar a matr\u00edcula de candidato que fez o cadastramento online, o respons\u00e1vel por realizar esse procedimento dever\u00e1 acessar o caminho SIGAA &gt; Gradua\u00e7\u00e3o &gt; Aluno &gt; Cadastrar Discente &gt; Efetivar Matr\u00edcula do Discente:<\/li>\n<\/ul>\n\n\n\n<figure class=\"wp-block-image aligncenter size-full\"><img loading=\"lazy\" decoding=\"async\" width=\"900\" height=\"181\" src=\"https:\/\/wiki.uepa.br\/wp-content\/uploads\/2025\/09\/efetivacao_matricula01.png\" alt=\"\" class=\"wp-image-644\" srcset=\"https:\/\/wiki.uepa.br\/wp-content\/uploads\/2025\/09\/efetivacao_matricula01.png 900w, https:\/\/wiki.uepa.br\/wp-content\/uploads\/2025\/09\/efetivacao_matricula01-300x60.png 300w, https:\/\/wiki.uepa.br\/wp-content\/uploads\/2025\/09\/efetivacao_matricula01-768x154.png 768w\" sizes=\"(max-width: 900px) 100vw, 900px\" \/><\/figure>\n\n\n\n<ul class=\"has-ast-global-color-8-color has-text-color has-link-color wp-elements-da23c4c7abf9578199625c9d8bcb442e\">\n<li>Ao selecionar a op\u00e7\u00e3o mencionada, o usu\u00e1rio ter\u00e1 acesso a seguinte tela:<\/li>\n<\/ul>\n\n\n\n<figure class=\"wp-block-image aligncenter size-full\"><img loading=\"lazy\" decoding=\"async\" width=\"900\" height=\"298\" src=\"https:\/\/wiki.uepa.br\/wp-content\/uploads\/2025\/09\/efetivacao_matricula02.png\" alt=\"\" class=\"wp-image-645\" srcset=\"https:\/\/wiki.uepa.br\/wp-content\/uploads\/2025\/09\/efetivacao_matricula02.png 900w, https:\/\/wiki.uepa.br\/wp-content\/uploads\/2025\/09\/efetivacao_matricula02-300x99.png 300w, https:\/\/wiki.uepa.br\/wp-content\/uploads\/2025\/09\/efetivacao_matricula02-768x254.png 768w\" sizes=\"(max-width: 900px) 100vw, 900px\" \/><\/figure>\n\n\n\n<ul class=\"has-ast-global-color-8-color has-text-color has-link-color wp-elements-21cd3f7f94810e7b68c793723031b5ea\">\n<li>Para iniciar a busca pelos discentes, dever\u00e1 ser informado o processo seletivo e a convoca\u00e7\u00e3o. Ap\u00f3s isso, o usu\u00e1rio poder\u00e1 prosseguir inserindo o curso, CPF ou o nome. Nesse exemplo, utilizaremos o curso:<\/li>\n<\/ul>\n\n\n\n<figure class=\"wp-block-image aligncenter size-full\"><img loading=\"lazy\" decoding=\"async\" width=\"900\" height=\"193\" src=\"https:\/\/wiki.uepa.br\/wp-content\/uploads\/2025\/09\/efetivacao_matricula03.png\" alt=\"\" class=\"wp-image-646\" srcset=\"https:\/\/wiki.uepa.br\/wp-content\/uploads\/2025\/09\/efetivacao_matricula03.png 900w, https:\/\/wiki.uepa.br\/wp-content\/uploads\/2025\/09\/efetivacao_matricula03-300x64.png 300w, https:\/\/wiki.uepa.br\/wp-content\/uploads\/2025\/09\/efetivacao_matricula03-768x165.png 768w\" sizes=\"(max-width: 900px) 100vw, 900px\" \/><\/figure>\n\n\n\n<ul class=\"has-ast-global-color-8-color has-text-color has-link-color wp-elements-ba6e9131cb9e7a2b822dc9c76c61e4e5\">\n<li>Ap\u00f3s inserir as informa\u00e7\u00f5es necess\u00e1rias no formul\u00e1rio de busca, clique em&nbsp;<strong>Buscar.<\/strong>&nbsp;Com isso, o sistema ir\u00e1 listar os candidatos aprovados para a chamada especificada.<\/li>\n<\/ul>\n\n\n\n<p class=\"has-text-align-center has-ast-global-color-8-color has-text-color has-link-color wp-elements-fad29d4d14a268a4e9479d159f61acbf\">Para os candidatos que fizeram o cadastro online, o sistema exibir\u00e1 a situa\u00e7\u00e3o de cadastro&nbsp;<strong>CADASTRADO.<\/strong>&nbsp;Para essas pessoas, o sistema ir\u00e1 habilitar a op\u00e7\u00e3o para selecionar a matr\u00edcula do candidato ou realizar o download do documento anexado no momento do cadastro online:<a href=\"https:\/\/ewiki.uepa.br\/lib\/exe\/detail.php?id=servidor%3Acrca%3Aefetivacaomatricula&amp;media=servidor:crca:efetivacao_matricula04.png\"><\/a><\/p>\n\n\n\n<figure class=\"wp-block-image aligncenter size-full\"><img loading=\"lazy\" decoding=\"async\" width=\"900\" height=\"112\" src=\"https:\/\/wiki.uepa.br\/wp-content\/uploads\/2024\/02\/image-69.png\" alt=\"\" class=\"wp-image-312\" srcset=\"https:\/\/wiki.uepa.br\/wp-content\/uploads\/2024\/02\/image-69.png 900w, https:\/\/wiki.uepa.br\/wp-content\/uploads\/2024\/02\/image-69-300x37.png 300w, https:\/\/wiki.uepa.br\/wp-content\/uploads\/2024\/02\/image-69-768x96.png 768w\" sizes=\"(max-width: 900px) 100vw, 900px\" \/><\/figure>\n\n\n\n<ul class=\"has-ast-global-color-8-color has-text-color has-link-color wp-elements-690117c354c1b4bb7d2b54b4fc653f97\">\n<li>Os candidatos que ainda n\u00e3o realizaram o autocadastro online dentro do per\u00edodo de cadastro estar\u00e3o com a situa\u00e7\u00e3o de cadastro&nbsp;<strong>PENDENTE CADASTRO<\/strong>.<\/li>\n<\/ul>\n\n\n\n<p class=\"has-text-align-center has-ast-global-color-8-color has-text-color has-link-color wp-elements-dcc04737f9a793c16de0279536bdd6eb\">Para dar sequ\u00eancia na efetiva\u00e7\u00e3o de matr\u00edcula, selecione a matr\u00edcula desejada:<a href=\"https:\/\/ewiki.uepa.br\/lib\/exe\/detail.php?id=servidor%3Acrca%3Aefetivacaomatricula&amp;media=servidor:crca:efetivacao_matricula05.png\"><\/a><\/p>\n\n\n\n<figure class=\"wp-block-image aligncenter size-full\"><img loading=\"lazy\" decoding=\"async\" width=\"900\" height=\"113\" src=\"https:\/\/wiki.uepa.br\/wp-content\/uploads\/2024\/02\/image-70.png\" alt=\"\" class=\"wp-image-313\" srcset=\"https:\/\/wiki.uepa.br\/wp-content\/uploads\/2024\/02\/image-70.png 900w, https:\/\/wiki.uepa.br\/wp-content\/uploads\/2024\/02\/image-70-300x38.png 300w, https:\/\/wiki.uepa.br\/wp-content\/uploads\/2024\/02\/image-70-768x96.png 768w\" sizes=\"(max-width: 900px) 100vw, 900px\" \/><\/figure>\n\n\n\n<ul class=\"has-ast-global-color-8-color has-text-color has-link-color wp-elements-c4399dd8cd1e48fcf5e8c69d877c03a6\">\n<li>Ao selecionar o candidato aprovado que realizou o cadastro (situa\u00e7\u00e3o CADASTRADO), a seguinte tela ir\u00e1 aparecer:<\/li>\n<\/ul>\n\n\n\n<figure class=\"wp-block-image aligncenter size-full is-resized\"><img loading=\"lazy\" decoding=\"async\" width=\"900\" height=\"374\" src=\"https:\/\/wiki.uepa.br\/wp-content\/uploads\/2025\/09\/efetivacao_matricula06.png\" alt=\"\" class=\"wp-image-648\" style=\"width:600px\" srcset=\"https:\/\/wiki.uepa.br\/wp-content\/uploads\/2025\/09\/efetivacao_matricula06.png 900w, https:\/\/wiki.uepa.br\/wp-content\/uploads\/2025\/09\/efetivacao_matricula06-300x125.png 300w, https:\/\/wiki.uepa.br\/wp-content\/uploads\/2025\/09\/efetivacao_matricula06-768x319.png 768w\" sizes=\"(max-width: 900px) 100vw, 900px\" \/><\/figure>\n\n\n\n<ul class=\"has-ast-global-color-8-color has-text-color has-link-color wp-elements-725253ddfc47a6e08bea14ad239fbb5b\">\n<li>Para&nbsp;<strong>efetivar a matr\u00edcula,<\/strong>&nbsp;o usu\u00e1rio dever\u00e1 deixar selecionada a op\u00e7\u00e3o \u201cEfetivar Matr\u00edcula do Candidato\u201d e clicar no bot\u00e3o \u201cSubmeter parecer\u201d.<\/li>\n\n\n\n<li>O sistema ir\u00e1 pedir uma confirma\u00e7\u00e3o:<\/li>\n<\/ul>\n\n\n\n<figure class=\"wp-block-image aligncenter size-full\"><img loading=\"lazy\" decoding=\"async\" width=\"900\" height=\"241\" src=\"https:\/\/wiki.uepa.br\/wp-content\/uploads\/2025\/09\/efetivacao_matricula07.png\" alt=\"\" class=\"wp-image-649\" srcset=\"https:\/\/wiki.uepa.br\/wp-content\/uploads\/2025\/09\/efetivacao_matricula07.png 900w, https:\/\/wiki.uepa.br\/wp-content\/uploads\/2025\/09\/efetivacao_matricula07-300x80.png 300w, https:\/\/wiki.uepa.br\/wp-content\/uploads\/2025\/09\/efetivacao_matricula07-768x206.png 768w\" sizes=\"(max-width: 900px) 100vw, 900px\" \/><\/figure>\n\n\n\n<ul class=\"has-ast-global-color-8-color has-text-color has-link-color wp-elements-95ada1b5f23b3425bfe775e1b79233da\">\n<li>Confirme a opera\u00e7\u00e3o clicando em \u201cOk\u201d.<\/li>\n\n\n\n<li>No final, o sistema exibir\u00e1 uma mensagem de sucesso:<\/li>\n<\/ul>\n\n\n\n<figure class=\"wp-block-image aligncenter size-full\"><img loading=\"lazy\" decoding=\"async\" width=\"900\" height=\"118\" src=\"https:\/\/wiki.uepa.br\/wp-content\/uploads\/2025\/09\/efetivacao_matricula08.png\" alt=\"\" class=\"wp-image-650\" srcset=\"https:\/\/wiki.uepa.br\/wp-content\/uploads\/2025\/09\/efetivacao_matricula08.png 900w, https:\/\/wiki.uepa.br\/wp-content\/uploads\/2025\/09\/efetivacao_matricula08-300x39.png 300w, https:\/\/wiki.uepa.br\/wp-content\/uploads\/2025\/09\/efetivacao_matricula08-768x101.png 768w\" sizes=\"(max-width: 900px) 100vw, 900px\" \/><\/figure>\n\n\n\n<ul class=\"has-ast-global-color-8-color has-text-color has-link-color wp-elements-28cccea0d3398ef3f1c8c5084ea0a4a5\">\n<li>Caso seja necess\u00e1rio&nbsp;<strong>excluir matr\u00edcula do candidato<\/strong>&nbsp;ao inv\u00e9s de efetivar a matr\u00edcula<strong>,<\/strong>&nbsp;o usu\u00e1rio dever\u00e1 selecionar a op\u00e7\u00e3o \u201cExcluir Matr\u00edcula do Candidato\u201d e clicar no bot\u00e3o \u201cSubmeter parecer\u201d.<\/li>\n\n\n\n<li>Observa\u00e7\u00e3o: s\u00f3 ser\u00e1 poss\u00edvel matricular os discentes no plano de matr\u00edcula para ingressantes ap\u00f3s a efetiva\u00e7\u00e3o da matr\u00edcula.<\/li>\n<\/ul>\n","protected":false},"excerpt":{"rendered":"<p>Para os candidatos que fizeram o cadastro online, o sistema exibir\u00e1 a situa\u00e7\u00e3o de cadastro&nbsp;CADASTRADO.&nbsp;Para essas pessoas, o sistema ir\u00e1 habilitar a op\u00e7\u00e3o para selecionar a matr\u00edcula do candidato ou realizar o download do documento anexado no momento do cadastro online: Para dar sequ\u00eancia na efetiva\u00e7\u00e3o de matr\u00edcula, selecione a matr\u00edcula desejada:<\/p>\n","protected":false},"author":1,"featured_media":0,"parent":261,"menu_order":0,"comment_status":"closed","ping_status":"closed","template":"","meta":{"_uag_custom_page_level_css":"","site-sidebar-layout":"default","site-content-layout":"","ast-site-content-layout":"","site-content-style":"default","site-sidebar-style":"default","ast-global-header-display":"","ast-banner-title-visibility":"","ast-main-header-display":"","ast-hfb-above-header-display":"","ast-hfb-below-header-display":"","ast-hfb-mobile-header-display":"","site-post-title":"","ast-breadcrumbs-content":"","ast-featured-img":"","footer-sml-layout":"","theme-transparent-header-meta":"","adv-header-id-meta":"","stick-header-meta":"","header-above-stick-meta":"","header-main-stick-meta":"","header-below-stick-meta":"","astra-migrate-meta-layouts":"","ast-page-background-enabled":"default","ast-page-background-meta":{"desktop":{"background-color":"var(--ast-global-color-4)","background-image":"","background-repeat":"repeat","background-position":"center center","background-size":"auto","background-attachment":"scroll","background-type":"","background-media":"","overlay-type":"","overlay-color":"","overlay-gradient":""},"tablet":{"background-color":"","background-image":"","background-repeat":"repeat","background-position":"center center","background-size":"auto","background-attachment":"scroll","background-type":"","background-media":"","overlay-type":"","overlay-color":"","overlay-gradient":""},"mobile":{"background-color":"","background-image":"","background-repeat":"repeat","background-position":"center center","background-size":"auto","background-attachment":"scroll","background-type":"","background-media":"","overlay-type":"","overlay-color":"","overlay-gradient":""}},"ast-content-background-meta":{"desktop":{"background-color":"var(--ast-global-color-5)","background-image":"","background-repeat":"repeat","background-position":"center center","background-size":"auto","background-attachment":"scroll","background-type":"","background-media":"","overlay-type":"","overlay-color":"","overlay-gradient":""},"tablet":{"background-color":"var(--ast-global-color-5)","background-image":"","background-repeat":"repeat","background-position":"center center","background-size":"auto","background-attachment":"scroll","background-type":"","background-media":"","overlay-type":"","overlay-color":"","overlay-gradient":""},"mobile":{"background-color":"var(--ast-global-color-5)","background-image":"","background-repeat":"repeat","background-position":"center center","background-size":"auto","background-attachment":"scroll","background-type":"","background-media":"","overlay-type":"","overlay-color":"","overlay-gradient":""}},"footnotes":""},"uagb_featured_image_src":{"full":false,"thumbnail":false,"medium":false,"medium_large":false,"large":false,"1536x1536":false,"2048x2048":false},"uagb_author_info":{"display_name":"adminsites@uepa.br","author_link":"https:\/\/wiki.uepa.br\/index.php\/author\/adminsitesuepa-br\/"},"uagb_comment_info":0,"uagb_excerpt":"Para os candidatos que fizeram o cadastro online, o sistema exibir\u00e1 a situa\u00e7\u00e3o de cadastro&nbsp;CADASTRADO.&nbsp;Para essas pessoas, o sistema ir\u00e1 habilitar a op\u00e7\u00e3o para selecionar a matr\u00edcula do candidato ou realizar o download do documento anexado no momento do cadastro online: Para dar sequ\u00eancia na efetiva\u00e7\u00e3o de matr\u00edcula, selecione a matr\u00edcula desejada:","_links":{"self":[{"href":"https:\/\/wiki.uepa.br\/index.php\/wp-json\/wp\/v2\/pages\/311"}],"collection":[{"href":"https:\/\/wiki.uepa.br\/index.php\/wp-json\/wp\/v2\/pages"}],"about":[{"href":"https:\/\/wiki.uepa.br\/index.php\/wp-json\/wp\/v2\/types\/page"}],"author":[{"embeddable":true,"href":"https:\/\/wiki.uepa.br\/index.php\/wp-json\/wp\/v2\/users\/1"}],"replies":[{"embeddable":true,"href":"https:\/\/wiki.uepa.br\/index.php\/wp-json\/wp\/v2\/comments?post=311"}],"version-history":[{"count":3,"href":"https:\/\/wiki.uepa.br\/index.php\/wp-json\/wp\/v2\/pages\/311\/revisions"}],"predecessor-version":[{"id":651,"href":"https:\/\/wiki.uepa.br\/index.php\/wp-json\/wp\/v2\/pages\/311\/revisions\/651"}],"up":[{"embeddable":true,"href":"https:\/\/wiki.uepa.br\/index.php\/wp-json\/wp\/v2\/pages\/261"}],"wp:attachment":[{"href":"https:\/\/wiki.uepa.br\/index.php\/wp-json\/wp\/v2\/media?parent=311"}],"curies":[{"name":"wp","href":"https:\/\/api.w.org\/{rel}","templated":true}]}}