{"id":315,"date":"2024-02-21T13:12:12","date_gmt":"2024-02-21T13:12:12","guid":{"rendered":"https:\/\/wiki.uepa.br\/?page_id=315"},"modified":"2025-09-26T16:16:06","modified_gmt":"2025-09-26T16:16:06","slug":"matricular-discente-em-plano-de-matricula-para-ingressantes","status":"publish","type":"page","link":"https:\/\/wiki.uepa.br\/index.php\/controle-academico\/matricular-discente-em-plano-de-matricula-para-ingressantes\/","title":{"rendered":"Matricular discente em plano de matr\u00edcula para ingressantes"},"content":{"rendered":"\n<ul class=\"has-ast-global-color-8-color has-text-color has-link-color wp-elements-d52cf996da589b94a4d083445602c7d7\">\n<li>Esta funcionalidade permite ao usu\u00e1rio realizar a matr\u00edcula do discente informado ao sistema em um plano de matr\u00edcula dispon\u00edvel.<\/li>\n\n\n\n<li>Para realizar esta opera\u00e7\u00e3o, acesse o SIGAA \u2192 M\u00f3dulos \u2192 Gradua\u00e7\u00e3o \u2192 Matr\u00edculas e Programas \u2192 Matr\u00edculas \u2192 Matricular Discente em Plano de Matr\u00edcula:<\/li>\n<\/ul>\n\n\n\n<figure class=\"wp-block-image aligncenter size-full\"><img loading=\"lazy\" decoding=\"async\" width=\"700\" height=\"348\" src=\"https:\/\/wiki.uepa.br\/wp-content\/uploads\/2025\/09\/matriculadiscenteingressantecrca1.png\" alt=\"\" class=\"wp-image-635\" srcset=\"https:\/\/wiki.uepa.br\/wp-content\/uploads\/2025\/09\/matriculadiscenteingressantecrca1.png 700w, https:\/\/wiki.uepa.br\/wp-content\/uploads\/2025\/09\/matriculadiscenteingressantecrca1-300x149.png 300w\" sizes=\"(max-width: 700px) 100vw, 700px\" \/><\/figure>\n\n\n\n<ul class=\"has-ast-global-color-8-color has-text-color has-link-color wp-elements-5c842cafcfa72db980a19fd23fbe4950\">\n<li>Ao acessar o caminho, a seguinte tela ser\u00e1 exibida:<\/li>\n<\/ul>\n\n\n\n<figure class=\"wp-block-image aligncenter size-full\"><img loading=\"lazy\" decoding=\"async\" width=\"700\" height=\"168\" src=\"https:\/\/wiki.uepa.br\/wp-content\/uploads\/2025\/09\/matriculadiscenteingressantecrca2.png\" alt=\"\" class=\"wp-image-636\" srcset=\"https:\/\/wiki.uepa.br\/wp-content\/uploads\/2025\/09\/matriculadiscenteingressantecrca2.png 700w, https:\/\/wiki.uepa.br\/wp-content\/uploads\/2025\/09\/matriculadiscenteingressantecrca2-300x72.png 300w\" sizes=\"(max-width: 700px) 100vw, 700px\" \/><\/figure>\n\n\n\n<ul class=\"has-ast-global-color-8-color has-text-color has-link-color wp-elements-045db281061035dc2d6350afa434e9c5\">\n<li>Ao acessar o caminho para matricula do aluno na atividade, deve-se realizar a busca primeiramente do discente.<\/li>\n\n\n\n<li>Iremos exemplificar uma busca por nome, informando o nome do discente na caixa de texto correspondente a informa\u00e7\u00e3o do&nbsp;<strong>Nome do Discente.<\/strong>&nbsp;Ap\u00f3s inserir a informa\u00e7\u00e3o desejada, o usu\u00e1rio dever\u00e1 clicar no bot\u00e3o \u201cBuscar\u201d:<\/li>\n<\/ul>\n\n\n\n<figure class=\"wp-block-image aligncenter size-full\"><img loading=\"lazy\" decoding=\"async\" width=\"700\" height=\"149\" src=\"https:\/\/wiki.uepa.br\/wp-content\/uploads\/2025\/09\/matriculadiscenteingressantecrca3.png\" alt=\"\" class=\"wp-image-637\" srcset=\"https:\/\/wiki.uepa.br\/wp-content\/uploads\/2025\/09\/matriculadiscenteingressantecrca3.png 700w, https:\/\/wiki.uepa.br\/wp-content\/uploads\/2025\/09\/matriculadiscenteingressantecrca3-300x64.png 300w\" sizes=\"(max-width: 700px) 100vw, 700px\" \/><\/figure>\n\n\n\n<ul class=\"has-ast-global-color-8-color has-text-color has-link-color wp-elements-0d53b8b20264f9ba0a28ffa9de1df445\">\n<li>Ap\u00f3s os resultados exibidos pelo sistema, o usu\u00e1rio dever\u00e1 clicar na op\u00e7\u00e3o para selecionar o discente a ter sua atividade registrada:<\/li>\n<\/ul>\n\n\n\n<figure class=\"wp-block-image aligncenter size-full\"><img loading=\"lazy\" decoding=\"async\" width=\"700\" height=\"90\" src=\"https:\/\/wiki.uepa.br\/wp-content\/uploads\/2025\/09\/matriculadiscenteingressantecrca4.png\" alt=\"\" class=\"wp-image-638\" srcset=\"https:\/\/wiki.uepa.br\/wp-content\/uploads\/2025\/09\/matriculadiscenteingressantecrca4.png 700w, https:\/\/wiki.uepa.br\/wp-content\/uploads\/2025\/09\/matriculadiscenteingressantecrca4-300x39.png 300w\" sizes=\"(max-width: 700px) 100vw, 700px\" \/><\/figure>\n\n\n\n<ul class=\"has-ast-global-color-8-color has-text-color has-link-color wp-elements-cfbe0674a8b5b4677d7fa5d8c8c447f3\">\n<li>Ap\u00f3s selecionar o discente, o usu\u00e1rio ser\u00e1 direcionado para a tela onde dever\u00e1 selecionar o plano de matr\u00edcula se existir mais de um plano criado. Caso tenha apenas um plano de matr\u00edcula, o sistema j\u00e1 ir\u00e1 trazer selecionado, por padr\u00e3o. Para prosseguir, deve-se clicar em \u201cAvan\u00e7ar\u201d:<\/li>\n<\/ul>\n\n\n\n<figure class=\"wp-block-image aligncenter size-full\"><img loading=\"lazy\" decoding=\"async\" width=\"700\" height=\"349\" src=\"https:\/\/wiki.uepa.br\/wp-content\/uploads\/2025\/09\/matriculadiscenteingressantecrca5.png\" alt=\"\" class=\"wp-image-639\" srcset=\"https:\/\/wiki.uepa.br\/wp-content\/uploads\/2025\/09\/matriculadiscenteingressantecrca5.png 700w, https:\/\/wiki.uepa.br\/wp-content\/uploads\/2025\/09\/matriculadiscenteingressantecrca5-300x150.png 300w\" sizes=\"(max-width: 700px) 100vw, 700px\" \/><\/figure>\n\n\n\n<ul class=\"has-ast-global-color-8-color has-text-color has-link-color wp-elements-233d42a233b29a593817a244514eb86b\">\n<li>A pr\u00f3xima etapa \u00e9 realizar a confirma\u00e7\u00e3o dos dados. O sistema exibir\u00e1 a tela com as informa\u00e7\u00f5es a serem confirmadas:<\/li>\n<\/ul>\n\n\n\n<figure class=\"wp-block-image aligncenter size-full is-resized\"><img loading=\"lazy\" decoding=\"async\" width=\"700\" height=\"373\" src=\"https:\/\/wiki.uepa.br\/wp-content\/uploads\/2025\/09\/matriculadiscenteingressantecrca6.png\" alt=\"\" class=\"wp-image-640\" style=\"width:600px\" srcset=\"https:\/\/wiki.uepa.br\/wp-content\/uploads\/2025\/09\/matriculadiscenteingressantecrca6.png 700w, https:\/\/wiki.uepa.br\/wp-content\/uploads\/2025\/09\/matriculadiscenteingressantecrca6-300x160.png 300w\" sizes=\"(max-width: 700px) 100vw, 700px\" \/><\/figure>\n\n\n\n<ul class=\"has-ast-global-color-8-color has-text-color has-link-color wp-elements-46c3f5a9eaf84961636ae1eed0eb2e71\">\n<li>Para finalizar a opera\u00e7\u00e3o, o usu\u00e1rio dever\u00e1 clicar na op\u00e7\u00e3o \u201cCadastrar\u201d localizada no final da tela:<\/li>\n<\/ul>\n\n\n\n<figure class=\"wp-block-image aligncenter size-full\"><img loading=\"lazy\" decoding=\"async\" width=\"700\" height=\"62\" src=\"https:\/\/wiki.uepa.br\/wp-content\/uploads\/2025\/09\/matriculadiscenteingressantecrca7.png\" alt=\"\" class=\"wp-image-641\" srcset=\"https:\/\/wiki.uepa.br\/wp-content\/uploads\/2025\/09\/matriculadiscenteingressantecrca7.png 700w, https:\/\/wiki.uepa.br\/wp-content\/uploads\/2025\/09\/matriculadiscenteingressantecrca7-300x27.png 300w\" sizes=\"(max-width: 700px) 100vw, 700px\" \/><\/figure>\n\n\n\n<ul class=\"has-ast-global-color-8-color has-text-color has-link-color wp-elements-91a745e548260527ad291a746c96b5ae\">\n<li>Por fim, o sistema emitir\u00e1 uma mensagem de sucesso:<\/li>\n<\/ul>\n\n\n\n<figure class=\"wp-block-image aligncenter size-full\"><img loading=\"lazy\" decoding=\"async\" width=\"700\" height=\"95\" src=\"https:\/\/wiki.uepa.br\/wp-content\/uploads\/2025\/09\/matriculadiscenteingressantecrca8.png\" alt=\"\" class=\"wp-image-642\" srcset=\"https:\/\/wiki.uepa.br\/wp-content\/uploads\/2025\/09\/matriculadiscenteingressantecrca8.png 700w, https:\/\/wiki.uepa.br\/wp-content\/uploads\/2025\/09\/matriculadiscenteingressantecrca8-300x41.png 300w\" sizes=\"(max-width: 700px) 100vw, 700px\" \/><\/figure>\n\n\n\n<ul class=\"has-ast-global-color-8-color has-text-color has-link-color wp-elements-ff0af341b5937f5b25564ab37652caf0\">\n<li>Ap\u00f3s esse procedimento, o discente estar\u00e1 matriculado em todas as turmas do plano de matr\u00edcula para ingressantes. O aluno tamb\u00e9m passar\u00e1 do status CADASTRADO para ATIVO dentro do sistema.<\/li>\n<\/ul>\n","protected":false},"excerpt":{"rendered":"","protected":false},"author":1,"featured_media":0,"parent":261,"menu_order":0,"comment_status":"closed","ping_status":"closed","template":"","meta":{"_uag_custom_page_level_css":"","site-sidebar-layout":"default","site-content-layout":"","ast-site-content-layout":"","site-content-style":"default","site-sidebar-style":"default","ast-global-header-display":"","ast-banner-title-visibility":"","ast-main-header-display":"","ast-hfb-above-header-display":"","ast-hfb-below-header-display":"","ast-hfb-mobile-header-display":"","site-post-title":"","ast-breadcrumbs-content":"","ast-featured-img":"","footer-sml-layout":"","theme-transparent-header-meta":"","adv-header-id-meta":"","stick-header-meta":"","header-above-stick-meta":"","header-main-stick-meta":"","header-below-stick-meta":"","astra-migrate-meta-layouts":"","ast-page-background-enabled":"default","ast-page-background-meta":{"desktop":{"background-color":"var(--ast-global-color-4)","background-image":"","background-repeat":"repeat","background-position":"center center","background-size":"auto","background-attachment":"scroll","background-type":"","background-media":"","overlay-type":"","overlay-color":"","overlay-gradient":""},"tablet":{"background-color":"","background-image":"","background-repeat":"repeat","background-position":"center center","background-size":"auto","background-attachment":"scroll","background-type":"","background-media":"","overlay-type":"","overlay-color":"","overlay-gradient":""},"mobile":{"background-color":"","background-image":"","background-repeat":"repeat","background-position":"center center","background-size":"auto","background-attachment":"scroll","background-type":"","background-media":"","overlay-type":"","overlay-color":"","overlay-gradient":""}},"ast-content-background-meta":{"desktop":{"background-color":"var(--ast-global-color-5)","background-image":"","background-repeat":"repeat","background-position":"center center","background-size":"auto","background-attachment":"scroll","background-type":"","background-media":"","overlay-type":"","overlay-color":"","overlay-gradient":""},"tablet":{"background-color":"var(--ast-global-color-5)","background-image":"","background-repeat":"repeat","background-position":"center center","background-size":"auto","background-attachment":"scroll","background-type":"","background-media":"","overlay-type":"","overlay-color":"","overlay-gradient":""},"mobile":{"background-color":"var(--ast-global-color-5)","background-image":"","background-repeat":"repeat","background-position":"center center","background-size":"auto","background-attachment":"scroll","background-type":"","background-media":"","overlay-type":"","overlay-color":"","overlay-gradient":""}},"footnotes":""},"uagb_featured_image_src":{"full":false,"thumbnail":false,"medium":false,"medium_large":false,"large":false,"1536x1536":false,"2048x2048":false},"uagb_author_info":{"display_name":"adminsites@uepa.br","author_link":"https:\/\/wiki.uepa.br\/index.php\/author\/adminsitesuepa-br\/"},"uagb_comment_info":0,"uagb_excerpt":null,"_links":{"self":[{"href":"https:\/\/wiki.uepa.br\/index.php\/wp-json\/wp\/v2\/pages\/315"}],"collection":[{"href":"https:\/\/wiki.uepa.br\/index.php\/wp-json\/wp\/v2\/pages"}],"about":[{"href":"https:\/\/wiki.uepa.br\/index.php\/wp-json\/wp\/v2\/types\/page"}],"author":[{"embeddable":true,"href":"https:\/\/wiki.uepa.br\/index.php\/wp-json\/wp\/v2\/users\/1"}],"replies":[{"embeddable":true,"href":"https:\/\/wiki.uepa.br\/index.php\/wp-json\/wp\/v2\/comments?post=315"}],"version-history":[{"count":3,"href":"https:\/\/wiki.uepa.br\/index.php\/wp-json\/wp\/v2\/pages\/315\/revisions"}],"predecessor-version":[{"id":643,"href":"https:\/\/wiki.uepa.br\/index.php\/wp-json\/wp\/v2\/pages\/315\/revisions\/643"}],"up":[{"embeddable":true,"href":"https:\/\/wiki.uepa.br\/index.php\/wp-json\/wp\/v2\/pages\/261"}],"wp:attachment":[{"href":"https:\/\/wiki.uepa.br\/index.php\/wp-json\/wp\/v2\/media?parent=315"}],"curies":[{"name":"wp","href":"https:\/\/api.w.org\/{rel}","templated":true}]}}