{"id":317,"date":"2024-02-21T13:13:54","date_gmt":"2024-02-21T13:13:54","guid":{"rendered":"https:\/\/wiki.uepa.br\/?page_id=317"},"modified":"2025-09-26T16:12:02","modified_gmt":"2025-09-26T16:12:02","slug":"alterar-status-da-disciplina-nao-ofertada","status":"publish","type":"page","link":"https:\/\/wiki.uepa.br\/index.php\/controle-academico\/alterar-status-da-disciplina-nao-ofertada\/","title":{"rendered":"Alterar status da disciplina (N\u00e3o Ofertada)"},"content":{"rendered":"\n<ul class=\"has-ast-global-color-8-color has-text-color has-link-color wp-elements-ee4f93cc19aa3cdaf1825f7e79ab4419\">\n<li>Esta funcionalidade permite a altera\u00e7\u00e3o do status do componente curricular (disciplina) que o aluno est\u00e1 matriculado ou em outro status ap\u00f3s ter sido matriculado.<\/li>\n\n\n\n<li>Para alterar o status, acesse o SIGAA UEPA \u00bb M\u00d3DULOS \u00bb GRADUA\u00c7\u00c3O \u00bb MATR\u00cdCULA E PROGRAMAS \u00bb MATR\u00cdCULAS \u00bb ALTERAR STATUS DE MATR\u00cdCULAS EM TURMAS E APROVEITAMENTOS<\/li>\n<\/ul>\n\n\n\n<figure class=\"wp-block-image aligncenter size-full\"><img loading=\"lazy\" decoding=\"async\" width=\"600\" height=\"262\" src=\"https:\/\/wiki.uepa.br\/wp-content\/uploads\/2025\/09\/alterar_status1.png\" alt=\"\" class=\"wp-image-622\" srcset=\"https:\/\/wiki.uepa.br\/wp-content\/uploads\/2025\/09\/alterar_status1.png 600w, https:\/\/wiki.uepa.br\/wp-content\/uploads\/2025\/09\/alterar_status1-300x131.png 300w\" sizes=\"(max-width: 600px) 100vw, 600px\" \/><\/figure>\n\n\n\n<ul class=\"has-ast-global-color-8-color has-text-color has-link-color wp-elements-65d667e42de4bc7065737aee1761b961\">\n<li>Insira ao menos um dos seguintes dados do discente desejado para busca-lo, ap\u00f3s clicar no bot\u00e3o \u201cBuscar\u201d, clique na seta verde marcada de vermelho na imagem.<\/li>\n<\/ul>\n\n\n\n<figure class=\"wp-block-image aligncenter size-full\"><img loading=\"lazy\" decoding=\"async\" width=\"600\" height=\"253\" src=\"https:\/\/wiki.uepa.br\/wp-content\/uploads\/2025\/09\/alterar_status2.png\" alt=\"\" class=\"wp-image-623\" srcset=\"https:\/\/wiki.uepa.br\/wp-content\/uploads\/2025\/09\/alterar_status2.png 600w, https:\/\/wiki.uepa.br\/wp-content\/uploads\/2025\/09\/alterar_status2-300x127.png 300w\" sizes=\"(max-width: 600px) 100vw, 600px\" \/><\/figure>\n\n\n\n<ul class=\"has-ast-global-color-8-color has-text-color has-link-color wp-elements-2e2be1b2747120c78d594e363aafc9ba\">\n<li>Escolha um ou mais componentes curriculares que precisam ter o seu status alterados.<\/li>\n<\/ul>\n\n\n\n<figure class=\"wp-block-image aligncenter size-full\"><img loading=\"lazy\" decoding=\"async\" width=\"600\" height=\"302\" src=\"https:\/\/wiki.uepa.br\/wp-content\/uploads\/2025\/09\/alterar_status3.png\" alt=\"\" class=\"wp-image-624\" srcset=\"https:\/\/wiki.uepa.br\/wp-content\/uploads\/2025\/09\/alterar_status3.png 600w, https:\/\/wiki.uepa.br\/wp-content\/uploads\/2025\/09\/alterar_status3-300x151.png 300w\" sizes=\"(max-width: 600px) 100vw, 600px\" \/><\/figure>\n\n\n\n<ul class=\"has-ast-global-color-8-color has-text-color has-link-color wp-elements-500fcc4b312664066a6c0e88a881c3e0\">\n<li>Escolha o novo status para os componentes curriculares anteriormente escolhidos, o status \u201cCANCELADO\u201d \u00e9 correspondente ao N\u00e3o Ofertado(N.O), clique no bot\u00e3o \u201cConfirmar\u201d para concluir a opera\u00e7\u00e3o.<\/li>\n<\/ul>\n\n\n\n<figure class=\"wp-block-image aligncenter size-full\"><img loading=\"lazy\" decoding=\"async\" width=\"600\" height=\"216\" src=\"https:\/\/wiki.uepa.br\/wp-content\/uploads\/2025\/09\/alterar_status4.png\" alt=\"\" class=\"wp-image-625\" srcset=\"https:\/\/wiki.uepa.br\/wp-content\/uploads\/2025\/09\/alterar_status4.png 600w, https:\/\/wiki.uepa.br\/wp-content\/uploads\/2025\/09\/alterar_status4-300x108.png 300w\" sizes=\"(max-width: 600px) 100vw, 600px\" \/><\/figure>\n\n\n\n<ul class=\"has-ast-global-color-8-color has-text-color has-link-color wp-elements-7cf2c8e3990d7778b7fbcff2b2366a56\">\n<li>Ap\u00f3s clicar no bot\u00e3o \u201cConfirmar\u201d, esta mensagem aparecer\u00e1, confirmando que a opera\u00e7\u00e3o foi realizada com sucesso.<\/li>\n<\/ul>\n\n\n\n<figure class=\"wp-block-image aligncenter size-full\"><img loading=\"lazy\" decoding=\"async\" width=\"600\" height=\"49\" src=\"https:\/\/wiki.uepa.br\/wp-content\/uploads\/2025\/09\/alterar_status6.png\" alt=\"\" class=\"wp-image-627\" srcset=\"https:\/\/wiki.uepa.br\/wp-content\/uploads\/2025\/09\/alterar_status6.png 600w, https:\/\/wiki.uepa.br\/wp-content\/uploads\/2025\/09\/alterar_status6-300x25.png 300w\" sizes=\"(max-width: 600px) 100vw, 600px\" \/><\/figure>\n\n\n\n<ul class=\"has-ast-global-color-8-color has-text-color has-link-color wp-elements-1c7c7730ee9afb5a928cc2bf7a3f2214\">\n<li>Hist\u00f3rico do aluno antes de ser alterado:<\/li>\n<\/ul>\n\n\n\n<figure class=\"wp-block-image aligncenter size-full\"><img loading=\"lazy\" decoding=\"async\" width=\"600\" height=\"133\" src=\"https:\/\/wiki.uepa.br\/wp-content\/uploads\/2025\/09\/alterar_status5.png\" alt=\"\" class=\"wp-image-620\" srcset=\"https:\/\/wiki.uepa.br\/wp-content\/uploads\/2025\/09\/alterar_status5.png 600w, https:\/\/wiki.uepa.br\/wp-content\/uploads\/2025\/09\/alterar_status5-300x67.png 300w\" sizes=\"(max-width: 600px) 100vw, 600px\" \/><\/figure>\n\n\n\n<ul class=\"has-ast-global-color-8-color has-text-color has-link-color wp-elements-3d6678f5dc1143a9d1ed24ae7fa2c997\">\n<li>Hist\u00f3rico do aluno ap\u00f3s a altera\u00e7\u00e3o:<\/li>\n<\/ul>\n\n\n\n<figure class=\"wp-block-image aligncenter size-full\"><img loading=\"lazy\" decoding=\"async\" width=\"600\" height=\"146\" src=\"https:\/\/wiki.uepa.br\/wp-content\/uploads\/2025\/09\/alterar_status7.png\" alt=\"\" class=\"wp-image-621\" srcset=\"https:\/\/wiki.uepa.br\/wp-content\/uploads\/2025\/09\/alterar_status7.png 600w, https:\/\/wiki.uepa.br\/wp-content\/uploads\/2025\/09\/alterar_status7-300x73.png 300w\" sizes=\"(max-width: 600px) 100vw, 600px\" \/><\/figure>\n","protected":false},"excerpt":{"rendered":"","protected":false},"author":1,"featured_media":0,"parent":261,"menu_order":0,"comment_status":"closed","ping_status":"closed","template":"","meta":{"_uag_custom_page_level_css":"","site-sidebar-layout":"default","site-content-layout":"","ast-site-content-layout":"","site-content-style":"default","site-sidebar-style":"default","ast-global-header-display":"","ast-banner-title-visibility":"","ast-main-header-display":"","ast-hfb-above-header-display":"","ast-hfb-below-header-display":"","ast-hfb-mobile-header-display":"","site-post-title":"","ast-breadcrumbs-content":"","ast-featured-img":"","footer-sml-layout":"","theme-transparent-header-meta":"","adv-header-id-meta":"","stick-header-meta":"","header-above-stick-meta":"","header-main-stick-meta":"","header-below-stick-meta":"","astra-migrate-meta-layouts":"","ast-page-background-enabled":"default","ast-page-background-meta":{"desktop":{"background-color":"var(--ast-global-color-4)","background-image":"","background-repeat":"repeat","background-position":"center center","background-size":"auto","background-attachment":"scroll","background-type":"","background-media":"","overlay-type":"","overlay-color":"","overlay-gradient":""},"tablet":{"background-color":"","background-image":"","background-repeat":"repeat","background-position":"center center","background-size":"auto","background-attachment":"scroll","background-type":"","background-media":"","overlay-type":"","overlay-color":"","overlay-gradient":""},"mobile":{"background-color":"","background-image":"","background-repeat":"repeat","background-position":"center center","background-size":"auto","background-attachment":"scroll","background-type":"","background-media":"","overlay-type":"","overlay-color":"","overlay-gradient":""}},"ast-content-background-meta":{"desktop":{"background-color":"var(--ast-global-color-5)","background-image":"","background-repeat":"repeat","background-position":"center center","background-size":"auto","background-attachment":"scroll","background-type":"","background-media":"","overlay-type":"","overlay-color":"","overlay-gradient":""},"tablet":{"background-color":"var(--ast-global-color-5)","background-image":"","background-repeat":"repeat","background-position":"center center","background-size":"auto","background-attachment":"scroll","background-type":"","background-media":"","overlay-type":"","overlay-color":"","overlay-gradient":""},"mobile":{"background-color":"var(--ast-global-color-5)","background-image":"","background-repeat":"repeat","background-position":"center center","background-size":"auto","background-attachment":"scroll","background-type":"","background-media":"","overlay-type":"","overlay-color":"","overlay-gradient":""}},"footnotes":""},"uagb_featured_image_src":{"full":false,"thumbnail":false,"medium":false,"medium_large":false,"large":false,"1536x1536":false,"2048x2048":false},"uagb_author_info":{"display_name":"adminsites@uepa.br","author_link":"https:\/\/wiki.uepa.br\/index.php\/author\/adminsitesuepa-br\/"},"uagb_comment_info":0,"uagb_excerpt":null,"_links":{"self":[{"href":"https:\/\/wiki.uepa.br\/index.php\/wp-json\/wp\/v2\/pages\/317"}],"collection":[{"href":"https:\/\/wiki.uepa.br\/index.php\/wp-json\/wp\/v2\/pages"}],"about":[{"href":"https:\/\/wiki.uepa.br\/index.php\/wp-json\/wp\/v2\/types\/page"}],"author":[{"embeddable":true,"href":"https:\/\/wiki.uepa.br\/index.php\/wp-json\/wp\/v2\/users\/1"}],"replies":[{"embeddable":true,"href":"https:\/\/wiki.uepa.br\/index.php\/wp-json\/wp\/v2\/comments?post=317"}],"version-history":[{"count":3,"href":"https:\/\/wiki.uepa.br\/index.php\/wp-json\/wp\/v2\/pages\/317\/revisions"}],"predecessor-version":[{"id":628,"href":"https:\/\/wiki.uepa.br\/index.php\/wp-json\/wp\/v2\/pages\/317\/revisions\/628"}],"up":[{"embeddable":true,"href":"https:\/\/wiki.uepa.br\/index.php\/wp-json\/wp\/v2\/pages\/261"}],"wp:attachment":[{"href":"https:\/\/wiki.uepa.br\/index.php\/wp-json\/wp\/v2\/media?parent=317"}],"curies":[{"name":"wp","href":"https:\/\/api.w.org\/{rel}","templated":true}]}}