{"id":56,"date":"2024-02-19T13:33:59","date_gmt":"2024-02-19T13:33:59","guid":{"rendered":"https:\/\/wiki.uepa.br\/?page_id=56"},"modified":"2025-09-25T15:45:14","modified_gmt":"2025-09-25T15:45:14","slug":"alterar-recuperar-usuario-ou-senha","status":"publish","type":"page","link":"https:\/\/wiki.uepa.br\/index.php\/alterar-recuperar-usuario-ou-senha\/","title":{"rendered":"Alterar\/Recuperar Usu\u00e1rio e\/ou Senha"},"content":{"rendered":"\n<h3 class=\"wp-block-heading has-text-align-center\" id=\"alterar_senha\"><strong>Alterar Senha<\/strong><\/h3>\n\n\n\n<ul class=\"has-ast-global-color-8-color has-text-color has-link-color wp-elements-88b628bcc415565390be367b2c77ca86\">\n<li>Antes de alterar a sua senha leia as dicas sobre os&nbsp;<a href=\"https:\/\/ewiki.uepa.br\/doku.php?id=discente:cuidados_senha\">Cuidados com a Senha<\/a>.<\/li>\n\n\n\n<li>Para alterar a senha&nbsp;<em>\u00e9 necess\u00e1sio est\u00e1 logado no SIGAA &#8211; UEPA<\/em>&nbsp;e clicar em&nbsp;<strong>Alterar senha<\/strong>.<\/li>\n<\/ul>\n\n\n\n<figure class=\"wp-block-image aligncenter size-full is-resized\"><img loading=\"lazy\" decoding=\"async\" width=\"214\" height=\"55\" src=\"https:\/\/wiki.uepa.br\/wp-content\/uploads\/2025\/09\/alterar_senha1.png\" alt=\"\" class=\"wp-image-429\" style=\"width:239px;height:auto\"\/><\/figure>\n\n\n\n<ul class=\"has-ast-global-color-8-color has-text-color has-link-color wp-elements-a9df2af51ef65bfe31833d03ad0c2211\">\n<li>Ao clicar em&nbsp;<strong>Alterar senha<\/strong>, o sistema exibir\u00e1 uma tela, na qual o usu\u00e1rio dever\u00e1 fornecer a&nbsp;<strong><em>Senha Atual<\/em><\/strong>, a&nbsp;<em><strong>Nova Senha<\/strong><\/em>&nbsp;e&nbsp;<em><strong>Repetir a Nova Senha<\/strong><\/em>, depois \u00e9 s\u00f3 clicar em&nbsp;<strong>Alterar Dados<\/strong>.<\/li>\n<\/ul>\n\n\n\n<figure class=\"wp-block-image aligncenter size-full\"><img loading=\"lazy\" decoding=\"async\" width=\"526\" height=\"275\" src=\"https:\/\/wiki.uepa.br\/wp-content\/uploads\/2025\/09\/alterar_senha2.png\" alt=\"\" class=\"wp-image-430\" srcset=\"https:\/\/wiki.uepa.br\/wp-content\/uploads\/2025\/09\/alterar_senha2.png 526w, https:\/\/wiki.uepa.br\/wp-content\/uploads\/2025\/09\/alterar_senha2-300x157.png 300w\" sizes=\"(max-width: 526px) 100vw, 526px\" \/><\/figure>\n\n\n\n<hr class=\"wp-block-separator has-alpha-channel-opacity\"\/>\n\n\n\n<h3 class=\"wp-block-heading has-text-align-center\" id=\"recuperar_senha\"><strong>Recuperar Senha<\/strong><\/h3>\n\n\n\n<ul class=\"has-ast-global-color-8-color has-text-color has-link-color wp-elements-197e7233217d46e4dcb3019980ae220a\">\n<li>Para recuperar a sua senha, clique em \u201cEsqueceu a senha?&nbsp;<strong>Clique aqui para recuper\u00e1-la<\/strong>&nbsp;\u201d.<\/li>\n<\/ul>\n\n\n\n<figure class=\"wp-block-image aligncenter size-full\"><img loading=\"lazy\" decoding=\"async\" width=\"756\" height=\"292\" src=\"https:\/\/wiki.uepa.br\/wp-content\/uploads\/2025\/09\/recuperar_senha1.png\" alt=\"\" class=\"wp-image-435\" srcset=\"https:\/\/wiki.uepa.br\/wp-content\/uploads\/2025\/09\/recuperar_senha1.png 756w, https:\/\/wiki.uepa.br\/wp-content\/uploads\/2025\/09\/recuperar_senha1-300x116.png 300w\" sizes=\"(max-width: 756px) 100vw, 756px\" \/><\/figure>\n\n\n\n<ul class=\"has-ast-global-color-8-color has-text-color has-link-color wp-elements-849cc8e5d6aa69d2e5d6c093bd01aa5d\">\n<li>Uma tela ser\u00e1 exibida, nela digite seu&nbsp;<em><strong>Login<\/strong><\/em>, o&nbsp;<em><strong>E-Mail cadastrado no sistema<\/strong><\/em>&nbsp;e o&nbsp;<em>conte\u00fado da imagem gerada ao lado<\/em>&nbsp;e clique em&nbsp;<strong>Recuperar Senha<\/strong>. Logo ap\u00f3s, um e-mail ser\u00e1 enviado para o seu e-mail cadastrado solicitando a confirma\u00e7\u00e3o da recupera\u00e7\u00e3o da senha.<\/li>\n<\/ul>\n\n\n\n<figure class=\"wp-block-image aligncenter size-full\"><img loading=\"lazy\" decoding=\"async\" width=\"535\" height=\"211\" src=\"https:\/\/wiki.uepa.br\/wp-content\/uploads\/2025\/09\/recuperar_senha2.png\" alt=\"\" class=\"wp-image-436\" srcset=\"https:\/\/wiki.uepa.br\/wp-content\/uploads\/2025\/09\/recuperar_senha2.png 535w, https:\/\/wiki.uepa.br\/wp-content\/uploads\/2025\/09\/recuperar_senha2-300x118.png 300w\" sizes=\"(max-width: 535px) 100vw, 535px\" \/><\/figure>\n\n\n\n<hr class=\"wp-block-separator has-alpha-channel-opacity\"\/>\n\n\n\n<h3 class=\"wp-block-heading has-text-align-center\" id=\"recuperar_login\"><strong>Recuperar Login<\/strong><\/h3>\n\n\n\n<ul class=\"has-ast-global-color-8-color has-text-color has-link-color wp-elements-69820246808c963312b56f2d171d96ab\">\n<li>Caso voc\u00ea n\u00e3o se lembrar de seu&nbsp;<em>login<\/em>&nbsp;cadastrado no sistema, voc\u00ea pode recuper\u00e1-lo clicando em \u201cEsqueceu o login?&nbsp;<strong>Clique aqui para recuper\u00e1-lo<\/strong>\u201d.<\/li>\n<\/ul>\n\n\n\n<figure class=\"wp-block-image aligncenter size-full\"><img loading=\"lazy\" decoding=\"async\" width=\"750\" height=\"309\" src=\"https:\/\/wiki.uepa.br\/wp-content\/uploads\/2025\/09\/recuperar_login1.png\" alt=\"\" class=\"wp-image-433\" srcset=\"https:\/\/wiki.uepa.br\/wp-content\/uploads\/2025\/09\/recuperar_login1.png 750w, https:\/\/wiki.uepa.br\/wp-content\/uploads\/2025\/09\/recuperar_login1-300x124.png 300w\" sizes=\"(max-width: 750px) 100vw, 750px\" \/><\/figure>\n\n\n\n<ul class=\"has-ast-global-color-8-color has-text-color has-link-color wp-elements-5a3de5e85676e13bee21c0ad0d79bd7d\">\n<li>Uma tela ser\u00e1 exibida, nela digite o seu&nbsp;<em><strong>E-mail<\/strong><\/em>&nbsp;e o&nbsp;<em>conte\u00fado da imagem gerada ao lado<\/em>, e clique no bot\u00e3o \u201c<strong>Recuperar<\/strong>\u201d. Ap\u00f3s alguns instantes voc\u00ea receber\u00e1 o(s) seu(s) login(s) em seu endere\u00e7o eletr\u00f4nico.<\/li>\n<\/ul>\n\n\n\n<figure class=\"wp-block-image aligncenter size-full\"><img loading=\"lazy\" decoding=\"async\" width=\"815\" height=\"217\" src=\"https:\/\/wiki.uepa.br\/wp-content\/uploads\/2025\/09\/recuperar_login2.png\" alt=\"\" class=\"wp-image-434\" srcset=\"https:\/\/wiki.uepa.br\/wp-content\/uploads\/2025\/09\/recuperar_login2.png 815w, https:\/\/wiki.uepa.br\/wp-content\/uploads\/2025\/09\/recuperar_login2-300x80.png 300w, https:\/\/wiki.uepa.br\/wp-content\/uploads\/2025\/09\/recuperar_login2-768x204.png 768w\" sizes=\"(max-width: 815px) 100vw, 815px\" \/><\/figure>\n\n\n\n<hr class=\"wp-block-separator has-alpha-channel-opacity\"\/>\n\n\n\n<h3 class=\"wp-block-heading has-text-align-center\" id=\"recuperar_e-mail_de_confirmacao_de_cadastro\"><strong>Recuperar E-mail de Confirma\u00e7\u00e3o de Cadastro<\/strong><\/h3>\n\n\n\n<ul class=\"has-ast-global-color-8-color has-text-color has-link-color wp-elements-f55137743a1e48ae1c7bfa4bba112061\">\n<li>Caso voc\u00ea tenha feito recentemente o seu auto-cadastro e perdeu o c\u00f3digo de autoriza\u00e7\u00e3o enviado para o seu e-mail, basta clicar em \u201cPerdeu o e-mail de confirma\u00e7\u00e3o de cadastro?&nbsp;<strong>Clique aqui para recuper\u00e1-lo<\/strong>\u201d.<\/li>\n<\/ul>\n\n\n\n<figure class=\"wp-block-image aligncenter size-full\"><img loading=\"lazy\" decoding=\"async\" width=\"759\" height=\"289\" src=\"https:\/\/wiki.uepa.br\/wp-content\/uploads\/2025\/09\/recuperar_email1.png\" alt=\"\" class=\"wp-image-431\" srcset=\"https:\/\/wiki.uepa.br\/wp-content\/uploads\/2025\/09\/recuperar_email1.png 759w, https:\/\/wiki.uepa.br\/wp-content\/uploads\/2025\/09\/recuperar_email1-300x114.png 300w\" sizes=\"(max-width: 759px) 100vw, 759px\" \/><\/figure>\n\n\n\n<ul class=\"has-ast-global-color-8-color has-text-color has-link-color wp-elements-1aee8586281a4a695a86bf13afa74292\">\n<li>Uma tela ser\u00e1 exibida, nela digite o seu&nbsp;<strong>E-mail<\/strong>&nbsp;e o&nbsp;<em>conte\u00fado da imagem gerada ao lado<\/em>, e clique no bot\u00e3o \u201c<strong>Recuperar<\/strong>\u201d. Ap\u00f3s alguns instantes voc\u00ea receber\u00e1 o c\u00f3digo em seu endere\u00e7o eletr\u00f4nico.<\/li>\n<\/ul>\n\n\n\n<figure class=\"wp-block-image aligncenter size-full\"><img loading=\"lazy\" decoding=\"async\" width=\"826\" height=\"224\" src=\"https:\/\/wiki.uepa.br\/wp-content\/uploads\/2025\/09\/recuperar_email2.png\" alt=\"\" class=\"wp-image-432\" srcset=\"https:\/\/wiki.uepa.br\/wp-content\/uploads\/2025\/09\/recuperar_email2.png 826w, https:\/\/wiki.uepa.br\/wp-content\/uploads\/2025\/09\/recuperar_email2-300x81.png 300w, https:\/\/wiki.uepa.br\/wp-content\/uploads\/2025\/09\/recuperar_email2-768x208.png 768w\" sizes=\"(max-width: 826px) 100vw, 826px\" \/><\/figure>\n","protected":false},"excerpt":{"rendered":"<p>Alterar Senha Recuperar Senha Recuperar Login Recuperar E-mail de Confirma\u00e7\u00e3o de Cadastro<\/p>\n","protected":false},"author":1,"featured_media":0,"parent":0,"menu_order":0,"comment_status":"closed","ping_status":"closed","template":"","meta":{"_uag_custom_page_level_css":"","site-sidebar-layout":"default","site-content-layout":"","ast-site-content-layout":"","site-content-style":"default","site-sidebar-style":"default","ast-global-header-display":"","ast-banner-title-visibility":"","ast-main-header-display":"","ast-hfb-above-header-display":"","ast-hfb-below-header-display":"","ast-hfb-mobile-header-display":"","site-post-title":"","ast-breadcrumbs-content":"","ast-featured-img":"","footer-sml-layout":"","theme-transparent-header-meta":"","adv-header-id-meta":"","stick-header-meta":"","header-above-stick-meta":"","header-main-stick-meta":"","header-below-stick-meta":"","astra-migrate-meta-layouts":"","ast-page-background-enabled":"default","ast-page-background-meta":{"desktop":{"background-color":"var(--ast-global-color-4)","background-image":"","background-repeat":"repeat","background-position":"center center","background-size":"auto","background-attachment":"scroll","background-type":"","background-media":"","overlay-type":"","overlay-color":"","overlay-gradient":""},"tablet":{"background-color":"","background-image":"","background-repeat":"repeat","background-position":"center center","background-size":"auto","background-attachment":"scroll","background-type":"","background-media":"","overlay-type":"","overlay-color":"","overlay-gradient":""},"mobile":{"background-color":"","background-image":"","background-repeat":"repeat","background-position":"center center","background-size":"auto","background-attachment":"scroll","background-type":"","background-media":"","overlay-type":"","overlay-color":"","overlay-gradient":""}},"ast-content-background-meta":{"desktop":{"background-color":"var(--ast-global-color-5)","background-image":"","background-repeat":"repeat","background-position":"center center","background-size":"auto","background-attachment":"scroll","background-type":"","background-media":"","overlay-type":"","overlay-color":"","overlay-gradient":""},"tablet":{"background-color":"var(--ast-global-color-5)","background-image":"","background-repeat":"repeat","background-position":"center center","background-size":"auto","background-attachment":"scroll","background-type":"","background-media":"","overlay-type":"","overlay-color":"","overlay-gradient":""},"mobile":{"background-color":"var(--ast-global-color-5)","background-image":"","background-repeat":"repeat","background-position":"center center","background-size":"auto","background-attachment":"scroll","background-type":"","background-media":"","overlay-type":"","overlay-color":"","overlay-gradient":""}},"footnotes":""},"uagb_featured_image_src":{"full":false,"thumbnail":false,"medium":false,"medium_large":false,"large":false,"1536x1536":false,"2048x2048":false},"uagb_author_info":{"display_name":"adminsites@uepa.br","author_link":"https:\/\/wiki.uepa.br\/index.php\/author\/adminsitesuepa-br\/"},"uagb_comment_info":0,"uagb_excerpt":"Alterar Senha Recuperar Senha Recuperar Login Recuperar E-mail de Confirma\u00e7\u00e3o de Cadastro","_links":{"self":[{"href":"https:\/\/wiki.uepa.br\/index.php\/wp-json\/wp\/v2\/pages\/56"}],"collection":[{"href":"https:\/\/wiki.uepa.br\/index.php\/wp-json\/wp\/v2\/pages"}],"about":[{"href":"https:\/\/wiki.uepa.br\/index.php\/wp-json\/wp\/v2\/types\/page"}],"author":[{"embeddable":true,"href":"https:\/\/wiki.uepa.br\/index.php\/wp-json\/wp\/v2\/users\/1"}],"replies":[{"embeddable":true,"href":"https:\/\/wiki.uepa.br\/index.php\/wp-json\/wp\/v2\/comments?post=56"}],"version-history":[{"count":4,"href":"https:\/\/wiki.uepa.br\/index.php\/wp-json\/wp\/v2\/pages\/56\/revisions"}],"predecessor-version":[{"id":441,"href":"https:\/\/wiki.uepa.br\/index.php\/wp-json\/wp\/v2\/pages\/56\/revisions\/441"}],"wp:attachment":[{"href":"https:\/\/wiki.uepa.br\/index.php\/wp-json\/wp\/v2\/media?parent=56"}],"curies":[{"name":"wp","href":"https:\/\/api.w.org\/{rel}","templated":true}]}}