{"id":66,"date":"2024-02-19T13:45:27","date_gmt":"2024-02-19T13:45:27","guid":{"rendered":"https:\/\/wiki.uepa.br\/?page_id=66"},"modified":"2025-09-25T15:48:52","modified_gmt":"2025-09-25T15:48:52","slug":"consultar-notas","status":"publish","type":"page","link":"https:\/\/wiki.uepa.br\/index.php\/consultar-notas\/","title":{"rendered":"Consultar Notas"},"content":{"rendered":"\n<ul class=\"has-ast-global-color-8-color has-text-color has-link-color wp-elements-197b3c2bc357f9a2e3481ccb5f8097dc\">\n<li>Para consultar as notas o discente dever\u00e1 acessar o menu&nbsp;<strong>Ensino<\/strong>&nbsp;\u00bb&nbsp;<strong>Consultar Minhas Notas<\/strong>.<\/li>\n<\/ul>\n\n\n\n<figure class=\"wp-block-image aligncenter size-full is-resized\"><img loading=\"lazy\" decoding=\"async\" width=\"282\" height=\"338\" src=\"https:\/\/wiki.uepa.br\/wp-content\/uploads\/2025\/09\/foto1-2.png\" alt=\"\" class=\"wp-image-445\" style=\"width:232px;height:auto\" srcset=\"https:\/\/wiki.uepa.br\/wp-content\/uploads\/2025\/09\/foto1-2.png 282w, https:\/\/wiki.uepa.br\/wp-content\/uploads\/2025\/09\/foto1-2-250x300.png 250w\" sizes=\"(max-width: 282px) 100vw, 282px\" \/><\/figure>\n\n\n\n<ul class=\"has-ast-global-color-8-color has-text-color has-link-color wp-elements-395bc51930a422a4b67a3ba3888322a3\">\n<li>Logo ap\u00f3s ser\u00e1 gerado o&nbsp;<strong>Relat\u00f3rio de Notas do Aluno<\/strong>, o discente poder\u00e1 imprimir.<\/li>\n<\/ul>\n\n\n\n<figure class=\"wp-block-image aligncenter size-full\"><img loading=\"lazy\" decoding=\"async\" width=\"842\" height=\"521\" src=\"https:\/\/wiki.uepa.br\/wp-content\/uploads\/2025\/09\/foto2-2.png\" alt=\"\" class=\"wp-image-446\" srcset=\"https:\/\/wiki.uepa.br\/wp-content\/uploads\/2025\/09\/foto2-2.png 842w, https:\/\/wiki.uepa.br\/wp-content\/uploads\/2025\/09\/foto2-2-300x186.png 300w, https:\/\/wiki.uepa.br\/wp-content\/uploads\/2025\/09\/foto2-2-768x475.png 768w\" sizes=\"(max-width: 842px) 100vw, 842px\" \/><\/figure>\n\n\n\n<p class=\"has-text-align-center has-ast-global-color-8-color has-text-color has-link-color wp-elements-9478bc601e9190481edcc3300a1c8498\"><strong>Observa\u00e7\u00e3o<\/strong>: A transa\u00e7\u00e3o tamb\u00e9m \u00e9 dispon\u00edvel pelo Celular.<\/p>\n","protected":false},"excerpt":{"rendered":"<p>Observa\u00e7\u00e3o: A transa\u00e7\u00e3o tamb\u00e9m \u00e9 dispon\u00edvel pelo Celular.<\/p>\n","protected":false},"author":1,"featured_media":0,"parent":0,"menu_order":0,"comment_status":"closed","ping_status":"closed","template":"","meta":{"_uag_custom_page_level_css":"","site-sidebar-layout":"default","site-content-layout":"","ast-site-content-layout":"","site-content-style":"default","site-sidebar-style":"default","ast-global-header-display":"","ast-banner-title-visibility":"","ast-main-header-display":"","ast-hfb-above-header-display":"","ast-hfb-below-header-display":"","ast-hfb-mobile-header-display":"","site-post-title":"","ast-breadcrumbs-content":"","ast-featured-img":"","footer-sml-layout":"","theme-transparent-header-meta":"","adv-header-id-meta":"","stick-header-meta":"","header-above-stick-meta":"","header-main-stick-meta":"","header-below-stick-meta":"","astra-migrate-meta-layouts":"","ast-page-background-enabled":"default","ast-page-background-meta":{"desktop":{"background-color":"var(--ast-global-color-4)","background-image":"","background-repeat":"repeat","background-position":"center center","background-size":"auto","background-attachment":"scroll","background-type":"","background-media":"","overlay-type":"","overlay-color":"","overlay-gradient":""},"tablet":{"background-color":"","background-image":"","background-repeat":"repeat","background-position":"center center","background-size":"auto","background-attachment":"scroll","background-type":"","background-media":"","overlay-type":"","overlay-color":"","overlay-gradient":""},"mobile":{"background-color":"","background-image":"","background-repeat":"repeat","background-position":"center center","background-size":"auto","background-attachment":"scroll","background-type":"","background-media":"","overlay-type":"","overlay-color":"","overlay-gradient":""}},"ast-content-background-meta":{"desktop":{"background-color":"var(--ast-global-color-5)","background-image":"","background-repeat":"repeat","background-position":"center center","background-size":"auto","background-attachment":"scroll","background-type":"","background-media":"","overlay-type":"","overlay-color":"","overlay-gradient":""},"tablet":{"background-color":"var(--ast-global-color-5)","background-image":"","background-repeat":"repeat","background-position":"center center","background-size":"auto","background-attachment":"scroll","background-type":"","background-media":"","overlay-type":"","overlay-color":"","overlay-gradient":""},"mobile":{"background-color":"var(--ast-global-color-5)","background-image":"","background-repeat":"repeat","background-position":"center center","background-size":"auto","background-attachment":"scroll","background-type":"","background-media":"","overlay-type":"","overlay-color":"","overlay-gradient":""}},"footnotes":""},"uagb_featured_image_src":{"full":false,"thumbnail":false,"medium":false,"medium_large":false,"large":false,"1536x1536":false,"2048x2048":false},"uagb_author_info":{"display_name":"adminsites@uepa.br","author_link":"https:\/\/wiki.uepa.br\/index.php\/author\/adminsitesuepa-br\/"},"uagb_comment_info":0,"uagb_excerpt":"Observa\u00e7\u00e3o: A transa\u00e7\u00e3o tamb\u00e9m \u00e9 dispon\u00edvel pelo Celular.","_links":{"self":[{"href":"https:\/\/wiki.uepa.br\/index.php\/wp-json\/wp\/v2\/pages\/66"}],"collection":[{"href":"https:\/\/wiki.uepa.br\/index.php\/wp-json\/wp\/v2\/pages"}],"about":[{"href":"https:\/\/wiki.uepa.br\/index.php\/wp-json\/wp\/v2\/types\/page"}],"author":[{"embeddable":true,"href":"https:\/\/wiki.uepa.br\/index.php\/wp-json\/wp\/v2\/users\/1"}],"replies":[{"embeddable":true,"href":"https:\/\/wiki.uepa.br\/index.php\/wp-json\/wp\/v2\/comments?post=66"}],"version-history":[{"count":2,"href":"https:\/\/wiki.uepa.br\/index.php\/wp-json\/wp\/v2\/pages\/66\/revisions"}],"predecessor-version":[{"id":447,"href":"https:\/\/wiki.uepa.br\/index.php\/wp-json\/wp\/v2\/pages\/66\/revisions\/447"}],"wp:attachment":[{"href":"https:\/\/wiki.uepa.br\/index.php\/wp-json\/wp\/v2\/media?parent=66"}],"curies":[{"name":"wp","href":"https:\/\/api.w.org\/{rel}","templated":true}]}}