{"id":71,"date":"2024-02-19T13:48:22","date_gmt":"2024-02-19T13:48:22","guid":{"rendered":"https:\/\/wiki.uepa.br\/?page_id=71"},"modified":"2025-09-25T15:54:48","modified_gmt":"2025-09-25T15:54:48","slug":"editar-perfil-discente","status":"publish","type":"page","link":"https:\/\/wiki.uepa.br\/index.php\/editar-perfil-discente\/","title":{"rendered":"Editar Perfil Discente"},"content":{"rendered":"\n<h3 class=\"wp-block-heading has-text-align-center\" id=\"atualizar_foto_e_perfil\"><strong>Atualizar Foto e Perfil<\/strong><\/h3>\n\n\n\n<ul class=\"has-ast-global-color-8-color has-text-color has-link-color wp-elements-b3148601a914c4458e5a59f7c74b896f\">\n<li>Para alterar foto e perfil o discente dever\u00e1 clicar em&nbsp;<strong>Atualizar Foto e Perfil<\/strong>.<\/li>\n<\/ul>\n\n\n\n<figure class=\"wp-block-image aligncenter size-full\"><img loading=\"lazy\" decoding=\"async\" width=\"273\" height=\"272\" src=\"https:\/\/wiki.uepa.br\/wp-content\/uploads\/2025\/09\/foto1-4.png\" alt=\"\" class=\"wp-image-470\" srcset=\"https:\/\/wiki.uepa.br\/wp-content\/uploads\/2025\/09\/foto1-4.png 273w, https:\/\/wiki.uepa.br\/wp-content\/uploads\/2025\/09\/foto1-4-150x150.png 150w\" sizes=\"(max-width: 273px) 100vw, 273px\" \/><\/figure>\n\n\n\n<ul class=\"has-ast-global-color-8-color has-text-color has-link-color wp-elements-24f837b9ffa16d5a11968662a82328ed\">\n<li>Uma tela ser\u00e1 exibida, na qual o aluno poder\u00e1:\n<ul>\n<li>Alterar a foto (<em>enviando um arquivo do seu computador<\/em>&nbsp;ou&nbsp;<em>tirando uma foto com a sua webcam<\/em>).<\/li>\n\n\n\n<li>Fazer uma&nbsp;<em>descri\u00e7\u00e3o pessoal<\/em>; inserir&nbsp;<em>\u00c1reas de Interesse<\/em>,&nbsp;<em>Curr\u00edculo Lattes<\/em>&nbsp;e&nbsp;<em>Assinatura<\/em>.<\/li>\n<\/ul>\n<\/li>\n\n\n\n<li>Para Salvar os dados inseridos, basta confirmar seus dados (<strong>RG<\/strong>&nbsp;e&nbsp;<strong>senha<\/strong>) e clicar em&nbsp;<strong>Gravar perfil<\/strong>.<\/li>\n<\/ul>\n\n\n\n<figure class=\"wp-block-image aligncenter size-full\"><img loading=\"lazy\" decoding=\"async\" width=\"856\" height=\"700\" src=\"https:\/\/wiki.uepa.br\/wp-content\/uploads\/2025\/09\/foto2-4.png\" alt=\"\" class=\"wp-image-477\" srcset=\"https:\/\/wiki.uepa.br\/wp-content\/uploads\/2025\/09\/foto2-4.png 856w, https:\/\/wiki.uepa.br\/wp-content\/uploads\/2025\/09\/foto2-4-300x245.png 300w, https:\/\/wiki.uepa.br\/wp-content\/uploads\/2025\/09\/foto2-4-768x628.png 768w\" sizes=\"(max-width: 856px) 100vw, 856px\" \/><\/figure>\n\n\n\n<hr class=\"wp-block-separator has-alpha-channel-opacity\"\/>\n\n\n\n<h3 class=\"wp-block-heading has-text-align-center\" id=\"meus_dados_pessoais\"><strong>Meus Dados Pessoais<\/strong><\/h3>\n\n\n\n<ul class=\"has-ast-global-color-8-color has-text-color has-link-color wp-elements-aa4545c07e819bf111d195ee2f26ac53\">\n<li>Para editar os dados pessoais, basta clicar em&nbsp;<strong>Meus Dados Pessoais<\/strong>.<\/li>\n<\/ul>\n\n\n\n<figure class=\"wp-block-image aligncenter size-full\"><img loading=\"lazy\" decoding=\"async\" width=\"227\" height=\"220\" src=\"https:\/\/wiki.uepa.br\/wp-content\/uploads\/2025\/09\/foto3-3.png\" alt=\"\" class=\"wp-image-478\"\/><\/figure>\n\n\n\n<ul class=\"has-ast-global-color-8-color has-text-color has-link-color wp-elements-74e29df95489e23dec106d621f996ab0\">\n<li>O sistema exibir\u00e1 uma tela com os dados do discente, o aluno apenas poder\u00e1 editar os campos&nbsp;<strong>Endere\u00e7o<\/strong>,&nbsp;<strong>Contatos<\/strong>,&nbsp;<strong>Dados Banc\u00e1rios<\/strong>&nbsp;e&nbsp;<strong>Situa\u00e7\u00e3o s\u00f3cio-econ\u00f4mica<\/strong>. Para salvar os dados fornecidos, o aluno deve fornecer a sua&nbsp;<strong>Senha<\/strong>&nbsp;e clicar em&nbsp;<strong>Confirmar<\/strong>.<\/li>\n<\/ul>\n\n\n\n<figure class=\"wp-block-image aligncenter size-full\"><img loading=\"lazy\" decoding=\"async\" width=\"748\" height=\"689\" src=\"https:\/\/wiki.uepa.br\/wp-content\/uploads\/2025\/09\/foto4-1.png\" alt=\"\" class=\"wp-image-479\" srcset=\"https:\/\/wiki.uepa.br\/wp-content\/uploads\/2025\/09\/foto4-1.png 748w, https:\/\/wiki.uepa.br\/wp-content\/uploads\/2025\/09\/foto4-1-300x276.png 300w\" sizes=\"(max-width: 748px) 100vw, 748px\" \/><\/figure>\n","protected":false},"excerpt":{"rendered":"<p>Atualizar Foto e Perfil Meus Dados Pessoais<\/p>\n","protected":false},"author":1,"featured_media":0,"parent":0,"menu_order":0,"comment_status":"closed","ping_status":"closed","template":"","meta":{"_uag_custom_page_level_css":"","site-sidebar-layout":"default","site-content-layout":"","ast-site-content-layout":"","site-content-style":"default","site-sidebar-style":"default","ast-global-header-display":"","ast-banner-title-visibility":"","ast-main-header-display":"","ast-hfb-above-header-display":"","ast-hfb-below-header-display":"","ast-hfb-mobile-header-display":"","site-post-title":"","ast-breadcrumbs-content":"","ast-featured-img":"","footer-sml-layout":"","theme-transparent-header-meta":"","adv-header-id-meta":"","stick-header-meta":"","header-above-stick-meta":"","header-main-stick-meta":"","header-below-stick-meta":"","astra-migrate-meta-layouts":"","ast-page-background-enabled":"default","ast-page-background-meta":{"desktop":{"background-color":"var(--ast-global-color-4)","background-image":"","background-repeat":"repeat","background-position":"center center","background-size":"auto","background-attachment":"scroll","background-type":"","background-media":"","overlay-type":"","overlay-color":"","overlay-gradient":""},"tablet":{"background-color":"","background-image":"","background-repeat":"repeat","background-position":"center center","background-size":"auto","background-attachment":"scroll","background-type":"","background-media":"","overlay-type":"","overlay-color":"","overlay-gradient":""},"mobile":{"background-color":"","background-image":"","background-repeat":"repeat","background-position":"center center","background-size":"auto","background-attachment":"scroll","background-type":"","background-media":"","overlay-type":"","overlay-color":"","overlay-gradient":""}},"ast-content-background-meta":{"desktop":{"background-color":"var(--ast-global-color-5)","background-image":"","background-repeat":"repeat","background-position":"center center","background-size":"auto","background-attachment":"scroll","background-type":"","background-media":"","overlay-type":"","overlay-color":"","overlay-gradient":""},"tablet":{"background-color":"var(--ast-global-color-5)","background-image":"","background-repeat":"repeat","background-position":"center center","background-size":"auto","background-attachment":"scroll","background-type":"","background-media":"","overlay-type":"","overlay-color":"","overlay-gradient":""},"mobile":{"background-color":"var(--ast-global-color-5)","background-image":"","background-repeat":"repeat","background-position":"center center","background-size":"auto","background-attachment":"scroll","background-type":"","background-media":"","overlay-type":"","overlay-color":"","overlay-gradient":""}},"footnotes":""},"uagb_featured_image_src":{"full":false,"thumbnail":false,"medium":false,"medium_large":false,"large":false,"1536x1536":false,"2048x2048":false},"uagb_author_info":{"display_name":"adminsites@uepa.br","author_link":"https:\/\/wiki.uepa.br\/index.php\/author\/adminsitesuepa-br\/"},"uagb_comment_info":0,"uagb_excerpt":"Atualizar Foto e Perfil Meus Dados Pessoais","_links":{"self":[{"href":"https:\/\/wiki.uepa.br\/index.php\/wp-json\/wp\/v2\/pages\/71"}],"collection":[{"href":"https:\/\/wiki.uepa.br\/index.php\/wp-json\/wp\/v2\/pages"}],"about":[{"href":"https:\/\/wiki.uepa.br\/index.php\/wp-json\/wp\/v2\/types\/page"}],"author":[{"embeddable":true,"href":"https:\/\/wiki.uepa.br\/index.php\/wp-json\/wp\/v2\/users\/1"}],"replies":[{"embeddable":true,"href":"https:\/\/wiki.uepa.br\/index.php\/wp-json\/wp\/v2\/comments?post=71"}],"version-history":[{"count":2,"href":"https:\/\/wiki.uepa.br\/index.php\/wp-json\/wp\/v2\/pages\/71\/revisions"}],"predecessor-version":[{"id":480,"href":"https:\/\/wiki.uepa.br\/index.php\/wp-json\/wp\/v2\/pages\/71\/revisions\/480"}],"wp:attachment":[{"href":"https:\/\/wiki.uepa.br\/index.php\/wp-json\/wp\/v2\/media?parent=71"}],"curies":[{"name":"wp","href":"https:\/\/api.w.org\/{rel}","templated":true}]}}