{"id":8,"date":"2024-02-16T15:57:09","date_gmt":"2024-02-16T15:57:09","guid":{"rendered":"https:\/\/wiki.uepa.br\/?page_id=8"},"modified":"2025-02-04T15:49:51","modified_gmt":"2025-02-04T15:49:51","slug":"home","status":"publish","type":"page","link":"https:\/\/wiki.uepa.br\/","title":{"rendered":"Home"},"content":{"rendered":"\n<style>\r\n.ast-above-header-wrap  {\r\nbackground: none;\r\n}\r\n<\/style>\n\n\n\n<div data-aos= \"fade\" data-aos-duration=\"400\" data-aos-delay=\"0\" data-aos-easing=\"ease\" data-aos-once=\"true\" class=\"wp-block-uagb-container uagb-block-c04e3577 alignfull uagb-is-root-container\"><div class=\"uagb-container__shape uagb-container__shape-bottom uagb-container__invert\" data-negative=\"false\"><svg xmlns=\"https:\/\/www.w3.org\/2000\/svg\" viewBox=\"0 0 1000 100\" preserveAspectRatio=\"none\"><path class=\"uagb-container__shape-fill\" d=\"M0,0c0,0,0,6,0,6.7c0,18,240.2,93.6,615.2,92.6C989.8,98.5,1000,25,1000,6.7c0-0.7,0-6.7,0-6.7H0z\"><\/path><\/svg><\/div><div class=\"uagb-container-inner-blocks-wrap\">\n<div class=\"wp-block-uagb-container uagb-block-f6347f2c\">\n<div class=\"wp-block-uagb-advanced-heading uagb-block-0d1bf05a\"><h2 class=\"uagb-heading-text\"><strong>WIKI<\/strong><\/h2><p class=\"uagb-desc-text\"><br>Bem vindos \u00e0 base de conhecimentos do SIGAA\/UEPA.<\/p><\/div>\n\n\n\n<div class=\"wp-block-uagb-buttons uagb-buttons__outer-wrap uagb-btn__default-btn uagb-btn-tablet__default-btn uagb-btn-mobile__default-btn uagb-block-1304cf42\"><div class=\"uagb-buttons__wrap uagb-buttons-layout-wrap\">\n<div class=\"wp-block-uagb-buttons-child uagb-buttons__outer-wrap uagb-block-e8055800 wp-block-button\"><div class=\"uagb-button__wrapper\"><a class=\"uagb-buttons-repeater wp-block-button__link\" href=\"#itens\" onclick=\"return true;\" rel=\"follow noopener\" target=\"_blank\"><div class=\"uagb-button__link\">Saiba mais<\/div><\/a><\/div><\/div>\n<\/div><\/div>\n\n\n\n<div style=\"height:50px\" aria-hidden=\"true\" class=\"wp-block-spacer\"><\/div>\n\n\n\n<div class=\"wp-block-uagb-container uagb-block-23e73e8e\">\n<div class=\"wp-block-uagb-image alignleft uagb-block-11b6713a wp-block-uagb-image--layout-default wp-block-uagb-image--effect-static wp-block-uagb-image--align-left\"><figure class=\"wp-block-uagb-image__figure\"><img decoding=\"async\" srcset=\"https:\/\/prograd.uepa.br\/curso\/filosofia\/wp-content\/uploads\/2023\/04\/logo-uepa-branca_Prancheta-1-1024x724-1.png \" sizes=\"(max-width: 480px) 150px\" src=\"https:\/\/prograd.uepa.br\/curso\/filosofia\/wp-content\/uploads\/2023\/04\/logo-uepa-branca_Prancheta-1-1024x724-1.png\" alt=\"\" class=\"uag-image-356\" width=\"200\" height=\"724\" title=\"\" loading=\"lazy\"\/><\/figure><\/div>\n<\/div>\n<\/div>\n<\/div><\/div>\n\n\n\n<div id=\"itens\" class=\"wp-block-uagb-container uagb-block-4dc9cd5c alignfull uagb-is-root-container\"><div class=\"uagb-container__shape uagb-container__shape-bottom uagb-container__invert\" data-negative=\"false\"><svg xmlns=\"https:\/\/www.w3.org\/2000\/svg\" viewBox=\"0 0 1000 100\" preserveAspectRatio=\"none\"><path class=\"uagb-container__shape-fill\" d=\"M0,0c0,0,0,6,0,6.7c0,18,240.2,93.6,615.2,92.6C989.8,98.5,1000,25,1000,6.7c0-0.7,0-6.7,0-6.7H0z\"><\/path><\/svg><\/div><div class=\"uagb-container-inner-blocks-wrap\">\n<div class=\"wp-block-uagb-advanced-heading uagb-block-037ace69\"><h2 class=\"uagb-heading-text\"><strong>Apresenta\u00e7\u00e3o<\/strong><\/h2><div class=\"uagb-separator\"><\/div><\/div>\n\n\n\n<p class=\"justify has-ast-global-color-8-color has-text-color has-link-color wp-elements-6b006bf54f357c2e58521f5e82ffb2a5\">Bem-vindo ao nosso site dedicado \u00e0 base de conhecimentos do SIGAA na Universidade do Estado do Par\u00e1 (UEPA)! Aqui, voc\u00ea encontrar\u00e1 um recurso abrangente e informativo projetado para orientar e auxiliar os usu\u00e1rios do SIGAA, oferecendo uma vis\u00e3o detalhada e esclarecedora sobre essa plataforma essencial para a comunidade acad\u00eamica.<br><br>Nosso compromisso \u00e9 fornecer informa\u00e7\u00f5es precisas e atualizadas, abordando diversos aspectos do SIGAA, desde a navega\u00e7\u00e3o b\u00e1sica at\u00e9 funcionalidades mais avan\u00e7adas. Com uma abordagem amig\u00e1vel e acess\u00edvel, buscamos tornar a experi\u00eancia de utiliza\u00e7\u00e3o do SIGAA mais f\u00e1cil e eficiente para estudantes, professores e demais membros da comunidade acad\u00eamica.<br><br>Exploraremos passo a passo as principais funcionalidades do SIGAA, oferecendo tutoriais pr\u00e1ticos e dicas \u00fateis para maximizar o seu uso. Al\u00e9m disso, manteremos nossos usu\u00e1rios informados sobre atualiza\u00e7\u00f5es, novas funcionalidades e quaisquer altera\u00e7\u00f5es relevantes no sistema, garantindo que todos estejam sempre atualizados.<br><br>Estamos comprometidos em criar uma comunidade online onde os usu\u00e1rios do SIGAA\/UEPA possam compartilhar experi\u00eancias, fazer perguntas e encontrar solu\u00e7\u00f5es para desafios espec\u00edficos. Acreditamos que o conhecimento compartilhado \u00e9 fundamental para otimizar a utiliza\u00e7\u00e3o do SIGAA e contribuir para o sucesso acad\u00eamico de todos.<br><br>Explore nosso site, aproveite os recursos dispon\u00edveis e sinta-se \u00e0 vontade para entrar em contato conosco caso tenha d\u00favidas ou sugest\u00f5es. Estamos aqui para apoiar voc\u00ea em sua jornada acad\u00eamica, tornando a utiliza\u00e7\u00e3o do SIGAA uma experi\u00eancia mais f\u00e1cil, eficiente e gratificante.<\/p>\n\n\n\n<div class=\"wp-block-uagb-container uagb-block-28a1a34d default uagb-is-root-container\">\n<div class=\"wp-block-uagb-advanced-heading uagb-block-bd94f767\"><h2 class=\"uagb-heading-text\"><strong>Cr\u00e9ditos<\/strong><\/h2><div class=\"uagb-separator\"><\/div><\/div>\n\n\n\n<div class=\"wp-block-uagb-container uagb-block-851fcc6b alignfull uagb-is-root-container\"><div class=\"uagb-container-inner-blocks-wrap\">\n<div class=\"wp-block-uagb-container uagb-block-a08b1f06\">\n<div class=\"wp-block-uagb-image aligncenter uagb-block-c687b94a wp-block-uagb-image--layout-default wp-block-uagb-image--effect-static wp-block-uagb-image--align-center\"><figure class=\"wp-block-uagb-image__figure\"><img decoding=\"async\" srcset=\"https:\/\/wiki.uepa.br\/wp-content\/uploads\/2024\/02\/WhatsApp-Image-2024-02-21-at-13.48.38-150x150.jpeg ,https:\/\/wiki.uepa.br\/wp-content\/uploads\/2024\/02\/WhatsApp-Image-2024-02-21-at-13.48.38.jpeg 780w, https:\/\/wiki.uepa.br\/wp-content\/uploads\/2024\/02\/WhatsApp-Image-2024-02-21-at-13.48.38.jpeg 360w\" sizes=\"(max-width: 480px) 150px\" src=\"https:\/\/wiki.uepa.br\/wp-content\/uploads\/2024\/02\/WhatsApp-Image-2024-02-21-at-13.48.38-150x150.jpeg\" alt=\"\" class=\"uag-image-383\" width=\"150\" height=\"150\" title=\"\" loading=\"lazy\"\/><\/figure><\/div>\n\n\n\n<div class=\"wp-block-uagb-advanced-heading uagb-block-5aab5042\"><h4 class=\"uagb-heading-text\">Thiago Conte<\/h4><\/div>\n\n\n\n<div class=\"wp-block-uagb-advanced-heading uagb-block-1ac5b6b0\"><p class=\"uagb-heading-text\">Diretor &#8211; DSPD <\/p><\/div>\n\n\n\n<div class=\"wp-block-uagb-buttons uagb-buttons__outer-wrap uagb-btn__default-btn uagb-btn-tablet__default-btn uagb-btn-mobile__default-btn uagb-block-02e55bcc\"><div class=\"uagb-buttons__wrap uagb-buttons-layout-wrap\">\n<div class=\"wp-block-uagb-buttons-child uagb-buttons__outer-wrap uagb-block-ea7a4464 wp-block-button\"><div class=\"uagb-button__wrapper\"><a class=\"uagb-buttons-repeater wp-block-button__link\" href=\"http:\/\/lattes.cnpq.br\/0783374325529116\" onclick=\"return true;\" rel=\"follow noopener\" target=\"_blank\"><div class=\"uagb-button__link\">Acesso ao Lattes<\/div><\/a><\/div><\/div>\n<\/div><\/div>\n<\/div>\n\n\n\n<div class=\"wp-block-uagb-container uagb-block-4329002b\">\n<div class=\"wp-block-uagb-image aligncenter uagb-block-66cf3dac wp-block-uagb-image--layout-default wp-block-uagb-image--effect-static wp-block-uagb-image--align-center\"><figure class=\"wp-block-uagb-image__figure\"><img decoding=\"async\" srcset=\"https:\/\/wiki.uepa.br\/wp-content\/uploads\/2024\/02\/unnamed.png ,https:\/\/wiki.uepa.br\/wp-content\/uploads\/2024\/02\/unnamed.png 780w, https:\/\/wiki.uepa.br\/wp-content\/uploads\/2024\/02\/unnamed.png 360w\" sizes=\"(max-width: 480px) 150px\" src=\"https:\/\/wiki.uepa.br\/wp-content\/uploads\/2024\/02\/unnamed.png\" alt=\"\" class=\"uag-image-338\" width=\"150\" height=\"1024\" title=\"\" loading=\"lazy\"\/><\/figure><\/div>\n\n\n\n<div class=\"wp-block-uagb-advanced-heading uagb-block-6cc42d04\"><h4 class=\"uagb-heading-text\">Airton Marinho<\/h4><\/div>\n\n\n\n<div class=\"wp-block-uagb-advanced-heading uagb-block-aef98e29\"><p class=\"uagb-heading-text\">Analista de Sistemas &#8211; DSPD<\/p><\/div>\n\n\n\n<div class=\"wp-block-uagb-buttons uagb-buttons__outer-wrap uagb-btn__default-btn uagb-btn-tablet__default-btn uagb-btn-mobile__default-btn uagb-block-c5f81b0c\"><div class=\"uagb-buttons__wrap uagb-buttons-layout-wrap\">\n<div class=\"wp-block-uagb-buttons-child uagb-buttons__outer-wrap uagb-block-171eed97 wp-block-button\"><div class=\"uagb-button__wrapper\"><a class=\"uagb-buttons-repeater wp-block-button__link\" href=\"http:\/\/lattes.cnpq.br\/5360953655195581\" onclick=\"return true;\" rel=\"follow noopener\" target=\"_blank\"><div class=\"uagb-button__link\">Acesso ao Lattes<\/div><\/a><\/div><\/div>\n<\/div><\/div>\n<\/div>\n\n\n\n<div class=\"wp-block-uagb-container uagb-block-830f5778\">\n<div class=\"wp-block-uagb-image aligncenter uagb-block-e8847a25 wp-block-uagb-image--layout-default wp-block-uagb-image--effect-static wp-block-uagb-image--align-center\"><figure class=\"wp-block-uagb-image__figure\"><img decoding=\"async\" srcset=\"https:\/\/wiki.uepa.br\/wp-content\/uploads\/2024\/02\/Alex-150x150.jpg ,https:\/\/wiki.uepa.br\/wp-content\/uploads\/2024\/02\/Alex.jpg 780w, https:\/\/wiki.uepa.br\/wp-content\/uploads\/2024\/02\/Alex.jpg 360w\" sizes=\"(max-width: 480px) 150px\" src=\"https:\/\/wiki.uepa.br\/wp-content\/uploads\/2024\/02\/Alex-150x150.jpg\" alt=\"\" class=\"uag-image-385\" width=\"150\" height=\"150\" title=\"\" loading=\"lazy\"\/><\/figure><\/div>\n\n\n\n<div class=\"wp-block-uagb-advanced-heading uagb-block-847ed58c\"><h4 class=\"uagb-heading-text\">Alex Wilker<\/h4><\/div>\n\n\n\n<div class=\"wp-block-uagb-advanced-heading uagb-block-551ae145\"><p class=\"uagb-heading-text\">Analista de Redes &#8211; DSPD<\/p><\/div>\n\n\n\n<div class=\"wp-block-uagb-buttons uagb-buttons__outer-wrap uagb-btn__default-btn uagb-btn-tablet__default-btn uagb-btn-mobile__default-btn uagb-block-a48d3079\"><div class=\"uagb-buttons__wrap uagb-buttons-layout-wrap\">\n<div class=\"wp-block-uagb-buttons-child uagb-buttons__outer-wrap uagb-block-780d6403 wp-block-button\"><div class=\"uagb-button__wrapper\"><a class=\"uagb-buttons-repeater wp-block-button__link\" href=\"http:\/\/lattes.cnpq.br\/7693270396280727\" onclick=\"return true;\" rel=\"follow noopener\" target=\"_blank\"><div class=\"uagb-button__link\">Acesso ao Lattes<\/div><\/a><\/div><\/div>\n<\/div><\/div>\n<\/div>\n\n\n\n<div class=\"wp-block-uagb-container uagb-block-003f97ca\">\n<div class=\"wp-block-uagb-image aligncenter uagb-block-f67d1e71 wp-block-uagb-image--layout-default wp-block-uagb-image--effect-static wp-block-uagb-image--align-center\"><figure class=\"wp-block-uagb-image__figure\"><img decoding=\"async\" srcset=\"https:\/\/wiki.uepa.br\/wp-content\/uploads\/2024\/02\/WhatsApp-Image-2024-02-21-at-13.47.41-1-e1708534338837-150x150.jpeg ,https:\/\/wiki.uepa.br\/wp-content\/uploads\/2024\/02\/WhatsApp-Image-2024-02-21-at-13.47.41-1-e1708534338837.jpeg 780w, https:\/\/wiki.uepa.br\/wp-content\/uploads\/2024\/02\/WhatsApp-Image-2024-02-21-at-13.47.41-1-e1708534338837.jpeg 360w\" sizes=\"(max-width: 480px) 150px\" src=\"https:\/\/wiki.uepa.br\/wp-content\/uploads\/2024\/02\/WhatsApp-Image-2024-02-21-at-13.47.41-1-e1708534338837-150x150.jpeg\" alt=\"\" class=\"uag-image-380\" width=\"150\" height=\"150\" title=\"\" loading=\"lazy\"\/><\/figure><\/div>\n\n\n\n<div class=\"wp-block-uagb-advanced-heading uagb-block-8f9c6d3b\"><h4 class=\"uagb-heading-text\">Paulo Reinan<\/h4><\/div>\n\n\n\n<div class=\"wp-block-uagb-advanced-heading uagb-block-e37d7b85\"><p class=\"uagb-heading-text\">Desenvolvedor Web &#8211; Estagi\u00e1rio<\/p><\/div>\n\n\n\n<div class=\"wp-block-uagb-buttons uagb-buttons__outer-wrap uagb-btn__default-btn uagb-btn-tablet__default-btn uagb-btn-mobile__default-btn uagb-block-0552bd38\"><div class=\"uagb-buttons__wrap uagb-buttons-layout-wrap\">\n<div class=\"wp-block-uagb-buttons-child uagb-buttons__outer-wrap uagb-block-ed6dbd36 wp-block-button\"><div class=\"uagb-button__wrapper\"><a class=\"uagb-buttons-repeater wp-block-button__link\" href=\"https:\/\/www.linkedin.com\/in\/paulo-reinan-54b188232\/\" onclick=\"return true;\" rel=\"follow noopener\" target=\"_blank\"><div class=\"uagb-button__link\">Acesso ao Linkedin<\/div><\/a><\/div><\/div>\n<\/div><\/div>\n<\/div>\n\n\n\n<div class=\"wp-block-uagb-container uagb-block-5fcbdba9\">\n<div class=\"wp-block-uagb-image aligncenter uagb-block-7b3d94ff wp-block-uagb-image--layout-default wp-block-uagb-image--effect-static wp-block-uagb-image--align-center\"><figure class=\"wp-block-uagb-image__figure\"><img decoding=\"async\" srcset=\"https:\/\/wiki.uepa.br\/wp-content\/uploads\/2024\/02\/WhatsApp-Image-2024-02-21-at-13.23.42-e1708532948684-150x150.jpeg ,https:\/\/wiki.uepa.br\/wp-content\/uploads\/2024\/02\/WhatsApp-Image-2024-02-21-at-13.23.42.jpeg 780w, https:\/\/wiki.uepa.br\/wp-content\/uploads\/2024\/02\/WhatsApp-Image-2024-02-21-at-13.23.42.jpeg 360w\" sizes=\"(max-width: 480px) 150px\" src=\"https:\/\/wiki.uepa.br\/wp-content\/uploads\/2024\/02\/WhatsApp-Image-2024-02-21-at-13.23.42-e1708532948684-150x150.jpeg\" alt=\"\" class=\"uag-image-373\" width=\"150\" height=\"150\" title=\"\" loading=\"lazy\"\/><\/figure><\/div>\n\n\n\n<div class=\"wp-block-uagb-advanced-heading uagb-block-cc1e7352\"><h4 class=\"uagb-heading-text\">Francisco Neto<\/h4><\/div>\n\n\n\n<div class=\"wp-block-uagb-advanced-heading uagb-block-e7b8be8f\"><p class=\"uagb-heading-text\">Desenvolvedor Web &#8211; Estagi\u00e1rio<\/p><\/div>\n\n\n\n<div class=\"wp-block-uagb-buttons uagb-buttons__outer-wrap uagb-btn__default-btn uagb-btn-tablet__default-btn uagb-btn-mobile__default-btn uagb-block-f6cc57e0\"><div class=\"uagb-buttons__wrap uagb-buttons-layout-wrap\">\n<div class=\"wp-block-uagb-buttons-child uagb-buttons__outer-wrap uagb-block-b52e2a03 wp-block-button\"><div class=\"uagb-button__wrapper\"><a class=\"uagb-buttons-repeater wp-block-button__link\" href=\"https:\/\/www.linkedin.com\/in\/francisco-neto-138b5a223?utm_source=share&amp;utm_campaign=share_via&amp;utm_content=profile&amp;utm_medium=ios_app\" onclick=\"return true;\" rel=\"follow noopener\" target=\"_blank\"><div class=\"uagb-button__link\">Acesso ao Linkedin<\/div><\/a><\/div><\/div>\n<\/div><\/div>\n<\/div>\n<\/div><\/div>\n<\/div>\n<\/div><\/div>\n\n\n\n<p><\/p>\n","protected":false},"excerpt":{"rendered":"<p>WIKI Bem vindos \u00e0 base de conhecimentos do SIGAA\/UEPA. Apresenta\u00e7\u00e3o Bem-vindo ao nosso site dedicado \u00e0 base de conhecimentos do SIGAA na Universidade do Estado do Par\u00e1 (UEPA)! Aqui, voc\u00ea encontrar\u00e1 um recurso abrangente e informativo projetado para orientar e auxiliar os usu\u00e1rios do SIGAA, oferecendo uma vis\u00e3o detalhada e esclarecedora sobre essa plataforma essencial &hellip;<\/p>\n<p class=\"read-more\"> <a class=\"\" href=\"https:\/\/wiki.uepa.br\/\"> <span class=\"screen-reader-text\">Home<\/span> Leia mais &raquo;<\/a><\/p>\n","protected":false},"author":1,"featured_media":0,"parent":0,"menu_order":0,"comment_status":"closed","ping_status":"closed","template":"","meta":{"_uag_custom_page_level_css":"","site-sidebar-layout":"no-sidebar","site-content-layout":"plain-container","ast-site-content-layout":"","site-content-style":"default","site-sidebar-style":"default","ast-global-header-display":"","ast-banner-title-visibility":"","ast-main-header-display":"","ast-hfb-above-header-display":"","ast-hfb-below-header-display":"","ast-hfb-mobile-header-display":"","site-post-title":"disabled","ast-breadcrumbs-content":"","ast-featured-img":"","footer-sml-layout":"","theme-transparent-header-meta":"enabled","adv-header-id-meta":"","stick-header-meta":"","header-above-stick-meta":"","header-main-stick-meta":"","header-below-stick-meta":"","astra-migrate-meta-layouts":"","ast-page-background-enabled":"default","ast-page-background-meta":{"desktop":{"background-color":"var(--ast-global-color-4)","background-image":"","background-repeat":"repeat","background-position":"center center","background-size":"auto","background-attachment":"scroll","background-type":"","background-media":"","overlay-type":"","overlay-color":"","overlay-gradient":""},"tablet":{"background-color":"","background-image":"","background-repeat":"repeat","background-position":"center center","background-size":"auto","background-attachment":"scroll","background-type":"","background-media":"","overlay-type":"","overlay-color":"","overlay-gradient":""},"mobile":{"background-color":"","background-image":"","background-repeat":"repeat","background-position":"center center","background-size":"auto","background-attachment":"scroll","background-type":"","background-media":"","overlay-type":"","overlay-color":"","overlay-gradient":""}},"ast-content-background-meta":{"desktop":{"background-color":"var(--ast-global-color-5)","background-image":"","background-repeat":"repeat","background-position":"center center","background-size":"auto","background-attachment":"scroll","background-type":"","background-media":"","overlay-type":"","overlay-color":"","overlay-gradient":""},"tablet":{"background-color":"var(--ast-global-color-5)","background-image":"","background-repeat":"repeat","background-position":"center center","background-size":"auto","background-attachment":"scroll","background-type":"","background-media":"","overlay-type":"","overlay-color":"","overlay-gradient":""},"mobile":{"background-color":"var(--ast-global-color-5)","background-image":"","background-repeat":"repeat","background-position":"center center","background-size":"auto","background-attachment":"scroll","background-type":"","background-media":"","overlay-type":"","overlay-color":"","overlay-gradient":""}},"footnotes":""},"uagb_featured_image_src":{"full":false,"thumbnail":false,"medium":false,"medium_large":false,"large":false,"1536x1536":false,"2048x2048":false},"uagb_author_info":{"display_name":"adminsites@uepa.br","author_link":"https:\/\/wiki.uepa.br\/index.php\/author\/adminsitesuepa-br\/"},"uagb_comment_info":0,"uagb_excerpt":"WIKI Bem vindos \u00e0 base de conhecimentos do SIGAA\/UEPA. Apresenta\u00e7\u00e3o Bem-vindo ao nosso site dedicado \u00e0 base de conhecimentos do SIGAA na Universidade do Estado do Par\u00e1 (UEPA)! Aqui, voc\u00ea encontrar\u00e1 um recurso abrangente e informativo projetado para orientar e auxiliar os usu\u00e1rios do SIGAA, oferecendo uma vis\u00e3o detalhada e esclarecedora sobre essa plataforma essencial&hellip;","_links":{"self":[{"href":"https:\/\/wiki.uepa.br\/index.php\/wp-json\/wp\/v2\/pages\/8"}],"collection":[{"href":"https:\/\/wiki.uepa.br\/index.php\/wp-json\/wp\/v2\/pages"}],"about":[{"href":"https:\/\/wiki.uepa.br\/index.php\/wp-json\/wp\/v2\/types\/page"}],"author":[{"embeddable":true,"href":"https:\/\/wiki.uepa.br\/index.php\/wp-json\/wp\/v2\/users\/1"}],"replies":[{"embeddable":true,"href":"https:\/\/wiki.uepa.br\/index.php\/wp-json\/wp\/v2\/comments?post=8"}],"version-history":[{"count":33,"href":"https:\/\/wiki.uepa.br\/index.php\/wp-json\/wp\/v2\/pages\/8\/revisions"}],"predecessor-version":[{"id":421,"href":"https:\/\/wiki.uepa.br\/index.php\/wp-json\/wp\/v2\/pages\/8\/revisions\/421"}],"wp:attachment":[{"href":"https:\/\/wiki.uepa.br\/index.php\/wp-json\/wp\/v2\/media?parent=8"}],"curies":[{"name":"wp","href":"https:\/\/api.w.org\/{rel}","templated":true}]}}