{"id":81,"date":"2024-02-19T14:45:22","date_gmt":"2024-02-19T14:45:22","guid":{"rendered":"https:\/\/wiki.uepa.br\/?page_id=81"},"modified":"2025-09-25T16:04:06","modified_gmt":"2025-09-25T16:04:06","slug":"cadastro-e-envio-de-documentacao","status":"publish","type":"page","link":"https:\/\/wiki.uepa.br\/index.php\/cadastro-e-envio-de-documentacao\/","title":{"rendered":"Cadastro e Envio de documenta\u00e7\u00e3o"},"content":{"rendered":"\n<ul class=\"has-ast-global-color-8-color has-text-color has-link-color wp-elements-2d6b95b69c493a4c776c676be3193dbb\">\n<li>O candidato aprovado receber\u00e1 um link para realizar o seu autocadastro e enviar sua documenta\u00e7\u00e3o que servir\u00e1 para efetivar sua matr\u00edcula posteriormente.<\/li>\n\n\n\n<li>O candidato aprovado tamb\u00e9m poder\u00e1 realizar o seu cadastro acessando o portal p\u00fablico do SIGAA, no endere\u00e7o&nbsp;<a href=\"https:\/\/sigaa.uepa.br\/sigaa\/public\">https:\/\/sigaa.uepa.br\/sigaa\/public<\/a>, seguindo os procedimento: Processo Seletivo &gt; Processos Seletivos &#8211; \u00c1rea Pessoal do Candidato.<\/li>\n\n\n\n<li>Ao acessar o link, o candidato ser\u00e1 direcionado para o portal p\u00fablico do SIGAA onde, para prosseguir no fluxo, ser\u00e1 necess\u00e1rio informar o CPF, RG e Data de Nascimento:<\/li>\n<\/ul>\n\n\n\n<figure class=\"wp-block-image aligncenter size-full\"><img loading=\"lazy\" decoding=\"async\" width=\"900\" height=\"319\" src=\"https:\/\/wiki.uepa.br\/wp-content\/uploads\/2025\/09\/cadastro_e_envio_doc01.png\" alt=\"\" class=\"wp-image-496\" srcset=\"https:\/\/wiki.uepa.br\/wp-content\/uploads\/2025\/09\/cadastro_e_envio_doc01.png 900w, https:\/\/wiki.uepa.br\/wp-content\/uploads\/2025\/09\/cadastro_e_envio_doc01-300x106.png 300w, https:\/\/wiki.uepa.br\/wp-content\/uploads\/2025\/09\/cadastro_e_envio_doc01-768x272.png 768w\" sizes=\"(max-width: 900px) 100vw, 900px\" \/><\/figure>\n\n\n\n<ul class=\"has-ast-global-color-8-color has-text-color has-link-color wp-elements-d03f65b415c7061179f5ae2bde1a8439\">\n<li>Ap\u00f3s inserir as informa\u00e7\u00f5es, o candidato dever\u00e1 clicar em \u201cIniciar Cadastro\u201d.<\/li>\n\n\n\n<li>No passo seguinte, o candidato dever\u00e1 tamb\u00e9m preencher os seus dados pessoais:<\/li>\n<\/ul>\n\n\n\n<figure class=\"wp-block-image aligncenter size-full\"><img loading=\"lazy\" decoding=\"async\" width=\"900\" height=\"602\" src=\"https:\/\/wiki.uepa.br\/wp-content\/uploads\/2025\/09\/cadastro_e_envio_doc02.png\" alt=\"\" class=\"wp-image-497\" srcset=\"https:\/\/wiki.uepa.br\/wp-content\/uploads\/2025\/09\/cadastro_e_envio_doc02.png 900w, https:\/\/wiki.uepa.br\/wp-content\/uploads\/2025\/09\/cadastro_e_envio_doc02-300x201.png 300w, https:\/\/wiki.uepa.br\/wp-content\/uploads\/2025\/09\/cadastro_e_envio_doc02-768x514.png 768w\" sizes=\"(max-width: 900px) 100vw, 900px\" \/><\/figure>\n\n\n\n<ul class=\"has-ast-global-color-8-color has-text-color has-link-color wp-elements-24add96b357744a53e79e632aede453e\">\n<li>Ao inserir as informa\u00e7\u00f5es necess\u00e1rias, o candidato aprovado dever\u00e1 clicar, ao final da tela, em \u201cPr\u00f3ximo passo\u201d.<\/li>\n\n\n\n<li>Na etapa seguinte, dever\u00e1 ser adicionado pelo candidato o arquivo PDF contendo os documentos exigidos pela institui\u00e7\u00e3o. Os documentos devem ser adicionados em um \u00fanico arquivo PDF e esse arquivo deve ser selecionado e adicionado ao sistema. Al\u00e9m de enviar o documento, o candidato dever\u00e1 confirmar o termo de concord\u00e2ncia solicitado ao final da seguinte tela:<\/li>\n<\/ul>\n\n\n\n<figure class=\"wp-block-image aligncenter size-full\"><img loading=\"lazy\" decoding=\"async\" width=\"900\" height=\"716\" src=\"https:\/\/wiki.uepa.br\/wp-content\/uploads\/2025\/09\/cadastro_e_envio_doc03.png\" alt=\"\" class=\"wp-image-498\" srcset=\"https:\/\/wiki.uepa.br\/wp-content\/uploads\/2025\/09\/cadastro_e_envio_doc03.png 900w, https:\/\/wiki.uepa.br\/wp-content\/uploads\/2025\/09\/cadastro_e_envio_doc03-300x239.png 300w, https:\/\/wiki.uepa.br\/wp-content\/uploads\/2025\/09\/cadastro_e_envio_doc03-768x611.png 768w\" sizes=\"(max-width: 900px) 100vw, 900px\" \/><\/figure>\n\n\n\n<ul class=\"has-ast-global-color-8-color has-text-color has-link-color wp-elements-6edeeeca576acb3e422585a51858ec2e\">\n<li>Ap\u00f3s inserir o arquivo PDF e marcar a caixa de sele\u00e7\u00e3o confirmando o termo de concord\u00e2ncia, o candidato poder\u00e1 finalizar o seu cadastro clicando em \u201cFinalizar Cadastro\u201d.<\/li>\n\n\n\n<li>O sistema exibir\u00e1 a seguinte tela onde o discente poder\u00e1 imprimir o seu comprovante de cadastramento:<\/li>\n<\/ul>\n\n\n\n<figure class=\"wp-block-image aligncenter size-full\"><img loading=\"lazy\" decoding=\"async\" width=\"900\" height=\"428\" src=\"https:\/\/wiki.uepa.br\/wp-content\/uploads\/2025\/09\/cadastro_e_envio_doc04.png\" alt=\"\" class=\"wp-image-499\" srcset=\"https:\/\/wiki.uepa.br\/wp-content\/uploads\/2025\/09\/cadastro_e_envio_doc04.png 900w, https:\/\/wiki.uepa.br\/wp-content\/uploads\/2025\/09\/cadastro_e_envio_doc04-300x143.png 300w, https:\/\/wiki.uepa.br\/wp-content\/uploads\/2025\/09\/cadastro_e_envio_doc04-768x365.png 768w\" sizes=\"(max-width: 900px) 100vw, 900px\" \/><\/figure>\n\n\n\n<ul class=\"has-ast-global-color-8-color has-text-color has-link-color wp-elements-545e2e9b7e5c89e790a0a2f302c8acdc\">\n<li>Exemplo de comprovante do cadastramento gerado:<\/li>\n<\/ul>\n\n\n\n<figure class=\"wp-block-image aligncenter size-full is-resized\"><img loading=\"lazy\" decoding=\"async\" width=\"625\" height=\"571\" src=\"https:\/\/wiki.uepa.br\/wp-content\/uploads\/2025\/09\/cadastro_e_envio_doc05.png\" alt=\"\" class=\"wp-image-500\" style=\"width:497px;height:auto\" srcset=\"https:\/\/wiki.uepa.br\/wp-content\/uploads\/2025\/09\/cadastro_e_envio_doc05.png 625w, https:\/\/wiki.uepa.br\/wp-content\/uploads\/2025\/09\/cadastro_e_envio_doc05-300x274.png 300w\" sizes=\"(max-width: 625px) 100vw, 625px\" \/><\/figure>\n\n\n\n<ul class=\"has-ast-global-color-8-color has-text-color has-link-color wp-elements-7f652557608491e461fb256130d228af\">\n<li>Observa\u00e7\u00e3o: Os&nbsp; arquivos enviados pelo discente poder\u00e3o ser alterados pelo portal da coordena\u00e7\u00e3o do curso do aluno ou pelo m\u00f3dulo de Gradua\u00e7\u00e3o.<\/li>\n\n\n\n<li>A altera\u00e7\u00e3o do arquivo PDF pode ser feita pelo m\u00f3dulo de gradua\u00e7\u00e3o no link SIGAA &gt; Gradua\u00e7\u00e3o &gt; Alunos &gt; Dados do Discente &gt; Atualizar Dados Pessoais e pelo portal do Coordenador em SIGAA &gt; Portal Coord. Gradua\u00e7\u00e3o &gt; Aluno &gt; Atualizar Dados Pessoais.<\/li>\n<\/ul>\n","protected":false},"excerpt":{"rendered":"","protected":false},"author":1,"featured_media":0,"parent":0,"menu_order":0,"comment_status":"closed","ping_status":"closed","template":"","meta":{"_uag_custom_page_level_css":"","site-sidebar-layout":"default","site-content-layout":"","ast-site-content-layout":"","site-content-style":"default","site-sidebar-style":"default","ast-global-header-display":"","ast-banner-title-visibility":"","ast-main-header-display":"","ast-hfb-above-header-display":"","ast-hfb-below-header-display":"","ast-hfb-mobile-header-display":"","site-post-title":"","ast-breadcrumbs-content":"","ast-featured-img":"","footer-sml-layout":"","theme-transparent-header-meta":"","adv-header-id-meta":"","stick-header-meta":"","header-above-stick-meta":"","header-main-stick-meta":"","header-below-stick-meta":"","astra-migrate-meta-layouts":"","ast-page-background-enabled":"default","ast-page-background-meta":{"desktop":{"background-color":"var(--ast-global-color-4)","background-image":"","background-repeat":"repeat","background-position":"center center","background-size":"auto","background-attachment":"scroll","background-type":"","background-media":"","overlay-type":"","overlay-color":"","overlay-gradient":""},"tablet":{"background-color":"","background-image":"","background-repeat":"repeat","background-position":"center center","background-size":"auto","background-attachment":"scroll","background-type":"","background-media":"","overlay-type":"","overlay-color":"","overlay-gradient":""},"mobile":{"background-color":"","background-image":"","background-repeat":"repeat","background-position":"center center","background-size":"auto","background-attachment":"scroll","background-type":"","background-media":"","overlay-type":"","overlay-color":"","overlay-gradient":""}},"ast-content-background-meta":{"desktop":{"background-color":"var(--ast-global-color-5)","background-image":"","background-repeat":"repeat","background-position":"center center","background-size":"auto","background-attachment":"scroll","background-type":"","background-media":"","overlay-type":"","overlay-color":"","overlay-gradient":""},"tablet":{"background-color":"var(--ast-global-color-5)","background-image":"","background-repeat":"repeat","background-position":"center center","background-size":"auto","background-attachment":"scroll","background-type":"","background-media":"","overlay-type":"","overlay-color":"","overlay-gradient":""},"mobile":{"background-color":"var(--ast-global-color-5)","background-image":"","background-repeat":"repeat","background-position":"center center","background-size":"auto","background-attachment":"scroll","background-type":"","background-media":"","overlay-type":"","overlay-color":"","overlay-gradient":""}},"footnotes":""},"uagb_featured_image_src":{"full":false,"thumbnail":false,"medium":false,"medium_large":false,"large":false,"1536x1536":false,"2048x2048":false},"uagb_author_info":{"display_name":"adminsites@uepa.br","author_link":"https:\/\/wiki.uepa.br\/index.php\/author\/adminsitesuepa-br\/"},"uagb_comment_info":0,"uagb_excerpt":null,"_links":{"self":[{"href":"https:\/\/wiki.uepa.br\/index.php\/wp-json\/wp\/v2\/pages\/81"}],"collection":[{"href":"https:\/\/wiki.uepa.br\/index.php\/wp-json\/wp\/v2\/pages"}],"about":[{"href":"https:\/\/wiki.uepa.br\/index.php\/wp-json\/wp\/v2\/types\/page"}],"author":[{"embeddable":true,"href":"https:\/\/wiki.uepa.br\/index.php\/wp-json\/wp\/v2\/users\/1"}],"replies":[{"embeddable":true,"href":"https:\/\/wiki.uepa.br\/index.php\/wp-json\/wp\/v2\/comments?post=81"}],"version-history":[{"count":2,"href":"https:\/\/wiki.uepa.br\/index.php\/wp-json\/wp\/v2\/pages\/81\/revisions"}],"predecessor-version":[{"id":501,"href":"https:\/\/wiki.uepa.br\/index.php\/wp-json\/wp\/v2\/pages\/81\/revisions\/501"}],"wp:attachment":[{"href":"https:\/\/wiki.uepa.br\/index.php\/wp-json\/wp\/v2\/media?parent=81"}],"curies":[{"name":"wp","href":"https:\/\/api.w.org\/{rel}","templated":true}]}}