{"id":92,"date":"2024-02-19T15:02:48","date_gmt":"2024-02-19T15:02:48","guid":{"rendered":"https:\/\/wiki.uepa.br\/?page_id=92"},"modified":"2025-09-25T16:10:08","modified_gmt":"2025-09-25T16:10:08","slug":"frequencia","status":"publish","type":"page","link":"https:\/\/wiki.uepa.br\/index.php\/turma-virtual\/frequencia\/","title":{"rendered":"Frequ\u00eancia"},"content":{"rendered":"\n<p class=\"has-text-align-center has-ast-global-color-8-color has-text-color has-link-color wp-elements-dd008caf33cf17eb6dd4b1debf04ba34\">Esta opera\u00e7\u00e3o possibilita a consulta de sua frequ\u00eancia no componente curricular a qual est\u00e1 matriculado. \u00c9 importante ressaltar que:<\/p>\n\n\n\n<ul class=\"has-ast-global-color-8-color has-text-color has-link-color wp-elements-7f2b3936e941ec3d2fc5f16cb9b13b43\">\n<li>Segundo as normas vigentes do regulamento de gradua\u00e7\u00e3o, o aluno ser\u00e1 considerado aprovado, no que diz respeito \u00e0 assiduidade, se satisfizer a qualquer uma das duas condi\u00e7\u00f5es a seguir:\n<ul>\n<li>Tiver presen\u00e7a em um n\u00famero de aulas igual ou superior a&nbsp;<strong>74.0%<\/strong>&nbsp;da carga hor\u00e1ria do componente curricular;<\/li>\n\n\n\n<li>Tiver presen\u00e7a em&nbsp;<strong>74.0%<\/strong>&nbsp;ou mais das aulas ministradas (o professor deve lan\u00e7ar 90% da frequ\u00eancia).<\/li>\n<\/ul>\n<\/li>\n<\/ul>\n\n\n\n<p class=\"has-text-align-center has-ast-global-color-8-color has-text-color has-link-color wp-elements-f697dc8e830c0b43911e6acabc26fb6b\">A porcentagem \u00e9 calculada levando em considera\u00e7\u00e3o que uma aula dura 50 minutos.<\/p>\n\n\n\n<ul class=\"has-ast-global-color-8-color has-text-color has-link-color wp-elements-fef86752b6a699fe58139454a2dc9ee8\">\n<li>Para utilizar esta funcionalidade, acesse o SIGAA \u00bb M\u00f3dulos \u00bb Portal do Discente \u00bb Turmas do Semestre \u00bb Componente Curricular \u00bb Menu Turma Virtual \u00bb Alunos \u00bb Frequ\u00eancia.<\/li>\n<\/ul>\n\n\n\n<figure class=\"wp-block-image aligncenter size-full\"><img loading=\"lazy\" decoding=\"async\" width=\"472\" height=\"470\" src=\"https:\/\/wiki.uepa.br\/wp-content\/uploads\/2025\/09\/frequencia_turvirt.png\" alt=\"\" class=\"wp-image-529\" srcset=\"https:\/\/wiki.uepa.br\/wp-content\/uploads\/2025\/09\/frequencia_turvirt.png 472w, https:\/\/wiki.uepa.br\/wp-content\/uploads\/2025\/09\/frequencia_turvirt-300x300.png 300w, https:\/\/wiki.uepa.br\/wp-content\/uploads\/2025\/09\/frequencia_turvirt-150x150.png 150w\" sizes=\"(max-width: 472px) 100vw, 472px\" \/><\/figure>\n\n\n\n<p class=\"has-text-align-center has-ast-global-color-8-color has-text-color has-link-color wp-elements-464d41625ca3cad65415a7254eb6813e\"><strong>Observa\u00e7\u00e3o 1:<\/strong>&nbsp;O n\u00famero de faltas est\u00e1 relacionado ao n\u00famero de aulas que a disciplina possui no dia. Ou seja, n\u00e3o est\u00e1 relacionado apenas ao dia em que faltou. Exemplo: se no dia a disciplina X tem 5 aulas, caso o disciente falte ter\u00e1 5 faltas.<\/p>\n\n\n\n<figure class=\"wp-block-image aligncenter size-full\"><img loading=\"lazy\" decoding=\"async\" width=\"414\" height=\"176\" src=\"https:\/\/wiki.uepa.br\/wp-content\/uploads\/2025\/09\/numero_faltas.png\" alt=\"\" class=\"wp-image-530\" srcset=\"https:\/\/wiki.uepa.br\/wp-content\/uploads\/2025\/09\/numero_faltas.png 414w, https:\/\/wiki.uepa.br\/wp-content\/uploads\/2025\/09\/numero_faltas-300x128.png 300w\" sizes=\"(max-width: 414px) 100vw, 414px\" \/><\/figure>\n\n\n\n<p class=\"has-text-align-center has-ast-global-color-8-color has-text-color has-link-color wp-elements-f9177cdc03f80bf873c3c2839d5e296f\"><strong>Observa\u00e7\u00e3o 2:<\/strong>&nbsp;H\u00e1 um limite m\u00e1ximo para faltas de cada aluno, ultrapassando esse limite o discente estar\u00e1 reprovado por falta na disciplina. Por isso, fique sempre atento a&nbsp;<strong>Porcentagem de Frequ\u00eancia em rela\u00e7\u00e3o a CH<\/strong>&nbsp;e a&nbsp;<strong>Porcentagem de Frequ\u00eancia em rela\u00e7\u00e3o as Aulas Ministradas<\/strong>.<\/p>\n","protected":false},"excerpt":{"rendered":"<p>Esta opera\u00e7\u00e3o possibilita a consulta de sua frequ\u00eancia no componente curricular a qual est\u00e1 matriculado. \u00c9 importante ressaltar que: A porcentagem \u00e9 calculada levando em considera\u00e7\u00e3o que uma aula dura 50 minutos. Observa\u00e7\u00e3o 1:&nbsp;O n\u00famero de faltas est\u00e1 relacionado ao n\u00famero de aulas que a disciplina possui no dia. Ou seja, n\u00e3o est\u00e1 relacionado apenas &hellip;<\/p>\n<p class=\"read-more\"> <a class=\"\" href=\"https:\/\/wiki.uepa.br\/index.php\/turma-virtual\/frequencia\/\"> <span class=\"screen-reader-text\">Frequ\u00eancia<\/span> Leia mais &raquo;<\/a><\/p>\n","protected":false},"author":1,"featured_media":0,"parent":83,"menu_order":0,"comment_status":"closed","ping_status":"closed","template":"","meta":{"_uag_custom_page_level_css":"","site-sidebar-layout":"default","site-content-layout":"","ast-site-content-layout":"","site-content-style":"default","site-sidebar-style":"default","ast-global-header-display":"","ast-banner-title-visibility":"","ast-main-header-display":"","ast-hfb-above-header-display":"","ast-hfb-below-header-display":"","ast-hfb-mobile-header-display":"","site-post-title":"","ast-breadcrumbs-content":"","ast-featured-img":"","footer-sml-layout":"","theme-transparent-header-meta":"","adv-header-id-meta":"","stick-header-meta":"","header-above-stick-meta":"","header-main-stick-meta":"","header-below-stick-meta":"","astra-migrate-meta-layouts":"","ast-page-background-enabled":"default","ast-page-background-meta":{"desktop":{"background-color":"var(--ast-global-color-4)","background-image":"","background-repeat":"repeat","background-position":"center center","background-size":"auto","background-attachment":"scroll","background-type":"","background-media":"","overlay-type":"","overlay-color":"","overlay-gradient":""},"tablet":{"background-color":"","background-image":"","background-repeat":"repeat","background-position":"center center","background-size":"auto","background-attachment":"scroll","background-type":"","background-media":"","overlay-type":"","overlay-color":"","overlay-gradient":""},"mobile":{"background-color":"","background-image":"","background-repeat":"repeat","background-position":"center center","background-size":"auto","background-attachment":"scroll","background-type":"","background-media":"","overlay-type":"","overlay-color":"","overlay-gradient":""}},"ast-content-background-meta":{"desktop":{"background-color":"var(--ast-global-color-5)","background-image":"","background-repeat":"repeat","background-position":"center center","background-size":"auto","background-attachment":"scroll","background-type":"","background-media":"","overlay-type":"","overlay-color":"","overlay-gradient":""},"tablet":{"background-color":"var(--ast-global-color-5)","background-image":"","background-repeat":"repeat","background-position":"center center","background-size":"auto","background-attachment":"scroll","background-type":"","background-media":"","overlay-type":"","overlay-color":"","overlay-gradient":""},"mobile":{"background-color":"var(--ast-global-color-5)","background-image":"","background-repeat":"repeat","background-position":"center center","background-size":"auto","background-attachment":"scroll","background-type":"","background-media":"","overlay-type":"","overlay-color":"","overlay-gradient":""}},"footnotes":""},"uagb_featured_image_src":{"full":false,"thumbnail":false,"medium":false,"medium_large":false,"large":false,"1536x1536":false,"2048x2048":false},"uagb_author_info":{"display_name":"adminsites@uepa.br","author_link":"https:\/\/wiki.uepa.br\/index.php\/author\/adminsitesuepa-br\/"},"uagb_comment_info":0,"uagb_excerpt":"Esta opera\u00e7\u00e3o possibilita a consulta de sua frequ\u00eancia no componente curricular a qual est\u00e1 matriculado. \u00c9 importante ressaltar que: A porcentagem \u00e9 calculada levando em considera\u00e7\u00e3o que uma aula dura 50 minutos. Observa\u00e7\u00e3o 1:&nbsp;O n\u00famero de faltas est\u00e1 relacionado ao n\u00famero de aulas que a disciplina possui no dia. Ou seja, n\u00e3o est\u00e1 relacionado apenas&hellip;","_links":{"self":[{"href":"https:\/\/wiki.uepa.br\/index.php\/wp-json\/wp\/v2\/pages\/92"}],"collection":[{"href":"https:\/\/wiki.uepa.br\/index.php\/wp-json\/wp\/v2\/pages"}],"about":[{"href":"https:\/\/wiki.uepa.br\/index.php\/wp-json\/wp\/v2\/types\/page"}],"author":[{"embeddable":true,"href":"https:\/\/wiki.uepa.br\/index.php\/wp-json\/wp\/v2\/users\/1"}],"replies":[{"embeddable":true,"href":"https:\/\/wiki.uepa.br\/index.php\/wp-json\/wp\/v2\/comments?post=92"}],"version-history":[{"count":2,"href":"https:\/\/wiki.uepa.br\/index.php\/wp-json\/wp\/v2\/pages\/92\/revisions"}],"predecessor-version":[{"id":531,"href":"https:\/\/wiki.uepa.br\/index.php\/wp-json\/wp\/v2\/pages\/92\/revisions\/531"}],"up":[{"embeddable":true,"href":"https:\/\/wiki.uepa.br\/index.php\/wp-json\/wp\/v2\/pages\/83"}],"wp:attachment":[{"href":"https:\/\/wiki.uepa.br\/index.php\/wp-json\/wp\/v2\/media?parent=92"}],"curies":[{"name":"wp","href":"https:\/\/api.w.org\/{rel}","templated":true}]}}